{"id":4025,"date":"2018-01-19T11:05:14","date_gmt":"2018-01-19T10:05:14","guid":{"rendered":"http:\/\/www.goron.fr\/close-protection\/"},"modified":"2021-10-26T15:19:37","modified_gmt":"2021-10-26T13:19:37","slug":"close-protection","status":"publish","type":"page","link":"https:\/\/www.goron.fr\/zh-hans\/close-protection\/","title":{"rendered":"\u8fd1\u8ddd\u79bb\u4eba\u8eab\u5b89\u5168\u4fdd\u62a4\u670d\u52a1\u3002"},"content":{"rendered":"<p>\u6211\u4eec\u7684\u670d\u52a1\u4e0d\u4ec5\u9650\u4e8e\u8d22\u4ea7\u5b89\u5168\u4fdd\u62a4\uff0c\u540c\u65f6\u4e5f\u4e3a\u91cd\u8981\u4eba\u5458\u63d0\u4f9b\u5168\u65b9\u9762\u4eba\u8eab\u5b89\u5168\u4fdd\u62a4\u670d\u52a1\u3002<\/p>\n<p>\u6839\u636e\u73b0\u884c\u6cd5\u5f8b\uff0c \u6211\u516c\u53f8\u5185\u90e8\u5206\u652fGSP\uff08\u56fd\u9645\u5b89\u5168\u4fdd\u62a4\u670d\u52a1\uff09\u662f\u4e00\u4e2a\u5b8c\u5168\u81f4\u529b\u4e8e\u63d0\u4f9b\u4e2a\u4eba\u5b89\u5168\u4fdd\u62a4\u670d\u52a1\u7684\u4e13\u5c5e\u90e8\u95e8\uff0c\u5176\u6210\u5458\u5747\u4e3a\u6cd5\u56fd\u6216\u6b27\u6d32\u8b66\u7f72\u7cbe\u82f1\u4eba\u58eb\u7ec4\u6210\u3002\u4ed6\u4eec\u63a5\u53d7\u8fc7\u4e25\u683c\u7684\u8bad\u7ec3\u5e76\u62e5\u6709\u4e30\u5bcc\u7684\u5b9e\u6218\u7ecf\u9a8c\u3002<\/p>\n<p>\u6211\u4eec\u63d0\u4f9b\u7684\u79c1\u4eba\u4fdd\u9556\u53ef\u6309\u7167\u5ba2\u6237\u5bf9\u4e2a\u4eba\u9690\u79c1\u3001\u5b89\u5168\u4fdd\u62a4\u7ec6\u8282\u7b49\u591a\u79cd\u9700\u6c42\uff0c\u4e3a\u5ba2\u6237\u63d0\u4f9b\u4e00\u4e2a\u5168\u65b9\u9762\u7684\u5b89\u5168\u73af\u5883\u3002 \u65e0\u8bba\u662f\u53ef\u89c1\u5e76\u6709\u5a01\u6151\u6027\u7684\u4eba\u8eab\u5b89\u5168\u4fdd\u62a4\u65b9\u5f0f\uff0c \u8fd8\u662f\u8c28\u614e\u9690\u79d8\u7684\u4eba\u8eab\u5b89\u5168\u4fdd\u62a4\u6a21\u5f0f\uff0c\u6211\u4eec\u4f18\u8d28\u7684\u670d\u52a1\u4e0e\u8fc5\u901f\u7684\u95ee\u9898\u89e3\u51b3\u65b9\u6848\u80fd\u4fdd\u8bc1\u5ba2\u6237\u62e5\u6709\u4e00\u4e2a\u6700\u5b89\u5168\u5b81\u9759\u7684\u65c5\u7a0b\u3002<\/p>\n<p>\u4e2a\u4eba\u5b89\u5168\u4fdd\u62a4GORON-SP\u65b9\u6848\u53ef\u4ee5\u5728\u6cd5\u56fd\u4e0e\u6d77\u5916\u4e0d\u540c\u56fd\u5bb6\u63d0\u4f9b\u9075\u5b88\u5f53\u5730\u6cd5\u5f8b\u6846\u67b6\u7684\u4e2a\u4eba\u5b89\u5168\u4fdd\u62a4\u63aa\u65bd\u3002\u901a\u8fc7\u4e13\u4e1a\u7684\u540e\u52e4\u3001\u901a\u8baf\u548c\u8bbe\u5907\uff0c\u4e3a\u5ba2\u6237\u4e2a\u4eba\u5b89\u5168\u63d0\u4f9b\u4fdd\u969c\u3002\u65e0\u8bba\u4e8b\u5148\u53d1\u73b0\u7684\u5b89\u5168\u9690\u60a3\u6216\u5728\u4efb\u52a1\u671f\u95f4\u53d1\u73b0\u7684\u5b89\u5168\u5a01\u80c1\uff0c\u6211\u4eec\u7684\u4e13\u5bb6\u56e2\u961f\u548c\u79c1\u4eba\u4fdd\u9556\u56e2\u961f\u5747\u80fd\u6709\u6548\u7684\u5229\u7528\u5df2\u6709\u4eba\u529b\u548c\u6280\u672f\u8bbe\u5907\u8d44\u6e90\uff0c \u4e3a\u5ba2\u6237\u6253\u9020\u4e00\u4e2a\u6700\u5b89\u5168\u7684\u89e3\u51b3\u65b9\u6848\u3002<\/p>\n<p>\u6211\u4eec\u63d0\u4f9b\u7684\u670d\u52a1\u5185\u5bb9\u5982\u4e0b\uff1a<\/p>\n<ul>\n<li>\u8fd1\u8ddd\u79bb\u4eba\u8eab\u5b89\u5168\u4fdd\u62a4\u670d\u52a1\u3002<\/li>\n<li>\u6cd5\u56fd\u5883\u5185\u4e0e\u6d77\u5916\u7684\u5b89\u5168\u966a\u540c\u670d\u52a1\u3002<\/li>\n<li>\u98ce\u9669\u548c\u5a01\u80c1\u8bc4\u4f30\u3002<\/li>\n<li>\u73af\u5883\u5ba1\u8ba1\u3002<\/li>\n<li>\u7ec4\u7ec7\u6709\u6548\u7684\u8f66\u8f86\u966a\u540c\u62a4\u9001\u548c\u7269\u6d41\u670d\u52a1\u3002<\/li>\n<li>\u5b89\u5168\u7535\u5b50\u68c0\u6d4b\u548c\u8b66\u72ac\u670d\u52a1\u3002<\/li>\n<li>\u4e0d\u540c\u79cd\u7c7b\u7684\u9644\u52a0\u670d\u52a1\uff08\u4e13\u4e1a\u5b89\u5168\u53f8\u673a\u3001\u88c5\u7532\u8f66\u8f86\u3001\u6f5c\u6c34\u5458\u7b49)<\/li>\n<li>\u63d0\u4f9b\u591a\u79cd\u7c7b\u6d77\u4e0a\u4e0e\u822a\u7a7a\u65b9\u9762\u7684\u5b89\u5168\u9632\u62a4\u670d\u52a1\u3002<\/li>\n<\/ul>\n<p style=\"text-align: left;\">\u9274\u4e8e\u8fd9\u79cd\u654f\u611f\u7684\u670d\u52a1\u5185\u5bb9\uff0c \u6211\u4eec\u6240\u6709\u5458\u5de5\u5747\u9075\u5b88\u4e13\u4e1a\u7684\u884c\u4e1a\u9053\u5fb7\u6807\u51c6\u5e76\u7edd\u5bf9\u7ef4\u62a4\u5ba2\u6237\u7684\u4fe1\u606f\u4fdd\u5bc6\u6027\u3002<\/p>\n","protected":false},"excerpt":{"rendered":"<p>\u6211\u4eec\u7684\u670d\u52a1\u4e0d\u4ec5\u9650\u4e8e\u8d22\u4ea7\u5b89\u5168\u4fdd\u62a4\uff0c\u540c\u65f6\u4e5f\u4e3a\u91cd\u8981\u4eba\u5458\u63d0\u4f9b\u5168\u65b9\u9762\u4eba\u8eab\u5b89\u5168\u4fdd\u62a4\u670d\u52a1\u3002 \u6839\u636e\u73b0\u884c\u6cd5\u5f8b\uff0c \u6211\u516c\u53f8\u5185\u90e8\u5206\u652fG<a href=\"https:\/\/www.goron.fr\/zh-hans\/close-protection\/\"><i class=\"chevron right icon\"><\/i><\/a><\/p>\n","protected":false},"author":1,"featured_media":9362,"parent":0,"menu_order":124,"comment_status":"closed","ping_status":"closed","template":"","meta":{"_acf_changed":false,"footnotes":""},"acf":[],"yoast_head":"<!-- This site is optimized with the Yoast SEO plugin v19.13 - https:\/\/yoast.com\/wordpress\/plugins\/seo\/ -->\n<title>Close protection - Goron S.A<\/title>\n<meta name=\"description\" content=\"\u6211\u4eec\u7684\u670d\u52a1\u4e0d\u4ec5\u9650\u4e8e\u8d22\u4ea7\u5b89\u5168\u4fdd\u62a4\uff0c\u540c\u65f6\u4e5f\u4e3a\u91cd\u8981\u4eba\u5458\u63d0\u4f9b\u5168\u65b9\u9762\u4eba\u8eab\u5b89\u5168\u4fdd\u62a4\u670d\u52a1\u3002\" \/>\n<meta name=\"robots\" content=\"index, follow, max-snippet:-1, max-image-preview:large, max-video-preview:-1\" \/>\n<link rel=\"canonical\" href=\"https:\/\/www.goron.fr\/zh-hans\/close-protection\/\" \/>\n<meta property=\"og:locale\" content=\"zh_CN\" \/>\n<meta property=\"og:type\" content=\"article\" \/>\n<meta property=\"og:title\" content=\"Close protection - Goron S.A\" \/>\n<meta property=\"og:description\" content=\"\u6211\u4eec\u7684\u670d\u52a1\u4e0d\u4ec5\u9650\u4e8e\u8d22\u4ea7\u5b89\u5168\u4fdd\u62a4\uff0c\u540c\u65f6\u4e5f\u4e3a\u91cd\u8981\u4eba\u5458\u63d0\u4f9b\u5168\u65b9\u9762\u4eba\u8eab\u5b89\u5168\u4fdd\u62a4\u670d\u52a1\u3002\" \/>\n<meta property=\"og:url\" content=\"https:\/\/www.goron.fr\/zh-hans\/close-protection\/\" \/>\n<meta property=\"og:site_name\" content=\"Goron\" \/>\n<meta property=\"article:modified_time\" content=\"2021-10-26T13:19:37+00:00\" \/>\n<meta property=\"og:image\" content=\"https:\/\/www.goron.fr\/wp-content\/uploads\/2017\/03\/63.jpg\" \/>\n\t<meta property=\"og:image:width\" content=\"3908\" \/>\n\t<meta property=\"og:image:height\" content=\"782\" \/>\n\t<meta property=\"og:image:type\" content=\"image\/jpeg\" \/>\n<meta name=\"twitter:card\" content=\"summary_large_image\" \/>\n<script type=\"application\/ld+json\" class=\"yoast-schema-graph\">{\"@context\":\"https:\/\/schema.org\",\"@graph\":[{\"@type\":\"WebPage\",\"@id\":\"https:\/\/www.goron.fr\/zh-hans\/close-protection\/\",\"url\":\"https:\/\/www.goron.fr\/zh-hans\/close-protection\/\",\"name\":\"Close protection - Goron S.A\",\"isPartOf\":{\"@id\":\"https:\/\/www.goron.fr\/#website\"},\"datePublished\":\"2018-01-19T10:05:14+00:00\",\"dateModified\":\"2021-10-26T13:19:37+00:00\",\"description\":\"\u6211\u4eec\u7684\u670d\u52a1\u4e0d\u4ec5\u9650\u4e8e\u8d22\u4ea7\u5b89\u5168\u4fdd\u62a4\uff0c\u540c\u65f6\u4e5f\u4e3a\u91cd\u8981\u4eba\u5458\u63d0\u4f9b\u5168\u65b9\u9762\u4eba\u8eab\u5b89\u5168\u4fdd\u62a4\u670d\u52a1\u3002\",\"breadcrumb\":{\"@id\":\"https:\/\/www.goron.fr\/zh-hans\/close-protection\/#breadcrumb\"},\"inLanguage\":\"zh-Hans\",\"potentialAction\":[{\"@type\":\"ReadAction\",\"target\":[\"https:\/\/www.goron.fr\/zh-hans\/close-protection\/\"]}]},{\"@type\":\"BreadcrumbList\",\"@id\":\"https:\/\/www.goron.fr\/zh-hans\/close-protection\/#breadcrumb\",\"itemListElement\":[{\"@type\":\"ListItem\",\"position\":1,\"name\":\"Accueil\",\"item\":\"https:\/\/www.goron.fr\/\"},{\"@type\":\"ListItem\",\"position\":2,\"name\":\"\u8fd1\u8ddd\u79bb\u4eba\u8eab\u5b89\u5168\u4fdd\u62a4\u670d\u52a1\u3002\"}]},{\"@type\":\"WebSite\",\"@id\":\"https:\/\/www.goron.fr\/#website\",\"url\":\"https:\/\/www.goron.fr\/\",\"name\":\"Goron\",\"description\":\"S\u00e9curit\u00e9 Priv\u00e9e\",\"potentialAction\":[{\"@type\":\"SearchAction\",\"target\":{\"@type\":\"EntryPoint\",\"urlTemplate\":\"https:\/\/www.goron.fr\/?s={search_term_string}\"},\"query-input\":\"required name=search_term_string\"}],\"inLanguage\":\"zh-Hans\"}]}<\/script>\n<!-- \/ Yoast SEO plugin. -->","yoast_head_json":{"title":"Close protection - Goron S.A","description":"\u6211\u4eec\u7684\u670d\u52a1\u4e0d\u4ec5\u9650\u4e8e\u8d22\u4ea7\u5b89\u5168\u4fdd\u62a4\uff0c\u540c\u65f6\u4e5f\u4e3a\u91cd\u8981\u4eba\u5458\u63d0\u4f9b\u5168\u65b9\u9762\u4eba\u8eab\u5b89\u5168\u4fdd\u62a4\u670d\u52a1\u3002","robots":{"index":"index","follow":"follow","max-snippet":"max-snippet:-1","max-image-preview":"max-image-preview:large","max-video-preview":"max-video-preview:-1"},"canonical":"https:\/\/www.goron.fr\/zh-hans\/close-protection\/","og_locale":"zh_CN","og_type":"article","og_title":"Close protection - Goron S.A","og_description":"\u6211\u4eec\u7684\u670d\u52a1\u4e0d\u4ec5\u9650\u4e8e\u8d22\u4ea7\u5b89\u5168\u4fdd\u62a4\uff0c\u540c\u65f6\u4e5f\u4e3a\u91cd\u8981\u4eba\u5458\u63d0\u4f9b\u5168\u65b9\u9762\u4eba\u8eab\u5b89\u5168\u4fdd\u62a4\u670d\u52a1\u3002","og_url":"https:\/\/www.goron.fr\/zh-hans\/close-protection\/","og_site_name":"Goron","article_modified_time":"2021-10-26T13:19:37+00:00","og_image":[{"width":3908,"height":782,"url":"https:\/\/www.goron.fr\/wp-content\/uploads\/2017\/03\/63.jpg","type":"image\/jpeg"}],"twitter_card":"summary_large_image","schema":{"@context":"https:\/\/schema.org","@graph":[{"@type":"WebPage","@id":"https:\/\/www.goron.fr\/zh-hans\/close-protection\/","url":"https:\/\/www.goron.fr\/zh-hans\/close-protection\/","name":"Close protection - Goron S.A","isPartOf":{"@id":"https:\/\/www.goron.fr\/#website"},"datePublished":"2018-01-19T10:05:14+00:00","dateModified":"2021-10-26T13:19:37+00:00","description":"\u6211\u4eec\u7684\u670d\u52a1\u4e0d\u4ec5\u9650\u4e8e\u8d22\u4ea7\u5b89\u5168\u4fdd\u62a4\uff0c\u540c\u65f6\u4e5f\u4e3a\u91cd\u8981\u4eba\u5458\u63d0\u4f9b\u5168\u65b9\u9762\u4eba\u8eab\u5b89\u5168\u4fdd\u62a4\u670d\u52a1\u3002","breadcrumb":{"@id":"https:\/\/www.goron.fr\/zh-hans\/close-protection\/#breadcrumb"},"inLanguage":"zh-Hans","potentialAction":[{"@type":"ReadAction","target":["https:\/\/www.goron.fr\/zh-hans\/close-protection\/"]}]},{"@type":"BreadcrumbList","@id":"https:\/\/www.goron.fr\/zh-hans\/close-protection\/#breadcrumb","itemListElement":[{"@type":"ListItem","position":1,"name":"Accueil","item":"https:\/\/www.goron.fr\/"},{"@type":"ListItem","position":2,"name":"\u8fd1\u8ddd\u79bb\u4eba\u8eab\u5b89\u5168\u4fdd\u62a4\u670d\u52a1\u3002"}]},{"@type":"WebSite","@id":"https:\/\/www.goron.fr\/#website","url":"https:\/\/www.goron.fr\/","name":"Goron","description":"S\u00e9curit\u00e9 Priv\u00e9e","potentialAction":[{"@type":"SearchAction","target":{"@type":"EntryPoint","urlTemplate":"https:\/\/www.goron.fr\/?s={search_term_string}"},"query-input":"required name=search_term_string"}],"inLanguage":"zh-Hans"}]}},"_links":{"self":[{"href":"https:\/\/www.goron.fr\/zh-hans\/wp-json\/wp\/v2\/pages\/4025\/"}],"collection":[{"href":"https:\/\/www.goron.fr\/zh-hans\/wp-json\/wp\/v2\/pages\/"}],"about":[{"href":"https:\/\/www.goron.fr\/zh-hans\/wp-json\/wp\/v2\/types\/page\/"}],"author":[{"embeddable":true,"href":"https:\/\/www.goron.fr\/zh-hans\/wp-json\/wp\/v2\/users\/1\/"}],"replies":[{"embeddable":true,"href":"https:\/\/www.goron.fr\/zh-hans\/wp-json\/wp\/v2\/comments\/?post=4025"}],"version-history":[{"count":7,"href":"https:\/\/www.goron.fr\/zh-hans\/wp-json\/wp\/v2\/pages\/4025\/revisions\/"}],"predecessor-version":[{"id":16066,"href":"https:\/\/www.goron.fr\/zh-hans\/wp-json\/wp\/v2\/pages\/4025\/revisions\/16066\/"}],"wp:featuredmedia":[{"embeddable":true,"href":"https:\/\/www.goron.fr\/zh-hans\/wp-json\/wp\/v2\/media\/9362\/"}],"wp:attachment":[{"href":"https:\/\/www.goron.fr\/zh-hans\/wp-json\/wp\/v2\/media\/?parent=4025"}],"curies":[{"name":"wp","href":"https:\/\/api.w.org\/{rel}","templated":true}]}}