{"id":12288,"date":"2020-01-21T13:51:53","date_gmt":"2020-01-21T12:51:53","guid":{"rendered":"https:\/\/www.goron.fr\/training-and-careers\/discover-our-jobs\/site-manager-ssiap-3\/"},"modified":"2021-10-26T15:19:38","modified_gmt":"2021-10-26T13:19:38","slug":"site-manager-ssiap-3","status":"publish","type":"page","link":"https:\/\/www.goron.fr\/en\/training-and-careers\/discover-our-jobs\/site-manager-ssiap-3\/","title":{"rendered":"SITE MANAGER, SSIAP 3"},"content":{"rendered":"<p><strong>SSIAP 3 is the highest level of the SSIAP formaton. The SSIAP 3 agent is the fire safety and persons assistance manager on site.\u00a0<\/strong><\/p>\n<h2>Staff management<\/h2>\n<ul>\n<li>Staff recruitment validation<\/li>\n<li>Preliminary training and periodic skill recycling organisation<\/li>\n<li>Monthly scheduling preparation<\/li>\n<li>Skill control set up<\/li>\n<li>Staff files updating<\/li>\n<\/ul>\n<h2>Activity management<\/h2>\n<ul>\n<li>Rules and information transmission<\/li>\n<li>Controlling good behavior, equipment maintenance and the respect of rounds<\/li>\n<li>Updating of procedures and safety rules<\/li>\n<li>Quality audits organisation<\/li>\n<li>Temporary back-up services and event security organisation<\/li>\n<li>Dispatch of maintenance services if necessary<\/li>\n<li>Billing follow-up<\/li>\n<\/ul>\n<h2>Consulting and expertise<\/h2>\n<ul>\n<li>Submitting recommandation<\/li>\n<li>Constantly\u00a0maintaining a regulatory watch<\/li>\n<li>Advising senior management<\/li>\n<\/ul>\n<h2>Skills<\/h2>\n<ul>\n<li>Regulatory knowledge<\/li>\n<li>A good sense of organisation and team management<\/li>\n<li>Natural authority, excellent communication and pedagogy<\/li>\n<li>Computer system skills<\/li>\n<li>A good synthetic mind to draft clear notes<\/li>\n<\/ul>\n<h2>Qualifications and diplomas<\/h2>\n<ul>\n<li>CQP APS\u00a0(SST)<\/li>\n<li>H0B0<\/li>\n<li>SSIAP\u00a03<\/li>\n<\/ul>\n","protected":false},"excerpt":{"rendered":"<p>SSIAP 3 is the highest level of the SSIAP formaton. The SSIAP 3 agent is the fire safety and persons assistance manager on site.\u00a0 Staff management Staff recruitment validation Preliminary training and periodic skill recycling organisation Monthly scheduling preparation Skill control set up Staff files updating Activity management Rules and information transmission Controlling good behavior,<a href=\"https:\/\/www.goron.fr\/en\/training-and-careers\/discover-our-jobs\/site-manager-ssiap-3\/\"><i class=\"chevron right icon\"><\/i><\/a><\/p>\n","protected":false},"author":2,"featured_media":0,"parent":12104,"menu_order":5,"comment_status":"closed","ping_status":"closed","template":"","meta":{"_acf_changed":false,"footnotes":""},"acf":[],"yoast_head":"<!-- This site is optimized with the Yoast SEO plugin v19.13 - https:\/\/yoast.com\/wordpress\/plugins\/seo\/ -->\n<title>Site Manager, SSIAP 3 - Goron S.A.S<\/title>\n<meta name=\"description\" content=\"Discover the missions of a SSIAP 3 site manager and find the professional trainings required to practice this profession.\" \/>\n<meta name=\"robots\" content=\"index, follow, max-snippet:-1, max-image-preview:large, max-video-preview:-1\" \/>\n<link rel=\"canonical\" href=\"https:\/\/www.goron.fr\/en\/training-and-careers\/discover-our-jobs\/site-manager-ssiap-3\/\" \/>\n<meta property=\"og:locale\" content=\"en_US\" \/>\n<meta property=\"og:type\" content=\"article\" \/>\n<meta property=\"og:title\" content=\"Site Manager, SSIAP 3 - Goron S.A.S\" \/>\n<meta property=\"og:description\" content=\"Discover the missions of a SSIAP 3 site manager and find the professional trainings required to practice this profession.\" \/>\n<meta property=\"og:url\" content=\"https:\/\/www.goron.fr\/en\/training-and-careers\/discover-our-jobs\/site-manager-ssiap-3\/\" \/>\n<meta property=\"og:site_name\" content=\"Goron\" \/>\n<meta property=\"article:modified_time\" content=\"2021-10-26T13:19:38+00:00\" \/>\n<meta name=\"twitter:card\" content=\"summary_large_image\" \/>\n<meta name=\"twitter:label1\" content=\"Est. reading time\" \/>\n\t<meta name=\"twitter:data1\" content=\"1 minute\" \/>\n<script type=\"application\/ld+json\" class=\"yoast-schema-graph\">{\"@context\":\"https:\/\/schema.org\",\"@graph\":[{\"@type\":\"WebPage\",\"@id\":\"https:\/\/www.goron.fr\/en\/training-and-careers\/discover-our-jobs\/site-manager-ssiap-3\/\",\"url\":\"https:\/\/www.goron.fr\/en\/training-and-careers\/discover-our-jobs\/site-manager-ssiap-3\/\",\"name\":\"Site Manager, SSIAP 3 - Goron S.A.S\",\"isPartOf\":{\"@id\":\"https:\/\/www.goron.fr\/#website\"},\"datePublished\":\"2020-01-21T12:51:53+00:00\",\"dateModified\":\"2021-10-26T13:19:38+00:00\",\"description\":\"Discover the missions of a SSIAP 3 site manager and find the professional trainings required to practice this profession.\",\"breadcrumb\":{\"@id\":\"https:\/\/www.goron.fr\/en\/training-and-careers\/discover-our-jobs\/site-manager-ssiap-3\/#breadcrumb\"},\"inLanguage\":\"en-US\",\"potentialAction\":[{\"@type\":\"ReadAction\",\"target\":[\"https:\/\/www.goron.fr\/en\/training-and-careers\/discover-our-jobs\/site-manager-ssiap-3\/\"]}]},{\"@type\":\"BreadcrumbList\",\"@id\":\"https:\/\/www.goron.fr\/en\/training-and-careers\/discover-our-jobs\/site-manager-ssiap-3\/#breadcrumb\",\"itemListElement\":[{\"@type\":\"ListItem\",\"position\":1,\"name\":\"Accueil\",\"item\":\"https:\/\/www.goron.fr\/\"},{\"@type\":\"ListItem\",\"position\":2,\"name\":\"Training and Careers\",\"item\":\"https:\/\/www.goron.fr\/en\/training-and-careers\/\"},{\"@type\":\"ListItem\",\"position\":3,\"name\":\"DISCOVER OUR JOBS\",\"item\":\"https:\/\/www.goron.fr\/en\/training-and-careers\/discover-our-jobs\/\"},{\"@type\":\"ListItem\",\"position\":4,\"name\":\"SITE MANAGER, SSIAP 3\"}]},{\"@type\":\"WebSite\",\"@id\":\"https:\/\/www.goron.fr\/#website\",\"url\":\"https:\/\/www.goron.fr\/\",\"name\":\"Goron\",\"description\":\"S\u00e9curit\u00e9 Priv\u00e9e\",\"potentialAction\":[{\"@type\":\"SearchAction\",\"target\":{\"@type\":\"EntryPoint\",\"urlTemplate\":\"https:\/\/www.goron.fr\/?s={search_term_string}\"},\"query-input\":\"required name=search_term_string\"}],\"inLanguage\":\"en-US\"}]}<\/script>\n<!-- \/ Yoast SEO plugin. -->","yoast_head_json":{"title":"Site Manager, SSIAP 3 - Goron S.A.S","description":"Discover the missions of a SSIAP 3 site manager and find the professional trainings required to practice this profession.","robots":{"index":"index","follow":"follow","max-snippet":"max-snippet:-1","max-image-preview":"max-image-preview:large","max-video-preview":"max-video-preview:-1"},"canonical":"https:\/\/www.goron.fr\/en\/training-and-careers\/discover-our-jobs\/site-manager-ssiap-3\/","og_locale":"en_US","og_type":"article","og_title":"Site Manager, SSIAP 3 - Goron S.A.S","og_description":"Discover the missions of a SSIAP 3 site manager and find the professional trainings required to practice this profession.","og_url":"https:\/\/www.goron.fr\/en\/training-and-careers\/discover-our-jobs\/site-manager-ssiap-3\/","og_site_name":"Goron","article_modified_time":"2021-10-26T13:19:38+00:00","twitter_card":"summary_large_image","twitter_misc":{"Est. reading time":"1 minute"},"schema":{"@context":"https:\/\/schema.org","@graph":[{"@type":"WebPage","@id":"https:\/\/www.goron.fr\/en\/training-and-careers\/discover-our-jobs\/site-manager-ssiap-3\/","url":"https:\/\/www.goron.fr\/en\/training-and-careers\/discover-our-jobs\/site-manager-ssiap-3\/","name":"Site Manager, SSIAP 3 - Goron S.A.S","isPartOf":{"@id":"https:\/\/www.goron.fr\/#website"},"datePublished":"2020-01-21T12:51:53+00:00","dateModified":"2021-10-26T13:19:38+00:00","description":"Discover the missions of a SSIAP 3 site manager and find the professional trainings required to practice this profession.","breadcrumb":{"@id":"https:\/\/www.goron.fr\/en\/training-and-careers\/discover-our-jobs\/site-manager-ssiap-3\/#breadcrumb"},"inLanguage":"en-US","potentialAction":[{"@type":"ReadAction","target":["https:\/\/www.goron.fr\/en\/training-and-careers\/discover-our-jobs\/site-manager-ssiap-3\/"]}]},{"@type":"BreadcrumbList","@id":"https:\/\/www.goron.fr\/en\/training-and-careers\/discover-our-jobs\/site-manager-ssiap-3\/#breadcrumb","itemListElement":[{"@type":"ListItem","position":1,"name":"Accueil","item":"https:\/\/www.goron.fr\/"},{"@type":"ListItem","position":2,"name":"Training and Careers","item":"https:\/\/www.goron.fr\/en\/training-and-careers\/"},{"@type":"ListItem","position":3,"name":"DISCOVER OUR JOBS","item":"https:\/\/www.goron.fr\/en\/training-and-careers\/discover-our-jobs\/"},{"@type":"ListItem","position":4,"name":"SITE MANAGER, SSIAP 3"}]},{"@type":"WebSite","@id":"https:\/\/www.goron.fr\/#website","url":"https:\/\/www.goron.fr\/","name":"Goron","description":"S\u00e9curit\u00e9 Priv\u00e9e","potentialAction":[{"@type":"SearchAction","target":{"@type":"EntryPoint","urlTemplate":"https:\/\/www.goron.fr\/?s={search_term_string}"},"query-input":"required name=search_term_string"}],"inLanguage":"en-US"}]}},"_links":{"self":[{"href":"https:\/\/www.goron.fr\/en\/wp-json\/wp\/v2\/pages\/12288\/"}],"collection":[{"href":"https:\/\/www.goron.fr\/en\/wp-json\/wp\/v2\/pages\/"}],"about":[{"href":"https:\/\/www.goron.fr\/en\/wp-json\/wp\/v2\/types\/page\/"}],"author":[{"embeddable":true,"href":"https:\/\/www.goron.fr\/en\/wp-json\/wp\/v2\/users\/2\/"}],"replies":[{"embeddable":true,"href":"https:\/\/www.goron.fr\/en\/wp-json\/wp\/v2\/comments\/?post=12288"}],"version-history":[{"count":6,"href":"https:\/\/www.goron.fr\/en\/wp-json\/wp\/v2\/pages\/12288\/revisions\/"}],"predecessor-version":[{"id":16071,"href":"https:\/\/www.goron.fr\/en\/wp-json\/wp\/v2\/pages\/12288\/revisions\/16071\/"}],"up":[{"embeddable":true,"href":"https:\/\/www.goron.fr\/en\/wp-json\/wp\/v2\/pages\/12104\/"}],"wp:attachment":[{"href":"https:\/\/www.goron.fr\/en\/wp-json\/wp\/v2\/media\/?parent=12288"}],"curies":[{"name":"wp","href":"https:\/\/api.w.org\/{rel}","templated":true}]}}