{"id":12285,"date":"2020-01-21T13:42:32","date_gmt":"2020-01-21T12:42:32","guid":{"rendered":"https:\/\/www.goron.fr\/rules-and-regulations\/"},"modified":"2020-02-17T14:14:04","modified_gmt":"2020-02-17T13:14:04","slug":"rules-and-regulations","status":"publish","type":"page","link":"https:\/\/www.goron.fr\/en\/rules-and-regulations\/","title":{"rendered":"RULES AND REGULATIONS"},"content":{"rendered":"<h2><b>General framework of private security activity<\/b><\/h2>\n<p><span style=\"font-weight: 400;\">\u00a0<\/span><\/p>\n<p><span style=\"font-weight: 400;\">Decree n\u00b0 2017-1844 of 29 December 2017 related to the exercise of private security activities\u00a0while carrying a weapon (JORF n\u00b00305, 31 December 2017\u00a0\u2013 text n\u00b032)<\/span><\/p>\n<p>&nbsp;<\/p>\n<p><span style=\"font-weight: 400;\">Law n\u00b0 2017-1510 of 30 October 2017\u00a0reinforcing homeland security and fight against terrorism (JORF n\u00b00255, 31 October 2017 \u2013 text n\u00b01)\u00a0<\/span><\/p>\n<p>&nbsp;<\/p>\n<p><span style=\"font-weight: 400;\">Order of 27 June 2017\u00a0about the specifications applicable to the initial training of private security activities (JORF n\u00b00151, 29 June 2017\u00a0\u2013 text n\u00b08)<\/span><\/p>\n<p>&nbsp;<\/p>\n<p><span style=\"font-weight: 400;\">Order of 27 June 2017\u00a0approving a professional qualification certificate related to airport security activities (JORF n\u00b00151, 29 June 2017\u00a0\u2013 text n\u00b09)<\/span><\/p>\n<p>&nbsp;<\/p>\n<p><span style=\"font-weight: 400;\">Order of 27 June 2017\u00a0approving a professional qualification certificate related to surveillance and guarding activities (JORF n\u00b00151, 29 June 2017\u00a0\u2013 text n\u00b010)<\/span><\/p>\n<p>&nbsp;<\/p>\n<p><span style=\"font-weight: 400;\">Order of 27 June 2017\u00a0approving a professional qualification certificate related to surveillance and guarding activities with the use of a dog (JORF n\u00b00151, 29 June 2017\u00a0\u2013 text n\u00b0 11)<\/span><\/p>\n<p>&nbsp;<\/p>\n<p><span style=\"font-weight: 400;\">Order of 13 June 2017 modifying the order of 25 June 1980 approving the general provisions of the safety regulations against the risks of fire and panic in public access buildings (PAB)<\/span><\/p>\n<p>&nbsp;<\/p>\n<p><span style=\"font-weight: 400;\">Decree n\u00b0 2016-515 of 26 April 2016\u00a0related to the operating conditions of private security activities and to the National Council for private security activities<\/span><\/p>\n<p>&nbsp;<\/p>\n<p><span style=\"font-weight: 400;\">Order of 2 December 2015\u00a0related to the approval provided in the article R. 612-24 of homeland security and regarding the activity of human surveillance or guarding for sporting, recreational, cultural or economic events gathering more than 1,500 persons<\/span><\/p>\n<p>&nbsp;<\/p>\n<p><span style=\"font-weight: 400;\">Homeland security code \u2013 Regulatory section (including the Ethical code for private security activities in the articles R. 631-1 to R. 631-32)<\/span><\/p>\n<p>&nbsp;<\/p>\n<p><span style=\"font-weight: 400;\">Article<\/span><a href=\"https:\/\/www.legifrance.gouv.fr\/affichCodeArticle.do?cidTexte=LEGITEXT000025503132&amp;idArticle=LEGIARTI000025506203\" class=\"broken_link\"><span style=\"font-weight: 400;\">\u00a0L 612-6 of homeland security code related to economic activities of private security<\/span><\/a><\/p>\n<p>&nbsp;<\/p>\n<p><span style=\"font-weight: 400;\">Article L 613-1 of the homeland security code related to the function of security officer<\/span><\/p>\n<p>&nbsp;<\/p>\n<p><span style=\"font-weight: 400;\">Article L 617-1 of the homeland security code related to the general provisions of private activities of surveillance and guarding, cash transport, physical protection of persons and ship protection<\/span><\/p>\n<p>&nbsp;<\/p>\n<p><span style=\"font-weight: 400;\">Law n\u00b02011-267 of 14 March 2011\u00a0of homeland security guidance and planning<\/span><\/p>\n<p>&nbsp;<\/p>\n<p><span style=\"font-weight: 400;\">Law n\u00b02003-239 of 18 March 2003\u00a0for homeland security<\/span><\/p>\n<p>&nbsp;<\/p>\n<h2><b>Professional card<\/b><\/h2>\n<p>&nbsp;<\/p>\n<p><span style=\"font-weight: 400;\">Decree n\u00b0 2015-1289 of 14 October 2015\u00a0establishing a surveillance professional card in the context of sporting, recreational, cultural and economic events gathering more than 1,500 persons<\/span><\/p>\n<p>&nbsp;<\/p>\n<p><span style=\"font-weight: 400;\">Order of 10 July 2012\u00a0modifying the order of 3 August 2007 related to the certification of company managers and employees carrying out surveillance and guarding activities<\/span><\/p>\n<p>&nbsp;<\/p>\n<p><span style=\"font-weight: 400;\">Decree n\u00b0 2009-137 of 9 February 2009\u00a0related to the professional card, prior authorisation and provisional authorisation for employees participating in private security activities<\/span><\/p>\n<p>&nbsp;<\/p>\n<h2><b>Professional competence and training<\/b><\/h2>\n<p>&nbsp;<\/p>\n<p><span style=\"font-weight: 400;\">Order of\u00a06 July 2017\u00a0approving a professional qualification certificate related to the protection of the physical integrity of persons (JORF n\u00b00166, 18 July 2017\u00a0\u2013 text n\u00b01)<\/span><\/p>\n<p>&nbsp;<\/p>\n<p><span style=\"font-weight: 400;\">Order of 27 February 2017\u00a0about the continuous training of private security officers<\/span><\/p>\n<p>&nbsp;<\/p>\n<p><span style=\"font-weight: 400;\">Order of 1 July 2016\u00a0related to the certification of training organisations for private security activities and private research activities<\/span><\/p>\n<p>&nbsp;<\/p>\n<p><span style=\"font-weight: 400;\">Order of 10 July 2012\u00a0modifying the order of 3 August 2007 related to the certification provided in the article 1 of the decree n\u00b0 2005-1122 of 6 September 2005 modified for the enforcement of the law n\u00b0 83-629 of 12 July 1983 regulating the private security activities and related to the professional competence of company managers and employees carrying out activities of surveillance, guarding, cash transport, physical protection of persons and video protection<\/span><\/p>\n<p>&nbsp;<\/p>\n<p><span style=\"font-weight: 400;\">Order of the Interior Ministry of 19 June 2008: final validation of the CQP APS<\/span><\/p>\n<p>&nbsp;<\/p>\n<p><span style=\"font-weight: 400;\">Order of 3 August 2007\u00a0setting the specificities of unique certifications to the titles of the Agency, including the CQP APS<\/span><\/p>\n<p>&nbsp;<\/p>\n<h2><b>Cynophilist officers<\/b><\/h2>\n<p>&nbsp;<\/p>\n<p><span style=\"font-weight: 400;\">Order of 12 mars 2010\u00a0approving the Cynophilist CQP for a 3-year period<\/span><\/p>\n<p>&nbsp;<\/p>\n<p><span style=\"font-weight: 400;\">Decree 2009-214 of 23 February 2009\u00a0related to foreigners wishing to practice in France, to the training contents for cynophilist officers, to the professional competence and certifications of managers and to the competences related to the activities of private research agencies<\/span><\/p>\n<p>&nbsp;<\/p>\n<p><span style=\"font-weight: 400;\">Law 2008-582 of 20 June 2008\u00a0reinforcing preventive and protection measures of persons against dangerous dogs<\/span><\/p>\n<p>&nbsp;<\/p>\n<h2><b>SSIAP<\/b><\/h2>\n<p>&nbsp;<\/p>\n<p><span style=\"font-weight: 400;\">Order of 2 May 2005\u00a0modified related to missions, work and qualifications of permanent staff of security services of PAB and high-rises\u00a0<\/span><\/p>\n<p>&nbsp;<\/p>\n<p><span style=\"font-weight: 400;\">Reform high-rise\/PAC: creation of the SSIAP (fire safety service and assistance to persons)<\/span><\/p>\n<p>&nbsp;<\/p>\n<p><span style=\"font-weight: 400;\">Order of 2 May 2005\u00a0published in the JO of 26 May 2005 related to missions, work and qualifications of permanent staff of fire safety services for PAB and high-rises<\/span><\/p>\n<p>&nbsp;<\/p>\n<h2><b>Other practice procedures<\/b><\/h2>\n<p>&nbsp;<\/p>\n<p><span style=\"font-weight: 400;\">Decree n\u00b02005-307 of 24 March 2005\u00a0related to the security of a sporting, recreational or cultural event of more than 1,500 persons<\/span><\/p>\n<p>&nbsp;<\/p>\n<p><span style=\"font-weight: 400;\">Order of 14 February 2005\u00a0related to the professional title of safety and private security officer<\/span><\/p>\n<p>&nbsp;<\/p>\n<p><span style=\"font-weight: 400;\">Decree n\u00b02002-329 of 8 March 2002\u00a0voted for the implementation of the article 3-1 of the law n\u00b0 83-629 of 12 July 1983 and related to the authorisation and certification of officers of surveillance and guarding companies being able to carry out security palpations<\/span><\/p>\n<p>&nbsp;<\/p>\n<p><span style=\"font-weight: 400;\">Decree n\u00b097-46 of 15 January 1997\u00a0related to surveillance or guarding obligations incumbent upon some owners, operators or occupants of professional or commercial buildings\u00a0<\/span><\/p>\n<p>&nbsp;<\/p>\n<p><span style=\"font-weight: 400;\">Decree n\u00b097-47 of 15 January 1997\u00a0related to surveillance obligations incumbent upon some owners or operators of garages or car parks<\/span><\/p>\n<p>&nbsp;<\/p>\n<p><span style=\"font-weight: 400;\">Circular of 30 May 1997\u00a0related to remote surveillance activities<\/span><\/p>\n<p>&nbsp;<\/p>\n<p><span style=\"font-weight: 400;\">Decree n\u00b096-926 of 17 October 1996\u00a0related to video surveillance in pursuance of article 10 of law n\u00b0 95-73 of 21 January 1995 of guidance and planning related to security<\/span><\/p>\n<p>&nbsp;<\/p>\n<p><span style=\"font-weight: 400;\">Decree n\u00b091-1206 of 26 November 1991\u00a0related to remote surveillance activities<\/span><\/p>\n<p>&nbsp;<\/p>\n<p><span style=\"font-weight: 400;\">Decree n\u00b086-1058 of 26 September 1986\u00a0related to the administrative authorisation and to the recruitment of personnel for companies of surveillance and guarding, of cash transport and of protection of persons<\/span><\/p>\n<p>&nbsp;<\/p>\n<p><span style=\"font-weight: 400;\">Decree n\u00b086-1099 of 10 October 1986\u00a0related to the use of materials, documents, uniforms and badges of companies of surveillance and guiding, cash transport and protection of persons<\/span><\/p>\n<p>&nbsp;<\/p>\n<p><span style=\"font-weight: 400;\">Order of 03\/11\/1995 Royalty rate owed by the beneficiaries of a reserved phone number<\/span><\/p>\n<p>&nbsp;<\/p>\n","protected":false},"excerpt":{"rendered":"<p>General framework of private security activity \u00a0 Decree n\u00b0 2017-1844 of 29 December 2017 related to the exercise of private security activities\u00a0while carrying a weapon (JORF n\u00b00305, 31 December 2017\u00a0\u2013 text n\u00b032) &nbsp; Law n\u00b0 2017-1510 of 30 October 2017\u00a0reinforcing homeland security and fight against terrorism (JORF n\u00b00255, 31 October 2017 \u2013 text n\u00b01)\u00a0 &nbsp;<a href=\"https:\/\/www.goron.fr\/en\/rules-and-regulations\/\"><i class=\"chevron right icon\"><\/i><\/a><\/p>\n","protected":false},"author":1,"featured_media":12656,"parent":0,"menu_order":213,"comment_status":"closed","ping_status":"closed","template":"","meta":{"_acf_changed":false,"footnotes":""},"acf":[],"yoast_head":"<!-- This site is optimized with the Yoast SEO plugin v19.13 - https:\/\/yoast.com\/wordpress\/plugins\/seo\/ -->\n<title>Rules and regulations - Goron S.A.S<\/title>\n<meta name=\"description\" content=\"The private security sector is highly regulated. Discover all the rules and regulations of our branche here\" \/>\n<meta name=\"robots\" content=\"index, follow, max-snippet:-1, max-image-preview:large, max-video-preview:-1\" \/>\n<link rel=\"canonical\" href=\"https:\/\/www.goron.fr\/en\/rules-and-regulations\/\" \/>\n<meta property=\"og:locale\" content=\"en_US\" \/>\n<meta property=\"og:type\" content=\"article\" \/>\n<meta property=\"og:title\" content=\"Rules and regulations - Goron S.A.S\" \/>\n<meta property=\"og:description\" content=\"The private security sector is highly regulated. Discover all the rules and regulations of our branche here\" \/>\n<meta property=\"og:url\" content=\"https:\/\/www.goron.fr\/en\/rules-and-regulations\/\" \/>\n<meta property=\"og:site_name\" content=\"Goron\" \/>\n<meta property=\"article:modified_time\" content=\"2020-02-17T13:14:04+00:00\" \/>\n<meta property=\"og:image\" content=\"https:\/\/www.goron.fr\/wp-content\/uploads\/2020\/02\/17-1.jpg\" \/>\n\t<meta property=\"og:image:width\" content=\"1500\" \/>\n\t<meta property=\"og:image:height\" content=\"350\" \/>\n\t<meta property=\"og:image:type\" content=\"image\/jpeg\" \/>\n<meta name=\"twitter:card\" content=\"summary_large_image\" \/>\n<meta name=\"twitter:label1\" content=\"Est. reading time\" \/>\n\t<meta name=\"twitter:data1\" content=\"5 minutes\" \/>\n<script type=\"application\/ld+json\" class=\"yoast-schema-graph\">{\"@context\":\"https:\/\/schema.org\",\"@graph\":[{\"@type\":\"WebPage\",\"@id\":\"https:\/\/www.goron.fr\/en\/rules-and-regulations\/\",\"url\":\"https:\/\/www.goron.fr\/en\/rules-and-regulations\/\",\"name\":\"Rules and regulations - Goron S.A.S\",\"isPartOf\":{\"@id\":\"https:\/\/www.goron.fr\/#website\"},\"datePublished\":\"2020-01-21T12:42:32+00:00\",\"dateModified\":\"2020-02-17T13:14:04+00:00\",\"description\":\"The private security sector is highly regulated. Discover all the rules and regulations of our branche here\",\"breadcrumb\":{\"@id\":\"https:\/\/www.goron.fr\/en\/rules-and-regulations\/#breadcrumb\"},\"inLanguage\":\"en-US\",\"potentialAction\":[{\"@type\":\"ReadAction\",\"target\":[\"https:\/\/www.goron.fr\/en\/rules-and-regulations\/\"]}]},{\"@type\":\"BreadcrumbList\",\"@id\":\"https:\/\/www.goron.fr\/en\/rules-and-regulations\/#breadcrumb\",\"itemListElement\":[{\"@type\":\"ListItem\",\"position\":1,\"name\":\"Accueil\",\"item\":\"https:\/\/www.goron.fr\/\"},{\"@type\":\"ListItem\",\"position\":2,\"name\":\"RULES AND REGULATIONS\"}]},{\"@type\":\"WebSite\",\"@id\":\"https:\/\/www.goron.fr\/#website\",\"url\":\"https:\/\/www.goron.fr\/\",\"name\":\"Goron\",\"description\":\"S\u00e9curit\u00e9 Priv\u00e9e\",\"potentialAction\":[{\"@type\":\"SearchAction\",\"target\":{\"@type\":\"EntryPoint\",\"urlTemplate\":\"https:\/\/www.goron.fr\/?s={search_term_string}\"},\"query-input\":\"required name=search_term_string\"}],\"inLanguage\":\"en-US\"}]}<\/script>\n<!-- \/ Yoast SEO plugin. -->","yoast_head_json":{"title":"Rules and regulations - Goron S.A.S","description":"The private security sector is highly regulated. Discover all the rules and regulations of our branche here","robots":{"index":"index","follow":"follow","max-snippet":"max-snippet:-1","max-image-preview":"max-image-preview:large","max-video-preview":"max-video-preview:-1"},"canonical":"https:\/\/www.goron.fr\/en\/rules-and-regulations\/","og_locale":"en_US","og_type":"article","og_title":"Rules and regulations - Goron S.A.S","og_description":"The private security sector is highly regulated. Discover all the rules and regulations of our branche here","og_url":"https:\/\/www.goron.fr\/en\/rules-and-regulations\/","og_site_name":"Goron","article_modified_time":"2020-02-17T13:14:04+00:00","og_image":[{"width":1500,"height":350,"url":"https:\/\/www.goron.fr\/wp-content\/uploads\/2020\/02\/17-1.jpg","type":"image\/jpeg"}],"twitter_card":"summary_large_image","twitter_misc":{"Est. reading time":"5 minutes"},"schema":{"@context":"https:\/\/schema.org","@graph":[{"@type":"WebPage","@id":"https:\/\/www.goron.fr\/en\/rules-and-regulations\/","url":"https:\/\/www.goron.fr\/en\/rules-and-regulations\/","name":"Rules and regulations - Goron S.A.S","isPartOf":{"@id":"https:\/\/www.goron.fr\/#website"},"datePublished":"2020-01-21T12:42:32+00:00","dateModified":"2020-02-17T13:14:04+00:00","description":"The private security sector is highly regulated. Discover all the rules and regulations of our branche here","breadcrumb":{"@id":"https:\/\/www.goron.fr\/en\/rules-and-regulations\/#breadcrumb"},"inLanguage":"en-US","potentialAction":[{"@type":"ReadAction","target":["https:\/\/www.goron.fr\/en\/rules-and-regulations\/"]}]},{"@type":"BreadcrumbList","@id":"https:\/\/www.goron.fr\/en\/rules-and-regulations\/#breadcrumb","itemListElement":[{"@type":"ListItem","position":1,"name":"Accueil","item":"https:\/\/www.goron.fr\/"},{"@type":"ListItem","position":2,"name":"RULES AND REGULATIONS"}]},{"@type":"WebSite","@id":"https:\/\/www.goron.fr\/#website","url":"https:\/\/www.goron.fr\/","name":"Goron","description":"S\u00e9curit\u00e9 Priv\u00e9e","potentialAction":[{"@type":"SearchAction","target":{"@type":"EntryPoint","urlTemplate":"https:\/\/www.goron.fr\/?s={search_term_string}"},"query-input":"required name=search_term_string"}],"inLanguage":"en-US"}]}},"_links":{"self":[{"href":"https:\/\/www.goron.fr\/en\/wp-json\/wp\/v2\/pages\/12285\/"}],"collection":[{"href":"https:\/\/www.goron.fr\/en\/wp-json\/wp\/v2\/pages\/"}],"about":[{"href":"https:\/\/www.goron.fr\/en\/wp-json\/wp\/v2\/types\/page\/"}],"author":[{"embeddable":true,"href":"https:\/\/www.goron.fr\/en\/wp-json\/wp\/v2\/users\/1\/"}],"replies":[{"embeddable":true,"href":"https:\/\/www.goron.fr\/en\/wp-json\/wp\/v2\/comments\/?post=12285"}],"version-history":[{"count":3,"href":"https:\/\/www.goron.fr\/en\/wp-json\/wp\/v2\/pages\/12285\/revisions\/"}],"predecessor-version":[{"id":12807,"href":"https:\/\/www.goron.fr\/en\/wp-json\/wp\/v2\/pages\/12285\/revisions\/12807\/"}],"wp:featuredmedia":[{"embeddable":true,"href":"https:\/\/www.goron.fr\/en\/wp-json\/wp\/v2\/media\/12656\/"}],"wp:attachment":[{"href":"https:\/\/www.goron.fr\/en\/wp-json\/wp\/v2\/media\/?parent=12285"}],"curies":[{"name":"wp","href":"https:\/\/api.w.org\/{rel}","templated":true}]}}