{"id":12273,"date":"2020-01-21T13:41:35","date_gmt":"2020-01-21T12:41:35","guid":{"rendered":"https:\/\/www.goron.fr\/our-assets\/quality-work-method\/"},"modified":"2020-02-14T17:21:54","modified_gmt":"2020-02-14T16:21:54","slug":"quality-work-method","status":"publish","type":"page","link":"https:\/\/www.goron.fr\/en\/our-assets\/quality-work-method\/","title":{"rendered":"QUALITY &#038; WORK METHOD"},"content":{"rendered":"<p><b>Commitment to service is one of the founding values of GORON S.A. Our brand promise? To commit by your side to ensure your security.<\/b><\/p>\n<p><span style=\"font-weight: 400;\">GORON S.A. is NF* certified \u201cService des entreprises priv\u00e9es de pr\u00e9vention et de s\u00e9curit\u00e9\u201d since 1999 and is an active member of the brand committee at AFNOR, by participating in the continuous improvement of certification rules.<\/span><\/p>\n<p><span style=\"font-weight: 400;\">GORON S.A. takes into account the requirements of ISO 9001, for the implementation of its quality management system.<\/span><\/p>\n<p><b>In addition, GORON S.A. is, alongside a few other peers, at the origin of the creation of the norm NF X 50-777 of the 20 May 1998 \u201cEntreprises priv\u00e9es de pr\u00e9vention et de s\u00e9curit\u00e9\u201d. Unlike generic norms, this norm imposes the respect of effective, clear and concrete professional practices:<\/b><\/p>\n<ul>\n<li><span style=\"font-weight: 400;\">A service offering meeting your needs and requirements following a feasibility study<\/span><\/li>\n<li><span style=\"font-weight: 400;\">A recruitment adapted to the entrusted projects<\/span><\/li>\n<li><span style=\"font-weight: 400;\">Service implementation and easily identifiable action plans<\/span><\/li>\n<li><span style=\"font-weight: 400;\">Written guidelines approved in cooperation<\/span><\/li>\n<li><span style=\"font-weight: 400;\">No subcontracting without prior approval<\/span><\/li>\n<li><span style=\"font-weight: 400;\">Permanent presence of experienced and qualified management<\/span><\/li>\n<li><span style=\"font-weight: 400;\">Special attention given to night and weekend inspections<\/span><\/li>\n<li><span style=\"font-weight: 400;\">Operational permanence 24 hours a day and 365 days a year<\/span><\/li>\n<li><span style=\"font-weight: 400;\">Strong investment in staff training<\/span><\/li>\n<li><span style=\"font-weight: 400;\">Scheduled quality meetings<\/span><\/li>\n<li><span style=\"font-weight: 400;\">A progress plan every time that is possible<\/span><\/li>\n<\/ul>\n<p><a href=\"https:\/\/www.goron.fr\/wp-content\/uploads\/2017\/03\/image002.jpg\"><img loading=\"lazy\" decoding=\"async\" class=\"aligncenter size-full wp-image-12283\" src=\"https:\/\/www.goron.fr\/wp-content\/uploads\/2017\/03\/image002.jpg\" alt=\"\" width=\"410\" height=\"389\" srcset=\"https:\/\/www.goron.fr\/wp-content\/uploads\/2017\/03\/image002.jpg 410w, https:\/\/www.goron.fr\/wp-content\/uploads\/2017\/03\/image002-300x285.jpg 300w\" sizes=\"(max-width: 410px) 100vw, 410px\" \/><\/a><\/p>\n<p><span style=\"font-weight: 400;\">GORON S.A. is also involved in a sustainable approach, in order to improve the health and safety of its staff, all the while respecting the environment.<\/span><\/p>\n<p><span style=\"font-weight: 400;\">*For the agencies of Asni\u00e8res-sur-Seine and Le Pecq<\/span><\/p>\n<h2><b>The GORON S.A. method<\/b><\/h2>\n<h3><b>Service management<\/b><\/h3>\n<p><span style=\"font-weight: 400;\">Each customer is managed by a district manager. They are their privileged interlocutor and implement the service in accordance with the specifications or with commercial proposals.<\/span><\/p>\n<p><span style=\"font-weight: 400;\">In order to guarantee maximum efficiency and availability, our operations managers do not manage more than 10 clients at a time. In addition, they always work as a duo, in order to ensure management permanency at all times.<\/span><\/p>\n<h3><b>Global support from the company<\/b><\/h3>\n<p><span style=\"font-weight: 400;\">To ensure excellent services, and maintain their satisfactory operation, our operations managers have the support from all company services:<\/span><\/p>\n<ul>\n<li><span style=\"font-weight: 400;\">Recruitment service<\/span><\/li>\n<li><span style=\"font-weight: 400;\">Equipment and material logistics<\/span><\/li>\n<li><span style=\"font-weight: 400;\">Training service<\/span><\/li>\n<li><span style=\"font-weight: 400;\">Operational permanence 24\/7<\/span><\/li>\n<li><span style=\"font-weight: 400;\">Monitoring service<\/span><\/li>\n<li><span style=\"font-weight: 400;\">Electronic security department<\/span><\/li>\n<\/ul>\n<h3><b>Specialised agency<\/b><\/h3>\n<p><span style=\"font-weight: 400;\">Depending on the importance and number of sites to manage for a given customer, a market manager is appointed. They are then in charge of handling a fully dedicated management.<\/span><\/p>\n<p><span style=\"font-weight: 400;\">In some cases, a specialised sector, or even an agency can be set up with autonomous means.<\/span><\/p>\n<p><a href=\"https:\/\/www.goron.fr\/wp-content\/uploads\/2017\/03\/unspecified-176-ConvertImage.jpg\"><img loading=\"lazy\" decoding=\"async\" class=\"aligncenter size-full wp-image-12200\" src=\"https:\/\/www.goron.fr\/wp-content\/uploads\/2017\/03\/unspecified-176-ConvertImage.jpg\" alt=\"a private sucirty gard walking\" width=\"1600\" height=\"1066\" srcset=\"https:\/\/www.goron.fr\/wp-content\/uploads\/2017\/03\/unspecified-176-ConvertImage.jpg 1600w, https:\/\/www.goron.fr\/wp-content\/uploads\/2017\/03\/unspecified-176-ConvertImage-300x200.jpg 300w, https:\/\/www.goron.fr\/wp-content\/uploads\/2017\/03\/unspecified-176-ConvertImage-768x512.jpg 768w, https:\/\/www.goron.fr\/wp-content\/uploads\/2017\/03\/unspecified-176-ConvertImage-1024x682.jpg 1024w\" sizes=\"(max-width: 1600px) 100vw, 1600px\" \/><\/a><\/p>\n","protected":false},"excerpt":{"rendered":"<p>Commitment to service is one of the founding values of GORON S.A. Our brand promise? To commit by your side to ensure your security. GORON S.A. is NF* certified \u201cService des entreprises priv\u00e9es de pr\u00e9vention et de s\u00e9curit\u00e9\u201d since 1999 and is an active member of the brand committee at AFNOR, by participating in the<a href=\"https:\/\/www.goron.fr\/en\/our-assets\/quality-work-method\/\"><i class=\"chevron right icon\"><\/i><\/a><\/p>\n","protected":false},"author":1,"featured_media":12279,"parent":12261,"menu_order":211,"comment_status":"closed","ping_status":"closed","template":"","meta":{"_acf_changed":false,"footnotes":""},"acf":[],"yoast_head":"<!-- This site is optimized with the Yoast SEO plugin v19.13 - https:\/\/yoast.com\/wordpress\/plugins\/seo\/ -->\n<title>Quality and work method - Goron S.A.S<\/title>\n<meta name=\"description\" content=\"Commitment to service is one of the founding values of GORON S.A. Our brand promise? To commit by your side to ensure your security.\" \/>\n<meta name=\"robots\" content=\"index, follow, max-snippet:-1, max-image-preview:large, max-video-preview:-1\" \/>\n<link rel=\"canonical\" href=\"https:\/\/www.goron.fr\/en\/our-assets\/quality-work-method\/\" \/>\n<meta property=\"og:locale\" content=\"en_US\" \/>\n<meta property=\"og:type\" content=\"article\" \/>\n<meta property=\"og:title\" content=\"Quality and work method - Goron S.A.S\" \/>\n<meta property=\"og:description\" content=\"Commitment to service is one of the founding values of GORON S.A. Our brand promise? To commit by your side to ensure your security.\" \/>\n<meta property=\"og:url\" content=\"https:\/\/www.goron.fr\/en\/our-assets\/quality-work-method\/\" \/>\n<meta property=\"og:site_name\" content=\"Goron\" \/>\n<meta property=\"article:modified_time\" content=\"2020-02-14T16:21:54+00:00\" \/>\n<meta property=\"og:image\" content=\"https:\/\/www.goron.fr\/wp-content\/uploads\/2017\/03\/67-e1491492842881.jpg\" \/>\n\t<meta property=\"og:image:width\" content=\"1600\" \/>\n\t<meta property=\"og:image:height\" content=\"268\" \/>\n\t<meta property=\"og:image:type\" content=\"image\/jpeg\" \/>\n<meta name=\"twitter:card\" content=\"summary_large_image\" \/>\n<meta name=\"twitter:label1\" content=\"Est. reading time\" \/>\n\t<meta name=\"twitter:data1\" content=\"2 minutes\" \/>\n<script type=\"application\/ld+json\" class=\"yoast-schema-graph\">{\"@context\":\"https:\/\/schema.org\",\"@graph\":[{\"@type\":\"WebPage\",\"@id\":\"https:\/\/www.goron.fr\/en\/our-assets\/quality-work-method\/\",\"url\":\"https:\/\/www.goron.fr\/en\/our-assets\/quality-work-method\/\",\"name\":\"Quality and work method - Goron S.A.S\",\"isPartOf\":{\"@id\":\"https:\/\/www.goron.fr\/#website\"},\"datePublished\":\"2020-01-21T12:41:35+00:00\",\"dateModified\":\"2020-02-14T16:21:54+00:00\",\"description\":\"Commitment to service is one of the founding values of GORON S.A. Our brand promise? To commit by your side to ensure your security.\",\"breadcrumb\":{\"@id\":\"https:\/\/www.goron.fr\/en\/our-assets\/quality-work-method\/#breadcrumb\"},\"inLanguage\":\"en-US\",\"potentialAction\":[{\"@type\":\"ReadAction\",\"target\":[\"https:\/\/www.goron.fr\/en\/our-assets\/quality-work-method\/\"]}]},{\"@type\":\"BreadcrumbList\",\"@id\":\"https:\/\/www.goron.fr\/en\/our-assets\/quality-work-method\/#breadcrumb\",\"itemListElement\":[{\"@type\":\"ListItem\",\"position\":1,\"name\":\"Accueil\",\"item\":\"https:\/\/www.goron.fr\/\"},{\"@type\":\"ListItem\",\"position\":2,\"name\":\"Our assets\",\"item\":\"https:\/\/www.goron.fr\/en\/our-assets\/\"},{\"@type\":\"ListItem\",\"position\":3,\"name\":\"QUALITY &#038; WORK METHOD\"}]},{\"@type\":\"WebSite\",\"@id\":\"https:\/\/www.goron.fr\/#website\",\"url\":\"https:\/\/www.goron.fr\/\",\"name\":\"Goron\",\"description\":\"S\u00e9curit\u00e9 Priv\u00e9e\",\"potentialAction\":[{\"@type\":\"SearchAction\",\"target\":{\"@type\":\"EntryPoint\",\"urlTemplate\":\"https:\/\/www.goron.fr\/?s={search_term_string}\"},\"query-input\":\"required name=search_term_string\"}],\"inLanguage\":\"en-US\"}]}<\/script>\n<!-- \/ Yoast SEO plugin. -->","yoast_head_json":{"title":"Quality and work method - Goron S.A.S","description":"Commitment to service is one of the founding values of GORON S.A. Our brand promise? To commit by your side to ensure your security.","robots":{"index":"index","follow":"follow","max-snippet":"max-snippet:-1","max-image-preview":"max-image-preview:large","max-video-preview":"max-video-preview:-1"},"canonical":"https:\/\/www.goron.fr\/en\/our-assets\/quality-work-method\/","og_locale":"en_US","og_type":"article","og_title":"Quality and work method - Goron S.A.S","og_description":"Commitment to service is one of the founding values of GORON S.A. Our brand promise? To commit by your side to ensure your security.","og_url":"https:\/\/www.goron.fr\/en\/our-assets\/quality-work-method\/","og_site_name":"Goron","article_modified_time":"2020-02-14T16:21:54+00:00","og_image":[{"width":1600,"height":268,"url":"https:\/\/www.goron.fr\/wp-content\/uploads\/2017\/03\/67-e1491492842881.jpg","type":"image\/jpeg"}],"twitter_card":"summary_large_image","twitter_misc":{"Est. reading time":"2 minutes"},"schema":{"@context":"https:\/\/schema.org","@graph":[{"@type":"WebPage","@id":"https:\/\/www.goron.fr\/en\/our-assets\/quality-work-method\/","url":"https:\/\/www.goron.fr\/en\/our-assets\/quality-work-method\/","name":"Quality and work method - Goron S.A.S","isPartOf":{"@id":"https:\/\/www.goron.fr\/#website"},"datePublished":"2020-01-21T12:41:35+00:00","dateModified":"2020-02-14T16:21:54+00:00","description":"Commitment to service is one of the founding values of GORON S.A. Our brand promise? To commit by your side to ensure your security.","breadcrumb":{"@id":"https:\/\/www.goron.fr\/en\/our-assets\/quality-work-method\/#breadcrumb"},"inLanguage":"en-US","potentialAction":[{"@type":"ReadAction","target":["https:\/\/www.goron.fr\/en\/our-assets\/quality-work-method\/"]}]},{"@type":"BreadcrumbList","@id":"https:\/\/www.goron.fr\/en\/our-assets\/quality-work-method\/#breadcrumb","itemListElement":[{"@type":"ListItem","position":1,"name":"Accueil","item":"https:\/\/www.goron.fr\/"},{"@type":"ListItem","position":2,"name":"Our assets","item":"https:\/\/www.goron.fr\/en\/our-assets\/"},{"@type":"ListItem","position":3,"name":"QUALITY &#038; WORK METHOD"}]},{"@type":"WebSite","@id":"https:\/\/www.goron.fr\/#website","url":"https:\/\/www.goron.fr\/","name":"Goron","description":"S\u00e9curit\u00e9 Priv\u00e9e","potentialAction":[{"@type":"SearchAction","target":{"@type":"EntryPoint","urlTemplate":"https:\/\/www.goron.fr\/?s={search_term_string}"},"query-input":"required name=search_term_string"}],"inLanguage":"en-US"}]}},"_links":{"self":[{"href":"https:\/\/www.goron.fr\/en\/wp-json\/wp\/v2\/pages\/12273\/"}],"collection":[{"href":"https:\/\/www.goron.fr\/en\/wp-json\/wp\/v2\/pages\/"}],"about":[{"href":"https:\/\/www.goron.fr\/en\/wp-json\/wp\/v2\/types\/page\/"}],"author":[{"embeddable":true,"href":"https:\/\/www.goron.fr\/en\/wp-json\/wp\/v2\/users\/1\/"}],"replies":[{"embeddable":true,"href":"https:\/\/www.goron.fr\/en\/wp-json\/wp\/v2\/comments\/?post=12273"}],"version-history":[{"count":4,"href":"https:\/\/www.goron.fr\/en\/wp-json\/wp\/v2\/pages\/12273\/revisions\/"}],"predecessor-version":[{"id":12647,"href":"https:\/\/www.goron.fr\/en\/wp-json\/wp\/v2\/pages\/12273\/revisions\/12647\/"}],"up":[{"embeddable":true,"href":"https:\/\/www.goron.fr\/en\/wp-json\/wp\/v2\/pages\/12261\/"}],"wp:featuredmedia":[{"embeddable":true,"href":"https:\/\/www.goron.fr\/en\/wp-json\/wp\/v2\/media\/12279\/"}],"wp:attachment":[{"href":"https:\/\/www.goron.fr\/en\/wp-json\/wp\/v2\/media\/?parent=12273"}],"curies":[{"name":"wp","href":"https:\/\/api.w.org\/{rel}","templated":true}]}}