{"id":12264,"date":"2020-01-21T13:40:34","date_gmt":"2020-01-21T12:40:34","guid":{"rendered":"https:\/\/www.goron.fr\/our-assets\/why-choose-goron\/"},"modified":"2021-10-26T15:19:56","modified_gmt":"2021-10-26T13:19:56","slug":"why-choose-goron","status":"publish","type":"page","link":"https:\/\/www.goron.fr\/en\/our-assets\/why-choose-goron\/","title":{"rendered":"WHY CHOOSE GORON?"},"content":{"rendered":"<h2><b>120 years of experience<\/b><\/h2>\n<p><span style=\"font-weight: 400;\">Founded in 1896, GORON S.A. is the oldest company in the profession. This longevity is the guarantee of our operational experience and of our detailed knowledge of the industry needs.<\/span><\/p>\n<p><span style=\"font-weight: 400;\">Human-sized company, GORON S.A. has the operational capabilities and the financial strength of a large group. Our teams are able to handle all types of security and safety contracts, including the most important ones.<\/span><\/p>\n<p>&nbsp;<\/p>\n<h2><b>A global offer<\/b><\/h2>\n<p><span style=\"font-weight: 400;\">Over the years, GORON has developed a global offer, combining human means to very efficient technical means.<\/span><\/p>\n<p><span style=\"font-weight: 400;\">Nowadays, the company offers its customers global solutions in every field of private security:<\/span><\/p>\n<ul>\n<li><span style=\"font-weight: 400;\">&#8211; Surveillance and security<\/span><\/li>\n<li><span style=\"font-weight: 400;\">&#8211; Safety<\/span><\/li>\n<li><span style=\"font-weight: 400;\">&#8211; Technology and systems<\/span><\/li>\n<li><span style=\"font-weight: 400;\">&#8211; Physical protection<\/span><\/li>\n<li><span style=\"font-weight: 400;\">&#8211; Training and consulting<\/span><\/li>\n<\/ul>\n<p><span style=\"font-weight: 400;\">To these must be added reception and associated services, which complement our security offer.<\/span><\/p>\n<h2><b>Permanency, proximity and quality of the management 24\/7<\/b><\/h2>\n<p><span style=\"font-weight: 400;\">A permanent connection is ensured:<\/span><\/p>\n<ul>\n<li><span style=\"font-weight: 400;\">&#8211; During the day, by operations managers<\/span><\/li>\n<li><span style=\"font-weight: 400;\">&#8211; At night, by controllers and TLS PC<\/span><\/li>\n<li><span style=\"font-weight: 400;\">&#8211; If necessary, you can have a direct access to general management<\/span><\/li>\n<\/ul>\n<h2><b>Specialized recruitment<\/b><\/h2>\n<p><span style=\"font-weight: 400;\">Our staff is recruited to best match your requirements. Moreover, we invest heavily in training: all our agents have the CQP APS and over 50% of them are qualified SSIAP 1, 2 or 3.<\/span><\/p>\n<h2><b>Strict service monitoring<\/b><\/h2>\n<p><span style=\"font-weight: 400;\">Each site is monitored qualitatively at least once a week. Special attention is particularly given to night and weekend inspections.<\/span><\/p>\n<p><span style=\"font-weight: 400;\">These quality controls lead to the opening of anomaly report sheets and\/or non-conformity sheets, if necessary. They also lead to the setting up of a continuous knowledge assessment, inscribed in a system of continuous improvement, by the work done on these anomaly and\/or non-conformity report sheets by our staff.<\/span><\/p>\n<p><a href=\"https:\/\/www.goron.fr\/wp-content\/uploads\/2017\/03\/unspecified-4-ConvertImage-1.jpg\"><img loading=\"lazy\" decoding=\"async\" class=\"aligncenter size-full wp-image-12269\" src=\"https:\/\/www.goron.fr\/wp-content\/uploads\/2017\/03\/unspecified-4-ConvertImage-1.jpg\" alt=\"a host running an identity check\" width=\"1600\" height=\"1066\" srcset=\"https:\/\/www.goron.fr\/wp-content\/uploads\/2017\/03\/unspecified-4-ConvertImage-1.jpg 1600w, https:\/\/www.goron.fr\/wp-content\/uploads\/2017\/03\/unspecified-4-ConvertImage-1-300x200.jpg 300w, https:\/\/www.goron.fr\/wp-content\/uploads\/2017\/03\/unspecified-4-ConvertImage-1-768x512.jpg 768w, https:\/\/www.goron.fr\/wp-content\/uploads\/2017\/03\/unspecified-4-ConvertImage-1-1024x682.jpg 1024w\" sizes=\"(max-width: 1600px) 100vw, 1600px\" \/><\/a><\/p>\n","protected":false},"excerpt":{"rendered":"<p>120 years of experience Founded in 1896, GORON S.A. is the oldest company in the profession. This longevity is the guarantee of our operational experience and of our detailed knowledge of the industry needs. Human-sized company, GORON S.A. has the operational capabilities and the financial strength of a large group. Our teams are able to<a href=\"https:\/\/www.goron.fr\/en\/our-assets\/why-choose-goron\/\"><i class=\"chevron right icon\"><\/i><\/a><\/p>\n","protected":false},"author":1,"featured_media":0,"parent":12261,"menu_order":209,"comment_status":"closed","ping_status":"closed","template":"","meta":{"_acf_changed":false,"footnotes":""},"acf":[],"yoast_head":"<!-- This site is optimized with the Yoast SEO plugin v19.13 - https:\/\/yoast.com\/wordpress\/plugins\/seo\/ -->\n<title>Why choose GORON ? - Goron S.A.S<\/title>\n<meta name=\"description\" content=\"Founded in 1896, GORON S.A. is the oldest company in the profession. This longevity is the guarantee of our operational experience and of our detailed knowledge of the industry needs.\" \/>\n<meta name=\"robots\" content=\"index, follow, max-snippet:-1, max-image-preview:large, max-video-preview:-1\" \/>\n<link rel=\"canonical\" href=\"https:\/\/www.goron.fr\/en\/our-assets\/why-choose-goron\/\" \/>\n<meta property=\"og:locale\" content=\"en_US\" \/>\n<meta property=\"og:type\" content=\"article\" \/>\n<meta property=\"og:title\" content=\"Why choose GORON ? - Goron S.A.S\" \/>\n<meta property=\"og:description\" content=\"Founded in 1896, GORON S.A. is the oldest company in the profession. This longevity is the guarantee of our operational experience and of our detailed knowledge of the industry needs.\" \/>\n<meta property=\"og:url\" content=\"https:\/\/www.goron.fr\/en\/our-assets\/why-choose-goron\/\" \/>\n<meta property=\"og:site_name\" content=\"Goron\" \/>\n<meta property=\"article:modified_time\" content=\"2021-10-26T13:19:56+00:00\" \/>\n<meta property=\"og:image\" content=\"https:\/\/www.goron.fr\/wp-content\/uploads\/2017\/03\/unspecified-4-ConvertImage-1.jpg\" \/>\n<meta name=\"twitter:card\" content=\"summary_large_image\" \/>\n<meta name=\"twitter:label1\" content=\"Est. reading time\" \/>\n\t<meta name=\"twitter:data1\" content=\"1 minute\" \/>\n<script type=\"application\/ld+json\" class=\"yoast-schema-graph\">{\"@context\":\"https:\/\/schema.org\",\"@graph\":[{\"@type\":\"WebPage\",\"@id\":\"https:\/\/www.goron.fr\/en\/our-assets\/why-choose-goron\/\",\"url\":\"https:\/\/www.goron.fr\/en\/our-assets\/why-choose-goron\/\",\"name\":\"Why choose GORON ? - Goron S.A.S\",\"isPartOf\":{\"@id\":\"https:\/\/www.goron.fr\/#website\"},\"datePublished\":\"2020-01-21T12:40:34+00:00\",\"dateModified\":\"2021-10-26T13:19:56+00:00\",\"description\":\"Founded in 1896, GORON S.A. is the oldest company in the profession. This longevity is the guarantee of our operational experience and of our detailed knowledge of the industry needs.\",\"breadcrumb\":{\"@id\":\"https:\/\/www.goron.fr\/en\/our-assets\/why-choose-goron\/#breadcrumb\"},\"inLanguage\":\"en-US\",\"potentialAction\":[{\"@type\":\"ReadAction\",\"target\":[\"https:\/\/www.goron.fr\/en\/our-assets\/why-choose-goron\/\"]}]},{\"@type\":\"BreadcrumbList\",\"@id\":\"https:\/\/www.goron.fr\/en\/our-assets\/why-choose-goron\/#breadcrumb\",\"itemListElement\":[{\"@type\":\"ListItem\",\"position\":1,\"name\":\"Accueil\",\"item\":\"https:\/\/www.goron.fr\/\"},{\"@type\":\"ListItem\",\"position\":2,\"name\":\"Our assets\",\"item\":\"https:\/\/www.goron.fr\/en\/our-assets\/\"},{\"@type\":\"ListItem\",\"position\":3,\"name\":\"WHY CHOOSE GORON?\"}]},{\"@type\":\"WebSite\",\"@id\":\"https:\/\/www.goron.fr\/#website\",\"url\":\"https:\/\/www.goron.fr\/\",\"name\":\"Goron\",\"description\":\"S\u00e9curit\u00e9 Priv\u00e9e\",\"potentialAction\":[{\"@type\":\"SearchAction\",\"target\":{\"@type\":\"EntryPoint\",\"urlTemplate\":\"https:\/\/www.goron.fr\/?s={search_term_string}\"},\"query-input\":\"required name=search_term_string\"}],\"inLanguage\":\"en-US\"}]}<\/script>\n<!-- \/ Yoast SEO plugin. -->","yoast_head_json":{"title":"Why choose GORON ? - Goron S.A.S","description":"Founded in 1896, GORON S.A. is the oldest company in the profession. This longevity is the guarantee of our operational experience and of our detailed knowledge of the industry needs.","robots":{"index":"index","follow":"follow","max-snippet":"max-snippet:-1","max-image-preview":"max-image-preview:large","max-video-preview":"max-video-preview:-1"},"canonical":"https:\/\/www.goron.fr\/en\/our-assets\/why-choose-goron\/","og_locale":"en_US","og_type":"article","og_title":"Why choose GORON ? - Goron S.A.S","og_description":"Founded in 1896, GORON S.A. is the oldest company in the profession. This longevity is the guarantee of our operational experience and of our detailed knowledge of the industry needs.","og_url":"https:\/\/www.goron.fr\/en\/our-assets\/why-choose-goron\/","og_site_name":"Goron","article_modified_time":"2021-10-26T13:19:56+00:00","og_image":[{"url":"https:\/\/www.goron.fr\/wp-content\/uploads\/2017\/03\/unspecified-4-ConvertImage-1.jpg"}],"twitter_card":"summary_large_image","twitter_misc":{"Est. reading time":"1 minute"},"schema":{"@context":"https:\/\/schema.org","@graph":[{"@type":"WebPage","@id":"https:\/\/www.goron.fr\/en\/our-assets\/why-choose-goron\/","url":"https:\/\/www.goron.fr\/en\/our-assets\/why-choose-goron\/","name":"Why choose GORON ? - Goron S.A.S","isPartOf":{"@id":"https:\/\/www.goron.fr\/#website"},"datePublished":"2020-01-21T12:40:34+00:00","dateModified":"2021-10-26T13:19:56+00:00","description":"Founded in 1896, GORON S.A. is the oldest company in the profession. This longevity is the guarantee of our operational experience and of our detailed knowledge of the industry needs.","breadcrumb":{"@id":"https:\/\/www.goron.fr\/en\/our-assets\/why-choose-goron\/#breadcrumb"},"inLanguage":"en-US","potentialAction":[{"@type":"ReadAction","target":["https:\/\/www.goron.fr\/en\/our-assets\/why-choose-goron\/"]}]},{"@type":"BreadcrumbList","@id":"https:\/\/www.goron.fr\/en\/our-assets\/why-choose-goron\/#breadcrumb","itemListElement":[{"@type":"ListItem","position":1,"name":"Accueil","item":"https:\/\/www.goron.fr\/"},{"@type":"ListItem","position":2,"name":"Our assets","item":"https:\/\/www.goron.fr\/en\/our-assets\/"},{"@type":"ListItem","position":3,"name":"WHY CHOOSE GORON?"}]},{"@type":"WebSite","@id":"https:\/\/www.goron.fr\/#website","url":"https:\/\/www.goron.fr\/","name":"Goron","description":"S\u00e9curit\u00e9 Priv\u00e9e","potentialAction":[{"@type":"SearchAction","target":{"@type":"EntryPoint","urlTemplate":"https:\/\/www.goron.fr\/?s={search_term_string}"},"query-input":"required name=search_term_string"}],"inLanguage":"en-US"}]}},"_links":{"self":[{"href":"https:\/\/www.goron.fr\/en\/wp-json\/wp\/v2\/pages\/12264\/"}],"collection":[{"href":"https:\/\/www.goron.fr\/en\/wp-json\/wp\/v2\/pages\/"}],"about":[{"href":"https:\/\/www.goron.fr\/en\/wp-json\/wp\/v2\/types\/page\/"}],"author":[{"embeddable":true,"href":"https:\/\/www.goron.fr\/en\/wp-json\/wp\/v2\/users\/1\/"}],"replies":[{"embeddable":true,"href":"https:\/\/www.goron.fr\/en\/wp-json\/wp\/v2\/comments\/?post=12264"}],"version-history":[{"count":5,"href":"https:\/\/www.goron.fr\/en\/wp-json\/wp\/v2\/pages\/12264\/revisions\/"}],"predecessor-version":[{"id":16124,"href":"https:\/\/www.goron.fr\/en\/wp-json\/wp\/v2\/pages\/12264\/revisions\/16124\/"}],"up":[{"embeddable":true,"href":"https:\/\/www.goron.fr\/en\/wp-json\/wp\/v2\/pages\/12261\/"}],"wp:attachment":[{"href":"https:\/\/www.goron.fr\/en\/wp-json\/wp\/v2\/media\/?parent=12264"}],"curies":[{"name":"wp","href":"https:\/\/api.w.org\/{rel}","templated":true}]}}