{"id":12259,"date":"2020-01-21T13:38:20","date_gmt":"2020-01-21T12:38:20","guid":{"rendered":"https:\/\/www.goron.fr\/legal-notices\/"},"modified":"2020-03-19T16:10:44","modified_gmt":"2020-03-19T15:10:44","slug":"legal-notices","status":"publish","type":"page","link":"https:\/\/www.goron.fr\/en\/legal-notices\/","title":{"rendered":"LEGAL NOTICES"},"content":{"rendered":"<p><b>GORON S.A.<\/b><\/p>\n<p><span style=\"font-weight: 400;\">Limited company with share capital of 665,760 euros<\/span><\/p>\n<p><span style=\"font-weight: 400;\">Registered to the RCS of Paris under the n\u00b0B 542\u00a0074\u00a0976<\/span><\/p>\n<p><span style=\"font-weight: 400;\">Headquarters: 14, boulevard Saint-Michel 75006 PARIS, FRANCE<\/span><span style=\"font-weight: 400;\"><br \/>\n<\/span><span style=\"font-weight: 400;\">Intra-community VAT: FR55 542074976<\/span><\/p>\n<p><span style=\"font-weight: 400;\">Licence to practice CNAPS \/ aut-075-2112-11-11-20130349553<\/span><\/p>\n<p><span style=\"font-weight: 400;\">CONTACT\u00a0<\/span><span style=\"font-weight: 400;\"><br \/>\n<\/span><span style=\"font-weight: 400;\">E-mail:\u00a0<\/span><a href=\"mailto:contact@goron.fr\"><span style=\"font-weight: 400;\">contact@goron.fr<\/span><\/a><span style=\"font-weight: 400;\">\u00a0<\/span><span style=\"font-weight: 400;\"><br \/>\n<\/span><span style=\"font-weight: 400;\">Telephone: +33(0)1.41.11.86.00<\/span><\/p>\n<p><span style=\"font-weight: 400;\">PUBLISHING DIRECTOR: Mr. Eric Chenevier, Goron CEO<\/span><\/p>\n<p>&nbsp;<\/p>\n<p><b>HOSTING COMPANY<\/b><\/p>\n<p><span style=\"font-weight: 400;\">The website www.goron.fr is hosted by VINC SAS, a simplified joint-stock company with share capital of 100,188 euros<\/span><span style=\"font-weight: 400;\"><br \/>\n<\/span><span style=\"font-weight: 400;\">Registered to the RCS of Paris under the n\u00b0B 380 367 938<\/span><span style=\"font-weight: 400;\"><br \/>\n<\/span><span style=\"font-weight: 400;\">N\u00b0 VAT: FR94380367938<\/span><span style=\"font-weight: 400;\"><br \/>\n<\/span><span style=\"font-weight: 400;\">Headquarters : 2, rue Jean Louvet 78740 Vaux sur Seine, France, FRANCE<\/span><span style=\"font-weight: 400;\"><br \/>\n<\/span><span style=\"font-weight: 400;\">Telephone: +33(0)1 30 04 15 15<\/span><span style=\"font-weight: 400;\"><br \/>\n<\/span><span style=\"font-weight: 400;\">Contact:\u00a0<\/span><a href=\"mailto:contact@vinc.fr\"><span style=\"font-weight: 400;\">contact@vinc.fr<\/span><\/a><\/p>\n<p>&nbsp;<\/p>\n<p><b>PERSONAL DATA<\/b><\/p>\n<p>&nbsp;<\/p>\n<p><span style=\"font-weight: 400;\">The processing of information communicated through the website <\/span><a href=\"http:\/\/www.goron.fr\"><span style=\"font-weight: 400;\">www.goron.fr<\/span><\/a><span style=\"font-weight: 400;\"> has\u00a0been\u00a0declared\u00a0to the French National Commission on\u00a0Information Technology and Liberties (CNIL): declaration n\u00b0 2095197 v 0<\/span><\/p>\n<p>&nbsp;<\/p>\n<p><span style=\"font-weight: 400;\">In application of\u00a0the\u00a0law\u00a0of January 6,\u00a01978, it is recalled that individual-related data collected through forms on the website www.thema-services.com can be subject to computer and statistical processing and are required for the supply of information about GORON services and for customer management.<\/span><\/p>\n<p>&nbsp;<\/p>\n<p><span style=\"font-weight: 400;\">These data are solely intended for GORON.<\/span><\/p>\n<p>&nbsp;<\/p>\n<p><span style=\"font-weight: 400;\">Users of the website <\/span><a href=\"http:\/\/www.goron.fr\"><span style=\"font-weight: 400;\">www.goron.fr<\/span><\/a><span style=\"font-weight: 400;\"> have, in compliance with applicable national and European regulations, a right of permanent access, of amendment, of rectification and of opposition regarding their private data. You\u00a0may exercise this\u00a0right\u00a0by\u00a0mail by\u00a0writing\u00a0to the following address: GORON S.A, 1, rue d\u2019Anjou \u2013 92600 Asni\u00e8res, FRANCE.<\/span><\/p>\n<p>&nbsp;<\/p>\n<p><span style=\"font-weight: 400;\">The user of the website www.goron.fr is informed that GORON automatically collects user information with cookies, allowing them to grow their customer base and prospect file and to improve site navigation.<\/span><\/p>\n<p>&nbsp;<\/p>\n<p><span style=\"font-weight: 400;\">COPYRIGHT<\/span><\/p>\n<p>&nbsp;<\/p>\n<p><span style=\"font-weight: 400;\">GORON website is a work of the mind protected by intellectual property rights, including by those of the legal and regulatory provisions related to intellectual and artistic property, copyright and database protection.<\/span><\/p>\n<p>&nbsp;<\/p>\n<p><span style=\"font-weight: 400;\">The website and each of the elements contained in this website, such as brands, texts, illustrations, logos, corporate names, products, photography are the sole property of GORON.<\/span><\/p>\n<p>&nbsp;<\/p>\n<p><span style=\"font-weight: 400;\">The reproduction of any document published on the site is only authorised for information purposes for a strictly personal and private use.<\/span><\/p>\n<p>&nbsp;<\/p>\n<p><span style=\"font-weight: 400;\">Except for the circumstances described above, any other reproduction and\/or representation of the site shall be subjected to a prior and written authorisation from GORON.<\/span><\/p>\n<p>&nbsp;<\/p>\n<p><span style=\"font-weight: 400;\">BRAND<\/span><\/p>\n<p><span style=\"font-weight: 400;\">The name and logo \u201cGORON S.A.\u201d are protected trademark. Their use is strictly forbidden without prior written authorisation from GORON.<\/span><\/p>\n","protected":false},"excerpt":{"rendered":"<p>GORON S.A. Limited company with share capital of 665,760 euros Registered to the RCS of Paris under the n\u00b0B 542\u00a0074\u00a0976 Headquarters: 14, boulevard Saint-Michel 75006 PARIS, FRANCE Intra-community VAT: FR55 542074976 Licence to practice CNAPS \/ aut-075-2112-11-11-20130349553 CONTACT\u00a0 E-mail:\u00a0contact@goron.fr\u00a0 Telephone: +33(0)1.41.11.86.00 PUBLISHING DIRECTOR: Mr. Eric Chenevier, Goron CEO &nbsp; HOSTING COMPANY The website www.goron.fr is<a href=\"https:\/\/www.goron.fr\/en\/legal-notices\/\"><i class=\"chevron right icon\"><\/i><\/a><\/p>\n","protected":false},"author":1,"featured_media":0,"parent":0,"menu_order":205,"comment_status":"closed","ping_status":"closed","template":"","meta":{"_acf_changed":false,"footnotes":""},"acf":[],"yoast_head":"<!-- This site is optimized with the Yoast SEO plugin v19.13 - https:\/\/yoast.com\/wordpress\/plugins\/seo\/ -->\n<title>Legal notices - Goron S.A.S<\/title>\n<meta name=\"description\" content=\"Goron legal notices\" \/>\n<meta name=\"robots\" content=\"index, follow, max-snippet:-1, max-image-preview:large, max-video-preview:-1\" \/>\n<link rel=\"canonical\" href=\"https:\/\/www.goron.fr\/en\/legal-notices\/\" \/>\n<meta property=\"og:locale\" content=\"en_US\" \/>\n<meta property=\"og:type\" content=\"article\" \/>\n<meta property=\"og:title\" content=\"Legal notices - Goron S.A.S\" \/>\n<meta property=\"og:description\" content=\"Goron legal notices\" \/>\n<meta property=\"og:url\" content=\"https:\/\/www.goron.fr\/en\/legal-notices\/\" \/>\n<meta property=\"og:site_name\" content=\"Goron\" \/>\n<meta property=\"article:modified_time\" content=\"2020-03-19T15:10:44+00:00\" \/>\n<meta name=\"twitter:card\" content=\"summary_large_image\" \/>\n<meta name=\"twitter:label1\" content=\"Est. reading time\" \/>\n\t<meta name=\"twitter:data1\" content=\"2 minutes\" \/>\n<script type=\"application\/ld+json\" class=\"yoast-schema-graph\">{\"@context\":\"https:\/\/schema.org\",\"@graph\":[{\"@type\":\"WebPage\",\"@id\":\"https:\/\/www.goron.fr\/en\/legal-notices\/\",\"url\":\"https:\/\/www.goron.fr\/en\/legal-notices\/\",\"name\":\"Legal notices - Goron S.A.S\",\"isPartOf\":{\"@id\":\"https:\/\/www.goron.fr\/#website\"},\"datePublished\":\"2020-01-21T12:38:20+00:00\",\"dateModified\":\"2020-03-19T15:10:44+00:00\",\"description\":\"Goron legal notices\",\"breadcrumb\":{\"@id\":\"https:\/\/www.goron.fr\/en\/legal-notices\/#breadcrumb\"},\"inLanguage\":\"en-US\",\"potentialAction\":[{\"@type\":\"ReadAction\",\"target\":[\"https:\/\/www.goron.fr\/en\/legal-notices\/\"]}]},{\"@type\":\"BreadcrumbList\",\"@id\":\"https:\/\/www.goron.fr\/en\/legal-notices\/#breadcrumb\",\"itemListElement\":[{\"@type\":\"ListItem\",\"position\":1,\"name\":\"Accueil\",\"item\":\"https:\/\/www.goron.fr\/\"},{\"@type\":\"ListItem\",\"position\":2,\"name\":\"LEGAL NOTICES\"}]},{\"@type\":\"WebSite\",\"@id\":\"https:\/\/www.goron.fr\/#website\",\"url\":\"https:\/\/www.goron.fr\/\",\"name\":\"Goron\",\"description\":\"S\u00e9curit\u00e9 Priv\u00e9e\",\"potentialAction\":[{\"@type\":\"SearchAction\",\"target\":{\"@type\":\"EntryPoint\",\"urlTemplate\":\"https:\/\/www.goron.fr\/?s={search_term_string}\"},\"query-input\":\"required name=search_term_string\"}],\"inLanguage\":\"en-US\"}]}<\/script>\n<!-- \/ Yoast SEO plugin. -->","yoast_head_json":{"title":"Legal notices - Goron S.A.S","description":"Goron legal notices","robots":{"index":"index","follow":"follow","max-snippet":"max-snippet:-1","max-image-preview":"max-image-preview:large","max-video-preview":"max-video-preview:-1"},"canonical":"https:\/\/www.goron.fr\/en\/legal-notices\/","og_locale":"en_US","og_type":"article","og_title":"Legal notices - Goron S.A.S","og_description":"Goron legal notices","og_url":"https:\/\/www.goron.fr\/en\/legal-notices\/","og_site_name":"Goron","article_modified_time":"2020-03-19T15:10:44+00:00","twitter_card":"summary_large_image","twitter_misc":{"Est. reading time":"2 minutes"},"schema":{"@context":"https:\/\/schema.org","@graph":[{"@type":"WebPage","@id":"https:\/\/www.goron.fr\/en\/legal-notices\/","url":"https:\/\/www.goron.fr\/en\/legal-notices\/","name":"Legal notices - Goron S.A.S","isPartOf":{"@id":"https:\/\/www.goron.fr\/#website"},"datePublished":"2020-01-21T12:38:20+00:00","dateModified":"2020-03-19T15:10:44+00:00","description":"Goron legal notices","breadcrumb":{"@id":"https:\/\/www.goron.fr\/en\/legal-notices\/#breadcrumb"},"inLanguage":"en-US","potentialAction":[{"@type":"ReadAction","target":["https:\/\/www.goron.fr\/en\/legal-notices\/"]}]},{"@type":"BreadcrumbList","@id":"https:\/\/www.goron.fr\/en\/legal-notices\/#breadcrumb","itemListElement":[{"@type":"ListItem","position":1,"name":"Accueil","item":"https:\/\/www.goron.fr\/"},{"@type":"ListItem","position":2,"name":"LEGAL NOTICES"}]},{"@type":"WebSite","@id":"https:\/\/www.goron.fr\/#website","url":"https:\/\/www.goron.fr\/","name":"Goron","description":"S\u00e9curit\u00e9 Priv\u00e9e","potentialAction":[{"@type":"SearchAction","target":{"@type":"EntryPoint","urlTemplate":"https:\/\/www.goron.fr\/?s={search_term_string}"},"query-input":"required name=search_term_string"}],"inLanguage":"en-US"}]}},"_links":{"self":[{"href":"https:\/\/www.goron.fr\/en\/wp-json\/wp\/v2\/pages\/12259\/"}],"collection":[{"href":"https:\/\/www.goron.fr\/en\/wp-json\/wp\/v2\/pages\/"}],"about":[{"href":"https:\/\/www.goron.fr\/en\/wp-json\/wp\/v2\/types\/page\/"}],"author":[{"embeddable":true,"href":"https:\/\/www.goron.fr\/en\/wp-json\/wp\/v2\/users\/1\/"}],"replies":[{"embeddable":true,"href":"https:\/\/www.goron.fr\/en\/wp-json\/wp\/v2\/comments\/?post=12259"}],"version-history":[{"count":1,"href":"https:\/\/www.goron.fr\/en\/wp-json\/wp\/v2\/pages\/12259\/revisions\/"}],"predecessor-version":[{"id":12260,"href":"https:\/\/www.goron.fr\/en\/wp-json\/wp\/v2\/pages\/12259\/revisions\/12260\/"}],"wp:attachment":[{"href":"https:\/\/www.goron.fr\/en\/wp-json\/wp\/v2\/media\/?parent=12259"}],"curies":[{"name":"wp","href":"https:\/\/api.w.org\/{rel}","templated":true}]}}