{"id":12248,"date":"2020-01-21T13:36:21","date_gmt":"2020-01-21T12:36:21","guid":{"rendered":"https:\/\/www.goron.fr\/contact-us\/request-a-quote\/"},"modified":"2020-02-17T14:12:01","modified_gmt":"2020-02-17T13:12:01","slug":"request-a-quote","status":"publish","type":"page","link":"https:\/\/www.goron.fr\/en\/contact-us\/request-a-quote\/","title":{"rendered":"REQUEST A QUOTE"},"content":{"rendered":"\n                <div class='gf_browser_gecko gform_wrapper' id='gform_wrapper_2' ><form method='post' enctype='multipart\/form-data'  id='gform_2'  action='\/en\/wp-json\/wp\/v2\/pages\/12248\/'>\n                        <div class='gform_heading'>\n                            <h3 class='gform_title'>Request a quote<\/h3>\n                            <span class='gform_description'><\/span>\n                        <\/div>\n                        <div class='gform_body'><ul id='gform_fields_2' class='gform_fields top_label form_sublabel_below description_below'><li id='field_2_1'  class='gfield gfield_contains_required field_sublabel_below field_description_below gfield_visibility_visible' ><label class='gfield_label gfield_label_before_complex'  >Identity<span class='gfield_required'>*<\/span><\/label><div class='ginput_complex ginput_container no_prefix has_first_name no_middle_name has_last_name no_suffix gf_name_has_2 ginput_container_name' id='input_2_1'>\n                            \n                            <span id='input_2_1_3_container' class='name_first' >\n                                                    <input type='text' name='input_1.3' id='input_2_1_3' value='' aria-label='First name'   aria-required=\"true\" aria-invalid=\"false\" \/>\n                                                    <label for='input_2_1_3' >First<\/label>\n                                                <\/span>\n                            \n                            <span id='input_2_1_6_container' class='name_last' >\n                                                    <input type='text' name='input_1.6' id='input_2_1_6' value='' aria-label='Last name'   aria-required=\"true\" aria-invalid=\"false\" \/>\n                                                    <label for='input_2_1_6' >Last<\/label>\n                                                <\/span>\n                            \n                        <\/div><\/li><li id='field_2_2'  class='gfield gfield_contains_required field_sublabel_below field_description_below gfield_visibility_visible' ><label class='gfield_label' for='input_2_2' >Society<span class='gfield_required'>*<\/span><\/label><div class='ginput_container ginput_container_text'><input name='input_2' id='input_2_2' type='text' value='' class='medium'     aria-required=\"true\" aria-invalid=\"false\" \/><\/div><\/li><li id='field_2_14'  class='gfield field_sublabel_below field_description_below gfield_visibility_visible' ><label class='gfield_label' for='input_2_14' >Position<\/label><div class='ginput_container ginput_container_text'><input name='input_14' id='input_2_14' type='text' value='' class='medium'      aria-invalid=\"false\" \/><\/div><\/li><li id='field_2_3'  class='gfield gfield_contains_required field_sublabel_below field_description_below gfield_visibility_visible' ><label class='gfield_label' for='input_2_3' >E-mail<span class='gfield_required'>*<\/span><\/label><div class='ginput_container ginput_container_email'>\n                            <input name='input_3' id='input_2_3' type='text' value='' class='medium'    aria-required=\"true\" aria-invalid=\"false\" \/>\n                        <\/div><\/li><li id='field_2_4'  class='gfield gfield_contains_required field_sublabel_below field_description_below gfield_visibility_visible' ><label class='gfield_label' for='input_2_4' >Phone number<span class='gfield_required'>*<\/span><\/label><div class='ginput_container ginput_container_phone'><input name='input_4' id='input_2_4' type='text' value='' class='medium'   aria-required=\"true\" aria-invalid=\"false\"  \/><\/div><\/li><li id='field_2_6'  class='gfield gfield_contains_required field_sublabel_below field_description_below gfield_visibility_visible' ><label class='gfield_label'  >Requested service<span class='gfield_required'>*<\/span><\/label><div class='ginput_container ginput_container_radio'><ul class='gfield_radio' id='input_2_6'><li class='gchoice_2_6_0'><input name='input_6' type='radio' value='Surveillance and guard services' checked='checked' id='choice_2_6_0'    \/><label for='choice_2_6_0' id='label_2_6_0'>Surveillance and guard services<\/label><\/li><li class='gchoice_2_6_1'><input name='input_6' type='radio' value='Technology &amp; Systems'  id='choice_2_6_1'    \/><label for='choice_2_6_1' id='label_2_6_1'>Technology & Systems<\/label><\/li><li class='gchoice_2_6_2'><input name='input_6' type='radio' value='Safety'  id='choice_2_6_2'    \/><label for='choice_2_6_2' id='label_2_6_2'>Safety<\/label><\/li><li class='gchoice_2_6_3'><input name='input_6' type='radio' value='Close protection'  id='choice_2_6_3'    \/><label for='choice_2_6_3' id='label_2_6_3'>Safety<\/label><\/li><li class='gchoice_2_6_4'><input name='input_6' type='radio' value='Training &amp; consulting'  id='choice_2_6_4'    \/><label for='choice_2_6_4' id='label_2_6_4'>Training & consulting<\/label><\/li><li class='gchoice_2_6_5'><input name='input_6' type='radio' value='Reception &amp; Other services'  id='choice_2_6_5'    \/><label for='choice_2_6_5' id='label_2_6_5'>Reception & Other services<\/label><\/li><\/ul><\/div><\/li><li id='field_2_5'  class='gfield gfield_contains_required field_sublabel_below field_description_below gfield_visibility_visible' ><label class='gfield_label' for='input_2_5' >Location (City, region, etc.)<span class='gfield_required'>*<\/span><\/label><div class='ginput_container ginput_container_text'><input name='input_5' id='input_2_5' type='text' value='' class='medium'     aria-required=\"true\" aria-invalid=\"false\" \/><\/div><\/li><li id='field_2_7'  class='gfield gfield_contains_required field_sublabel_below field_description_below gfield_visibility_visible' ><label class='gfield_label' for='input_2_7' >Date of service<span class='gfield_required'>*<\/span><\/label><div class='ginput_container ginput_container_date'>\n                            <input name='input_7' id='input_2_7' type='text' value='' class='datepicker medium dmy datepicker_no_icon'    aria-describedby='input_2_7_date_format' \/>\n                            <span id='input_2_7_date_format' class='screen-reader-text'>Date Format: DD slash MM slash YYYY<\/span>\n                        <\/div>\n                        <input type='hidden' id='gforms_calendar_icon_input_2_7' class='gform_hidden' value='https:\/\/www.goron.fr\/wp-content\/plugins\/gravityforms\/images\/calendar.png'\/><\/li><li id='field_2_9'  class='gfield field_sublabel_below field_description_below gfield_visibility_visible' ><label class='gfield_label' for='input_2_9' >End of service (optional)<\/label><div class='ginput_container ginput_container_date'>\n                            <input name='input_9' id='input_2_9' type='text' value='' class='datepicker medium dmy datepicker_no_icon'    aria-describedby='input_2_9_date_format' \/>\n                            <span id='input_2_9_date_format' class='screen-reader-text'>Date Format: DD slash MM slash YYYY<\/span>\n                        <\/div>\n                        <input type='hidden' id='gforms_calendar_icon_input_2_9' class='gform_hidden' value='https:\/\/www.goron.fr\/wp-content\/plugins\/gravityforms\/images\/calendar.png'\/><\/li><li id='field_2_11'  class='gfield gfield_contains_required field_sublabel_below field_description_below gfield_visibility_visible' ><label class='gfield_label' for='input_2_11' >Required number of people<span class='gfield_required'>*<\/span><\/label><div class='ginput_container ginput_container_text'><input name='input_11' id='input_2_11' type='text' value='' class='medium'     aria-required=\"true\" aria-invalid=\"false\" \/><\/div><\/li><li id='field_2_12'  class='gfield field_sublabel_below field_description_below gfield_visibility_visible' ><label class='gfield_label' for='input_2_12' >Request description<\/label><div class='ginput_container ginput_container_textarea'><textarea name='input_12' id='input_2_12' class='textarea medium'      aria-invalid=\"false\"   rows='10' cols='50'><\/textarea><\/div><\/li><li id='field_2_13'  class='gfield gfield_html gfield_html_formatted gfield_no_follows_desc field_sublabel_below field_description_below gfield_visibility_visible' >The fields marked with a * are mandatory<\/li><li id='field_2_15'  class='gfield gfield_contains_required field_sublabel_below field_description_below hidden_label gfield_visibility_visible' ><label class='gfield_label'  ><span class='gfield_required'>*<\/span><\/label><div class='ginput_container ginput_container_checkbox'><ul class='gfield_checkbox' id='input_2_15'><li class='gchoice_2_15_1'>\n\t\t\t\t\t\t\t\t<input name='input_15.1' type='checkbox'  value='By checking this box, I agree that the data submitted can be used to give me an answer concerning my request for quote'  id='choice_2_15_1'   \/>\n\t\t\t\t\t\t\t\t<label for='choice_2_15_1' id='label_2_15_1'>By checking this box, I agree that the data submitted can be used to give me an answer concerning my request for quote<\/label>\n\t\t\t\t\t\t\t<\/li><\/ul><\/div><\/li>\n                            <\/ul><\/div>\n        <div class='gform_footer top_label'> <button class='button ui' id='gform_submit_button_2'><span>Submit<\/span><\/button> \n            <input type='hidden' class='gform_hidden' name='is_submit_2' value='1' \/>\n            <input type='hidden' class='gform_hidden' name='gform_submit' value='2' \/>\n            \n            <input type='hidden' class='gform_hidden' name='gform_unique_id' value='' \/>\n            <input type='hidden' class='gform_hidden' name='state_2' value='WyJbXSIsIjMzMTg1ZGUxOGQzZGZiOTVhMDA4OWZiOGZmOTQ1MzEyIl0=' \/>\n            <input type='hidden' class='gform_hidden' name='gform_target_page_number_2' id='gform_target_page_number_2' value='0' \/>\n            <input type='hidden' class='gform_hidden' name='gform_source_page_number_2' id='gform_source_page_number_2' value='1' \/>\n            <input type='hidden' name='gform_field_values' value='' \/>\n            \n        <\/div>\n                        <\/form>\n                        <\/div><script type='text\/javascript'> jQuery(document).bind('gform_post_render', function(event, formId, currentPage){if(formId == 2) {} } );jQuery(document).bind('gform_post_conditional_logic', function(event, formId, fields, isInit){} );<\/script><script type='text\/javascript'> jQuery(document).ready(function(){jQuery(document).trigger('gform_post_render', [2, 1]) } ); <\/script>\n","protected":false},"excerpt":{"rendered":"","protected":false},"author":2,"featured_media":12212,"parent":12245,"menu_order":189,"comment_status":"closed","ping_status":"closed","template":"","meta":{"_acf_changed":false,"footnotes":""},"acf":[],"yoast_head":"<!-- This site is optimized with the Yoast SEO plugin v19.13 - https:\/\/yoast.com\/wordpress\/plugins\/seo\/ -->\n<title>Request a quote - Goron S.A.S<\/title>\n<meta name=\"description\" content=\"Please fill out the form to ask for a private security quote\" \/>\n<meta name=\"robots\" content=\"index, follow, max-snippet:-1, max-image-preview:large, max-video-preview:-1\" \/>\n<link rel=\"canonical\" href=\"https:\/\/www.goron.fr\/en\/contact-us\/request-a-quote\/\" \/>\n<meta property=\"og:locale\" content=\"en_US\" \/>\n<meta property=\"og:type\" content=\"article\" \/>\n<meta property=\"og:title\" content=\"Request a quote - Goron S.A.S\" \/>\n<meta property=\"og:description\" content=\"Please fill out the form to ask for a private security quote\" \/>\n<meta property=\"og:url\" content=\"https:\/\/www.goron.fr\/en\/contact-us\/request-a-quote\/\" \/>\n<meta property=\"og:site_name\" content=\"Goron\" \/>\n<meta property=\"article:modified_time\" content=\"2020-02-17T13:12:01+00:00\" \/>\n<meta property=\"og:image\" content=\"https:\/\/www.goron.fr\/wp-content\/uploads\/2017\/03\/ok-05.jpg\" \/>\n\t<meta property=\"og:image:width\" content=\"1500\" \/>\n\t<meta property=\"og:image:height\" content=\"300\" \/>\n\t<meta property=\"og:image:type\" content=\"image\/jpeg\" \/>\n<meta name=\"twitter:card\" content=\"summary_large_image\" \/>\n<script type=\"application\/ld+json\" class=\"yoast-schema-graph\">{\"@context\":\"https:\/\/schema.org\",\"@graph\":[{\"@type\":\"WebPage\",\"@id\":\"https:\/\/www.goron.fr\/en\/contact-us\/request-a-quote\/\",\"url\":\"https:\/\/www.goron.fr\/en\/contact-us\/request-a-quote\/\",\"name\":\"Request a quote - Goron S.A.S\",\"isPartOf\":{\"@id\":\"https:\/\/www.goron.fr\/#website\"},\"datePublished\":\"2020-01-21T12:36:21+00:00\",\"dateModified\":\"2020-02-17T13:12:01+00:00\",\"description\":\"Please fill out the form to ask for a private security quote\",\"breadcrumb\":{\"@id\":\"https:\/\/www.goron.fr\/en\/contact-us\/request-a-quote\/#breadcrumb\"},\"inLanguage\":\"en-US\",\"potentialAction\":[{\"@type\":\"ReadAction\",\"target\":[\"https:\/\/www.goron.fr\/en\/contact-us\/request-a-quote\/\"]}]},{\"@type\":\"BreadcrumbList\",\"@id\":\"https:\/\/www.goron.fr\/en\/contact-us\/request-a-quote\/#breadcrumb\",\"itemListElement\":[{\"@type\":\"ListItem\",\"position\":1,\"name\":\"Accueil\",\"item\":\"https:\/\/www.goron.fr\/\"},{\"@type\":\"ListItem\",\"position\":2,\"name\":\"CONTACT US\",\"item\":\"https:\/\/www.goron.fr\/en\/contact-us\/\"},{\"@type\":\"ListItem\",\"position\":3,\"name\":\"REQUEST A QUOTE\"}]},{\"@type\":\"WebSite\",\"@id\":\"https:\/\/www.goron.fr\/#website\",\"url\":\"https:\/\/www.goron.fr\/\",\"name\":\"Goron\",\"description\":\"S\u00e9curit\u00e9 Priv\u00e9e\",\"potentialAction\":[{\"@type\":\"SearchAction\",\"target\":{\"@type\":\"EntryPoint\",\"urlTemplate\":\"https:\/\/www.goron.fr\/?s={search_term_string}\"},\"query-input\":\"required name=search_term_string\"}],\"inLanguage\":\"en-US\"}]}<\/script>\n<!-- \/ Yoast SEO plugin. -->","yoast_head_json":{"title":"Request a quote - Goron S.A.S","description":"Please fill out the form to ask for a private security quote","robots":{"index":"index","follow":"follow","max-snippet":"max-snippet:-1","max-image-preview":"max-image-preview:large","max-video-preview":"max-video-preview:-1"},"canonical":"https:\/\/www.goron.fr\/en\/contact-us\/request-a-quote\/","og_locale":"en_US","og_type":"article","og_title":"Request a quote - Goron S.A.S","og_description":"Please fill out the form to ask for a private security quote","og_url":"https:\/\/www.goron.fr\/en\/contact-us\/request-a-quote\/","og_site_name":"Goron","article_modified_time":"2020-02-17T13:12:01+00:00","og_image":[{"width":1500,"height":300,"url":"https:\/\/www.goron.fr\/wp-content\/uploads\/2017\/03\/ok-05.jpg","type":"image\/jpeg"}],"twitter_card":"summary_large_image","schema":{"@context":"https:\/\/schema.org","@graph":[{"@type":"WebPage","@id":"https:\/\/www.goron.fr\/en\/contact-us\/request-a-quote\/","url":"https:\/\/www.goron.fr\/en\/contact-us\/request-a-quote\/","name":"Request a quote - Goron S.A.S","isPartOf":{"@id":"https:\/\/www.goron.fr\/#website"},"datePublished":"2020-01-21T12:36:21+00:00","dateModified":"2020-02-17T13:12:01+00:00","description":"Please fill out the form to ask for a private security quote","breadcrumb":{"@id":"https:\/\/www.goron.fr\/en\/contact-us\/request-a-quote\/#breadcrumb"},"inLanguage":"en-US","potentialAction":[{"@type":"ReadAction","target":["https:\/\/www.goron.fr\/en\/contact-us\/request-a-quote\/"]}]},{"@type":"BreadcrumbList","@id":"https:\/\/www.goron.fr\/en\/contact-us\/request-a-quote\/#breadcrumb","itemListElement":[{"@type":"ListItem","position":1,"name":"Accueil","item":"https:\/\/www.goron.fr\/"},{"@type":"ListItem","position":2,"name":"CONTACT US","item":"https:\/\/www.goron.fr\/en\/contact-us\/"},{"@type":"ListItem","position":3,"name":"REQUEST A QUOTE"}]},{"@type":"WebSite","@id":"https:\/\/www.goron.fr\/#website","url":"https:\/\/www.goron.fr\/","name":"Goron","description":"S\u00e9curit\u00e9 Priv\u00e9e","potentialAction":[{"@type":"SearchAction","target":{"@type":"EntryPoint","urlTemplate":"https:\/\/www.goron.fr\/?s={search_term_string}"},"query-input":"required name=search_term_string"}],"inLanguage":"en-US"}]}},"_links":{"self":[{"href":"https:\/\/www.goron.fr\/en\/wp-json\/wp\/v2\/pages\/12248\/"}],"collection":[{"href":"https:\/\/www.goron.fr\/en\/wp-json\/wp\/v2\/pages\/"}],"about":[{"href":"https:\/\/www.goron.fr\/en\/wp-json\/wp\/v2\/types\/page\/"}],"author":[{"embeddable":true,"href":"https:\/\/www.goron.fr\/en\/wp-json\/wp\/v2\/users\/2\/"}],"replies":[{"embeddable":true,"href":"https:\/\/www.goron.fr\/en\/wp-json\/wp\/v2\/comments\/?post=12248"}],"version-history":[{"count":3,"href":"https:\/\/www.goron.fr\/en\/wp-json\/wp\/v2\/pages\/12248\/revisions\/"}],"predecessor-version":[{"id":12805,"href":"https:\/\/www.goron.fr\/en\/wp-json\/wp\/v2\/pages\/12248\/revisions\/12805\/"}],"up":[{"embeddable":true,"href":"https:\/\/www.goron.fr\/en\/wp-json\/wp\/v2\/pages\/12245\/"}],"wp:featuredmedia":[{"embeddable":true,"href":"https:\/\/www.goron.fr\/en\/wp-json\/wp\/v2\/media\/12212\/"}],"wp:attachment":[{"href":"https:\/\/www.goron.fr\/en\/wp-json\/wp\/v2\/media\/?parent=12248"}],"curies":[{"name":"wp","href":"https:\/\/api.w.org\/{rel}","templated":true}]}}