{"id":12235,"date":"2020-01-21T13:33:31","date_gmt":"2020-01-21T12:33:31","guid":{"rendered":"https:\/\/www.goron.fr\/the-chenevier-goron-foundation\/"},"modified":"2021-10-26T15:19:58","modified_gmt":"2021-10-26T13:19:58","slug":"the-chenevier-goron-foundation","status":"publish","type":"page","link":"https:\/\/www.goron.fr\/en\/the-chenevier-goron-foundation\/","title":{"rendered":"THE CHENEVIER-GORON FOUNDATION"},"content":{"rendered":"<p><b>The Chenevier-Goron foundation fights against all forms of exclusion, by supporting, in France and abroad, organisations providing access to security, education, health and culture.<\/b><\/p>\n<p><span style=\"font-weight: 400;\">The Chenevier-Goron foundation was created in 2014 on the initiative of Eric Chenevier, CEO of GORON, and of his wife, Dani\u00e8le Chenevier. It embodies their convictions, and on a broader level, those of the company in terms of social responsibility.<\/span><\/p>\n<p><img loading=\"lazy\" decoding=\"async\" class=\"aligncenter wp-image-12237 size-medium\" src=\"https:\/\/www.goron.fr\/wp-content\/uploads\/2017\/03\/fondationCG-300x157.png\" alt=\"\" width=\"300\" height=\"157\" srcset=\"https:\/\/www.goron.fr\/wp-content\/uploads\/2017\/03\/fondationCG-300x157.png 300w, https:\/\/www.goron.fr\/wp-content\/uploads\/2017\/03\/fondationCG-768x401.png 768w, https:\/\/www.goron.fr\/wp-content\/uploads\/2017\/03\/fondationCG.png 1000w\" sizes=\"(max-width: 300px) 100vw, 300px\" \/><\/p>\n<p><span style=\"font-weight: 400;\">Not only the vocation of GORON is to protect, but beyond that, we believe that the company plays a fundamental role in community life: first by contributing to create wealth for the benefit of all, but also by bringing support to those remote from employment, health and security.<\/span><\/p>\n<p><span style=\"font-weight: 400;\">Therefore, steeped in corporate culture and in the values of the Chenevier family, the Chenevier-Goron foundation is aiming to protect the most vulnerable. Its mission: fight against all forms of exclusion. The foundation supports, in France and abroad, different organisations helping children and adults to find a way out of marginalisation, by providing them with an access to security, education, health and culture.<\/span><\/p>\n<p><span style=\"font-weight: 400;\">Placed under the aegis of Fondation\u00a0de France, the Chenevier-Goron foundation is composed of company representatives, members of the Chenevier family, as well as experts, bringing a new outlook onto the supported causes.<\/span><\/p>\n<p>&nbsp;<\/p>\n<p><a href=\"https:\/\/www.goron.fr\/wp-content\/uploads\/2017\/03\/Montage-2-ConvertImage.jpg\"><img loading=\"lazy\" decoding=\"async\" class=\"aligncenter size-full wp-image-12241\" src=\"https:\/\/www.goron.fr\/wp-content\/uploads\/2017\/03\/Montage-2-ConvertImage.jpg\" alt=\"\" width=\"3741\" height=\"2570\" srcset=\"https:\/\/www.goron.fr\/wp-content\/uploads\/2017\/03\/Montage-2-ConvertImage.jpg 3741w, https:\/\/www.goron.fr\/wp-content\/uploads\/2017\/03\/Montage-2-ConvertImage-300x206.jpg 300w, https:\/\/www.goron.fr\/wp-content\/uploads\/2017\/03\/Montage-2-ConvertImage-768x528.jpg 768w, https:\/\/www.goron.fr\/wp-content\/uploads\/2017\/03\/Montage-2-ConvertImage-1024x703.jpg 1024w\" sizes=\"(max-width: 3741px) 100vw, 3741px\" \/><\/a><\/p>\n","protected":false},"excerpt":{"rendered":"<p>The Chenevier-Goron foundation fights against all forms of exclusion, by supporting, in France and abroad, organisations providing access to security, education, health and culture. The Chenevier-Goron foundation was created in 2014 on the initiative of Eric Chenevier, CEO of GORON, and of his wife, Dani\u00e8le Chenevier. It embodies their convictions, and on a broader level,<a href=\"https:\/\/www.goron.fr\/en\/the-chenevier-goron-foundation\/\"><i class=\"chevron right icon\"><\/i><\/a><\/p>\n","protected":false},"author":1,"featured_media":12822,"parent":0,"menu_order":183,"comment_status":"closed","ping_status":"closed","template":"","meta":{"_acf_changed":false,"footnotes":""},"acf":[],"yoast_head":"<!-- This site is optimized with the Yoast SEO plugin v19.13 - https:\/\/yoast.com\/wordpress\/plugins\/seo\/ -->\n<title>The Chenevier-Goron foundation - GORON S.A.S<\/title>\n<meta name=\"description\" content=\"The Chenevier-Goron foundation fights against all forms of exclusion, by supporting, in France and abroad, organisations providing access to security, education, health and culture.\" \/>\n<meta name=\"robots\" content=\"index, follow, max-snippet:-1, max-image-preview:large, max-video-preview:-1\" \/>\n<link rel=\"canonical\" href=\"https:\/\/www.goron.fr\/en\/the-chenevier-goron-foundation\/\" \/>\n<meta property=\"og:locale\" content=\"en_US\" \/>\n<meta property=\"og:type\" content=\"article\" \/>\n<meta property=\"og:title\" content=\"The Chenevier-Goron foundation - GORON S.A.S\" \/>\n<meta property=\"og:description\" content=\"The Chenevier-Goron foundation fights against all forms of exclusion, by supporting, in France and abroad, organisations providing access to security, education, health and culture.\" \/>\n<meta property=\"og:url\" content=\"https:\/\/www.goron.fr\/en\/the-chenevier-goron-foundation\/\" \/>\n<meta property=\"og:site_name\" content=\"Goron\" \/>\n<meta property=\"article:modified_time\" content=\"2021-10-26T13:19:58+00:00\" \/>\n<meta property=\"og:image\" content=\"https:\/\/www.goron.fr\/wp-content\/uploads\/2020\/02\/06.jpg\" \/>\n\t<meta property=\"og:image:width\" content=\"1500\" \/>\n\t<meta property=\"og:image:height\" content=\"350\" \/>\n\t<meta property=\"og:image:type\" content=\"image\/jpeg\" \/>\n<meta name=\"twitter:card\" content=\"summary_large_image\" \/>\n<meta name=\"twitter:label1\" content=\"Est. reading time\" \/>\n\t<meta name=\"twitter:data1\" content=\"1 minute\" \/>\n<script type=\"application\/ld+json\" class=\"yoast-schema-graph\">{\"@context\":\"https:\/\/schema.org\",\"@graph\":[{\"@type\":\"WebPage\",\"@id\":\"https:\/\/www.goron.fr\/en\/the-chenevier-goron-foundation\/\",\"url\":\"https:\/\/www.goron.fr\/en\/the-chenevier-goron-foundation\/\",\"name\":\"The Chenevier-Goron foundation - GORON S.A.S\",\"isPartOf\":{\"@id\":\"https:\/\/www.goron.fr\/#website\"},\"datePublished\":\"2020-01-21T12:33:31+00:00\",\"dateModified\":\"2021-10-26T13:19:58+00:00\",\"description\":\"The Chenevier-Goron foundation fights against all forms of exclusion, by supporting, in France and abroad, organisations providing access to security, education, health and culture.\",\"breadcrumb\":{\"@id\":\"https:\/\/www.goron.fr\/en\/the-chenevier-goron-foundation\/#breadcrumb\"},\"inLanguage\":\"en-US\",\"potentialAction\":[{\"@type\":\"ReadAction\",\"target\":[\"https:\/\/www.goron.fr\/en\/the-chenevier-goron-foundation\/\"]}]},{\"@type\":\"BreadcrumbList\",\"@id\":\"https:\/\/www.goron.fr\/en\/the-chenevier-goron-foundation\/#breadcrumb\",\"itemListElement\":[{\"@type\":\"ListItem\",\"position\":1,\"name\":\"Accueil\",\"item\":\"https:\/\/www.goron.fr\/\"},{\"@type\":\"ListItem\",\"position\":2,\"name\":\"THE CHENEVIER-GORON FOUNDATION\"}]},{\"@type\":\"WebSite\",\"@id\":\"https:\/\/www.goron.fr\/#website\",\"url\":\"https:\/\/www.goron.fr\/\",\"name\":\"Goron\",\"description\":\"S\u00e9curit\u00e9 Priv\u00e9e\",\"potentialAction\":[{\"@type\":\"SearchAction\",\"target\":{\"@type\":\"EntryPoint\",\"urlTemplate\":\"https:\/\/www.goron.fr\/?s={search_term_string}\"},\"query-input\":\"required name=search_term_string\"}],\"inLanguage\":\"en-US\"}]}<\/script>\n<!-- \/ Yoast SEO plugin. -->","yoast_head_json":{"title":"The Chenevier-Goron foundation - GORON S.A.S","description":"The Chenevier-Goron foundation fights against all forms of exclusion, by supporting, in France and abroad, organisations providing access to security, education, health and culture.","robots":{"index":"index","follow":"follow","max-snippet":"max-snippet:-1","max-image-preview":"max-image-preview:large","max-video-preview":"max-video-preview:-1"},"canonical":"https:\/\/www.goron.fr\/en\/the-chenevier-goron-foundation\/","og_locale":"en_US","og_type":"article","og_title":"The Chenevier-Goron foundation - GORON S.A.S","og_description":"The Chenevier-Goron foundation fights against all forms of exclusion, by supporting, in France and abroad, organisations providing access to security, education, health and culture.","og_url":"https:\/\/www.goron.fr\/en\/the-chenevier-goron-foundation\/","og_site_name":"Goron","article_modified_time":"2021-10-26T13:19:58+00:00","og_image":[{"width":1500,"height":350,"url":"https:\/\/www.goron.fr\/wp-content\/uploads\/2020\/02\/06.jpg","type":"image\/jpeg"}],"twitter_card":"summary_large_image","twitter_misc":{"Est. reading time":"1 minute"},"schema":{"@context":"https:\/\/schema.org","@graph":[{"@type":"WebPage","@id":"https:\/\/www.goron.fr\/en\/the-chenevier-goron-foundation\/","url":"https:\/\/www.goron.fr\/en\/the-chenevier-goron-foundation\/","name":"The Chenevier-Goron foundation - GORON S.A.S","isPartOf":{"@id":"https:\/\/www.goron.fr\/#website"},"datePublished":"2020-01-21T12:33:31+00:00","dateModified":"2021-10-26T13:19:58+00:00","description":"The Chenevier-Goron foundation fights against all forms of exclusion, by supporting, in France and abroad, organisations providing access to security, education, health and culture.","breadcrumb":{"@id":"https:\/\/www.goron.fr\/en\/the-chenevier-goron-foundation\/#breadcrumb"},"inLanguage":"en-US","potentialAction":[{"@type":"ReadAction","target":["https:\/\/www.goron.fr\/en\/the-chenevier-goron-foundation\/"]}]},{"@type":"BreadcrumbList","@id":"https:\/\/www.goron.fr\/en\/the-chenevier-goron-foundation\/#breadcrumb","itemListElement":[{"@type":"ListItem","position":1,"name":"Accueil","item":"https:\/\/www.goron.fr\/"},{"@type":"ListItem","position":2,"name":"THE CHENEVIER-GORON FOUNDATION"}]},{"@type":"WebSite","@id":"https:\/\/www.goron.fr\/#website","url":"https:\/\/www.goron.fr\/","name":"Goron","description":"S\u00e9curit\u00e9 Priv\u00e9e","potentialAction":[{"@type":"SearchAction","target":{"@type":"EntryPoint","urlTemplate":"https:\/\/www.goron.fr\/?s={search_term_string}"},"query-input":"required name=search_term_string"}],"inLanguage":"en-US"}]}},"_links":{"self":[{"href":"https:\/\/www.goron.fr\/en\/wp-json\/wp\/v2\/pages\/12235\/"}],"collection":[{"href":"https:\/\/www.goron.fr\/en\/wp-json\/wp\/v2\/pages\/"}],"about":[{"href":"https:\/\/www.goron.fr\/en\/wp-json\/wp\/v2\/types\/page\/"}],"author":[{"embeddable":true,"href":"https:\/\/www.goron.fr\/en\/wp-json\/wp\/v2\/users\/1\/"}],"replies":[{"embeddable":true,"href":"https:\/\/www.goron.fr\/en\/wp-json\/wp\/v2\/comments\/?post=12235"}],"version-history":[{"count":5,"href":"https:\/\/www.goron.fr\/en\/wp-json\/wp\/v2\/pages\/12235\/revisions\/"}],"predecessor-version":[{"id":16153,"href":"https:\/\/www.goron.fr\/en\/wp-json\/wp\/v2\/pages\/12235\/revisions\/16153\/"}],"wp:featuredmedia":[{"embeddable":true,"href":"https:\/\/www.goron.fr\/en\/wp-json\/wp\/v2\/media\/12822\/"}],"wp:attachment":[{"href":"https:\/\/www.goron.fr\/en\/wp-json\/wp\/v2\/media\/?parent=12235"}],"curies":[{"name":"wp","href":"https:\/\/api.w.org\/{rel}","templated":true}]}}