{"id":12224,"date":"2020-01-21T13:32:54","date_gmt":"2020-01-21T12:32:54","guid":{"rendered":"https:\/\/www.goron.fr\/goron-s-a-s\/csr-policy\/"},"modified":"2020-02-17T14:20:02","modified_gmt":"2020-02-17T13:20:02","slug":"csr-policy","status":"publish","type":"page","link":"https:\/\/www.goron.fr\/en\/goron-s-a-s\/csr-policy\/","title":{"rendered":"CSR POLICY"},"content":{"rendered":"<p><b>Here at GORON S.A., we believe that sustainable development is a fundamental principle, allowing company deployment for the benefit of all.<\/b><\/p>\n<p><span style=\"font-weight: 400;\">The very history of GORON S.A., which celebrated its 120 years in 2016, is proof that its successive directors have always had a long-term strategy in mind and have shared the idea of building with the intention of passing the baton. The company is based upon a strategy allowing it to accommodate economic performance, respect for the environment and social equity. It is on all these fundamental principles that rely our goal of a healthy, responsible and sustainable growth.<\/span><\/p>\n<h2><b>Social order<\/b><\/h2>\n<ul>\n<li><span style=\"font-weight: 400;\">We respect French and European regulations.<\/span><\/li>\n<li><span style=\"font-weight: 400;\">We recognize and concur with the fundamental principles defined by ILO and UN.<\/span><\/li>\n<li><span style=\"font-weight: 400;\">We estimate the risks to which our staff is potentially exposed and are permanently concerned about the health and safety working conditions in which they are employed.<\/span><\/li>\n<li><span style=\"font-weight: 400;\">Trade union freedom and staff representation are guaranteed and normally ensured.<\/span><\/li>\n<li><span style=\"font-weight: 400;\">We fight against discrimination of all kinds and promote cultural diversity.<\/span><\/li>\n<li><span style=\"font-weight: 400;\">We have established a special recruitment and integration policy of disabled staff.<\/span><\/li>\n<li><span style=\"font-weight: 400;\">We invest in the training and personal development of our staff beyond minimum legal requirements.<\/span><\/li>\n<li><span style=\"font-weight: 400;\">We have at our disposal an active internal promotion policy.<\/span><\/li>\n<\/ul>\n<h2><b>Economic matters<\/b><\/h2>\n<ul>\n<li><span style=\"font-weight: 400;\">Our growth respects the principles of sustainable growth. We are developing in all of our professions and throughout the country, while studying the current and future developments.<\/span><\/li>\n<li><span style=\"font-weight: 400;\">We adapt to new requirements and economic constraints of the market, we implement new services and we balance our risks, to ensure the company sustainability and to maintain our capacity to assist our customers in their own development.<\/span><\/li>\n<li><span style=\"font-weight: 400;\">Our longstanding commitments in the representative authorities of our profession meet our conviction of having to build its future and of accompanying market developments in the interest of the company and of the employees.<\/span><\/li>\n<li><span style=\"font-weight: 400;\">Our code of ethics proscribes, in the strongest terms, any kind of corruption or any practices that can sully the regularity of the relationships with our suppliers or our customers.<\/span><\/li>\n<\/ul>\n<h2><b>Environmental order<\/b><\/h2>\n<ul>\n<li><span style=\"font-weight: 400;\">Even though we don\u2019t have any production activity, we adapt the operation of our company with simple, but immediately effective actions.<\/span><\/li>\n<li><span style=\"font-weight: 400;\">We have a responsible purchasing policy, we refuse waste, we encourage waste sorting, we contribute to waste recycling and we save, whenever possible, water and non-renewable energies. We print our emails only when it\u2019s strictly necessary.<\/span><\/li>\n<li><span style=\"font-weight: 400;\">Our car fleet is made up of vehicles meeting the most demanding standards in terms of pollution. We also have hybrid cars and some 100% electric cars. When operational or time constraints do not dictate the use of a vehicle, we encourage the use of public transport.<\/span><\/li>\n<\/ul>\n","protected":false},"excerpt":{"rendered":"<p>Here at GORON S.A., we believe that sustainable development is a fundamental principle, allowing company deployment for the benefit of all. The very history of GORON S.A., which celebrated its 120 years in 2016, is proof that its successive directors have always had a long-term strategy in mind and have shared the idea of building<a href=\"https:\/\/www.goron.fr\/en\/goron-s-a-s\/csr-policy\/\"><i class=\"chevron right icon\"><\/i><\/a><\/p>\n","protected":false},"author":1,"featured_media":12204,"parent":12175,"menu_order":181,"comment_status":"closed","ping_status":"closed","template":"","meta":{"_acf_changed":false,"footnotes":""},"acf":[],"yoast_head":"<!-- This site is optimized with the Yoast SEO plugin v19.13 - https:\/\/yoast.com\/wordpress\/plugins\/seo\/ -->\n<title>CSR Policy - GORON S.A.S<\/title>\n<meta name=\"description\" content=\"Here at GORON S.A., we believe that sustainable development is a fundamental principle, allowing company deployment for the benefit of all.\" \/>\n<meta name=\"robots\" content=\"index, follow, max-snippet:-1, max-image-preview:large, max-video-preview:-1\" \/>\n<link rel=\"canonical\" href=\"https:\/\/www.goron.fr\/en\/goron-s-a-s\/csr-policy\/\" \/>\n<meta property=\"og:locale\" content=\"en_US\" \/>\n<meta property=\"og:type\" content=\"article\" \/>\n<meta property=\"og:title\" content=\"CSR Policy - GORON S.A.S\" \/>\n<meta property=\"og:description\" content=\"Here at GORON S.A., we believe that sustainable development is a fundamental principle, allowing company deployment for the benefit of all.\" \/>\n<meta property=\"og:url\" content=\"https:\/\/www.goron.fr\/en\/goron-s-a-s\/csr-policy\/\" \/>\n<meta property=\"og:site_name\" content=\"Goron\" \/>\n<meta property=\"article:modified_time\" content=\"2020-02-17T13:20:02+00:00\" \/>\n<meta property=\"og:image\" content=\"https:\/\/www.goron.fr\/wp-content\/uploads\/2017\/03\/60-e1491480579535.jpg\" \/>\n\t<meta property=\"og:image:width\" content=\"3940\" \/>\n\t<meta property=\"og:image:height\" content=\"572\" \/>\n\t<meta property=\"og:image:type\" content=\"image\/jpeg\" \/>\n<meta name=\"twitter:card\" content=\"summary_large_image\" \/>\n<meta name=\"twitter:label1\" content=\"Est. reading time\" \/>\n\t<meta name=\"twitter:data1\" content=\"2 minutes\" \/>\n<script type=\"application\/ld+json\" class=\"yoast-schema-graph\">{\"@context\":\"https:\/\/schema.org\",\"@graph\":[{\"@type\":\"WebPage\",\"@id\":\"https:\/\/www.goron.fr\/en\/goron-s-a-s\/csr-policy\/\",\"url\":\"https:\/\/www.goron.fr\/en\/goron-s-a-s\/csr-policy\/\",\"name\":\"CSR Policy - GORON S.A.S\",\"isPartOf\":{\"@id\":\"https:\/\/www.goron.fr\/#website\"},\"datePublished\":\"2020-01-21T12:32:54+00:00\",\"dateModified\":\"2020-02-17T13:20:02+00:00\",\"description\":\"Here at GORON S.A., we believe that sustainable development is a fundamental principle, allowing company deployment for the benefit of all.\",\"breadcrumb\":{\"@id\":\"https:\/\/www.goron.fr\/en\/goron-s-a-s\/csr-policy\/#breadcrumb\"},\"inLanguage\":\"en-US\",\"potentialAction\":[{\"@type\":\"ReadAction\",\"target\":[\"https:\/\/www.goron.fr\/en\/goron-s-a-s\/csr-policy\/\"]}]},{\"@type\":\"BreadcrumbList\",\"@id\":\"https:\/\/www.goron.fr\/en\/goron-s-a-s\/csr-policy\/#breadcrumb\",\"itemListElement\":[{\"@type\":\"ListItem\",\"position\":1,\"name\":\"Accueil\",\"item\":\"https:\/\/www.goron.fr\/\"},{\"@type\":\"ListItem\",\"position\":2,\"name\":\"GORON S.A.S.\",\"item\":\"https:\/\/www.goron.fr\/en\/goron-s-a-s\/\"},{\"@type\":\"ListItem\",\"position\":3,\"name\":\"CSR POLICY\"}]},{\"@type\":\"WebSite\",\"@id\":\"https:\/\/www.goron.fr\/#website\",\"url\":\"https:\/\/www.goron.fr\/\",\"name\":\"Goron\",\"description\":\"S\u00e9curit\u00e9 Priv\u00e9e\",\"potentialAction\":[{\"@type\":\"SearchAction\",\"target\":{\"@type\":\"EntryPoint\",\"urlTemplate\":\"https:\/\/www.goron.fr\/?s={search_term_string}\"},\"query-input\":\"required name=search_term_string\"}],\"inLanguage\":\"en-US\"}]}<\/script>\n<!-- \/ Yoast SEO plugin. -->","yoast_head_json":{"title":"CSR Policy - GORON S.A.S","description":"Here at GORON S.A., we believe that sustainable development is a fundamental principle, allowing company deployment for the benefit of all.","robots":{"index":"index","follow":"follow","max-snippet":"max-snippet:-1","max-image-preview":"max-image-preview:large","max-video-preview":"max-video-preview:-1"},"canonical":"https:\/\/www.goron.fr\/en\/goron-s-a-s\/csr-policy\/","og_locale":"en_US","og_type":"article","og_title":"CSR Policy - GORON S.A.S","og_description":"Here at GORON S.A., we believe that sustainable development is a fundamental principle, allowing company deployment for the benefit of all.","og_url":"https:\/\/www.goron.fr\/en\/goron-s-a-s\/csr-policy\/","og_site_name":"Goron","article_modified_time":"2020-02-17T13:20:02+00:00","og_image":[{"width":3940,"height":572,"url":"https:\/\/www.goron.fr\/wp-content\/uploads\/2017\/03\/60-e1491480579535.jpg","type":"image\/jpeg"}],"twitter_card":"summary_large_image","twitter_misc":{"Est. reading time":"2 minutes"},"schema":{"@context":"https:\/\/schema.org","@graph":[{"@type":"WebPage","@id":"https:\/\/www.goron.fr\/en\/goron-s-a-s\/csr-policy\/","url":"https:\/\/www.goron.fr\/en\/goron-s-a-s\/csr-policy\/","name":"CSR Policy - GORON S.A.S","isPartOf":{"@id":"https:\/\/www.goron.fr\/#website"},"datePublished":"2020-01-21T12:32:54+00:00","dateModified":"2020-02-17T13:20:02+00:00","description":"Here at GORON S.A., we believe that sustainable development is a fundamental principle, allowing company deployment for the benefit of all.","breadcrumb":{"@id":"https:\/\/www.goron.fr\/en\/goron-s-a-s\/csr-policy\/#breadcrumb"},"inLanguage":"en-US","potentialAction":[{"@type":"ReadAction","target":["https:\/\/www.goron.fr\/en\/goron-s-a-s\/csr-policy\/"]}]},{"@type":"BreadcrumbList","@id":"https:\/\/www.goron.fr\/en\/goron-s-a-s\/csr-policy\/#breadcrumb","itemListElement":[{"@type":"ListItem","position":1,"name":"Accueil","item":"https:\/\/www.goron.fr\/"},{"@type":"ListItem","position":2,"name":"GORON S.A.S.","item":"https:\/\/www.goron.fr\/en\/goron-s-a-s\/"},{"@type":"ListItem","position":3,"name":"CSR POLICY"}]},{"@type":"WebSite","@id":"https:\/\/www.goron.fr\/#website","url":"https:\/\/www.goron.fr\/","name":"Goron","description":"S\u00e9curit\u00e9 Priv\u00e9e","potentialAction":[{"@type":"SearchAction","target":{"@type":"EntryPoint","urlTemplate":"https:\/\/www.goron.fr\/?s={search_term_string}"},"query-input":"required name=search_term_string"}],"inLanguage":"en-US"}]}},"_links":{"self":[{"href":"https:\/\/www.goron.fr\/en\/wp-json\/wp\/v2\/pages\/12224\/"}],"collection":[{"href":"https:\/\/www.goron.fr\/en\/wp-json\/wp\/v2\/pages\/"}],"about":[{"href":"https:\/\/www.goron.fr\/en\/wp-json\/wp\/v2\/types\/page\/"}],"author":[{"embeddable":true,"href":"https:\/\/www.goron.fr\/en\/wp-json\/wp\/v2\/users\/1\/"}],"replies":[{"embeddable":true,"href":"https:\/\/www.goron.fr\/en\/wp-json\/wp\/v2\/comments\/?post=12224"}],"version-history":[{"count":3,"href":"https:\/\/www.goron.fr\/en\/wp-json\/wp\/v2\/pages\/12224\/revisions\/"}],"predecessor-version":[{"id":12811,"href":"https:\/\/www.goron.fr\/en\/wp-json\/wp\/v2\/pages\/12224\/revisions\/12811\/"}],"up":[{"embeddable":true,"href":"https:\/\/www.goron.fr\/en\/wp-json\/wp\/v2\/pages\/12175\/"}],"wp:featuredmedia":[{"embeddable":true,"href":"https:\/\/www.goron.fr\/en\/wp-json\/wp\/v2\/media\/12204\/"}],"wp:attachment":[{"href":"https:\/\/www.goron.fr\/en\/wp-json\/wp\/v2\/media\/?parent=12224"}],"curies":[{"name":"wp","href":"https:\/\/api.w.org\/{rel}","templated":true}]}}