{"id":12215,"date":"2020-01-21T13:32:23","date_gmt":"2020-01-21T12:32:23","guid":{"rendered":"https:\/\/www.goron.fr\/goron-s-a-s\/major-partnerships\/"},"modified":"2021-10-26T15:19:58","modified_gmt":"2021-10-26T13:19:58","slug":"major-partnerships","status":"publish","type":"page","link":"https:\/\/www.goron.fr\/en\/goron-s-a-s\/major-partnerships\/","title":{"rendered":"MAJOR PARTNERSHIPS"},"content":{"rendered":"<p><b>GORON has developed partnerships with several major institutions:<\/b><\/p>\n<p>&nbsp;<\/p>\n<p>&nbsp;<\/p>\n","protected":false},"excerpt":{"rendered":"<p>GORON has developed partnerships with several major institutions: &nbsp; &nbsp;<\/p>\n","protected":false},"author":2,"featured_media":12246,"parent":12175,"menu_order":179,"comment_status":"closed","ping_status":"closed","template":"","meta":{"_acf_changed":false,"footnotes":""},"acf":[],"yoast_head":"<!-- This site is optimized with the Yoast SEO plugin v19.13 - https:\/\/yoast.com\/wordpress\/plugins\/seo\/ -->\n<title>Major partnerships- GORON S.A.S<\/title>\n<meta name=\"description\" content=\"GORON has developed partnerships with several major institutions in a diversity of fields\" \/>\n<meta name=\"robots\" content=\"index, follow, max-snippet:-1, max-image-preview:large, max-video-preview:-1\" \/>\n<link rel=\"canonical\" href=\"https:\/\/www.goron.fr\/en\/goron-s-a-s\/major-partnerships\/\" \/>\n<meta property=\"og:locale\" content=\"en_US\" \/>\n<meta property=\"og:type\" content=\"article\" \/>\n<meta property=\"og:title\" content=\"Major partnerships- GORON S.A.S\" \/>\n<meta property=\"og:description\" content=\"GORON has developed partnerships with several major institutions in a diversity of fields\" \/>\n<meta property=\"og:url\" content=\"https:\/\/www.goron.fr\/en\/goron-s-a-s\/major-partnerships\/\" \/>\n<meta property=\"og:site_name\" content=\"Goron\" \/>\n<meta property=\"article:modified_time\" content=\"2021-10-26T13:19:58+00:00\" \/>\n<meta property=\"og:image\" content=\"https:\/\/www.goron.fr\/wp-content\/uploads\/2017\/03\/68-e1491496665609.jpg\" \/>\n\t<meta property=\"og:image:width\" content=\"3980\" \/>\n\t<meta property=\"og:image:height\" content=\"610\" \/>\n\t<meta property=\"og:image:type\" content=\"image\/jpeg\" \/>\n<meta name=\"twitter:card\" content=\"summary_large_image\" \/>\n<script type=\"application\/ld+json\" class=\"yoast-schema-graph\">{\"@context\":\"https:\/\/schema.org\",\"@graph\":[{\"@type\":\"WebPage\",\"@id\":\"https:\/\/www.goron.fr\/en\/goron-s-a-s\/major-partnerships\/\",\"url\":\"https:\/\/www.goron.fr\/en\/goron-s-a-s\/major-partnerships\/\",\"name\":\"Major partnerships- GORON S.A.S\",\"isPartOf\":{\"@id\":\"https:\/\/www.goron.fr\/#website\"},\"datePublished\":\"2020-01-21T12:32:23+00:00\",\"dateModified\":\"2021-10-26T13:19:58+00:00\",\"description\":\"GORON has developed partnerships with several major institutions in a diversity of fields\",\"breadcrumb\":{\"@id\":\"https:\/\/www.goron.fr\/en\/goron-s-a-s\/major-partnerships\/#breadcrumb\"},\"inLanguage\":\"en-US\",\"potentialAction\":[{\"@type\":\"ReadAction\",\"target\":[\"https:\/\/www.goron.fr\/en\/goron-s-a-s\/major-partnerships\/\"]}]},{\"@type\":\"BreadcrumbList\",\"@id\":\"https:\/\/www.goron.fr\/en\/goron-s-a-s\/major-partnerships\/#breadcrumb\",\"itemListElement\":[{\"@type\":\"ListItem\",\"position\":1,\"name\":\"Accueil\",\"item\":\"https:\/\/www.goron.fr\/\"},{\"@type\":\"ListItem\",\"position\":2,\"name\":\"GORON S.A.S.\",\"item\":\"https:\/\/www.goron.fr\/en\/goron-s-a-s\/\"},{\"@type\":\"ListItem\",\"position\":3,\"name\":\"MAJOR PARTNERSHIPS\"}]},{\"@type\":\"WebSite\",\"@id\":\"https:\/\/www.goron.fr\/#website\",\"url\":\"https:\/\/www.goron.fr\/\",\"name\":\"Goron\",\"description\":\"S\u00e9curit\u00e9 Priv\u00e9e\",\"potentialAction\":[{\"@type\":\"SearchAction\",\"target\":{\"@type\":\"EntryPoint\",\"urlTemplate\":\"https:\/\/www.goron.fr\/?s={search_term_string}\"},\"query-input\":\"required name=search_term_string\"}],\"inLanguage\":\"en-US\"}]}<\/script>\n<!-- \/ Yoast SEO plugin. -->","yoast_head_json":{"title":"Major partnerships- GORON S.A.S","description":"GORON has developed partnerships with several major institutions in a diversity of fields","robots":{"index":"index","follow":"follow","max-snippet":"max-snippet:-1","max-image-preview":"max-image-preview:large","max-video-preview":"max-video-preview:-1"},"canonical":"https:\/\/www.goron.fr\/en\/goron-s-a-s\/major-partnerships\/","og_locale":"en_US","og_type":"article","og_title":"Major partnerships- GORON S.A.S","og_description":"GORON has developed partnerships with several major institutions in a diversity of fields","og_url":"https:\/\/www.goron.fr\/en\/goron-s-a-s\/major-partnerships\/","og_site_name":"Goron","article_modified_time":"2021-10-26T13:19:58+00:00","og_image":[{"width":3980,"height":610,"url":"https:\/\/www.goron.fr\/wp-content\/uploads\/2017\/03\/68-e1491496665609.jpg","type":"image\/jpeg"}],"twitter_card":"summary_large_image","schema":{"@context":"https:\/\/schema.org","@graph":[{"@type":"WebPage","@id":"https:\/\/www.goron.fr\/en\/goron-s-a-s\/major-partnerships\/","url":"https:\/\/www.goron.fr\/en\/goron-s-a-s\/major-partnerships\/","name":"Major partnerships- GORON S.A.S","isPartOf":{"@id":"https:\/\/www.goron.fr\/#website"},"datePublished":"2020-01-21T12:32:23+00:00","dateModified":"2021-10-26T13:19:58+00:00","description":"GORON has developed partnerships with several major institutions in a diversity of fields","breadcrumb":{"@id":"https:\/\/www.goron.fr\/en\/goron-s-a-s\/major-partnerships\/#breadcrumb"},"inLanguage":"en-US","potentialAction":[{"@type":"ReadAction","target":["https:\/\/www.goron.fr\/en\/goron-s-a-s\/major-partnerships\/"]}]},{"@type":"BreadcrumbList","@id":"https:\/\/www.goron.fr\/en\/goron-s-a-s\/major-partnerships\/#breadcrumb","itemListElement":[{"@type":"ListItem","position":1,"name":"Accueil","item":"https:\/\/www.goron.fr\/"},{"@type":"ListItem","position":2,"name":"GORON S.A.S.","item":"https:\/\/www.goron.fr\/en\/goron-s-a-s\/"},{"@type":"ListItem","position":3,"name":"MAJOR PARTNERSHIPS"}]},{"@type":"WebSite","@id":"https:\/\/www.goron.fr\/#website","url":"https:\/\/www.goron.fr\/","name":"Goron","description":"S\u00e9curit\u00e9 Priv\u00e9e","potentialAction":[{"@type":"SearchAction","target":{"@type":"EntryPoint","urlTemplate":"https:\/\/www.goron.fr\/?s={search_term_string}"},"query-input":"required name=search_term_string"}],"inLanguage":"en-US"}]}},"_links":{"self":[{"href":"https:\/\/www.goron.fr\/en\/wp-json\/wp\/v2\/pages\/12215\/"}],"collection":[{"href":"https:\/\/www.goron.fr\/en\/wp-json\/wp\/v2\/pages\/"}],"about":[{"href":"https:\/\/www.goron.fr\/en\/wp-json\/wp\/v2\/types\/page\/"}],"author":[{"embeddable":true,"href":"https:\/\/www.goron.fr\/en\/wp-json\/wp\/v2\/users\/2\/"}],"replies":[{"embeddable":true,"href":"https:\/\/www.goron.fr\/en\/wp-json\/wp\/v2\/comments\/?post=12215"}],"version-history":[{"count":20,"href":"https:\/\/www.goron.fr\/en\/wp-json\/wp\/v2\/pages\/12215\/revisions\/"}],"predecessor-version":[{"id":16152,"href":"https:\/\/www.goron.fr\/en\/wp-json\/wp\/v2\/pages\/12215\/revisions\/16152\/"}],"up":[{"embeddable":true,"href":"https:\/\/www.goron.fr\/en\/wp-json\/wp\/v2\/pages\/12175\/"}],"wp:featuredmedia":[{"embeddable":true,"href":"https:\/\/www.goron.fr\/en\/wp-json\/wp\/v2\/media\/12246\/"}],"wp:attachment":[{"href":"https:\/\/www.goron.fr\/en\/wp-json\/wp\/v2\/media\/?parent=12215"}],"curies":[{"name":"wp","href":"https:\/\/api.w.org\/{rel}","templated":true}]}}