{"id":12208,"date":"2020-01-21T13:31:32","date_gmt":"2020-01-21T12:31:32","guid":{"rendered":"https:\/\/www.goron.fr\/goron-s-a-s\/positioning-strategy\/"},"modified":"2021-10-26T15:19:57","modified_gmt":"2021-10-26T13:19:57","slug":"positioning-strategy","status":"publish","type":"page","link":"https:\/\/www.goron.fr\/en\/goron-s-a-s\/positioning-strategy\/","title":{"rendered":"POSITIONING &#038; STRATEGY"},"content":{"rendered":"<p><b>The strength of a group combined with the agility of a SME<\/b><\/p>\n<p><span style=\"font-weight: 400;\">The company Goron is established throughout almost all the entire metropolitan territory (\u00cele-de-France, Rh\u00f4ne-Alpes, Grand-Ouest, Grand-Est, North Picardy, South East and South West), allowing the coverage of all markets, regardless of their location.<\/span><\/p>\n<ul>\n<li><span style=\"font-weight: 400;\">Fortified by a steady and sustainable organic growth, GORON S.A. ranks among the top 10 companies in the industry, and its strategy is to remain a French leader of private security.<\/span><\/li>\n<li><span style=\"font-weight: 400;\">GORON is not a non-specialized caretaking company. It is a multi-specialist of private security. It implements all security professions, with an equal concern for quality and professionalism. Each customer, each market segment is approached as part of a specific service offering, with teams specially recruited, formed and regularly trained. In parallel, all our departments are led by one or several experienced professionals of the best level.<\/span><\/li>\n<li><span style=\"font-weight: 400;\">GORON S.A. boasts of its heritage character and its human scale, despite its national dimension and its large workforce. The company flourishes in all its professions by preserving its fundamental values: professionalism, customer proximity, reactivity and continuous improvement of the quality of its services. By means of an effective and decentralised organisation, each customer is in touch with a dedicated contact, able to answer quickly to all of their needs.<\/span><\/li>\n<li><span style=\"font-weight: 400;\">All members of management and of operations management have a very strong professional experience and benefit from an important training and personal development policy, allowing them to stay at the forefront of best practices.<\/span><\/li>\n<li><span style=\"font-weight: 400;\">Our multi-specialisation and our different establishments allow us to tackle all markets, whether local or national, whether single or multi-site.<\/span><\/li>\n<\/ul>\n","protected":false},"excerpt":{"rendered":"<p>The strength of a group combined with the agility of a SME The company Goron is established throughout almost all the entire metropolitan territory (\u00cele-de-France, Rh\u00f4ne-Alpes, Grand-Ouest, Grand-Est, North Picardy, South East and South West), allowing the coverage of all markets, regardless of their location. Fortified by a steady and sustainable organic growth, GORON S.A.<a href=\"https:\/\/www.goron.fr\/en\/goron-s-a-s\/positioning-strategy\/\"><i class=\"chevron right icon\"><\/i><\/a><\/p>\n","protected":false},"author":1,"featured_media":12623,"parent":12175,"menu_order":177,"comment_status":"closed","ping_status":"closed","template":"","meta":{"_acf_changed":false,"footnotes":""},"acf":[],"yoast_head":"<!-- This site is optimized with the Yoast SEO plugin v19.13 - https:\/\/yoast.com\/wordpress\/plugins\/seo\/ -->\n<title>POSITIONING &amp; STRATEGY - Goron S.A.S<\/title>\n<meta name=\"description\" content=\"The company Goron is established throughout almost all the entire metropolitan territory, allowing the coverage of all markets, regardless of their location.\" \/>\n<meta name=\"robots\" content=\"index, follow, max-snippet:-1, max-image-preview:large, max-video-preview:-1\" \/>\n<link rel=\"canonical\" href=\"https:\/\/www.goron.fr\/en\/goron-s-a-s\/positioning-strategy\/\" \/>\n<meta property=\"og:locale\" content=\"en_US\" \/>\n<meta property=\"og:type\" content=\"article\" \/>\n<meta property=\"og:title\" content=\"POSITIONING &amp; STRATEGY - Goron S.A.S\" \/>\n<meta property=\"og:description\" content=\"The company Goron is established throughout almost all the entire metropolitan territory, allowing the coverage of all markets, regardless of their location.\" \/>\n<meta property=\"og:url\" content=\"https:\/\/www.goron.fr\/en\/goron-s-a-s\/positioning-strategy\/\" \/>\n<meta property=\"og:site_name\" content=\"Goron\" \/>\n<meta property=\"article:modified_time\" content=\"2021-10-26T13:19:57+00:00\" \/>\n<meta property=\"og:image\" content=\"https:\/\/www.goron.fr\/wp-content\/uploads\/2020\/02\/ok-05.jpg\" \/>\n\t<meta property=\"og:image:width\" content=\"1500\" \/>\n\t<meta property=\"og:image:height\" content=\"300\" \/>\n\t<meta property=\"og:image:type\" content=\"image\/jpeg\" \/>\n<meta name=\"twitter:card\" content=\"summary_large_image\" \/>\n<meta name=\"twitter:label1\" content=\"Est. reading time\" \/>\n\t<meta name=\"twitter:data1\" content=\"1 minute\" \/>\n<script type=\"application\/ld+json\" class=\"yoast-schema-graph\">{\"@context\":\"https:\/\/schema.org\",\"@graph\":[{\"@type\":\"WebPage\",\"@id\":\"https:\/\/www.goron.fr\/en\/goron-s-a-s\/positioning-strategy\/\",\"url\":\"https:\/\/www.goron.fr\/en\/goron-s-a-s\/positioning-strategy\/\",\"name\":\"POSITIONING & STRATEGY - Goron S.A.S\",\"isPartOf\":{\"@id\":\"https:\/\/www.goron.fr\/#website\"},\"datePublished\":\"2020-01-21T12:31:32+00:00\",\"dateModified\":\"2021-10-26T13:19:57+00:00\",\"description\":\"The company Goron is established throughout almost all the entire metropolitan territory, allowing the coverage of all markets, regardless of their location.\",\"breadcrumb\":{\"@id\":\"https:\/\/www.goron.fr\/en\/goron-s-a-s\/positioning-strategy\/#breadcrumb\"},\"inLanguage\":\"en-US\",\"potentialAction\":[{\"@type\":\"ReadAction\",\"target\":[\"https:\/\/www.goron.fr\/en\/goron-s-a-s\/positioning-strategy\/\"]}]},{\"@type\":\"BreadcrumbList\",\"@id\":\"https:\/\/www.goron.fr\/en\/goron-s-a-s\/positioning-strategy\/#breadcrumb\",\"itemListElement\":[{\"@type\":\"ListItem\",\"position\":1,\"name\":\"Accueil\",\"item\":\"https:\/\/www.goron.fr\/\"},{\"@type\":\"ListItem\",\"position\":2,\"name\":\"GORON S.A.S.\",\"item\":\"https:\/\/www.goron.fr\/en\/goron-s-a-s\/\"},{\"@type\":\"ListItem\",\"position\":3,\"name\":\"POSITIONING &#038; STRATEGY\"}]},{\"@type\":\"WebSite\",\"@id\":\"https:\/\/www.goron.fr\/#website\",\"url\":\"https:\/\/www.goron.fr\/\",\"name\":\"Goron\",\"description\":\"S\u00e9curit\u00e9 Priv\u00e9e\",\"potentialAction\":[{\"@type\":\"SearchAction\",\"target\":{\"@type\":\"EntryPoint\",\"urlTemplate\":\"https:\/\/www.goron.fr\/?s={search_term_string}\"},\"query-input\":\"required name=search_term_string\"}],\"inLanguage\":\"en-US\"}]}<\/script>\n<!-- \/ Yoast SEO plugin. -->","yoast_head_json":{"title":"POSITIONING & STRATEGY - Goron S.A.S","description":"The company Goron is established throughout almost all the entire metropolitan territory, allowing the coverage of all markets, regardless of their location.","robots":{"index":"index","follow":"follow","max-snippet":"max-snippet:-1","max-image-preview":"max-image-preview:large","max-video-preview":"max-video-preview:-1"},"canonical":"https:\/\/www.goron.fr\/en\/goron-s-a-s\/positioning-strategy\/","og_locale":"en_US","og_type":"article","og_title":"POSITIONING & STRATEGY - Goron S.A.S","og_description":"The company Goron is established throughout almost all the entire metropolitan territory, allowing the coverage of all markets, regardless of their location.","og_url":"https:\/\/www.goron.fr\/en\/goron-s-a-s\/positioning-strategy\/","og_site_name":"Goron","article_modified_time":"2021-10-26T13:19:57+00:00","og_image":[{"width":1500,"height":300,"url":"https:\/\/www.goron.fr\/wp-content\/uploads\/2020\/02\/ok-05.jpg","type":"image\/jpeg"}],"twitter_card":"summary_large_image","twitter_misc":{"Est. reading time":"1 minute"},"schema":{"@context":"https:\/\/schema.org","@graph":[{"@type":"WebPage","@id":"https:\/\/www.goron.fr\/en\/goron-s-a-s\/positioning-strategy\/","url":"https:\/\/www.goron.fr\/en\/goron-s-a-s\/positioning-strategy\/","name":"POSITIONING & STRATEGY - Goron S.A.S","isPartOf":{"@id":"https:\/\/www.goron.fr\/#website"},"datePublished":"2020-01-21T12:31:32+00:00","dateModified":"2021-10-26T13:19:57+00:00","description":"The company Goron is established throughout almost all the entire metropolitan territory, allowing the coverage of all markets, regardless of their location.","breadcrumb":{"@id":"https:\/\/www.goron.fr\/en\/goron-s-a-s\/positioning-strategy\/#breadcrumb"},"inLanguage":"en-US","potentialAction":[{"@type":"ReadAction","target":["https:\/\/www.goron.fr\/en\/goron-s-a-s\/positioning-strategy\/"]}]},{"@type":"BreadcrumbList","@id":"https:\/\/www.goron.fr\/en\/goron-s-a-s\/positioning-strategy\/#breadcrumb","itemListElement":[{"@type":"ListItem","position":1,"name":"Accueil","item":"https:\/\/www.goron.fr\/"},{"@type":"ListItem","position":2,"name":"GORON S.A.S.","item":"https:\/\/www.goron.fr\/en\/goron-s-a-s\/"},{"@type":"ListItem","position":3,"name":"POSITIONING &#038; STRATEGY"}]},{"@type":"WebSite","@id":"https:\/\/www.goron.fr\/#website","url":"https:\/\/www.goron.fr\/","name":"Goron","description":"S\u00e9curit\u00e9 Priv\u00e9e","potentialAction":[{"@type":"SearchAction","target":{"@type":"EntryPoint","urlTemplate":"https:\/\/www.goron.fr\/?s={search_term_string}"},"query-input":"required name=search_term_string"}],"inLanguage":"en-US"}]}},"_links":{"self":[{"href":"https:\/\/www.goron.fr\/en\/wp-json\/wp\/v2\/pages\/12208\/"}],"collection":[{"href":"https:\/\/www.goron.fr\/en\/wp-json\/wp\/v2\/pages\/"}],"about":[{"href":"https:\/\/www.goron.fr\/en\/wp-json\/wp\/v2\/types\/page\/"}],"author":[{"embeddable":true,"href":"https:\/\/www.goron.fr\/en\/wp-json\/wp\/v2\/users\/1\/"}],"replies":[{"embeddable":true,"href":"https:\/\/www.goron.fr\/en\/wp-json\/wp\/v2\/comments\/?post=12208"}],"version-history":[{"count":7,"href":"https:\/\/www.goron.fr\/en\/wp-json\/wp\/v2\/pages\/12208\/revisions\/"}],"predecessor-version":[{"id":16143,"href":"https:\/\/www.goron.fr\/en\/wp-json\/wp\/v2\/pages\/12208\/revisions\/16143\/"}],"up":[{"embeddable":true,"href":"https:\/\/www.goron.fr\/en\/wp-json\/wp\/v2\/pages\/12175\/"}],"wp:featuredmedia":[{"embeddable":true,"href":"https:\/\/www.goron.fr\/en\/wp-json\/wp\/v2\/media\/12623\/"}],"wp:attachment":[{"href":"https:\/\/www.goron.fr\/en\/wp-json\/wp\/v2\/media\/?parent=12208"}],"curies":[{"name":"wp","href":"https:\/\/api.w.org\/{rel}","templated":true}]}}