{"id":12193,"date":"2020-01-21T13:30:44","date_gmt":"2020-01-21T12:30:44","guid":{"rendered":"https:\/\/www.goron.fr\/goron-s-a-s\/our-values\/"},"modified":"2020-01-21T13:30:45","modified_gmt":"2020-01-21T12:30:45","slug":"our-values","status":"publish","type":"page","link":"https:\/\/www.goron.fr\/en\/goron-s-a-s\/our-values\/","title":{"rendered":"Our values"},"content":{"rendered":"<p><strong>The security sector is a complex profession which requires rigorous ethics and behavior. GORON S.A.S relies on a strong system of values, governing our relationships with clients, collaborators and the profession.\u00a0<\/strong><\/p>\n<h3>Our Clients<\/h3>\n<ul>\n<li>We make every effort to satisfy our clients needs. They put their patrimony and collaborator safety under our care. We thus owe them permanent efficiency and skills, availability and responsiveness. Whatever the hazards, we respect our contractual and professional engagements.<\/li>\n<\/ul>\n<h3>Our collaborators<\/h3>\n<ul>\n<li>Our collaborators represent a true investment for our company. We scrupulously respect the terms of the contract and regulations, as strong as they are. We also ensure their work organisation is respectful of their private life, but also their safety. We offer high-end training and skill improvement, as well as work recognition.<\/li>\n<li><span style=\"font-weight: 400;\">n 2018, for the second consecutive year, GORON has been named \u201cBest employer\u201d by the magazine Capital in the category \u201csupport services\u201d, which includes private security companies.<\/span><span style=\"font-weight: 400;\">This nomination is the recognition of the values driving the company since its creation, as well as of the strong commitment of the company in human resource management and in the training of its employees.<\/span><\/li>\n<\/ul>\n<h3>The profession<\/h3>\n<ul>\n<li>GORON S.A.S is a committed actor which enforces our profession&#8217;s <a href=\"https:\/\/www.goron.fr\/wp-content\/uploads\/2017\/03\/code-deontologie-securite-privee.pdf\">code of ethics<\/a>. Its senior executives actively participate in professional representative instances to <a href=\"http:\/\/cerclesecuriteprivee.org\/\" class=\"broken_link\">promote best practices<\/a> and make our profession progress.<\/li>\n<\/ul>\n","protected":false},"excerpt":{"rendered":"<p>The security sector is a complex profession which requires rigorous ethics and behavior. GORON S.A.S relies on a strong system of values, governing our relationships with clients, collaborators and the profession.\u00a0 Our Clients We make every effort to satisfy our clients needs. They put their patrimony and collaborator safety under our care. We thus owe<a href=\"https:\/\/www.goron.fr\/en\/goron-s-a-s\/our-values\/\"><i class=\"chevron right icon\"><\/i><\/a><\/p>\n","protected":false},"author":1,"featured_media":0,"parent":12175,"menu_order":175,"comment_status":"closed","ping_status":"closed","template":"","meta":{"_acf_changed":false,"footnotes":""},"acf":[],"yoast_head":"<!-- This site is optimized with the Yoast SEO plugin v19.13 - https:\/\/yoast.com\/wordpress\/plugins\/seo\/ -->\n<title>Our values - GORON S.A.S<\/title>\n<meta name=\"description\" content=\"GORON S.A.S relies on a strong system of values, governing our relationships with clients, collaborators and the profession.\u00a0\" \/>\n<meta name=\"robots\" content=\"index, follow, max-snippet:-1, max-image-preview:large, max-video-preview:-1\" \/>\n<link rel=\"canonical\" href=\"https:\/\/www.goron.fr\/en\/goron-s-a-s\/our-values\/\" \/>\n<meta property=\"og:locale\" content=\"en_US\" \/>\n<meta property=\"og:type\" content=\"article\" \/>\n<meta property=\"og:title\" content=\"Our values - GORON S.A.S\" \/>\n<meta property=\"og:description\" content=\"GORON S.A.S relies on a strong system of values, governing our relationships with clients, collaborators and the profession.\u00a0\" \/>\n<meta property=\"og:url\" content=\"https:\/\/www.goron.fr\/en\/goron-s-a-s\/our-values\/\" \/>\n<meta property=\"og:site_name\" content=\"Goron\" \/>\n<meta property=\"article:modified_time\" content=\"2020-01-21T12:30:45+00:00\" \/>\n<meta name=\"twitter:card\" content=\"summary_large_image\" \/>\n<meta name=\"twitter:label1\" content=\"Est. reading time\" \/>\n\t<meta name=\"twitter:data1\" content=\"1 minute\" \/>\n<script type=\"application\/ld+json\" class=\"yoast-schema-graph\">{\"@context\":\"https:\/\/schema.org\",\"@graph\":[{\"@type\":\"WebPage\",\"@id\":\"https:\/\/www.goron.fr\/en\/goron-s-a-s\/our-values\/\",\"url\":\"https:\/\/www.goron.fr\/en\/goron-s-a-s\/our-values\/\",\"name\":\"Our values - GORON S.A.S\",\"isPartOf\":{\"@id\":\"https:\/\/www.goron.fr\/#website\"},\"datePublished\":\"2020-01-21T12:30:44+00:00\",\"dateModified\":\"2020-01-21T12:30:45+00:00\",\"description\":\"GORON S.A.S relies on a strong system of values, governing our relationships with clients, collaborators and the profession.\u00a0\",\"breadcrumb\":{\"@id\":\"https:\/\/www.goron.fr\/en\/goron-s-a-s\/our-values\/#breadcrumb\"},\"inLanguage\":\"en-US\",\"potentialAction\":[{\"@type\":\"ReadAction\",\"target\":[\"https:\/\/www.goron.fr\/en\/goron-s-a-s\/our-values\/\"]}]},{\"@type\":\"BreadcrumbList\",\"@id\":\"https:\/\/www.goron.fr\/en\/goron-s-a-s\/our-values\/#breadcrumb\",\"itemListElement\":[{\"@type\":\"ListItem\",\"position\":1,\"name\":\"Accueil\",\"item\":\"https:\/\/www.goron.fr\/\"},{\"@type\":\"ListItem\",\"position\":2,\"name\":\"GORON S.A.S.\",\"item\":\"https:\/\/www.goron.fr\/en\/goron-s-a-s\/\"},{\"@type\":\"ListItem\",\"position\":3,\"name\":\"Our values\"}]},{\"@type\":\"WebSite\",\"@id\":\"https:\/\/www.goron.fr\/#website\",\"url\":\"https:\/\/www.goron.fr\/\",\"name\":\"Goron\",\"description\":\"S\u00e9curit\u00e9 Priv\u00e9e\",\"potentialAction\":[{\"@type\":\"SearchAction\",\"target\":{\"@type\":\"EntryPoint\",\"urlTemplate\":\"https:\/\/www.goron.fr\/?s={search_term_string}\"},\"query-input\":\"required name=search_term_string\"}],\"inLanguage\":\"en-US\"}]}<\/script>\n<!-- \/ Yoast SEO plugin. -->","yoast_head_json":{"title":"Our values - GORON S.A.S","description":"GORON S.A.S relies on a strong system of values, governing our relationships with clients, collaborators and the profession.\u00a0","robots":{"index":"index","follow":"follow","max-snippet":"max-snippet:-1","max-image-preview":"max-image-preview:large","max-video-preview":"max-video-preview:-1"},"canonical":"https:\/\/www.goron.fr\/en\/goron-s-a-s\/our-values\/","og_locale":"en_US","og_type":"article","og_title":"Our values - GORON S.A.S","og_description":"GORON S.A.S relies on a strong system of values, governing our relationships with clients, collaborators and the profession.\u00a0","og_url":"https:\/\/www.goron.fr\/en\/goron-s-a-s\/our-values\/","og_site_name":"Goron","article_modified_time":"2020-01-21T12:30:45+00:00","twitter_card":"summary_large_image","twitter_misc":{"Est. reading time":"1 minute"},"schema":{"@context":"https:\/\/schema.org","@graph":[{"@type":"WebPage","@id":"https:\/\/www.goron.fr\/en\/goron-s-a-s\/our-values\/","url":"https:\/\/www.goron.fr\/en\/goron-s-a-s\/our-values\/","name":"Our values - GORON S.A.S","isPartOf":{"@id":"https:\/\/www.goron.fr\/#website"},"datePublished":"2020-01-21T12:30:44+00:00","dateModified":"2020-01-21T12:30:45+00:00","description":"GORON S.A.S relies on a strong system of values, governing our relationships with clients, collaborators and the profession.\u00a0","breadcrumb":{"@id":"https:\/\/www.goron.fr\/en\/goron-s-a-s\/our-values\/#breadcrumb"},"inLanguage":"en-US","potentialAction":[{"@type":"ReadAction","target":["https:\/\/www.goron.fr\/en\/goron-s-a-s\/our-values\/"]}]},{"@type":"BreadcrumbList","@id":"https:\/\/www.goron.fr\/en\/goron-s-a-s\/our-values\/#breadcrumb","itemListElement":[{"@type":"ListItem","position":1,"name":"Accueil","item":"https:\/\/www.goron.fr\/"},{"@type":"ListItem","position":2,"name":"GORON S.A.S.","item":"https:\/\/www.goron.fr\/en\/goron-s-a-s\/"},{"@type":"ListItem","position":3,"name":"Our values"}]},{"@type":"WebSite","@id":"https:\/\/www.goron.fr\/#website","url":"https:\/\/www.goron.fr\/","name":"Goron","description":"S\u00e9curit\u00e9 Priv\u00e9e","potentialAction":[{"@type":"SearchAction","target":{"@type":"EntryPoint","urlTemplate":"https:\/\/www.goron.fr\/?s={search_term_string}"},"query-input":"required name=search_term_string"}],"inLanguage":"en-US"}]}},"_links":{"self":[{"href":"https:\/\/www.goron.fr\/en\/wp-json\/wp\/v2\/pages\/12193\/"}],"collection":[{"href":"https:\/\/www.goron.fr\/en\/wp-json\/wp\/v2\/pages\/"}],"about":[{"href":"https:\/\/www.goron.fr\/en\/wp-json\/wp\/v2\/types\/page\/"}],"author":[{"embeddable":true,"href":"https:\/\/www.goron.fr\/en\/wp-json\/wp\/v2\/users\/1\/"}],"replies":[{"embeddable":true,"href":"https:\/\/www.goron.fr\/en\/wp-json\/wp\/v2\/comments\/?post=12193"}],"version-history":[{"count":1,"href":"https:\/\/www.goron.fr\/en\/wp-json\/wp\/v2\/pages\/12193\/revisions\/"}],"predecessor-version":[{"id":12207,"href":"https:\/\/www.goron.fr\/en\/wp-json\/wp\/v2\/pages\/12193\/revisions\/12207\/"}],"up":[{"embeddable":true,"href":"https:\/\/www.goron.fr\/en\/wp-json\/wp\/v2\/pages\/12175\/"}],"wp:attachment":[{"href":"https:\/\/www.goron.fr\/en\/wp-json\/wp\/v2\/media\/?parent=12193"}],"curies":[{"name":"wp","href":"https:\/\/api.w.org\/{rel}","templated":true}]}}