{"id":12183,"date":"2020-01-21T13:19:29","date_gmt":"2020-01-21T12:19:29","guid":{"rendered":"https:\/\/www.goron.fr\/goron-s-a-s\/about-us\/"},"modified":"2021-10-26T15:19:57","modified_gmt":"2021-10-26T13:19:57","slug":"about-us","status":"publish","type":"page","link":"https:\/\/www.goron.fr\/en\/goron-s-a-s\/about-us\/","title":{"rendered":"ABOUT US"},"content":{"rendered":"<p>GORON S.A. is a French private security company (under the article L611-1 of book VI of the \u201cCode de la s\u00e9curit\u00e9 int\u00e9rieure\u201d), ranked among the top ten companies in the industry*. It offers a wide range of security solutions for businesses of all sizes and from any industry (aeronautics, estate agencies, museums, insurance, banks, research, automobile, logistics, distribution, etc.)<\/p>\n<p>Founded in 1896, GORON S.A. is one of the oldest private security companies in France. Bought in 1954 by the Chenevier family, who has been the sole proprietor since then, it is one of the few companies of its size that remained entirely independent. This long existence is the guarantee of experience, professionalism and strength.<\/p>\n<p>GORON S.A. is a genuine breeding ground for talents, women and men who are passionate about their professions and who commit daily to customer satisfaction.<\/p>\n<p>The firm GORON is recognised in the market, because of its expertise and of the quality of its services. Its size and technical capabilities allow for an efficient management of all types of markets, especially the most important ones at the local or national level. This stability and financial strength make GORON the trusted partner par excellence.<\/p>\n<p>Prefect Marie-Fran\u00e7ois GORON, founder of GORON<br \/>\n(*) Source: \u201cPanorama \u00e9conomique de la s\u00e9curit\u00e9 priv\u00e9e\u201d, ATLAS 2016<\/p>\n","protected":false},"excerpt":{"rendered":"<p>GORON S.A. is a French private security company (under the article L611-1 of book VI of the \u201cCode de la s\u00e9curit\u00e9 int\u00e9rieure\u201d), ranked among the top ten companies in the industry*. It offers a wide range of security solutions for businesses of all sizes and from any industry (aeronautics, estate agencies, museums, insurance, banks, research,<a href=\"https:\/\/www.goron.fr\/en\/goron-s-a-s\/about-us\/\"><i class=\"chevron right icon\"><\/i><\/a><\/p>\n","protected":false},"author":1,"featured_media":12185,"parent":12175,"menu_order":43,"comment_status":"closed","ping_status":"closed","template":"","meta":{"_acf_changed":false,"footnotes":""},"acf":[],"yoast_head":"<!-- This site is optimized with the Yoast SEO plugin v19.13 - https:\/\/yoast.com\/wordpress\/plugins\/seo\/ -->\n<title>About us - GORON S.A.S<\/title>\n<meta name=\"description\" content=\"GORON S.A. is a French private security company ranked among the top ten companies in the industry. It offers a wide range of security solutions for businesses of all sizes and from any industry.\" \/>\n<meta name=\"robots\" content=\"index, follow, max-snippet:-1, max-image-preview:large, max-video-preview:-1\" \/>\n<link rel=\"canonical\" href=\"https:\/\/www.goron.fr\/en\/goron-s-a-s\/about-us\/\" \/>\n<meta property=\"og:locale\" content=\"en_US\" \/>\n<meta property=\"og:type\" content=\"article\" \/>\n<meta property=\"og:title\" content=\"About us - GORON S.A.S\" \/>\n<meta property=\"og:description\" content=\"GORON S.A. is a French private security company ranked among the top ten companies in the industry. It offers a wide range of security solutions for businesses of all sizes and from any industry.\" \/>\n<meta property=\"og:url\" content=\"https:\/\/www.goron.fr\/en\/goron-s-a-s\/about-us\/\" \/>\n<meta property=\"og:site_name\" content=\"Goron\" \/>\n<meta property=\"article:modified_time\" content=\"2021-10-26T13:19:57+00:00\" \/>\n<meta property=\"og:image\" content=\"https:\/\/www.goron.fr\/wp-content\/uploads\/2017\/03\/unspecified-2-ConvertImage-e1490714751560.jpg\" \/>\n\t<meta property=\"og:image:width\" content=\"1596\" \/>\n\t<meta property=\"og:image:height\" content=\"416\" \/>\n\t<meta property=\"og:image:type\" content=\"image\/jpeg\" \/>\n<meta name=\"twitter:card\" content=\"summary_large_image\" \/>\n<meta name=\"twitter:label1\" content=\"Est. reading time\" \/>\n\t<meta name=\"twitter:data1\" content=\"1 minute\" \/>\n<script type=\"application\/ld+json\" class=\"yoast-schema-graph\">{\"@context\":\"https:\/\/schema.org\",\"@graph\":[{\"@type\":\"WebPage\",\"@id\":\"https:\/\/www.goron.fr\/en\/goron-s-a-s\/about-us\/\",\"url\":\"https:\/\/www.goron.fr\/en\/goron-s-a-s\/about-us\/\",\"name\":\"About us - GORON S.A.S\",\"isPartOf\":{\"@id\":\"https:\/\/www.goron.fr\/#website\"},\"datePublished\":\"2020-01-21T12:19:29+00:00\",\"dateModified\":\"2021-10-26T13:19:57+00:00\",\"description\":\"GORON S.A. is a French private security company ranked among the top ten companies in the industry. It offers a wide range of security solutions for businesses of all sizes and from any industry.\",\"breadcrumb\":{\"@id\":\"https:\/\/www.goron.fr\/en\/goron-s-a-s\/about-us\/#breadcrumb\"},\"inLanguage\":\"en-US\",\"potentialAction\":[{\"@type\":\"ReadAction\",\"target\":[\"https:\/\/www.goron.fr\/en\/goron-s-a-s\/about-us\/\"]}]},{\"@type\":\"BreadcrumbList\",\"@id\":\"https:\/\/www.goron.fr\/en\/goron-s-a-s\/about-us\/#breadcrumb\",\"itemListElement\":[{\"@type\":\"ListItem\",\"position\":1,\"name\":\"Accueil\",\"item\":\"https:\/\/www.goron.fr\/\"},{\"@type\":\"ListItem\",\"position\":2,\"name\":\"GORON S.A.S.\",\"item\":\"https:\/\/www.goron.fr\/en\/goron-s-a-s\/\"},{\"@type\":\"ListItem\",\"position\":3,\"name\":\"ABOUT US\"}]},{\"@type\":\"WebSite\",\"@id\":\"https:\/\/www.goron.fr\/#website\",\"url\":\"https:\/\/www.goron.fr\/\",\"name\":\"Goron\",\"description\":\"S\u00e9curit\u00e9 Priv\u00e9e\",\"potentialAction\":[{\"@type\":\"SearchAction\",\"target\":{\"@type\":\"EntryPoint\",\"urlTemplate\":\"https:\/\/www.goron.fr\/?s={search_term_string}\"},\"query-input\":\"required name=search_term_string\"}],\"inLanguage\":\"en-US\"}]}<\/script>\n<!-- \/ Yoast SEO plugin. -->","yoast_head_json":{"title":"About us - GORON S.A.S","description":"GORON S.A. is a French private security company ranked among the top ten companies in the industry. It offers a wide range of security solutions for businesses of all sizes and from any industry.","robots":{"index":"index","follow":"follow","max-snippet":"max-snippet:-1","max-image-preview":"max-image-preview:large","max-video-preview":"max-video-preview:-1"},"canonical":"https:\/\/www.goron.fr\/en\/goron-s-a-s\/about-us\/","og_locale":"en_US","og_type":"article","og_title":"About us - GORON S.A.S","og_description":"GORON S.A. is a French private security company ranked among the top ten companies in the industry. It offers a wide range of security solutions for businesses of all sizes and from any industry.","og_url":"https:\/\/www.goron.fr\/en\/goron-s-a-s\/about-us\/","og_site_name":"Goron","article_modified_time":"2021-10-26T13:19:57+00:00","og_image":[{"width":1596,"height":416,"url":"https:\/\/www.goron.fr\/wp-content\/uploads\/2017\/03\/unspecified-2-ConvertImage-e1490714751560.jpg","type":"image\/jpeg"}],"twitter_card":"summary_large_image","twitter_misc":{"Est. reading time":"1 minute"},"schema":{"@context":"https:\/\/schema.org","@graph":[{"@type":"WebPage","@id":"https:\/\/www.goron.fr\/en\/goron-s-a-s\/about-us\/","url":"https:\/\/www.goron.fr\/en\/goron-s-a-s\/about-us\/","name":"About us - GORON S.A.S","isPartOf":{"@id":"https:\/\/www.goron.fr\/#website"},"datePublished":"2020-01-21T12:19:29+00:00","dateModified":"2021-10-26T13:19:57+00:00","description":"GORON S.A. is a French private security company ranked among the top ten companies in the industry. It offers a wide range of security solutions for businesses of all sizes and from any industry.","breadcrumb":{"@id":"https:\/\/www.goron.fr\/en\/goron-s-a-s\/about-us\/#breadcrumb"},"inLanguage":"en-US","potentialAction":[{"@type":"ReadAction","target":["https:\/\/www.goron.fr\/en\/goron-s-a-s\/about-us\/"]}]},{"@type":"BreadcrumbList","@id":"https:\/\/www.goron.fr\/en\/goron-s-a-s\/about-us\/#breadcrumb","itemListElement":[{"@type":"ListItem","position":1,"name":"Accueil","item":"https:\/\/www.goron.fr\/"},{"@type":"ListItem","position":2,"name":"GORON S.A.S.","item":"https:\/\/www.goron.fr\/en\/goron-s-a-s\/"},{"@type":"ListItem","position":3,"name":"ABOUT US"}]},{"@type":"WebSite","@id":"https:\/\/www.goron.fr\/#website","url":"https:\/\/www.goron.fr\/","name":"Goron","description":"S\u00e9curit\u00e9 Priv\u00e9e","potentialAction":[{"@type":"SearchAction","target":{"@type":"EntryPoint","urlTemplate":"https:\/\/www.goron.fr\/?s={search_term_string}"},"query-input":"required name=search_term_string"}],"inLanguage":"en-US"}]}},"_links":{"self":[{"href":"https:\/\/www.goron.fr\/en\/wp-json\/wp\/v2\/pages\/12183\/"}],"collection":[{"href":"https:\/\/www.goron.fr\/en\/wp-json\/wp\/v2\/pages\/"}],"about":[{"href":"https:\/\/www.goron.fr\/en\/wp-json\/wp\/v2\/types\/page\/"}],"author":[{"embeddable":true,"href":"https:\/\/www.goron.fr\/en\/wp-json\/wp\/v2\/users\/1\/"}],"replies":[{"embeddable":true,"href":"https:\/\/www.goron.fr\/en\/wp-json\/wp\/v2\/comments\/?post=12183"}],"version-history":[{"count":4,"href":"https:\/\/www.goron.fr\/en\/wp-json\/wp\/v2\/pages\/12183\/revisions\/"}],"predecessor-version":[{"id":16141,"href":"https:\/\/www.goron.fr\/en\/wp-json\/wp\/v2\/pages\/12183\/revisions\/16141\/"}],"up":[{"embeddable":true,"href":"https:\/\/www.goron.fr\/en\/wp-json\/wp\/v2\/pages\/12175\/"}],"wp:featuredmedia":[{"embeddable":true,"href":"https:\/\/www.goron.fr\/en\/wp-json\/wp\/v2\/media\/12185\/"}],"wp:attachment":[{"href":"https:\/\/www.goron.fr\/en\/wp-json\/wp\/v2\/media\/?parent=12183"}],"curies":[{"name":"wp","href":"https:\/\/api.w.org\/{rel}","templated":true}]}}