{"id":12175,"date":"2020-01-21T13:17:45","date_gmt":"2020-01-21T12:17:45","guid":{"rendered":"https:\/\/www.goron.fr\/goron-s-a-s\/"},"modified":"2020-01-21T13:17:46","modified_gmt":"2020-01-21T12:17:46","slug":"goron-s-a-s","status":"publish","type":"page","link":"https:\/\/www.goron.fr\/en\/goron-s-a-s\/","title":{"rendered":"GORON S.A.S."},"content":{"rendered":"","protected":false},"excerpt":{"rendered":"","protected":false},"author":1,"featured_media":0,"parent":0,"menu_order":173,"comment_status":"closed","ping_status":"closed","template":"","meta":{"_acf_changed":false,"footnotes":""},"acf":[],"yoast_head":"<!-- This site is optimized with the Yoast SEO plugin v19.13 - https:\/\/yoast.com\/wordpress\/plugins\/seo\/ -->\n<title>GORON S.A.S<\/title>\n<meta name=\"description\" content=\"Discover GORON S.A.S, a private security company.\" \/>\n<meta name=\"robots\" content=\"index, follow, max-snippet:-1, max-image-preview:large, max-video-preview:-1\" \/>\n<link rel=\"canonical\" href=\"https:\/\/www.goron.fr\/en\/goron-s-a-s\/\" \/>\n<meta property=\"og:locale\" content=\"en_US\" \/>\n<meta property=\"og:type\" content=\"article\" \/>\n<meta property=\"og:title\" content=\"GORON S.A.S\" \/>\n<meta property=\"og:description\" content=\"Discover GORON S.A.S, a private security company.\" \/>\n<meta property=\"og:url\" content=\"https:\/\/www.goron.fr\/en\/goron-s-a-s\/\" \/>\n<meta property=\"og:site_name\" content=\"Goron\" \/>\n<meta property=\"article:modified_time\" content=\"2020-01-21T12:17:46+00:00\" \/>\n<meta name=\"twitter:card\" content=\"summary_large_image\" \/>\n<script type=\"application\/ld+json\" class=\"yoast-schema-graph\">{\"@context\":\"https:\/\/schema.org\",\"@graph\":[{\"@type\":\"WebPage\",\"@id\":\"https:\/\/www.goron.fr\/en\/goron-s-a-s\/\",\"url\":\"https:\/\/www.goron.fr\/en\/goron-s-a-s\/\",\"name\":\"GORON S.A.S\",\"isPartOf\":{\"@id\":\"https:\/\/www.goron.fr\/#website\"},\"datePublished\":\"2020-01-21T12:17:45+00:00\",\"dateModified\":\"2020-01-21T12:17:46+00:00\",\"description\":\"Discover GORON S.A.S, a private security company.\",\"breadcrumb\":{\"@id\":\"https:\/\/www.goron.fr\/en\/goron-s-a-s\/#breadcrumb\"},\"inLanguage\":\"en-US\",\"potentialAction\":[{\"@type\":\"ReadAction\",\"target\":[\"https:\/\/www.goron.fr\/en\/goron-s-a-s\/\"]}]},{\"@type\":\"BreadcrumbList\",\"@id\":\"https:\/\/www.goron.fr\/en\/goron-s-a-s\/#breadcrumb\",\"itemListElement\":[{\"@type\":\"ListItem\",\"position\":1,\"name\":\"Accueil\",\"item\":\"https:\/\/www.goron.fr\/\"},{\"@type\":\"ListItem\",\"position\":2,\"name\":\"GORON S.A.S.\"}]},{\"@type\":\"WebSite\",\"@id\":\"https:\/\/www.goron.fr\/#website\",\"url\":\"https:\/\/www.goron.fr\/\",\"name\":\"Goron\",\"description\":\"S\u00e9curit\u00e9 Priv\u00e9e\",\"potentialAction\":[{\"@type\":\"SearchAction\",\"target\":{\"@type\":\"EntryPoint\",\"urlTemplate\":\"https:\/\/www.goron.fr\/?s={search_term_string}\"},\"query-input\":\"required name=search_term_string\"}],\"inLanguage\":\"en-US\"}]}<\/script>\n<!-- \/ Yoast SEO plugin. -->","yoast_head_json":{"title":"GORON S.A.S","description":"Discover GORON S.A.S, a private security company.","robots":{"index":"index","follow":"follow","max-snippet":"max-snippet:-1","max-image-preview":"max-image-preview:large","max-video-preview":"max-video-preview:-1"},"canonical":"https:\/\/www.goron.fr\/en\/goron-s-a-s\/","og_locale":"en_US","og_type":"article","og_title":"GORON S.A.S","og_description":"Discover GORON S.A.S, a private security company.","og_url":"https:\/\/www.goron.fr\/en\/goron-s-a-s\/","og_site_name":"Goron","article_modified_time":"2020-01-21T12:17:46+00:00","twitter_card":"summary_large_image","schema":{"@context":"https:\/\/schema.org","@graph":[{"@type":"WebPage","@id":"https:\/\/www.goron.fr\/en\/goron-s-a-s\/","url":"https:\/\/www.goron.fr\/en\/goron-s-a-s\/","name":"GORON S.A.S","isPartOf":{"@id":"https:\/\/www.goron.fr\/#website"},"datePublished":"2020-01-21T12:17:45+00:00","dateModified":"2020-01-21T12:17:46+00:00","description":"Discover GORON S.A.S, a private security company.","breadcrumb":{"@id":"https:\/\/www.goron.fr\/en\/goron-s-a-s\/#breadcrumb"},"inLanguage":"en-US","potentialAction":[{"@type":"ReadAction","target":["https:\/\/www.goron.fr\/en\/goron-s-a-s\/"]}]},{"@type":"BreadcrumbList","@id":"https:\/\/www.goron.fr\/en\/goron-s-a-s\/#breadcrumb","itemListElement":[{"@type":"ListItem","position":1,"name":"Accueil","item":"https:\/\/www.goron.fr\/"},{"@type":"ListItem","position":2,"name":"GORON S.A.S."}]},{"@type":"WebSite","@id":"https:\/\/www.goron.fr\/#website","url":"https:\/\/www.goron.fr\/","name":"Goron","description":"S\u00e9curit\u00e9 Priv\u00e9e","potentialAction":[{"@type":"SearchAction","target":{"@type":"EntryPoint","urlTemplate":"https:\/\/www.goron.fr\/?s={search_term_string}"},"query-input":"required name=search_term_string"}],"inLanguage":"en-US"}]}},"_links":{"self":[{"href":"https:\/\/www.goron.fr\/en\/wp-json\/wp\/v2\/pages\/12175\/"}],"collection":[{"href":"https:\/\/www.goron.fr\/en\/wp-json\/wp\/v2\/pages\/"}],"about":[{"href":"https:\/\/www.goron.fr\/en\/wp-json\/wp\/v2\/types\/page\/"}],"author":[{"embeddable":true,"href":"https:\/\/www.goron.fr\/en\/wp-json\/wp\/v2\/users\/1\/"}],"replies":[{"embeddable":true,"href":"https:\/\/www.goron.fr\/en\/wp-json\/wp\/v2\/comments\/?post=12175"}],"version-history":[{"count":1,"href":"https:\/\/www.goron.fr\/en\/wp-json\/wp\/v2\/pages\/12175\/revisions\/"}],"predecessor-version":[{"id":12176,"href":"https:\/\/www.goron.fr\/en\/wp-json\/wp\/v2\/pages\/12175\/revisions\/12176\/"}],"wp:attachment":[{"href":"https:\/\/www.goron.fr\/en\/wp-json\/wp\/v2\/media\/?parent=12175"}],"curies":[{"name":"wp","href":"https:\/\/api.w.org\/{rel}","templated":true}]}}