{"id":12167,"date":"2020-01-21T13:15:07","date_gmt":"2020-01-21T12:15:07","guid":{"rendered":"https:\/\/www.goron.fr\/our-services\/technologies-systems\/remote-video-surveillance\/"},"modified":"2020-02-14T17:51:28","modified_gmt":"2020-02-14T16:51:28","slug":"remote-video-surveillance","status":"publish","type":"page","link":"https:\/\/www.goron.fr\/en\/our-services\/technologies-systems\/remote-video-surveillance\/","title":{"rendered":"REMOTE VIDEO SURVEILLANCE"},"content":{"rendered":"<p><b>GORON S.A. has its own remote surveillance central station. It meets the highest security standards in terms of protection, autonomy and management procedures.<\/b><\/p>\n<p><span style=\"font-weight: 400;\">Managed 24\/7 by highly qualified operators, the central station is equipped with reliable and efficient electronical and IT means. At all times, it enables the reception of all alarm or video surveillance signals.<\/span><\/p>\n<h2><b>Our services<\/b><\/h2>\n<ul>\n<li><span style=\"font-weight: 400;\">Remote surveillance and video surveillance<\/span><\/li>\n<li><span style=\"font-weight: 400;\">Cyber guarding<\/span><\/li>\n<li><span style=\"font-weight: 400;\">Remote support and isolated user protection<\/span><\/li>\n<li><span style=\"font-weight: 400;\">Remote maintenance and distance control<\/span><\/li>\n<li><span style=\"font-weight: 400;\">Geolocation and tracking vehicle fleets in France and Europe<\/span><\/li>\n<\/ul>\n<h3><b>Our central station<\/b><\/h3>\n<ul>\n<li><span style=\"font-weight: 400;\">is designed according to APSAD rules<\/span><\/li>\n<li><span style=\"font-weight: 400;\">is equipped with the latest IT technologies and manages secured communications<\/span><\/li>\n<li><span style=\"font-weight: 400;\">is authorized to receive and process information coming from the most sensitive sites<\/span><\/li>\n<li><span style=\"font-weight: 400;\">ensures availability at all times (overflow station and backup station)<\/span><\/li>\n<li><span style=\"font-weight: 400;\">is entirely independent and secured.<\/span><\/li>\n<\/ul>\n","protected":false},"excerpt":{"rendered":"<p>GORON S.A. has its own remote surveillance central station. It meets the highest security standards in terms of protection, autonomy and management procedures. Managed 24\/7 by highly qualified operators, the central station is equipped with reliable and efficient electronical and IT means. At all times, it enables the reception of all alarm or video surveillance<a href=\"https:\/\/www.goron.fr\/en\/our-services\/technologies-systems\/remote-video-surveillance\/\"><i class=\"chevron right icon\"><\/i><\/a><\/p>\n","protected":false},"author":1,"featured_media":0,"parent":12158,"menu_order":157,"comment_status":"closed","ping_status":"closed","template":"","meta":{"_acf_changed":false,"footnotes":""},"acf":[],"yoast_head":"<!-- This site is optimized with the Yoast SEO plugin v19.13 - https:\/\/yoast.com\/wordpress\/plugins\/seo\/ -->\n<title>Remote video surveillance - GORON S.A.S<\/title>\n<meta name=\"description\" content=\"GORON S.A. has its own remote surveillance central station. It meets the highest security standards in terms of protection, autonomy and management procedures.\" \/>\n<meta name=\"robots\" content=\"index, follow, max-snippet:-1, max-image-preview:large, max-video-preview:-1\" \/>\n<link rel=\"canonical\" href=\"https:\/\/www.goron.fr\/en\/our-services\/technologies-systems\/remote-video-surveillance\/\" \/>\n<meta property=\"og:locale\" content=\"en_US\" \/>\n<meta property=\"og:type\" content=\"article\" \/>\n<meta property=\"og:title\" content=\"Remote video surveillance - GORON S.A.S\" \/>\n<meta property=\"og:description\" content=\"GORON S.A. has its own remote surveillance central station. It meets the highest security standards in terms of protection, autonomy and management procedures.\" \/>\n<meta property=\"og:url\" content=\"https:\/\/www.goron.fr\/en\/our-services\/technologies-systems\/remote-video-surveillance\/\" \/>\n<meta property=\"og:site_name\" content=\"Goron\" \/>\n<meta property=\"article:modified_time\" content=\"2020-02-14T16:51:28+00:00\" \/>\n<meta name=\"twitter:card\" content=\"summary_large_image\" \/>\n<meta name=\"twitter:label1\" content=\"Est. reading time\" \/>\n\t<meta name=\"twitter:data1\" content=\"1 minute\" \/>\n<script type=\"application\/ld+json\" class=\"yoast-schema-graph\">{\"@context\":\"https:\/\/schema.org\",\"@graph\":[{\"@type\":\"WebPage\",\"@id\":\"https:\/\/www.goron.fr\/en\/our-services\/technologies-systems\/remote-video-surveillance\/\",\"url\":\"https:\/\/www.goron.fr\/en\/our-services\/technologies-systems\/remote-video-surveillance\/\",\"name\":\"Remote video surveillance - GORON S.A.S\",\"isPartOf\":{\"@id\":\"https:\/\/www.goron.fr\/#website\"},\"datePublished\":\"2020-01-21T12:15:07+00:00\",\"dateModified\":\"2020-02-14T16:51:28+00:00\",\"description\":\"GORON S.A. has its own remote surveillance central station. It meets the highest security standards in terms of protection, autonomy and management procedures.\",\"breadcrumb\":{\"@id\":\"https:\/\/www.goron.fr\/en\/our-services\/technologies-systems\/remote-video-surveillance\/#breadcrumb\"},\"inLanguage\":\"en-US\",\"potentialAction\":[{\"@type\":\"ReadAction\",\"target\":[\"https:\/\/www.goron.fr\/en\/our-services\/technologies-systems\/remote-video-surveillance\/\"]}]},{\"@type\":\"BreadcrumbList\",\"@id\":\"https:\/\/www.goron.fr\/en\/our-services\/technologies-systems\/remote-video-surveillance\/#breadcrumb\",\"itemListElement\":[{\"@type\":\"ListItem\",\"position\":1,\"name\":\"Accueil\",\"item\":\"https:\/\/www.goron.fr\/\"},{\"@type\":\"ListItem\",\"position\":2,\"name\":\"OUR SERVICES\",\"item\":\"https:\/\/www.goron.fr\/en\/our-services\/\"},{\"@type\":\"ListItem\",\"position\":3,\"name\":\"TECHNOLOGIES &#038; SYSTEMS\",\"item\":\"https:\/\/www.goron.fr\/en\/our-services\/technologies-systems\/\"},{\"@type\":\"ListItem\",\"position\":4,\"name\":\"REMOTE VIDEO SURVEILLANCE\"}]},{\"@type\":\"WebSite\",\"@id\":\"https:\/\/www.goron.fr\/#website\",\"url\":\"https:\/\/www.goron.fr\/\",\"name\":\"Goron\",\"description\":\"S\u00e9curit\u00e9 Priv\u00e9e\",\"potentialAction\":[{\"@type\":\"SearchAction\",\"target\":{\"@type\":\"EntryPoint\",\"urlTemplate\":\"https:\/\/www.goron.fr\/?s={search_term_string}\"},\"query-input\":\"required name=search_term_string\"}],\"inLanguage\":\"en-US\"}]}<\/script>\n<!-- \/ Yoast SEO plugin. -->","yoast_head_json":{"title":"Remote video surveillance - GORON S.A.S","description":"GORON S.A. has its own remote surveillance central station. It meets the highest security standards in terms of protection, autonomy and management procedures.","robots":{"index":"index","follow":"follow","max-snippet":"max-snippet:-1","max-image-preview":"max-image-preview:large","max-video-preview":"max-video-preview:-1"},"canonical":"https:\/\/www.goron.fr\/en\/our-services\/technologies-systems\/remote-video-surveillance\/","og_locale":"en_US","og_type":"article","og_title":"Remote video surveillance - GORON S.A.S","og_description":"GORON S.A. has its own remote surveillance central station. It meets the highest security standards in terms of protection, autonomy and management procedures.","og_url":"https:\/\/www.goron.fr\/en\/our-services\/technologies-systems\/remote-video-surveillance\/","og_site_name":"Goron","article_modified_time":"2020-02-14T16:51:28+00:00","twitter_card":"summary_large_image","twitter_misc":{"Est. reading time":"1 minute"},"schema":{"@context":"https:\/\/schema.org","@graph":[{"@type":"WebPage","@id":"https:\/\/www.goron.fr\/en\/our-services\/technologies-systems\/remote-video-surveillance\/","url":"https:\/\/www.goron.fr\/en\/our-services\/technologies-systems\/remote-video-surveillance\/","name":"Remote video surveillance - GORON S.A.S","isPartOf":{"@id":"https:\/\/www.goron.fr\/#website"},"datePublished":"2020-01-21T12:15:07+00:00","dateModified":"2020-02-14T16:51:28+00:00","description":"GORON S.A. has its own remote surveillance central station. It meets the highest security standards in terms of protection, autonomy and management procedures.","breadcrumb":{"@id":"https:\/\/www.goron.fr\/en\/our-services\/technologies-systems\/remote-video-surveillance\/#breadcrumb"},"inLanguage":"en-US","potentialAction":[{"@type":"ReadAction","target":["https:\/\/www.goron.fr\/en\/our-services\/technologies-systems\/remote-video-surveillance\/"]}]},{"@type":"BreadcrumbList","@id":"https:\/\/www.goron.fr\/en\/our-services\/technologies-systems\/remote-video-surveillance\/#breadcrumb","itemListElement":[{"@type":"ListItem","position":1,"name":"Accueil","item":"https:\/\/www.goron.fr\/"},{"@type":"ListItem","position":2,"name":"OUR SERVICES","item":"https:\/\/www.goron.fr\/en\/our-services\/"},{"@type":"ListItem","position":3,"name":"TECHNOLOGIES &#038; SYSTEMS","item":"https:\/\/www.goron.fr\/en\/our-services\/technologies-systems\/"},{"@type":"ListItem","position":4,"name":"REMOTE VIDEO SURVEILLANCE"}]},{"@type":"WebSite","@id":"https:\/\/www.goron.fr\/#website","url":"https:\/\/www.goron.fr\/","name":"Goron","description":"S\u00e9curit\u00e9 Priv\u00e9e","potentialAction":[{"@type":"SearchAction","target":{"@type":"EntryPoint","urlTemplate":"https:\/\/www.goron.fr\/?s={search_term_string}"},"query-input":"required name=search_term_string"}],"inLanguage":"en-US"}]}},"_links":{"self":[{"href":"https:\/\/www.goron.fr\/en\/wp-json\/wp\/v2\/pages\/12167\/"}],"collection":[{"href":"https:\/\/www.goron.fr\/en\/wp-json\/wp\/v2\/pages\/"}],"about":[{"href":"https:\/\/www.goron.fr\/en\/wp-json\/wp\/v2\/types\/page\/"}],"author":[{"embeddable":true,"href":"https:\/\/www.goron.fr\/en\/wp-json\/wp\/v2\/users\/1\/"}],"replies":[{"embeddable":true,"href":"https:\/\/www.goron.fr\/en\/wp-json\/wp\/v2\/comments\/?post=12167"}],"version-history":[{"count":3,"href":"https:\/\/www.goron.fr\/en\/wp-json\/wp\/v2\/pages\/12167\/revisions\/"}],"predecessor-version":[{"id":12709,"href":"https:\/\/www.goron.fr\/en\/wp-json\/wp\/v2\/pages\/12167\/revisions\/12709\/"}],"up":[{"embeddable":true,"href":"https:\/\/www.goron.fr\/en\/wp-json\/wp\/v2\/pages\/12158\/"}],"wp:attachment":[{"href":"https:\/\/www.goron.fr\/en\/wp-json\/wp\/v2\/media\/?parent=12167"}],"curies":[{"name":"wp","href":"https:\/\/api.w.org\/{rel}","templated":true}]}}