{"id":12162,"date":"2020-01-21T13:14:31","date_gmt":"2020-01-21T12:14:31","guid":{"rendered":"https:\/\/www.goron.fr\/our-services\/technologies-systems\/electronic-security\/"},"modified":"2020-02-14T17:50:06","modified_gmt":"2020-02-14T16:50:06","slug":"electronic-security","status":"publish","type":"page","link":"https:\/\/www.goron.fr\/en\/our-services\/technologies-systems\/electronic-security\/","title":{"rendered":"ELECTRONIC SECURITY"},"content":{"rendered":"<p><b>GORON S.A. has created its own department for the installation and maintenance of electronic security systems: GORON Syst\u00e8mes.<\/b><\/p>\n<p><span style=\"font-weight: 400;\">This department quickly designs and carries out complete and reliable installations \u2013 from the simplest to the most sophisticated \u2013 and ensure their maintenance. Our technicians are highly qualified and intervene throughout France.<\/span><\/p>\n<h2><b>Our services<\/b><\/h2>\n<ul>\n<li><span style=\"font-weight: 400;\">Intrusion detection<\/span><\/li>\n<li><span style=\"font-weight: 400;\">Access control<\/span><\/li>\n<li><span style=\"font-weight: 400;\">Video surveillance<\/span><\/li>\n<li><span style=\"font-weight: 400;\">Fire detection<\/span><\/li>\n<li><span style=\"font-weight: 400;\">Technical alarms<\/span><\/li>\n<li><span style=\"font-weight: 400;\">Radio systems<\/span><\/li>\n<\/ul>\n<h2><b>Our commitments<\/b><\/h2>\n<h3><b>A tailor-made solution<\/b><\/h3>\n<p><span style=\"font-weight: 400;\">We analyse your risks and design a security system adapted to your needs and perfectly meeting your requirements. A constant watch of current and future techniques enables us to offer operational solutions, optimised in terms of quality and costs.<\/span><\/p>\n<h3><b>Selection of the best materials<\/b><\/h3>\n<p><span style=\"font-weight: 400;\">We are not linked to any manufacturers and offer the most effective materials at the best value for money. Performance and reliability are key at this stage.<\/span><\/p>\n<h3><b>Installation<\/b><\/h3>\n<p><span style=\"font-weight: 400;\">The installation is carried out by our own technicians without subcontracting, which guarantees optimum service.<\/span><\/p>\n<h3><b>Maintenance<\/b><\/h3>\n<p><span style=\"font-weight: 400;\">We also ensure the maintenance of our installations, within a well-defined schedule and we tackle possible repairs with the greatest reactivity.<\/span><\/p>\n","protected":false},"excerpt":{"rendered":"<p>GORON S.A. has created its own department for the installation and maintenance of electronic security systems: GORON Syst\u00e8mes. This department quickly designs and carries out complete and reliable installations \u2013 from the simplest to the most sophisticated \u2013 and ensure their maintenance. Our technicians are highly qualified and intervene throughout France. Our services Intrusion detection<a href=\"https:\/\/www.goron.fr\/en\/our-services\/technologies-systems\/electronic-security\/\"><i class=\"chevron right icon\"><\/i><\/a><\/p>\n","protected":false},"author":1,"featured_media":0,"parent":12158,"menu_order":155,"comment_status":"closed","ping_status":"closed","template":"","meta":{"_acf_changed":false,"footnotes":""},"acf":[],"yoast_head":"<!-- This site is optimized with the Yoast SEO plugin v19.13 - https:\/\/yoast.com\/wordpress\/plugins\/seo\/ -->\n<title>Electronic security - GORON S.A.S<\/title>\n<meta name=\"description\" content=\"GORON S.A. has created its own department for the installation and maintenance of electronic security systems: GORON Syst\u00e8mes.\" \/>\n<meta name=\"robots\" content=\"index, follow, max-snippet:-1, max-image-preview:large, max-video-preview:-1\" \/>\n<link rel=\"canonical\" href=\"https:\/\/www.goron.fr\/en\/our-services\/technologies-systems\/electronic-security\/\" \/>\n<meta property=\"og:locale\" content=\"en_US\" \/>\n<meta property=\"og:type\" content=\"article\" \/>\n<meta property=\"og:title\" content=\"Electronic security - GORON S.A.S\" \/>\n<meta property=\"og:description\" content=\"GORON S.A. has created its own department for the installation and maintenance of electronic security systems: GORON Syst\u00e8mes.\" \/>\n<meta property=\"og:url\" content=\"https:\/\/www.goron.fr\/en\/our-services\/technologies-systems\/electronic-security\/\" \/>\n<meta property=\"og:site_name\" content=\"Goron\" \/>\n<meta property=\"article:modified_time\" content=\"2020-02-14T16:50:06+00:00\" \/>\n<meta name=\"twitter:card\" content=\"summary_large_image\" \/>\n<meta name=\"twitter:label1\" content=\"Est. reading time\" \/>\n\t<meta name=\"twitter:data1\" content=\"1 minute\" \/>\n<script type=\"application\/ld+json\" class=\"yoast-schema-graph\">{\"@context\":\"https:\/\/schema.org\",\"@graph\":[{\"@type\":\"WebPage\",\"@id\":\"https:\/\/www.goron.fr\/en\/our-services\/technologies-systems\/electronic-security\/\",\"url\":\"https:\/\/www.goron.fr\/en\/our-services\/technologies-systems\/electronic-security\/\",\"name\":\"Electronic security - GORON S.A.S\",\"isPartOf\":{\"@id\":\"https:\/\/www.goron.fr\/#website\"},\"datePublished\":\"2020-01-21T12:14:31+00:00\",\"dateModified\":\"2020-02-14T16:50:06+00:00\",\"description\":\"GORON S.A. has created its own department for the installation and maintenance of electronic security systems: GORON Syst\u00e8mes.\",\"breadcrumb\":{\"@id\":\"https:\/\/www.goron.fr\/en\/our-services\/technologies-systems\/electronic-security\/#breadcrumb\"},\"inLanguage\":\"en-US\",\"potentialAction\":[{\"@type\":\"ReadAction\",\"target\":[\"https:\/\/www.goron.fr\/en\/our-services\/technologies-systems\/electronic-security\/\"]}]},{\"@type\":\"BreadcrumbList\",\"@id\":\"https:\/\/www.goron.fr\/en\/our-services\/technologies-systems\/electronic-security\/#breadcrumb\",\"itemListElement\":[{\"@type\":\"ListItem\",\"position\":1,\"name\":\"Accueil\",\"item\":\"https:\/\/www.goron.fr\/\"},{\"@type\":\"ListItem\",\"position\":2,\"name\":\"OUR SERVICES\",\"item\":\"https:\/\/www.goron.fr\/en\/our-services\/\"},{\"@type\":\"ListItem\",\"position\":3,\"name\":\"TECHNOLOGIES &#038; SYSTEMS\",\"item\":\"https:\/\/www.goron.fr\/en\/our-services\/technologies-systems\/\"},{\"@type\":\"ListItem\",\"position\":4,\"name\":\"ELECTRONIC SECURITY\"}]},{\"@type\":\"WebSite\",\"@id\":\"https:\/\/www.goron.fr\/#website\",\"url\":\"https:\/\/www.goron.fr\/\",\"name\":\"Goron\",\"description\":\"S\u00e9curit\u00e9 Priv\u00e9e\",\"potentialAction\":[{\"@type\":\"SearchAction\",\"target\":{\"@type\":\"EntryPoint\",\"urlTemplate\":\"https:\/\/www.goron.fr\/?s={search_term_string}\"},\"query-input\":\"required name=search_term_string\"}],\"inLanguage\":\"en-US\"}]}<\/script>\n<!-- \/ Yoast SEO plugin. -->","yoast_head_json":{"title":"Electronic security - GORON S.A.S","description":"GORON S.A. has created its own department for the installation and maintenance of electronic security systems: GORON Syst\u00e8mes.","robots":{"index":"index","follow":"follow","max-snippet":"max-snippet:-1","max-image-preview":"max-image-preview:large","max-video-preview":"max-video-preview:-1"},"canonical":"https:\/\/www.goron.fr\/en\/our-services\/technologies-systems\/electronic-security\/","og_locale":"en_US","og_type":"article","og_title":"Electronic security - GORON S.A.S","og_description":"GORON S.A. has created its own department for the installation and maintenance of electronic security systems: GORON Syst\u00e8mes.","og_url":"https:\/\/www.goron.fr\/en\/our-services\/technologies-systems\/electronic-security\/","og_site_name":"Goron","article_modified_time":"2020-02-14T16:50:06+00:00","twitter_card":"summary_large_image","twitter_misc":{"Est. reading time":"1 minute"},"schema":{"@context":"https:\/\/schema.org","@graph":[{"@type":"WebPage","@id":"https:\/\/www.goron.fr\/en\/our-services\/technologies-systems\/electronic-security\/","url":"https:\/\/www.goron.fr\/en\/our-services\/technologies-systems\/electronic-security\/","name":"Electronic security - GORON S.A.S","isPartOf":{"@id":"https:\/\/www.goron.fr\/#website"},"datePublished":"2020-01-21T12:14:31+00:00","dateModified":"2020-02-14T16:50:06+00:00","description":"GORON S.A. has created its own department for the installation and maintenance of electronic security systems: GORON Syst\u00e8mes.","breadcrumb":{"@id":"https:\/\/www.goron.fr\/en\/our-services\/technologies-systems\/electronic-security\/#breadcrumb"},"inLanguage":"en-US","potentialAction":[{"@type":"ReadAction","target":["https:\/\/www.goron.fr\/en\/our-services\/technologies-systems\/electronic-security\/"]}]},{"@type":"BreadcrumbList","@id":"https:\/\/www.goron.fr\/en\/our-services\/technologies-systems\/electronic-security\/#breadcrumb","itemListElement":[{"@type":"ListItem","position":1,"name":"Accueil","item":"https:\/\/www.goron.fr\/"},{"@type":"ListItem","position":2,"name":"OUR SERVICES","item":"https:\/\/www.goron.fr\/en\/our-services\/"},{"@type":"ListItem","position":3,"name":"TECHNOLOGIES &#038; SYSTEMS","item":"https:\/\/www.goron.fr\/en\/our-services\/technologies-systems\/"},{"@type":"ListItem","position":4,"name":"ELECTRONIC SECURITY"}]},{"@type":"WebSite","@id":"https:\/\/www.goron.fr\/#website","url":"https:\/\/www.goron.fr\/","name":"Goron","description":"S\u00e9curit\u00e9 Priv\u00e9e","potentialAction":[{"@type":"SearchAction","target":{"@type":"EntryPoint","urlTemplate":"https:\/\/www.goron.fr\/?s={search_term_string}"},"query-input":"required name=search_term_string"}],"inLanguage":"en-US"}]}},"_links":{"self":[{"href":"https:\/\/www.goron.fr\/en\/wp-json\/wp\/v2\/pages\/12162\/"}],"collection":[{"href":"https:\/\/www.goron.fr\/en\/wp-json\/wp\/v2\/pages\/"}],"about":[{"href":"https:\/\/www.goron.fr\/en\/wp-json\/wp\/v2\/types\/page\/"}],"author":[{"embeddable":true,"href":"https:\/\/www.goron.fr\/en\/wp-json\/wp\/v2\/users\/1\/"}],"replies":[{"embeddable":true,"href":"https:\/\/www.goron.fr\/en\/wp-json\/wp\/v2\/comments\/?post=12162"}],"version-history":[{"count":3,"href":"https:\/\/www.goron.fr\/en\/wp-json\/wp\/v2\/pages\/12162\/revisions\/"}],"predecessor-version":[{"id":12707,"href":"https:\/\/www.goron.fr\/en\/wp-json\/wp\/v2\/pages\/12162\/revisions\/12707\/"}],"up":[{"embeddable":true,"href":"https:\/\/www.goron.fr\/en\/wp-json\/wp\/v2\/pages\/12158\/"}],"wp:attachment":[{"href":"https:\/\/www.goron.fr\/en\/wp-json\/wp\/v2\/media\/?parent=12162"}],"curies":[{"name":"wp","href":"https:\/\/api.w.org\/{rel}","templated":true}]}}