{"id":12151,"date":"2020-01-21T13:13:11","date_gmt":"2020-01-21T12:13:11","guid":{"rendered":"https:\/\/www.goron.fr\/our-services\/training-and-consulting\/safety-and-crisis-management-audit-solace\/"},"modified":"2020-01-21T13:13:12","modified_gmt":"2020-01-21T12:13:12","slug":"safety-and-crisis-management-audit-solace","status":"publish","type":"page","link":"https:\/\/www.goron.fr\/en\/our-services\/training-and-consulting\/safety-and-crisis-management-audit-solace\/","title":{"rendered":"Safety and crisis management audit &#8211; SOLACE"},"content":{"rendered":"<p><strong>GORON&#8217;s subsidiary SOLACE is a consulting firm specialized in safety risks and crisis management.<\/strong><\/p>\n<p>All services are based on elaborate strategies implemented within major corporate groups throughout the national territory but also worldwide.<\/p>\n<p>These methodologies help companies and state actors in their safety-risk day-to-day management and assist them to deal with the crisis they might be exposed to.<\/p>\n<p><strong>Safety risk management<\/strong><\/p>\n<ul>\n<li>Safety risk analysis<\/li>\n<li>Safety audit<\/li>\n<li>Safety policy set up<\/li>\n<li>Procedures and guidelines drafting<\/li>\n<\/ul>\n<p><strong>Crisis management<\/strong><\/p>\n<ul>\n<li>Crisis management organisation set up<\/li>\n<li>Crisis management plan and CPA drafting<\/li>\n<li>Crisis management exercises<\/li>\n<li>Crisis period assistance<\/li>\n<\/ul>\n","protected":false},"excerpt":{"rendered":"<p>GORON&#8217;s subsidiary SOLACE is a consulting firm specialized in safety risks and crisis management. All services are based on elaborate strategies implemented within major corporate groups throughout the national territory but also worldwide. These methodologies help companies and state actors in their safety-risk day-to-day management and assist them to deal with the crisis they might<a href=\"https:\/\/www.goron.fr\/en\/our-services\/training-and-consulting\/safety-and-crisis-management-audit-solace\/\"><i class=\"chevron right icon\"><\/i><\/a><\/p>\n","protected":false},"author":1,"featured_media":0,"parent":12134,"menu_order":151,"comment_status":"closed","ping_status":"closed","template":"","meta":{"_acf_changed":false,"footnotes":""},"acf":[],"yoast_head":"<!-- This site is optimized with the Yoast SEO plugin v19.13 - https:\/\/yoast.com\/wordpress\/plugins\/seo\/ -->\n<title>Safety and crisis management audit \/ SOLACE - Goron S.A.S<\/title>\n<meta name=\"description\" content=\"GORON&#039;s subsidiary SOLACE is a consulting firm specialized in safety risks and crisis management.\" \/>\n<meta name=\"robots\" content=\"index, follow, max-snippet:-1, max-image-preview:large, max-video-preview:-1\" \/>\n<link rel=\"canonical\" href=\"https:\/\/www.goron.fr\/en\/our-services\/training-and-consulting\/safety-and-crisis-management-audit-solace\/\" \/>\n<meta property=\"og:locale\" content=\"en_US\" \/>\n<meta property=\"og:type\" content=\"article\" \/>\n<meta property=\"og:title\" content=\"Safety and crisis management audit \/ SOLACE - Goron S.A.S\" \/>\n<meta property=\"og:description\" content=\"GORON&#039;s subsidiary SOLACE is a consulting firm specialized in safety risks and crisis management.\" \/>\n<meta property=\"og:url\" content=\"https:\/\/www.goron.fr\/en\/our-services\/training-and-consulting\/safety-and-crisis-management-audit-solace\/\" \/>\n<meta property=\"og:site_name\" content=\"Goron\" \/>\n<meta property=\"article:modified_time\" content=\"2020-01-21T12:13:12+00:00\" \/>\n<meta name=\"twitter:card\" content=\"summary_large_image\" \/>\n<script type=\"application\/ld+json\" class=\"yoast-schema-graph\">{\"@context\":\"https:\/\/schema.org\",\"@graph\":[{\"@type\":\"WebPage\",\"@id\":\"https:\/\/www.goron.fr\/en\/our-services\/training-and-consulting\/safety-and-crisis-management-audit-solace\/\",\"url\":\"https:\/\/www.goron.fr\/en\/our-services\/training-and-consulting\/safety-and-crisis-management-audit-solace\/\",\"name\":\"Safety and crisis management audit \/ SOLACE - Goron S.A.S\",\"isPartOf\":{\"@id\":\"https:\/\/www.goron.fr\/#website\"},\"datePublished\":\"2020-01-21T12:13:11+00:00\",\"dateModified\":\"2020-01-21T12:13:12+00:00\",\"description\":\"GORON's subsidiary SOLACE is a consulting firm specialized in safety risks and crisis management.\",\"breadcrumb\":{\"@id\":\"https:\/\/www.goron.fr\/en\/our-services\/training-and-consulting\/safety-and-crisis-management-audit-solace\/#breadcrumb\"},\"inLanguage\":\"en-US\",\"potentialAction\":[{\"@type\":\"ReadAction\",\"target\":[\"https:\/\/www.goron.fr\/en\/our-services\/training-and-consulting\/safety-and-crisis-management-audit-solace\/\"]}]},{\"@type\":\"BreadcrumbList\",\"@id\":\"https:\/\/www.goron.fr\/en\/our-services\/training-and-consulting\/safety-and-crisis-management-audit-solace\/#breadcrumb\",\"itemListElement\":[{\"@type\":\"ListItem\",\"position\":1,\"name\":\"Accueil\",\"item\":\"https:\/\/www.goron.fr\/\"},{\"@type\":\"ListItem\",\"position\":2,\"name\":\"OUR SERVICES\",\"item\":\"https:\/\/www.goron.fr\/en\/our-services\/\"},{\"@type\":\"ListItem\",\"position\":3,\"name\":\"Training and consulting\",\"item\":\"https:\/\/www.goron.fr\/en\/our-services\/training-and-consulting\/\"},{\"@type\":\"ListItem\",\"position\":4,\"name\":\"Safety and crisis management audit &#8211; SOLACE\"}]},{\"@type\":\"WebSite\",\"@id\":\"https:\/\/www.goron.fr\/#website\",\"url\":\"https:\/\/www.goron.fr\/\",\"name\":\"Goron\",\"description\":\"S\u00e9curit\u00e9 Priv\u00e9e\",\"potentialAction\":[{\"@type\":\"SearchAction\",\"target\":{\"@type\":\"EntryPoint\",\"urlTemplate\":\"https:\/\/www.goron.fr\/?s={search_term_string}\"},\"query-input\":\"required name=search_term_string\"}],\"inLanguage\":\"en-US\"}]}<\/script>\n<!-- \/ Yoast SEO plugin. -->","yoast_head_json":{"title":"Safety and crisis management audit \/ SOLACE - Goron S.A.S","description":"GORON's subsidiary SOLACE is a consulting firm specialized in safety risks and crisis management.","robots":{"index":"index","follow":"follow","max-snippet":"max-snippet:-1","max-image-preview":"max-image-preview:large","max-video-preview":"max-video-preview:-1"},"canonical":"https:\/\/www.goron.fr\/en\/our-services\/training-and-consulting\/safety-and-crisis-management-audit-solace\/","og_locale":"en_US","og_type":"article","og_title":"Safety and crisis management audit \/ SOLACE - Goron S.A.S","og_description":"GORON's subsidiary SOLACE is a consulting firm specialized in safety risks and crisis management.","og_url":"https:\/\/www.goron.fr\/en\/our-services\/training-and-consulting\/safety-and-crisis-management-audit-solace\/","og_site_name":"Goron","article_modified_time":"2020-01-21T12:13:12+00:00","twitter_card":"summary_large_image","schema":{"@context":"https:\/\/schema.org","@graph":[{"@type":"WebPage","@id":"https:\/\/www.goron.fr\/en\/our-services\/training-and-consulting\/safety-and-crisis-management-audit-solace\/","url":"https:\/\/www.goron.fr\/en\/our-services\/training-and-consulting\/safety-and-crisis-management-audit-solace\/","name":"Safety and crisis management audit \/ SOLACE - Goron S.A.S","isPartOf":{"@id":"https:\/\/www.goron.fr\/#website"},"datePublished":"2020-01-21T12:13:11+00:00","dateModified":"2020-01-21T12:13:12+00:00","description":"GORON's subsidiary SOLACE is a consulting firm specialized in safety risks and crisis management.","breadcrumb":{"@id":"https:\/\/www.goron.fr\/en\/our-services\/training-and-consulting\/safety-and-crisis-management-audit-solace\/#breadcrumb"},"inLanguage":"en-US","potentialAction":[{"@type":"ReadAction","target":["https:\/\/www.goron.fr\/en\/our-services\/training-and-consulting\/safety-and-crisis-management-audit-solace\/"]}]},{"@type":"BreadcrumbList","@id":"https:\/\/www.goron.fr\/en\/our-services\/training-and-consulting\/safety-and-crisis-management-audit-solace\/#breadcrumb","itemListElement":[{"@type":"ListItem","position":1,"name":"Accueil","item":"https:\/\/www.goron.fr\/"},{"@type":"ListItem","position":2,"name":"OUR SERVICES","item":"https:\/\/www.goron.fr\/en\/our-services\/"},{"@type":"ListItem","position":3,"name":"Training and consulting","item":"https:\/\/www.goron.fr\/en\/our-services\/training-and-consulting\/"},{"@type":"ListItem","position":4,"name":"Safety and crisis management audit &#8211; SOLACE"}]},{"@type":"WebSite","@id":"https:\/\/www.goron.fr\/#website","url":"https:\/\/www.goron.fr\/","name":"Goron","description":"S\u00e9curit\u00e9 Priv\u00e9e","potentialAction":[{"@type":"SearchAction","target":{"@type":"EntryPoint","urlTemplate":"https:\/\/www.goron.fr\/?s={search_term_string}"},"query-input":"required name=search_term_string"}],"inLanguage":"en-US"}]}},"_links":{"self":[{"href":"https:\/\/www.goron.fr\/en\/wp-json\/wp\/v2\/pages\/12151\/"}],"collection":[{"href":"https:\/\/www.goron.fr\/en\/wp-json\/wp\/v2\/pages\/"}],"about":[{"href":"https:\/\/www.goron.fr\/en\/wp-json\/wp\/v2\/types\/page\/"}],"author":[{"embeddable":true,"href":"https:\/\/www.goron.fr\/en\/wp-json\/wp\/v2\/users\/1\/"}],"replies":[{"embeddable":true,"href":"https:\/\/www.goron.fr\/en\/wp-json\/wp\/v2\/comments\/?post=12151"}],"version-history":[{"count":1,"href":"https:\/\/www.goron.fr\/en\/wp-json\/wp\/v2\/pages\/12151\/revisions\/"}],"predecessor-version":[{"id":12157,"href":"https:\/\/www.goron.fr\/en\/wp-json\/wp\/v2\/pages\/12151\/revisions\/12157\/"}],"up":[{"embeddable":true,"href":"https:\/\/www.goron.fr\/en\/wp-json\/wp\/v2\/pages\/12134\/"}],"wp:attachment":[{"href":"https:\/\/www.goron.fr\/en\/wp-json\/wp\/v2\/media\/?parent=12151"}],"curies":[{"name":"wp","href":"https:\/\/api.w.org\/{rel}","templated":true}]}}