{"id":12146,"date":"2020-01-21T13:04:28","date_gmt":"2020-01-21T12:04:28","guid":{"rendered":"https:\/\/www.goron.fr\/our-services\/training-and-consulting\/safety-audit-and-consulting\/"},"modified":"2021-10-26T15:19:10","modified_gmt":"2021-10-26T13:19:10","slug":"safety-audit-and-consulting","status":"publish","type":"page","link":"https:\/\/www.goron.fr\/en\/our-services\/training-and-consulting\/safety-audit-and-consulting\/","title":{"rendered":"Safety audit and consulting"},"content":{"rendered":"<p><strong>The security obligations you are required to follow are more and more complex and difficult to apprehend. The regulatory and jurisprudential contexts are always changing. Your own security and risk management challenges are evolving, rendering your former decisions obsolete.<\/strong><\/p>\n<p>With the experts of our training and consulting center, <a href=\"https:\/\/www.cecys.fr\">CECYS<\/a>, we assist you in the analysis of your safety issues and decision making. We can also take care of the full recommandation following a thorough audit.<\/p>\n<p><strong>Services<\/strong><\/p>\n<ul>\n<li>Security audit<\/li>\n<li>Post-damage assistance<\/li>\n<\/ul>\n<p>&nbsp;<\/p>\n<ul>\n<li><strong>Listen: <\/strong>collecting and understanding your needs and challenges<\/li>\n<li><strong>Verify:\u00a0<\/strong>measuring the potential gaps between speech and reality, following your challenges or regulations.<\/li>\n<li><strong>Analyse:\u00a0<\/strong>identifying and caracterising your risks, evaluating them and measuring your weaknesses<\/li>\n<li><strong>Render:\u00a0<\/strong>prescribing our analysis and solutions.<\/li>\n<li><strong>Help:<\/strong> planning improving ou modifying actions and follow their setting up.<\/li>\n<\/ul>\n<p><em>Discover more on <a href=\"https:\/\/www.cecys.fr\">CECYS&#8217;s website<\/a><\/em><\/p>\n<p>&nbsp;<\/p>\n","protected":false},"excerpt":{"rendered":"<p>The security obligations you are required to follow are more and more complex and difficult to apprehend. The regulatory and jurisprudential contexts are always changing. Your own security and risk management challenges are evolving, rendering your former decisions obsolete. With the experts of our training and consulting center, CECYS, we assist you in the analysis<a href=\"https:\/\/www.goron.fr\/en\/our-services\/training-and-consulting\/safety-audit-and-consulting\/\"><i class=\"chevron right icon\"><\/i><\/a><\/p>\n","protected":false},"author":1,"featured_media":0,"parent":12134,"menu_order":149,"comment_status":"closed","ping_status":"closed","template":"","meta":{"_acf_changed":false,"footnotes":""},"acf":[],"yoast_head":"<!-- This site is optimized with the Yoast SEO plugin v19.13 - https:\/\/yoast.com\/wordpress\/plugins\/seo\/ -->\n<title>Safety audit and consulting - Goron S.A.S<\/title>\n<meta name=\"description\" content=\"With the experts of our training and consulting center, CECYS, we assist you in the analysis of your safety issues and decision making. We can also take care of the full recommandation following a thorough audit.\u00a0\" \/>\n<meta name=\"robots\" content=\"index, follow, max-snippet:-1, max-image-preview:large, max-video-preview:-1\" \/>\n<link rel=\"canonical\" href=\"https:\/\/www.goron.fr\/en\/our-services\/training-and-consulting\/safety-audit-and-consulting\/\" \/>\n<meta property=\"og:locale\" content=\"en_US\" \/>\n<meta property=\"og:type\" content=\"article\" \/>\n<meta property=\"og:title\" content=\"Safety audit and consulting - Goron S.A.S\" \/>\n<meta property=\"og:description\" content=\"With the experts of our training and consulting center, CECYS, we assist you in the analysis of your safety issues and decision making. We can also take care of the full recommandation following a thorough audit.\u00a0\" \/>\n<meta property=\"og:url\" content=\"https:\/\/www.goron.fr\/en\/our-services\/training-and-consulting\/safety-audit-and-consulting\/\" \/>\n<meta property=\"og:site_name\" content=\"Goron\" \/>\n<meta property=\"article:modified_time\" content=\"2021-10-26T13:19:10+00:00\" \/>\n<meta name=\"twitter:card\" content=\"summary_large_image\" \/>\n<meta name=\"twitter:label1\" content=\"Est. reading time\" \/>\n\t<meta name=\"twitter:data1\" content=\"1 minute\" \/>\n<script type=\"application\/ld+json\" class=\"yoast-schema-graph\">{\"@context\":\"https:\/\/schema.org\",\"@graph\":[{\"@type\":\"WebPage\",\"@id\":\"https:\/\/www.goron.fr\/en\/our-services\/training-and-consulting\/safety-audit-and-consulting\/\",\"url\":\"https:\/\/www.goron.fr\/en\/our-services\/training-and-consulting\/safety-audit-and-consulting\/\",\"name\":\"Safety audit and consulting - Goron S.A.S\",\"isPartOf\":{\"@id\":\"https:\/\/www.goron.fr\/#website\"},\"datePublished\":\"2020-01-21T12:04:28+00:00\",\"dateModified\":\"2021-10-26T13:19:10+00:00\",\"description\":\"With the experts of our training and consulting center, CECYS, we assist you in the analysis of your safety issues and decision making. We can also take care of the full recommandation following a thorough audit.\u00a0\",\"breadcrumb\":{\"@id\":\"https:\/\/www.goron.fr\/en\/our-services\/training-and-consulting\/safety-audit-and-consulting\/#breadcrumb\"},\"inLanguage\":\"en-US\",\"potentialAction\":[{\"@type\":\"ReadAction\",\"target\":[\"https:\/\/www.goron.fr\/en\/our-services\/training-and-consulting\/safety-audit-and-consulting\/\"]}]},{\"@type\":\"BreadcrumbList\",\"@id\":\"https:\/\/www.goron.fr\/en\/our-services\/training-and-consulting\/safety-audit-and-consulting\/#breadcrumb\",\"itemListElement\":[{\"@type\":\"ListItem\",\"position\":1,\"name\":\"Accueil\",\"item\":\"https:\/\/www.goron.fr\/\"},{\"@type\":\"ListItem\",\"position\":2,\"name\":\"OUR SERVICES\",\"item\":\"https:\/\/www.goron.fr\/en\/our-services\/\"},{\"@type\":\"ListItem\",\"position\":3,\"name\":\"Training and consulting\",\"item\":\"https:\/\/www.goron.fr\/en\/our-services\/training-and-consulting\/\"},{\"@type\":\"ListItem\",\"position\":4,\"name\":\"Safety audit and consulting\"}]},{\"@type\":\"WebSite\",\"@id\":\"https:\/\/www.goron.fr\/#website\",\"url\":\"https:\/\/www.goron.fr\/\",\"name\":\"Goron\",\"description\":\"S\u00e9curit\u00e9 Priv\u00e9e\",\"potentialAction\":[{\"@type\":\"SearchAction\",\"target\":{\"@type\":\"EntryPoint\",\"urlTemplate\":\"https:\/\/www.goron.fr\/?s={search_term_string}\"},\"query-input\":\"required name=search_term_string\"}],\"inLanguage\":\"en-US\"}]}<\/script>\n<!-- \/ Yoast SEO plugin. -->","yoast_head_json":{"title":"Safety audit and consulting - Goron S.A.S","description":"With the experts of our training and consulting center, CECYS, we assist you in the analysis of your safety issues and decision making. We can also take care of the full recommandation following a thorough audit.\u00a0","robots":{"index":"index","follow":"follow","max-snippet":"max-snippet:-1","max-image-preview":"max-image-preview:large","max-video-preview":"max-video-preview:-1"},"canonical":"https:\/\/www.goron.fr\/en\/our-services\/training-and-consulting\/safety-audit-and-consulting\/","og_locale":"en_US","og_type":"article","og_title":"Safety audit and consulting - Goron S.A.S","og_description":"With the experts of our training and consulting center, CECYS, we assist you in the analysis of your safety issues and decision making. We can also take care of the full recommandation following a thorough audit.\u00a0","og_url":"https:\/\/www.goron.fr\/en\/our-services\/training-and-consulting\/safety-audit-and-consulting\/","og_site_name":"Goron","article_modified_time":"2021-10-26T13:19:10+00:00","twitter_card":"summary_large_image","twitter_misc":{"Est. reading time":"1 minute"},"schema":{"@context":"https:\/\/schema.org","@graph":[{"@type":"WebPage","@id":"https:\/\/www.goron.fr\/en\/our-services\/training-and-consulting\/safety-audit-and-consulting\/","url":"https:\/\/www.goron.fr\/en\/our-services\/training-and-consulting\/safety-audit-and-consulting\/","name":"Safety audit and consulting - Goron S.A.S","isPartOf":{"@id":"https:\/\/www.goron.fr\/#website"},"datePublished":"2020-01-21T12:04:28+00:00","dateModified":"2021-10-26T13:19:10+00:00","description":"With the experts of our training and consulting center, CECYS, we assist you in the analysis of your safety issues and decision making. We can also take care of the full recommandation following a thorough audit.\u00a0","breadcrumb":{"@id":"https:\/\/www.goron.fr\/en\/our-services\/training-and-consulting\/safety-audit-and-consulting\/#breadcrumb"},"inLanguage":"en-US","potentialAction":[{"@type":"ReadAction","target":["https:\/\/www.goron.fr\/en\/our-services\/training-and-consulting\/safety-audit-and-consulting\/"]}]},{"@type":"BreadcrumbList","@id":"https:\/\/www.goron.fr\/en\/our-services\/training-and-consulting\/safety-audit-and-consulting\/#breadcrumb","itemListElement":[{"@type":"ListItem","position":1,"name":"Accueil","item":"https:\/\/www.goron.fr\/"},{"@type":"ListItem","position":2,"name":"OUR SERVICES","item":"https:\/\/www.goron.fr\/en\/our-services\/"},{"@type":"ListItem","position":3,"name":"Training and consulting","item":"https:\/\/www.goron.fr\/en\/our-services\/training-and-consulting\/"},{"@type":"ListItem","position":4,"name":"Safety audit and consulting"}]},{"@type":"WebSite","@id":"https:\/\/www.goron.fr\/#website","url":"https:\/\/www.goron.fr\/","name":"Goron","description":"S\u00e9curit\u00e9 Priv\u00e9e","potentialAction":[{"@type":"SearchAction","target":{"@type":"EntryPoint","urlTemplate":"https:\/\/www.goron.fr\/?s={search_term_string}"},"query-input":"required name=search_term_string"}],"inLanguage":"en-US"}]}},"_links":{"self":[{"href":"https:\/\/www.goron.fr\/en\/wp-json\/wp\/v2\/pages\/12146\/"}],"collection":[{"href":"https:\/\/www.goron.fr\/en\/wp-json\/wp\/v2\/pages\/"}],"about":[{"href":"https:\/\/www.goron.fr\/en\/wp-json\/wp\/v2\/types\/page\/"}],"author":[{"embeddable":true,"href":"https:\/\/www.goron.fr\/en\/wp-json\/wp\/v2\/users\/1\/"}],"replies":[{"embeddable":true,"href":"https:\/\/www.goron.fr\/en\/wp-json\/wp\/v2\/comments\/?post=12146"}],"version-history":[{"count":3,"href":"https:\/\/www.goron.fr\/en\/wp-json\/wp\/v2\/pages\/12146\/revisions\/"}],"predecessor-version":[{"id":15958,"href":"https:\/\/www.goron.fr\/en\/wp-json\/wp\/v2\/pages\/12146\/revisions\/15958\/"}],"up":[{"embeddable":true,"href":"https:\/\/www.goron.fr\/en\/wp-json\/wp\/v2\/pages\/12134\/"}],"wp:attachment":[{"href":"https:\/\/www.goron.fr\/en\/wp-json\/wp\/v2\/media\/?parent=12146"}],"curies":[{"name":"wp","href":"https:\/\/api.w.org\/{rel}","templated":true}]}}