{"id":12142,"date":"2020-01-21T12:54:10","date_gmt":"2020-01-21T11:54:10","guid":{"rendered":"https:\/\/www.goron.fr\/our-services\/training-and-consulting\/esse-safety-training\/"},"modified":"2020-01-21T12:54:12","modified_gmt":"2020-01-21T11:54:12","slug":"esse-safety-training","status":"publish","type":"page","link":"https:\/\/www.goron.fr\/en\/our-services\/training-and-consulting\/esse-safety-training\/","title":{"rendered":"ESSE \u2013 SAFETY TRAINING"},"content":{"rendered":"<p><b>Founded in 2015, ESSE is the first school specialised in the professions of safety, security and corporate risk management.<\/b><\/p>\n<p>&nbsp;<\/p>\n<p><span style=\"font-weight: 400;\">The courses are mainly intended for company executives, security or safety managers.<\/span><\/p>\n<p>&nbsp;<\/p>\n<p><b>The course offering of the ESSE is structured around three main options:<\/b><\/p>\n<p>&nbsp;<\/p>\n<p><span style=\"font-weight: 400;\">&#8211; \u201cLong cycles\u201d (300 hours) to train managers to the implementation of management systems in the fields of safety and crisis management.<\/span><\/p>\n<p><span style=\"font-weight: 400;\">&#8211; \u201cShort cycles\u201d (84 hours) to develop essential skills for safety and crisis management.<\/span><\/p>\n<p><span style=\"font-weight: 400;\">&#8211; \u201cSpecialised modules\u201d (1 to 3 days) opt for direct skill transfer in the key areas of risk management, in a short time period.<\/span><\/p>\n<p>&nbsp;<\/p>\n<p><span style=\"font-weight: 400;\">By training qualified managers, the school goal is to allow companies to gain autonomy in the management of their risks and to optimise their prevention and protection systems.<\/span><\/p>\n<p>&nbsp;<\/p>\n<p><i><span style=\"font-weight: 400;\">To find out more, please visit the ESSE website.<\/span><\/i><\/p>\n","protected":false},"excerpt":{"rendered":"<p>Founded in 2015, ESSE is the first school specialised in the professions of safety, security and corporate risk management. &nbsp; The courses are mainly intended for company executives, security or safety managers. &nbsp; The course offering of the ESSE is structured around three main options: &nbsp; &#8211; \u201cLong cycles\u201d (300 hours) to train managers to<a href=\"https:\/\/www.goron.fr\/en\/our-services\/training-and-consulting\/esse-safety-training\/\"><i class=\"chevron right icon\"><\/i><\/a><\/p>\n","protected":false},"author":1,"featured_media":0,"parent":12134,"menu_order":147,"comment_status":"closed","ping_status":"closed","template":"","meta":{"_acf_changed":false,"footnotes":""},"acf":[],"yoast_head":"<!-- This site is optimized with the Yoast SEO plugin v19.13 - https:\/\/yoast.com\/wordpress\/plugins\/seo\/ -->\n<title>Safety and risk management - GORON S.A.S<\/title>\n<meta name=\"description\" content=\"Founded by GORON in 2015, ESSE is the first school specialised in the professions of safety, security and corporate risk management.\" \/>\n<meta name=\"robots\" content=\"index, follow, max-snippet:-1, max-image-preview:large, max-video-preview:-1\" \/>\n<link rel=\"canonical\" href=\"https:\/\/www.goron.fr\/en\/our-services\/training-and-consulting\/esse-safety-training\/\" \/>\n<meta property=\"og:locale\" content=\"en_US\" \/>\n<meta property=\"og:type\" content=\"article\" \/>\n<meta property=\"og:title\" content=\"Safety and risk management - GORON S.A.S\" \/>\n<meta property=\"og:description\" content=\"Founded by GORON in 2015, ESSE is the first school specialised in the professions of safety, security and corporate risk management.\" \/>\n<meta property=\"og:url\" content=\"https:\/\/www.goron.fr\/en\/our-services\/training-and-consulting\/esse-safety-training\/\" \/>\n<meta property=\"og:site_name\" content=\"Goron\" \/>\n<meta property=\"article:modified_time\" content=\"2020-01-21T11:54:12+00:00\" \/>\n<meta name=\"twitter:card\" content=\"summary_large_image\" \/>\n<meta name=\"twitter:label1\" content=\"Est. reading time\" \/>\n\t<meta name=\"twitter:data1\" content=\"1 minute\" \/>\n<script type=\"application\/ld+json\" class=\"yoast-schema-graph\">{\"@context\":\"https:\/\/schema.org\",\"@graph\":[{\"@type\":\"WebPage\",\"@id\":\"https:\/\/www.goron.fr\/en\/our-services\/training-and-consulting\/esse-safety-training\/\",\"url\":\"https:\/\/www.goron.fr\/en\/our-services\/training-and-consulting\/esse-safety-training\/\",\"name\":\"Safety and risk management - GORON S.A.S\",\"isPartOf\":{\"@id\":\"https:\/\/www.goron.fr\/#website\"},\"datePublished\":\"2020-01-21T11:54:10+00:00\",\"dateModified\":\"2020-01-21T11:54:12+00:00\",\"description\":\"Founded by GORON in 2015, ESSE is the first school specialised in the professions of safety, security and corporate risk management.\",\"breadcrumb\":{\"@id\":\"https:\/\/www.goron.fr\/en\/our-services\/training-and-consulting\/esse-safety-training\/#breadcrumb\"},\"inLanguage\":\"en-US\",\"potentialAction\":[{\"@type\":\"ReadAction\",\"target\":[\"https:\/\/www.goron.fr\/en\/our-services\/training-and-consulting\/esse-safety-training\/\"]}]},{\"@type\":\"BreadcrumbList\",\"@id\":\"https:\/\/www.goron.fr\/en\/our-services\/training-and-consulting\/esse-safety-training\/#breadcrumb\",\"itemListElement\":[{\"@type\":\"ListItem\",\"position\":1,\"name\":\"Accueil\",\"item\":\"https:\/\/www.goron.fr\/\"},{\"@type\":\"ListItem\",\"position\":2,\"name\":\"OUR SERVICES\",\"item\":\"https:\/\/www.goron.fr\/en\/our-services\/\"},{\"@type\":\"ListItem\",\"position\":3,\"name\":\"Training and consulting\",\"item\":\"https:\/\/www.goron.fr\/en\/our-services\/training-and-consulting\/\"},{\"@type\":\"ListItem\",\"position\":4,\"name\":\"ESSE \u2013 SAFETY TRAINING\"}]},{\"@type\":\"WebSite\",\"@id\":\"https:\/\/www.goron.fr\/#website\",\"url\":\"https:\/\/www.goron.fr\/\",\"name\":\"Goron\",\"description\":\"S\u00e9curit\u00e9 Priv\u00e9e\",\"potentialAction\":[{\"@type\":\"SearchAction\",\"target\":{\"@type\":\"EntryPoint\",\"urlTemplate\":\"https:\/\/www.goron.fr\/?s={search_term_string}\"},\"query-input\":\"required name=search_term_string\"}],\"inLanguage\":\"en-US\"}]}<\/script>\n<!-- \/ Yoast SEO plugin. -->","yoast_head_json":{"title":"Safety and risk management - GORON S.A.S","description":"Founded by GORON in 2015, ESSE is the first school specialised in the professions of safety, security and corporate risk management.","robots":{"index":"index","follow":"follow","max-snippet":"max-snippet:-1","max-image-preview":"max-image-preview:large","max-video-preview":"max-video-preview:-1"},"canonical":"https:\/\/www.goron.fr\/en\/our-services\/training-and-consulting\/esse-safety-training\/","og_locale":"en_US","og_type":"article","og_title":"Safety and risk management - GORON S.A.S","og_description":"Founded by GORON in 2015, ESSE is the first school specialised in the professions of safety, security and corporate risk management.","og_url":"https:\/\/www.goron.fr\/en\/our-services\/training-and-consulting\/esse-safety-training\/","og_site_name":"Goron","article_modified_time":"2020-01-21T11:54:12+00:00","twitter_card":"summary_large_image","twitter_misc":{"Est. reading time":"1 minute"},"schema":{"@context":"https:\/\/schema.org","@graph":[{"@type":"WebPage","@id":"https:\/\/www.goron.fr\/en\/our-services\/training-and-consulting\/esse-safety-training\/","url":"https:\/\/www.goron.fr\/en\/our-services\/training-and-consulting\/esse-safety-training\/","name":"Safety and risk management - GORON S.A.S","isPartOf":{"@id":"https:\/\/www.goron.fr\/#website"},"datePublished":"2020-01-21T11:54:10+00:00","dateModified":"2020-01-21T11:54:12+00:00","description":"Founded by GORON in 2015, ESSE is the first school specialised in the professions of safety, security and corporate risk management.","breadcrumb":{"@id":"https:\/\/www.goron.fr\/en\/our-services\/training-and-consulting\/esse-safety-training\/#breadcrumb"},"inLanguage":"en-US","potentialAction":[{"@type":"ReadAction","target":["https:\/\/www.goron.fr\/en\/our-services\/training-and-consulting\/esse-safety-training\/"]}]},{"@type":"BreadcrumbList","@id":"https:\/\/www.goron.fr\/en\/our-services\/training-and-consulting\/esse-safety-training\/#breadcrumb","itemListElement":[{"@type":"ListItem","position":1,"name":"Accueil","item":"https:\/\/www.goron.fr\/"},{"@type":"ListItem","position":2,"name":"OUR SERVICES","item":"https:\/\/www.goron.fr\/en\/our-services\/"},{"@type":"ListItem","position":3,"name":"Training and consulting","item":"https:\/\/www.goron.fr\/en\/our-services\/training-and-consulting\/"},{"@type":"ListItem","position":4,"name":"ESSE \u2013 SAFETY TRAINING"}]},{"@type":"WebSite","@id":"https:\/\/www.goron.fr\/#website","url":"https:\/\/www.goron.fr\/","name":"Goron","description":"S\u00e9curit\u00e9 Priv\u00e9e","potentialAction":[{"@type":"SearchAction","target":{"@type":"EntryPoint","urlTemplate":"https:\/\/www.goron.fr\/?s={search_term_string}"},"query-input":"required name=search_term_string"}],"inLanguage":"en-US"}]}},"_links":{"self":[{"href":"https:\/\/www.goron.fr\/en\/wp-json\/wp\/v2\/pages\/12142\/"}],"collection":[{"href":"https:\/\/www.goron.fr\/en\/wp-json\/wp\/v2\/pages\/"}],"about":[{"href":"https:\/\/www.goron.fr\/en\/wp-json\/wp\/v2\/types\/page\/"}],"author":[{"embeddable":true,"href":"https:\/\/www.goron.fr\/en\/wp-json\/wp\/v2\/users\/1\/"}],"replies":[{"embeddable":true,"href":"https:\/\/www.goron.fr\/en\/wp-json\/wp\/v2\/comments\/?post=12142"}],"version-history":[{"count":1,"href":"https:\/\/www.goron.fr\/en\/wp-json\/wp\/v2\/pages\/12142\/revisions\/"}],"predecessor-version":[{"id":12145,"href":"https:\/\/www.goron.fr\/en\/wp-json\/wp\/v2\/pages\/12142\/revisions\/12145\/"}],"up":[{"embeddable":true,"href":"https:\/\/www.goron.fr\/en\/wp-json\/wp\/v2\/pages\/12134\/"}],"wp:attachment":[{"href":"https:\/\/www.goron.fr\/en\/wp-json\/wp\/v2\/media\/?parent=12142"}],"curies":[{"name":"wp","href":"https:\/\/api.w.org\/{rel}","templated":true}]}}