{"id":12139,"date":"2020-01-21T12:52:44","date_gmt":"2020-01-21T11:52:44","guid":{"rendered":"https:\/\/www.goron.fr\/our-services\/training-and-consulting\/private-security-officers-training\/"},"modified":"2021-10-26T15:19:10","modified_gmt":"2021-10-26T13:19:10","slug":"private-security-officers-training","status":"publish","type":"page","link":"https:\/\/www.goron.fr\/en\/our-services\/training-and-consulting\/private-security-officers-training\/","title":{"rendered":"Private security officers training"},"content":{"rendered":"<p><strong>GORON S.A.S has developed a recognized expertise in security professions training, through its dedicated subsidiary <a href=\"https:\/\/www.cecys.fr\" target=\"_blank\" rel=\"noopener noreferrer\">Cecys<\/a>, created in 1986.<\/strong><\/p>\n<p>With its 30 year-experience, CECYS is one of the most renowned training and consulting organisms in the security and risk management field. The training sessions are given by highly-trained professionals, recruited according to their field\u00a0 (official first-aid services, police, security specialists) and corporate experience. All of our sector evolutions are analyzed and are added to the class material.<\/p>\n<h3><strong>Our services\u00a0<\/strong><\/h3>\n<ul>\n<li>Fire safety risk management<\/li>\n<li><span style=\"font-weight: 400;\">The essential training for all future security officers, from <a href=\"http:\/\/www.cecys.fr\/Referentiels-Metiers\/agent-de-prevention-et-de-securite.html\" target=\"_blank\" rel=\"noopener noreferrer\">CQP APS\u00a0<\/a> to high-level formations in management<\/span><\/li>\n<li>Hygiene and occupational safety training<\/li>\n<li>Corporate and public consulting : the CECYS staff intervene as security representatives, unique security managers and SSO coordinators.<\/li>\n<\/ul>\n<p>Based in Ile-de-France with modern resources at disposal, CECYS has developed a national network which allows it to answer any requirement in France.<\/p>\n<p>Discover more on <a href=\"https:\/\/www.cecys.fr\">CECYS&#8217;s website<\/a><\/p>\n","protected":false},"excerpt":{"rendered":"<p>GORON S.A.S has developed a recognized expertise in security professions training, through its dedicated subsidiary Cecys, created in 1986. With its 30 year-experience, CECYS is one of the most renowned training and consulting organisms in the security and risk management field. The training sessions are given by highly-trained professionals, recruited according to their field\u00a0 (official<a href=\"https:\/\/www.goron.fr\/en\/our-services\/training-and-consulting\/private-security-officers-training\/\"><i class=\"chevron right icon\"><\/i><\/a><\/p>\n","protected":false},"author":1,"featured_media":0,"parent":12134,"menu_order":145,"comment_status":"closed","ping_status":"closed","template":"","meta":{"_acf_changed":false,"footnotes":""},"acf":[],"yoast_head":"<!-- This site is optimized with the Yoast SEO plugin v19.13 - https:\/\/yoast.com\/wordpress\/plugins\/seo\/ -->\n<title>Private security officers training<\/title>\n<meta name=\"description\" content=\"GORON S.A.S has developed a recognized expertise in security professions training, through its dedicated subsidiary Cecys, created in 1986.\" \/>\n<meta name=\"robots\" content=\"index, follow, max-snippet:-1, max-image-preview:large, max-video-preview:-1\" \/>\n<link rel=\"canonical\" href=\"https:\/\/www.goron.fr\/en\/our-services\/training-and-consulting\/private-security-officers-training\/\" \/>\n<meta property=\"og:locale\" content=\"en_US\" \/>\n<meta property=\"og:type\" content=\"article\" \/>\n<meta property=\"og:title\" content=\"Private security officers training\" \/>\n<meta property=\"og:description\" content=\"GORON S.A.S has developed a recognized expertise in security professions training, through its dedicated subsidiary Cecys, created in 1986.\" \/>\n<meta property=\"og:url\" content=\"https:\/\/www.goron.fr\/en\/our-services\/training-and-consulting\/private-security-officers-training\/\" \/>\n<meta property=\"og:site_name\" content=\"Goron\" \/>\n<meta property=\"article:modified_time\" content=\"2021-10-26T13:19:10+00:00\" \/>\n<meta name=\"twitter:card\" content=\"summary_large_image\" \/>\n<meta name=\"twitter:label1\" content=\"Est. reading time\" \/>\n\t<meta name=\"twitter:data1\" content=\"1 minute\" \/>\n<script type=\"application\/ld+json\" class=\"yoast-schema-graph\">{\"@context\":\"https:\/\/schema.org\",\"@graph\":[{\"@type\":\"WebPage\",\"@id\":\"https:\/\/www.goron.fr\/en\/our-services\/training-and-consulting\/private-security-officers-training\/\",\"url\":\"https:\/\/www.goron.fr\/en\/our-services\/training-and-consulting\/private-security-officers-training\/\",\"name\":\"Private security officers training\",\"isPartOf\":{\"@id\":\"https:\/\/www.goron.fr\/#website\"},\"datePublished\":\"2020-01-21T11:52:44+00:00\",\"dateModified\":\"2021-10-26T13:19:10+00:00\",\"description\":\"GORON S.A.S has developed a recognized expertise in security professions training, through its dedicated subsidiary Cecys, created in 1986.\",\"breadcrumb\":{\"@id\":\"https:\/\/www.goron.fr\/en\/our-services\/training-and-consulting\/private-security-officers-training\/#breadcrumb\"},\"inLanguage\":\"en-US\",\"potentialAction\":[{\"@type\":\"ReadAction\",\"target\":[\"https:\/\/www.goron.fr\/en\/our-services\/training-and-consulting\/private-security-officers-training\/\"]}]},{\"@type\":\"BreadcrumbList\",\"@id\":\"https:\/\/www.goron.fr\/en\/our-services\/training-and-consulting\/private-security-officers-training\/#breadcrumb\",\"itemListElement\":[{\"@type\":\"ListItem\",\"position\":1,\"name\":\"Accueil\",\"item\":\"https:\/\/www.goron.fr\/\"},{\"@type\":\"ListItem\",\"position\":2,\"name\":\"OUR SERVICES\",\"item\":\"https:\/\/www.goron.fr\/en\/our-services\/\"},{\"@type\":\"ListItem\",\"position\":3,\"name\":\"Training and consulting\",\"item\":\"https:\/\/www.goron.fr\/en\/our-services\/training-and-consulting\/\"},{\"@type\":\"ListItem\",\"position\":4,\"name\":\"Private security officers training\"}]},{\"@type\":\"WebSite\",\"@id\":\"https:\/\/www.goron.fr\/#website\",\"url\":\"https:\/\/www.goron.fr\/\",\"name\":\"Goron\",\"description\":\"S\u00e9curit\u00e9 Priv\u00e9e\",\"potentialAction\":[{\"@type\":\"SearchAction\",\"target\":{\"@type\":\"EntryPoint\",\"urlTemplate\":\"https:\/\/www.goron.fr\/?s={search_term_string}\"},\"query-input\":\"required name=search_term_string\"}],\"inLanguage\":\"en-US\"}]}<\/script>\n<!-- \/ Yoast SEO plugin. -->","yoast_head_json":{"title":"Private security officers training","description":"GORON S.A.S has developed a recognized expertise in security professions training, through its dedicated subsidiary Cecys, created in 1986.","robots":{"index":"index","follow":"follow","max-snippet":"max-snippet:-1","max-image-preview":"max-image-preview:large","max-video-preview":"max-video-preview:-1"},"canonical":"https:\/\/www.goron.fr\/en\/our-services\/training-and-consulting\/private-security-officers-training\/","og_locale":"en_US","og_type":"article","og_title":"Private security officers training","og_description":"GORON S.A.S has developed a recognized expertise in security professions training, through its dedicated subsidiary Cecys, created in 1986.","og_url":"https:\/\/www.goron.fr\/en\/our-services\/training-and-consulting\/private-security-officers-training\/","og_site_name":"Goron","article_modified_time":"2021-10-26T13:19:10+00:00","twitter_card":"summary_large_image","twitter_misc":{"Est. reading time":"1 minute"},"schema":{"@context":"https:\/\/schema.org","@graph":[{"@type":"WebPage","@id":"https:\/\/www.goron.fr\/en\/our-services\/training-and-consulting\/private-security-officers-training\/","url":"https:\/\/www.goron.fr\/en\/our-services\/training-and-consulting\/private-security-officers-training\/","name":"Private security officers training","isPartOf":{"@id":"https:\/\/www.goron.fr\/#website"},"datePublished":"2020-01-21T11:52:44+00:00","dateModified":"2021-10-26T13:19:10+00:00","description":"GORON S.A.S has developed a recognized expertise in security professions training, through its dedicated subsidiary Cecys, created in 1986.","breadcrumb":{"@id":"https:\/\/www.goron.fr\/en\/our-services\/training-and-consulting\/private-security-officers-training\/#breadcrumb"},"inLanguage":"en-US","potentialAction":[{"@type":"ReadAction","target":["https:\/\/www.goron.fr\/en\/our-services\/training-and-consulting\/private-security-officers-training\/"]}]},{"@type":"BreadcrumbList","@id":"https:\/\/www.goron.fr\/en\/our-services\/training-and-consulting\/private-security-officers-training\/#breadcrumb","itemListElement":[{"@type":"ListItem","position":1,"name":"Accueil","item":"https:\/\/www.goron.fr\/"},{"@type":"ListItem","position":2,"name":"OUR SERVICES","item":"https:\/\/www.goron.fr\/en\/our-services\/"},{"@type":"ListItem","position":3,"name":"Training and consulting","item":"https:\/\/www.goron.fr\/en\/our-services\/training-and-consulting\/"},{"@type":"ListItem","position":4,"name":"Private security officers training"}]},{"@type":"WebSite","@id":"https:\/\/www.goron.fr\/#website","url":"https:\/\/www.goron.fr\/","name":"Goron","description":"S\u00e9curit\u00e9 Priv\u00e9e","potentialAction":[{"@type":"SearchAction","target":{"@type":"EntryPoint","urlTemplate":"https:\/\/www.goron.fr\/?s={search_term_string}"},"query-input":"required name=search_term_string"}],"inLanguage":"en-US"}]}},"_links":{"self":[{"href":"https:\/\/www.goron.fr\/en\/wp-json\/wp\/v2\/pages\/12139\/"}],"collection":[{"href":"https:\/\/www.goron.fr\/en\/wp-json\/wp\/v2\/pages\/"}],"about":[{"href":"https:\/\/www.goron.fr\/en\/wp-json\/wp\/v2\/types\/page\/"}],"author":[{"embeddable":true,"href":"https:\/\/www.goron.fr\/en\/wp-json\/wp\/v2\/users\/1\/"}],"replies":[{"embeddable":true,"href":"https:\/\/www.goron.fr\/en\/wp-json\/wp\/v2\/comments\/?post=12139"}],"version-history":[{"count":3,"href":"https:\/\/www.goron.fr\/en\/wp-json\/wp\/v2\/pages\/12139\/revisions\/"}],"predecessor-version":[{"id":15957,"href":"https:\/\/www.goron.fr\/en\/wp-json\/wp\/v2\/pages\/12139\/revisions\/15957\/"}],"up":[{"embeddable":true,"href":"https:\/\/www.goron.fr\/en\/wp-json\/wp\/v2\/pages\/12134\/"}],"wp:attachment":[{"href":"https:\/\/www.goron.fr\/en\/wp-json\/wp\/v2\/media\/?parent=12139"}],"curies":[{"name":"wp","href":"https:\/\/api.w.org\/{rel}","templated":true}]}}