{"id":12134,"date":"2020-01-21T12:35:01","date_gmt":"2020-01-21T11:35:01","guid":{"rendered":"https:\/\/www.goron.fr\/our-services\/training-and-consulting\/"},"modified":"2020-01-21T12:35:03","modified_gmt":"2020-01-21T11:35:03","slug":"training-and-consulting","status":"publish","type":"page","link":"https:\/\/www.goron.fr\/en\/our-services\/training-and-consulting\/","title":{"rendered":"Training and consulting"},"content":{"rendered":"<p>Considering the never-ending evolution ou our profession, GORON wanted to offer anyone the possibility to acquire real training and develop skills, regardless of their previous experience or academic level. It was also necessary to be able to audit and advise our clients on the necessary resources to set up to ensure their safety, even during crisis periods.<\/p>\n<p>These services are provided within three entities : CECYS, ESSE and SOLACE.<\/p>\n<p>As experts in their field, these subsidiaries ensure safety and security professions training, superior formation in safety and risk management, audit and consulting.<\/p>\n","protected":false},"excerpt":{"rendered":"<p>Considering the never-ending evolution ou our profession, GORON wanted to offer anyone the possibility to acquire real training and develop skills, regardless of their previous experience or academic level. It was also necessary to be able to audit and advise our clients on the necessary resources to set up to ensure their safety, even during<a href=\"https:\/\/www.goron.fr\/en\/our-services\/training-and-consulting\/\"><i class=\"chevron right icon\"><\/i><\/a><\/p>\n","protected":false},"author":1,"featured_media":12137,"parent":11946,"menu_order":143,"comment_status":"closed","ping_status":"closed","template":"","meta":{"_acf_changed":false,"footnotes":""},"acf":[],"yoast_head":"<!-- This site is optimized with the Yoast SEO plugin v19.13 - https:\/\/yoast.com\/wordpress\/plugins\/seo\/ -->\n<title>Private security training and consulting- Goron S.A.S<\/title>\n<meta name=\"description\" content=\"Goron has three subsidiaries that provide private security training and consulting : CECYS ESSE and SOLACE.\" \/>\n<meta name=\"robots\" content=\"index, follow, max-snippet:-1, max-image-preview:large, max-video-preview:-1\" \/>\n<link rel=\"canonical\" href=\"https:\/\/www.goron.fr\/en\/our-services\/training-and-consulting\/\" \/>\n<meta property=\"og:locale\" content=\"en_US\" \/>\n<meta property=\"og:type\" content=\"article\" \/>\n<meta property=\"og:title\" content=\"Private security training and consulting- Goron S.A.S\" \/>\n<meta property=\"og:description\" content=\"Goron has three subsidiaries that provide private security training and consulting : CECYS ESSE and SOLACE.\" \/>\n<meta property=\"og:url\" content=\"https:\/\/www.goron.fr\/en\/our-services\/training-and-consulting\/\" \/>\n<meta property=\"og:site_name\" content=\"Goron\" \/>\n<meta property=\"article:modified_time\" content=\"2020-01-21T11:35:03+00:00\" \/>\n<meta property=\"og:image\" content=\"https:\/\/www.goron.fr\/wp-content\/uploads\/2017\/03\/ok-06-e1491494906869.jpg\" \/>\n\t<meta property=\"og:image:width\" content=\"2158\" \/>\n\t<meta property=\"og:image:height\" content=\"550\" \/>\n\t<meta property=\"og:image:type\" content=\"image\/jpeg\" \/>\n<meta name=\"twitter:card\" content=\"summary_large_image\" \/>\n<script type=\"application\/ld+json\" class=\"yoast-schema-graph\">{\"@context\":\"https:\/\/schema.org\",\"@graph\":[{\"@type\":\"WebPage\",\"@id\":\"https:\/\/www.goron.fr\/en\/our-services\/training-and-consulting\/\",\"url\":\"https:\/\/www.goron.fr\/en\/our-services\/training-and-consulting\/\",\"name\":\"Private security training and consulting- Goron S.A.S\",\"isPartOf\":{\"@id\":\"https:\/\/www.goron.fr\/#website\"},\"datePublished\":\"2020-01-21T11:35:01+00:00\",\"dateModified\":\"2020-01-21T11:35:03+00:00\",\"description\":\"Goron has three subsidiaries that provide private security training and consulting : CECYS ESSE and SOLACE.\",\"breadcrumb\":{\"@id\":\"https:\/\/www.goron.fr\/en\/our-services\/training-and-consulting\/#breadcrumb\"},\"inLanguage\":\"en-US\",\"potentialAction\":[{\"@type\":\"ReadAction\",\"target\":[\"https:\/\/www.goron.fr\/en\/our-services\/training-and-consulting\/\"]}]},{\"@type\":\"BreadcrumbList\",\"@id\":\"https:\/\/www.goron.fr\/en\/our-services\/training-and-consulting\/#breadcrumb\",\"itemListElement\":[{\"@type\":\"ListItem\",\"position\":1,\"name\":\"Accueil\",\"item\":\"https:\/\/www.goron.fr\/\"},{\"@type\":\"ListItem\",\"position\":2,\"name\":\"OUR SERVICES\",\"item\":\"https:\/\/www.goron.fr\/en\/our-services\/\"},{\"@type\":\"ListItem\",\"position\":3,\"name\":\"Training and consulting\"}]},{\"@type\":\"WebSite\",\"@id\":\"https:\/\/www.goron.fr\/#website\",\"url\":\"https:\/\/www.goron.fr\/\",\"name\":\"Goron\",\"description\":\"S\u00e9curit\u00e9 Priv\u00e9e\",\"potentialAction\":[{\"@type\":\"SearchAction\",\"target\":{\"@type\":\"EntryPoint\",\"urlTemplate\":\"https:\/\/www.goron.fr\/?s={search_term_string}\"},\"query-input\":\"required name=search_term_string\"}],\"inLanguage\":\"en-US\"}]}<\/script>\n<!-- \/ Yoast SEO plugin. -->","yoast_head_json":{"title":"Private security training and consulting- Goron S.A.S","description":"Goron has three subsidiaries that provide private security training and consulting : CECYS ESSE and SOLACE.","robots":{"index":"index","follow":"follow","max-snippet":"max-snippet:-1","max-image-preview":"max-image-preview:large","max-video-preview":"max-video-preview:-1"},"canonical":"https:\/\/www.goron.fr\/en\/our-services\/training-and-consulting\/","og_locale":"en_US","og_type":"article","og_title":"Private security training and consulting- Goron S.A.S","og_description":"Goron has three subsidiaries that provide private security training and consulting : CECYS ESSE and SOLACE.","og_url":"https:\/\/www.goron.fr\/en\/our-services\/training-and-consulting\/","og_site_name":"Goron","article_modified_time":"2020-01-21T11:35:03+00:00","og_image":[{"width":2158,"height":550,"url":"https:\/\/www.goron.fr\/wp-content\/uploads\/2017\/03\/ok-06-e1491494906869.jpg","type":"image\/jpeg"}],"twitter_card":"summary_large_image","schema":{"@context":"https:\/\/schema.org","@graph":[{"@type":"WebPage","@id":"https:\/\/www.goron.fr\/en\/our-services\/training-and-consulting\/","url":"https:\/\/www.goron.fr\/en\/our-services\/training-and-consulting\/","name":"Private security training and consulting- Goron S.A.S","isPartOf":{"@id":"https:\/\/www.goron.fr\/#website"},"datePublished":"2020-01-21T11:35:01+00:00","dateModified":"2020-01-21T11:35:03+00:00","description":"Goron has three subsidiaries that provide private security training and consulting : CECYS ESSE and SOLACE.","breadcrumb":{"@id":"https:\/\/www.goron.fr\/en\/our-services\/training-and-consulting\/#breadcrumb"},"inLanguage":"en-US","potentialAction":[{"@type":"ReadAction","target":["https:\/\/www.goron.fr\/en\/our-services\/training-and-consulting\/"]}]},{"@type":"BreadcrumbList","@id":"https:\/\/www.goron.fr\/en\/our-services\/training-and-consulting\/#breadcrumb","itemListElement":[{"@type":"ListItem","position":1,"name":"Accueil","item":"https:\/\/www.goron.fr\/"},{"@type":"ListItem","position":2,"name":"OUR SERVICES","item":"https:\/\/www.goron.fr\/en\/our-services\/"},{"@type":"ListItem","position":3,"name":"Training and consulting"}]},{"@type":"WebSite","@id":"https:\/\/www.goron.fr\/#website","url":"https:\/\/www.goron.fr\/","name":"Goron","description":"S\u00e9curit\u00e9 Priv\u00e9e","potentialAction":[{"@type":"SearchAction","target":{"@type":"EntryPoint","urlTemplate":"https:\/\/www.goron.fr\/?s={search_term_string}"},"query-input":"required name=search_term_string"}],"inLanguage":"en-US"}]}},"_links":{"self":[{"href":"https:\/\/www.goron.fr\/en\/wp-json\/wp\/v2\/pages\/12134\/"}],"collection":[{"href":"https:\/\/www.goron.fr\/en\/wp-json\/wp\/v2\/pages\/"}],"about":[{"href":"https:\/\/www.goron.fr\/en\/wp-json\/wp\/v2\/types\/page\/"}],"author":[{"embeddable":true,"href":"https:\/\/www.goron.fr\/en\/wp-json\/wp\/v2\/users\/1\/"}],"replies":[{"embeddable":true,"href":"https:\/\/www.goron.fr\/en\/wp-json\/wp\/v2\/comments\/?post=12134"}],"version-history":[{"count":1,"href":"https:\/\/www.goron.fr\/en\/wp-json\/wp\/v2\/pages\/12134\/revisions\/"}],"predecessor-version":[{"id":12138,"href":"https:\/\/www.goron.fr\/en\/wp-json\/wp\/v2\/pages\/12134\/revisions\/12138\/"}],"up":[{"embeddable":true,"href":"https:\/\/www.goron.fr\/en\/wp-json\/wp\/v2\/pages\/11946\/"}],"wp:featuredmedia":[{"embeddable":true,"href":"https:\/\/www.goron.fr\/en\/wp-json\/wp\/v2\/media\/12137\/"}],"wp:attachment":[{"href":"https:\/\/www.goron.fr\/en\/wp-json\/wp\/v2\/media\/?parent=12134"}],"curies":[{"name":"wp","href":"https:\/\/api.w.org\/{rel}","templated":true}]}}