{"id":12128,"date":"2020-01-21T12:21:06","date_gmt":"2020-01-21T11:21:06","guid":{"rendered":"https:\/\/www.goron.fr\/our-services\/safety\/airport-safety\/"},"modified":"2021-10-26T15:19:57","modified_gmt":"2021-10-26T13:19:57","slug":"airport-safety","status":"publish","type":"page","link":"https:\/\/www.goron.fr\/en\/our-services\/safety\/airport-safety\/","title":{"rendered":"AIRPORT SAFETY"},"content":{"rendered":"<p><strong>Since January 2016, Goron has entered the airport world with the creation of its dedicated subsidiary: <a href=\"http:\/\/www.premium-airport-services.com\" target=\"_blank\" rel=\"noopener noreferrer\">Premium Aiport Services<\/a>.<\/strong><\/p>\n<p>Through its different departments, Premium Airport Services provides a global offer to answer all airport sector challenges.<\/p>\n<p><strong>The services\u00a0<\/strong><\/p>\n<ul>\n<li><a href=\"http:\/\/www.premium-airport-services.com\/accueil-aeroportuaire\/\" target=\"_blank\" rel=\"noopener noreferrer\"><span style=\"font-weight: 400;\">Welcome<\/span><\/a><span style=\"font-weight: 400;\">\u00a0<\/span> Department: passengers reception and assistance throughout their airport journey<\/li>\n<li><a href=\"http:\/\/www.premium-airport-services.com\/securite-aeroportuaire\/\" target=\"_blank\" rel=\"noopener noreferrer\"><span style=\"font-weight: 400;\">Security<\/span><\/a> Department: thorough security controls of the passengers and their luggage<\/li>\n<li><span style=\"font-weight: 400;\">\u00a0<\/span><span style=\"font-weight: 400;\"><a href=\"http:\/\/www.premium-airport-services.com\/transport-aeroportuaire\/\" target=\"_blank\" rel=\"noopener noreferrer\">Shuttle<\/a> Department: flight attendant transportation between the airport and their staying location<\/span><\/li>\n<li><span style=\"font-weight: 400;\"><a href=\"http:\/\/www.premium-airport-services.com\/assistance-aeroportuaire\/\" target=\"_blank\" rel=\"noopener noreferrer\">Assistance\u00a0<\/a> Department: facilitating the technical airport processes<\/span><\/li>\n<li><a href=\"http:\/\/www.premium-airport-services.com\/luxe-aeroportuaire\/\" target=\"_blank\" rel=\"noopener noreferrer\"><span style=\"font-weight: 400;\">Luxury\u00a0<\/span><\/a><span style=\"font-weight: 400;\"> Department: customised care of high-profile clientel<\/span><\/li>\n<li><a href=\"http:\/\/www.premium-airport-services.com\/interim-aeroportuaire\/\" target=\"_blank\" rel=\"noopener noreferrer\"><span style=\"font-weight: 400;\">Interim<\/span><\/a> Department: immediate answers to your safety or assistance needs.<\/li>\n<\/ul>\n<p>Discover more on the Premium Airport Services website<\/p>\n<p>&nbsp;<\/p>\n","protected":false},"excerpt":{"rendered":"<p>Since January 2016, Goron has entered the airport world with the creation of its dedicated subsidiary: Premium Aiport Services. Through its different departments, Premium Airport Services provides a global offer to answer all airport sector challenges. The services\u00a0 Welcome\u00a0 Department: passengers reception and assistance throughout their airport journey Security Department: thorough security controls of the<a href=\"https:\/\/www.goron.fr\/en\/our-services\/safety\/airport-safety\/\"><i class=\"chevron right icon\"><\/i><\/a><\/p>\n","protected":false},"author":1,"featured_media":0,"parent":11985,"menu_order":167,"comment_status":"closed","ping_status":"closed","template":"","meta":{"_acf_changed":false,"footnotes":""},"acf":[],"yoast_head":"<!-- This site is optimized with the Yoast SEO plugin v19.13 - https:\/\/yoast.com\/wordpress\/plugins\/seo\/ -->\n<title>Airport safety- Goron S.A.S<\/title>\n<meta name=\"description\" content=\"Goron provides safety missions for airports. All our agents are highly qualified.\" \/>\n<meta name=\"robots\" content=\"index, follow, max-snippet:-1, max-image-preview:large, max-video-preview:-1\" \/>\n<link rel=\"canonical\" href=\"https:\/\/www.goron.fr\/en\/our-services\/safety\/airport-safety\/\" \/>\n<meta property=\"og:locale\" content=\"en_US\" \/>\n<meta property=\"og:type\" content=\"article\" \/>\n<meta property=\"og:title\" content=\"Airport safety- Goron S.A.S\" \/>\n<meta property=\"og:description\" content=\"Goron provides safety missions for airports. All our agents are highly qualified.\" \/>\n<meta property=\"og:url\" content=\"https:\/\/www.goron.fr\/en\/our-services\/safety\/airport-safety\/\" \/>\n<meta property=\"og:site_name\" content=\"Goron\" \/>\n<meta property=\"article:modified_time\" content=\"2021-10-26T13:19:57+00:00\" \/>\n<meta name=\"twitter:card\" content=\"summary_large_image\" \/>\n<meta name=\"twitter:label1\" content=\"Est. reading time\" \/>\n\t<meta name=\"twitter:data1\" content=\"1 minute\" \/>\n<script type=\"application\/ld+json\" class=\"yoast-schema-graph\">{\"@context\":\"https:\/\/schema.org\",\"@graph\":[{\"@type\":\"WebPage\",\"@id\":\"https:\/\/www.goron.fr\/en\/our-services\/safety\/airport-safety\/\",\"url\":\"https:\/\/www.goron.fr\/en\/our-services\/safety\/airport-safety\/\",\"name\":\"Airport safety- Goron S.A.S\",\"isPartOf\":{\"@id\":\"https:\/\/www.goron.fr\/#website\"},\"datePublished\":\"2020-01-21T11:21:06+00:00\",\"dateModified\":\"2021-10-26T13:19:57+00:00\",\"description\":\"Goron provides safety missions for airports. All our agents are highly qualified.\",\"breadcrumb\":{\"@id\":\"https:\/\/www.goron.fr\/en\/our-services\/safety\/airport-safety\/#breadcrumb\"},\"inLanguage\":\"en-US\",\"potentialAction\":[{\"@type\":\"ReadAction\",\"target\":[\"https:\/\/www.goron.fr\/en\/our-services\/safety\/airport-safety\/\"]}]},{\"@type\":\"BreadcrumbList\",\"@id\":\"https:\/\/www.goron.fr\/en\/our-services\/safety\/airport-safety\/#breadcrumb\",\"itemListElement\":[{\"@type\":\"ListItem\",\"position\":1,\"name\":\"Accueil\",\"item\":\"https:\/\/www.goron.fr\/\"},{\"@type\":\"ListItem\",\"position\":2,\"name\":\"OUR SERVICES\",\"item\":\"https:\/\/www.goron.fr\/en\/our-services\/\"},{\"@type\":\"ListItem\",\"position\":3,\"name\":\"SAFETY\",\"item\":\"https:\/\/www.goron.fr\/en\/our-services\/safety\/\"},{\"@type\":\"ListItem\",\"position\":4,\"name\":\"AIRPORT SAFETY\"}]},{\"@type\":\"WebSite\",\"@id\":\"https:\/\/www.goron.fr\/#website\",\"url\":\"https:\/\/www.goron.fr\/\",\"name\":\"Goron\",\"description\":\"S\u00e9curit\u00e9 Priv\u00e9e\",\"potentialAction\":[{\"@type\":\"SearchAction\",\"target\":{\"@type\":\"EntryPoint\",\"urlTemplate\":\"https:\/\/www.goron.fr\/?s={search_term_string}\"},\"query-input\":\"required name=search_term_string\"}],\"inLanguage\":\"en-US\"}]}<\/script>\n<!-- \/ Yoast SEO plugin. -->","yoast_head_json":{"title":"Airport safety- Goron S.A.S","description":"Goron provides safety missions for airports. All our agents are highly qualified.","robots":{"index":"index","follow":"follow","max-snippet":"max-snippet:-1","max-image-preview":"max-image-preview:large","max-video-preview":"max-video-preview:-1"},"canonical":"https:\/\/www.goron.fr\/en\/our-services\/safety\/airport-safety\/","og_locale":"en_US","og_type":"article","og_title":"Airport safety- Goron S.A.S","og_description":"Goron provides safety missions for airports. All our agents are highly qualified.","og_url":"https:\/\/www.goron.fr\/en\/our-services\/safety\/airport-safety\/","og_site_name":"Goron","article_modified_time":"2021-10-26T13:19:57+00:00","twitter_card":"summary_large_image","twitter_misc":{"Est. reading time":"1 minute"},"schema":{"@context":"https:\/\/schema.org","@graph":[{"@type":"WebPage","@id":"https:\/\/www.goron.fr\/en\/our-services\/safety\/airport-safety\/","url":"https:\/\/www.goron.fr\/en\/our-services\/safety\/airport-safety\/","name":"Airport safety- Goron S.A.S","isPartOf":{"@id":"https:\/\/www.goron.fr\/#website"},"datePublished":"2020-01-21T11:21:06+00:00","dateModified":"2021-10-26T13:19:57+00:00","description":"Goron provides safety missions for airports. All our agents are highly qualified.","breadcrumb":{"@id":"https:\/\/www.goron.fr\/en\/our-services\/safety\/airport-safety\/#breadcrumb"},"inLanguage":"en-US","potentialAction":[{"@type":"ReadAction","target":["https:\/\/www.goron.fr\/en\/our-services\/safety\/airport-safety\/"]}]},{"@type":"BreadcrumbList","@id":"https:\/\/www.goron.fr\/en\/our-services\/safety\/airport-safety\/#breadcrumb","itemListElement":[{"@type":"ListItem","position":1,"name":"Accueil","item":"https:\/\/www.goron.fr\/"},{"@type":"ListItem","position":2,"name":"OUR SERVICES","item":"https:\/\/www.goron.fr\/en\/our-services\/"},{"@type":"ListItem","position":3,"name":"SAFETY","item":"https:\/\/www.goron.fr\/en\/our-services\/safety\/"},{"@type":"ListItem","position":4,"name":"AIRPORT SAFETY"}]},{"@type":"WebSite","@id":"https:\/\/www.goron.fr\/#website","url":"https:\/\/www.goron.fr\/","name":"Goron","description":"S\u00e9curit\u00e9 Priv\u00e9e","potentialAction":[{"@type":"SearchAction","target":{"@type":"EntryPoint","urlTemplate":"https:\/\/www.goron.fr\/?s={search_term_string}"},"query-input":"required name=search_term_string"}],"inLanguage":"en-US"}]}},"_links":{"self":[{"href":"https:\/\/www.goron.fr\/en\/wp-json\/wp\/v2\/pages\/12128\/"}],"collection":[{"href":"https:\/\/www.goron.fr\/en\/wp-json\/wp\/v2\/pages\/"}],"about":[{"href":"https:\/\/www.goron.fr\/en\/wp-json\/wp\/v2\/types\/page\/"}],"author":[{"embeddable":true,"href":"https:\/\/www.goron.fr\/en\/wp-json\/wp\/v2\/users\/1\/"}],"replies":[{"embeddable":true,"href":"https:\/\/www.goron.fr\/en\/wp-json\/wp\/v2\/comments\/?post=12128"}],"version-history":[{"count":6,"href":"https:\/\/www.goron.fr\/en\/wp-json\/wp\/v2\/pages\/12128\/revisions\/"}],"predecessor-version":[{"id":16137,"href":"https:\/\/www.goron.fr\/en\/wp-json\/wp\/v2\/pages\/12128\/revisions\/16137\/"}],"up":[{"embeddable":true,"href":"https:\/\/www.goron.fr\/en\/wp-json\/wp\/v2\/pages\/11985\/"}],"wp:attachment":[{"href":"https:\/\/www.goron.fr\/en\/wp-json\/wp\/v2\/media\/?parent=12128"}],"curies":[{"name":"wp","href":"https:\/\/api.w.org\/{rel}","templated":true}]}}