{"id":12122,"date":"2020-01-21T12:00:58","date_gmt":"2020-01-21T11:00:58","guid":{"rendered":"https:\/\/www.goron.fr\/our-services\/safety\/drones\/"},"modified":"2021-10-26T15:19:57","modified_gmt":"2021-10-26T13:19:57","slug":"drones","status":"publish","type":"page","link":"https:\/\/www.goron.fr\/en\/our-services\/safety\/drones\/","title":{"rendered":"DRONES"},"content":{"rendered":"<p><strong>Drone efficiency is highly recognized in terms of security and safety. Goron safety department deploys drones anytime and anywhere in compliance to rules and regulations, using them as complementary tools to human surveillance.\u00a0<\/strong><\/p>\n<p>Always under telepilot control, our drones operate inside and outside on large sites, OVI, PVI, railway sites, industries, logistics bases, construction sites, ports, etc. They can carry out pre-programmed or monitored patrols, allow doubt removal and guide people and vehicles.<\/p>\n<p>Goron combines its experience with high-technology to provide you with the best dronotic solutions, on onccasional or yearly missions.<\/p>\n","protected":false},"excerpt":{"rendered":"<p>Drone efficiency is highly recognized in terms of security and safety. Goron safety department deploys drones anytime and anywhere in compliance to rules and regulations, using them as complementary tools to human surveillance.\u00a0 Always under telepilot control, our drones operate inside and outside on large sites, OVI, PVI, railway sites, industries, logistics bases, construction sites,<a href=\"https:\/\/www.goron.fr\/en\/our-services\/safety\/drones\/\"><i class=\"chevron right icon\"><\/i><\/a><\/p>\n","protected":false},"author":2,"featured_media":0,"parent":11985,"menu_order":35,"comment_status":"closed","ping_status":"closed","template":"","meta":{"_acf_changed":false,"footnotes":""},"acf":[],"yoast_head":"<!-- This site is optimized with the Yoast SEO plugin v19.13 - https:\/\/yoast.com\/wordpress\/plugins\/seo\/ -->\n<title>Discover our drone services - Goron S.A.S<\/title>\n<meta name=\"description\" content=\"Drone efficiency is highly recognized in terms of security and safety. Goron safety department deploys drones anytime and anywhere in compliance to rules and regulations, using them as complementary tools to human surveillance.\u00a0\" \/>\n<meta name=\"robots\" content=\"index, follow, max-snippet:-1, max-image-preview:large, max-video-preview:-1\" \/>\n<link rel=\"canonical\" href=\"https:\/\/www.goron.fr\/en\/our-services\/safety\/drones\/\" \/>\n<meta property=\"og:locale\" content=\"en_US\" \/>\n<meta property=\"og:type\" content=\"article\" \/>\n<meta property=\"og:title\" content=\"Discover our drone services - Goron S.A.S\" \/>\n<meta property=\"og:description\" content=\"Drone efficiency is highly recognized in terms of security and safety. Goron safety department deploys drones anytime and anywhere in compliance to rules and regulations, using them as complementary tools to human surveillance.\u00a0\" \/>\n<meta property=\"og:url\" content=\"https:\/\/www.goron.fr\/en\/our-services\/safety\/drones\/\" \/>\n<meta property=\"og:site_name\" content=\"Goron\" \/>\n<meta property=\"article:modified_time\" content=\"2021-10-26T13:19:57+00:00\" \/>\n<meta name=\"twitter:card\" content=\"summary_large_image\" \/>\n<script type=\"application\/ld+json\" class=\"yoast-schema-graph\">{\"@context\":\"https:\/\/schema.org\",\"@graph\":[{\"@type\":\"WebPage\",\"@id\":\"https:\/\/www.goron.fr\/en\/our-services\/safety\/drones\/\",\"url\":\"https:\/\/www.goron.fr\/en\/our-services\/safety\/drones\/\",\"name\":\"Discover our drone services - Goron S.A.S\",\"isPartOf\":{\"@id\":\"https:\/\/www.goron.fr\/#website\"},\"datePublished\":\"2020-01-21T11:00:58+00:00\",\"dateModified\":\"2021-10-26T13:19:57+00:00\",\"description\":\"Drone efficiency is highly recognized in terms of security and safety. Goron safety department deploys drones anytime and anywhere in compliance to rules and regulations, using them as complementary tools to human surveillance.\u00a0\",\"breadcrumb\":{\"@id\":\"https:\/\/www.goron.fr\/en\/our-services\/safety\/drones\/#breadcrumb\"},\"inLanguage\":\"en-US\",\"potentialAction\":[{\"@type\":\"ReadAction\",\"target\":[\"https:\/\/www.goron.fr\/en\/our-services\/safety\/drones\/\"]}]},{\"@type\":\"BreadcrumbList\",\"@id\":\"https:\/\/www.goron.fr\/en\/our-services\/safety\/drones\/#breadcrumb\",\"itemListElement\":[{\"@type\":\"ListItem\",\"position\":1,\"name\":\"Accueil\",\"item\":\"https:\/\/www.goron.fr\/\"},{\"@type\":\"ListItem\",\"position\":2,\"name\":\"OUR SERVICES\",\"item\":\"https:\/\/www.goron.fr\/en\/our-services\/\"},{\"@type\":\"ListItem\",\"position\":3,\"name\":\"SAFETY\",\"item\":\"https:\/\/www.goron.fr\/en\/our-services\/safety\/\"},{\"@type\":\"ListItem\",\"position\":4,\"name\":\"DRONES\"}]},{\"@type\":\"WebSite\",\"@id\":\"https:\/\/www.goron.fr\/#website\",\"url\":\"https:\/\/www.goron.fr\/\",\"name\":\"Goron\",\"description\":\"S\u00e9curit\u00e9 Priv\u00e9e\",\"potentialAction\":[{\"@type\":\"SearchAction\",\"target\":{\"@type\":\"EntryPoint\",\"urlTemplate\":\"https:\/\/www.goron.fr\/?s={search_term_string}\"},\"query-input\":\"required name=search_term_string\"}],\"inLanguage\":\"en-US\"}]}<\/script>\n<!-- \/ Yoast SEO plugin. -->","yoast_head_json":{"title":"Discover our drone services - Goron S.A.S","description":"Drone efficiency is highly recognized in terms of security and safety. Goron safety department deploys drones anytime and anywhere in compliance to rules and regulations, using them as complementary tools to human surveillance.\u00a0","robots":{"index":"index","follow":"follow","max-snippet":"max-snippet:-1","max-image-preview":"max-image-preview:large","max-video-preview":"max-video-preview:-1"},"canonical":"https:\/\/www.goron.fr\/en\/our-services\/safety\/drones\/","og_locale":"en_US","og_type":"article","og_title":"Discover our drone services - Goron S.A.S","og_description":"Drone efficiency is highly recognized in terms of security and safety. Goron safety department deploys drones anytime and anywhere in compliance to rules and regulations, using them as complementary tools to human surveillance.\u00a0","og_url":"https:\/\/www.goron.fr\/en\/our-services\/safety\/drones\/","og_site_name":"Goron","article_modified_time":"2021-10-26T13:19:57+00:00","twitter_card":"summary_large_image","schema":{"@context":"https:\/\/schema.org","@graph":[{"@type":"WebPage","@id":"https:\/\/www.goron.fr\/en\/our-services\/safety\/drones\/","url":"https:\/\/www.goron.fr\/en\/our-services\/safety\/drones\/","name":"Discover our drone services - Goron S.A.S","isPartOf":{"@id":"https:\/\/www.goron.fr\/#website"},"datePublished":"2020-01-21T11:00:58+00:00","dateModified":"2021-10-26T13:19:57+00:00","description":"Drone efficiency is highly recognized in terms of security and safety. Goron safety department deploys drones anytime and anywhere in compliance to rules and regulations, using them as complementary tools to human surveillance.\u00a0","breadcrumb":{"@id":"https:\/\/www.goron.fr\/en\/our-services\/safety\/drones\/#breadcrumb"},"inLanguage":"en-US","potentialAction":[{"@type":"ReadAction","target":["https:\/\/www.goron.fr\/en\/our-services\/safety\/drones\/"]}]},{"@type":"BreadcrumbList","@id":"https:\/\/www.goron.fr\/en\/our-services\/safety\/drones\/#breadcrumb","itemListElement":[{"@type":"ListItem","position":1,"name":"Accueil","item":"https:\/\/www.goron.fr\/"},{"@type":"ListItem","position":2,"name":"OUR SERVICES","item":"https:\/\/www.goron.fr\/en\/our-services\/"},{"@type":"ListItem","position":3,"name":"SAFETY","item":"https:\/\/www.goron.fr\/en\/our-services\/safety\/"},{"@type":"ListItem","position":4,"name":"DRONES"}]},{"@type":"WebSite","@id":"https:\/\/www.goron.fr\/#website","url":"https:\/\/www.goron.fr\/","name":"Goron","description":"S\u00e9curit\u00e9 Priv\u00e9e","potentialAction":[{"@type":"SearchAction","target":{"@type":"EntryPoint","urlTemplate":"https:\/\/www.goron.fr\/?s={search_term_string}"},"query-input":"required name=search_term_string"}],"inLanguage":"en-US"}]}},"_links":{"self":[{"href":"https:\/\/www.goron.fr\/en\/wp-json\/wp\/v2\/pages\/12122\/"}],"collection":[{"href":"https:\/\/www.goron.fr\/en\/wp-json\/wp\/v2\/pages\/"}],"about":[{"href":"https:\/\/www.goron.fr\/en\/wp-json\/wp\/v2\/types\/page\/"}],"author":[{"embeddable":true,"href":"https:\/\/www.goron.fr\/en\/wp-json\/wp\/v2\/users\/2\/"}],"replies":[{"embeddable":true,"href":"https:\/\/www.goron.fr\/en\/wp-json\/wp\/v2\/comments\/?post=12122"}],"version-history":[{"count":4,"href":"https:\/\/www.goron.fr\/en\/wp-json\/wp\/v2\/pages\/12122\/revisions\/"}],"predecessor-version":[{"id":16134,"href":"https:\/\/www.goron.fr\/en\/wp-json\/wp\/v2\/pages\/12122\/revisions\/16134\/"}],"up":[{"embeddable":true,"href":"https:\/\/www.goron.fr\/en\/wp-json\/wp\/v2\/pages\/11985\/"}],"wp:attachment":[{"href":"https:\/\/www.goron.fr\/en\/wp-json\/wp\/v2\/media\/?parent=12122"}],"curies":[{"name":"wp","href":"https:\/\/api.w.org\/{rel}","templated":true}]}}