{"id":12118,"date":"2020-01-21T11:50:09","date_gmt":"2020-01-21T10:50:09","guid":{"rendered":"https:\/\/www.goron.fr\/our-services\/surveillance-security\/high-rise-and-pab-safety\/"},"modified":"2021-10-26T15:19:13","modified_gmt":"2021-10-26T13:19:13","slug":"high-rise-and-pab-safety","status":"publish","type":"page","link":"https:\/\/www.goron.fr\/en\/our-services\/surveillance-security\/high-rise-and-pab-safety\/","title":{"rendered":"HIGH-RISE AND PAB SAFETY"},"content":{"rendered":"<p>Our experience regarding High-rises and PAB has been proven by our numerous references. Our services are recognised for their quality. For\u00a0the\u00a0best\u00a0possible satisfaction of customer requirements, we rely on our specialized training center&#8217;s expertise (CECYS). It provides our personnel high-quality training, recycled when needed.<\/p>\n<h2><strong>Our services\u00a0<\/strong><\/h2>\n<ul>\n<li><span style=\"font-weight: 400;\">SSIAP (Fire safety and persons assistance service) services in high-rises and public-access buildings (PAB)<\/span><\/li>\n<li><a href=\"http:\/\/www.cecys.fr\/ssiap\/ssiap-3.html\" target=\"_blank\" rel=\"noopener noreferrer\"><span style=\"font-weight: 400;\">SSIAP 3<\/span><\/a> service : assistance or full responsibility<\/li>\n<li>SSI coordination<\/li>\n<li><span style=\"font-weight: 400;\">\u00a0Safety representative<\/span><\/li>\n<li>Audit, r<span style=\"font-weight: 400;\">edaction and update of procedures and instructions<\/span><\/li>\n<li>Resident training and evacuation exercices<\/li>\n<\/ul>\n<h3>Fire safety in industrial and tertiary sectors<\/h3>\n<p>In these sectors, we ensure fire risk prevention and persons assistance following rules and regulations. When these services are deployed in industrial environments (production plants, research facilities, logistic platforms, storage areas), we are potentially led to set up important material resources for the intervention.<\/p>\n<p><strong>Our missions<\/strong><\/p>\n<ul>\n<li><span style=\"font-weight: 400;\">Implementation of fire prevention and fire safety teams<\/span><\/li>\n<li>Follow up on control and maintenance obligations<\/li>\n<li>Local staff security and fire safety training<\/li>\n<li>Material resources suply for interventions<\/li>\n<li>Fire intervention<\/li>\n<li>Emergency care organisation<\/li>\n<li><span style=\"font-weight: 400;\">Alert and guidance of intervention teams<\/span><\/li>\n<li>Public evacuation<\/li>\n<li>Assistance to persons<\/li>\n<li>Fire safety central station exploitation<\/li>\n<li>Hot spots surveillance<\/li>\n<li>First level surveillance and maintenance of fire safety resources<\/li>\n<\/ul>\n<h3>First-aid and persons assistance<\/h3>\n<p>In the absence of fire-safety services, we can ensure first-aid and persons assistance missions.<\/p>\n<p>Our agents intervene in conjunction with the existing internal medical service. They provide fist-aid until the victim is handled by official services : protection, clearing of the respiratory tract, lateral security position, ventilation, cardiac massage, casualty carry, burn and wound treatment, \u00a0stoppage\u00a0of\u00a0the\u00a0flow of\u00a0blood, etc. We also provide the needed material resources : first-aid kit, intervention backpack, oxygenotherapy, casualty carry means, etc.<\/p>\n<p>Our suveillance and security agents all have first-aid certification <span style=\"font-weight: 400;\">(<\/span><span style=\"font-weight: 400;\">SST\u00a0<\/span><span style=\"font-weight: 400;\">PSC1). Their training can be completed until all the fist-aid qualifications are obtained (PSE1\u00a0,\u00a0PSE2\u00a0).<\/span><\/p>\n<p>&nbsp;<\/p>\n","protected":false},"excerpt":{"rendered":"<p>Our experience regarding High-rises and PAB has been proven by our numerous references. Our services are recognised for their quality. For\u00a0the\u00a0best\u00a0possible satisfaction of customer requirements, we rely on our specialized training center&#8217;s expertise (CECYS). It provides our personnel high-quality training, recycled when needed. Our services\u00a0 SSIAP (Fire safety and persons assistance service) services in high-rises<a href=\"https:\/\/www.goron.fr\/en\/our-services\/surveillance-security\/high-rise-and-pab-safety\/\"><i class=\"chevron right icon\"><\/i><\/a><\/p>\n","protected":false},"author":2,"featured_media":0,"parent":11954,"menu_order":131,"comment_status":"closed","ping_status":"closed","template":"","meta":{"_acf_changed":false,"footnotes":""},"acf":[],"yoast_head":"<!-- This site is optimized with the Yoast SEO plugin v19.13 - https:\/\/yoast.com\/wordpress\/plugins\/seo\/ -->\n<title>High-rise and PAB security services - Goron S.A.S<\/title>\n<meta name=\"description\" content=\"Goron provides security services in high-rises and PAB. All our agents are highly qualified.\" \/>\n<meta name=\"robots\" content=\"index, follow, max-snippet:-1, max-image-preview:large, max-video-preview:-1\" \/>\n<link rel=\"canonical\" href=\"https:\/\/www.goron.fr\/en\/our-services\/surveillance-security\/high-rise-and-pab-safety\/\" \/>\n<meta property=\"og:locale\" content=\"en_US\" \/>\n<meta property=\"og:type\" content=\"article\" \/>\n<meta property=\"og:title\" content=\"High-rise and PAB security services - Goron S.A.S\" \/>\n<meta property=\"og:description\" content=\"Goron provides security services in high-rises and PAB. All our agents are highly qualified.\" \/>\n<meta property=\"og:url\" content=\"https:\/\/www.goron.fr\/en\/our-services\/surveillance-security\/high-rise-and-pab-safety\/\" \/>\n<meta property=\"og:site_name\" content=\"Goron\" \/>\n<meta property=\"article:modified_time\" content=\"2021-10-26T13:19:13+00:00\" \/>\n<meta name=\"twitter:card\" content=\"summary_large_image\" \/>\n<meta name=\"twitter:label1\" content=\"Est. reading time\" \/>\n\t<meta name=\"twitter:data1\" content=\"2 minutes\" \/>\n<script type=\"application\/ld+json\" class=\"yoast-schema-graph\">{\"@context\":\"https:\/\/schema.org\",\"@graph\":[{\"@type\":\"WebPage\",\"@id\":\"https:\/\/www.goron.fr\/en\/our-services\/surveillance-security\/high-rise-and-pab-safety\/\",\"url\":\"https:\/\/www.goron.fr\/en\/our-services\/surveillance-security\/high-rise-and-pab-safety\/\",\"name\":\"High-rise and PAB security services - Goron S.A.S\",\"isPartOf\":{\"@id\":\"https:\/\/www.goron.fr\/#website\"},\"datePublished\":\"2020-01-21T10:50:09+00:00\",\"dateModified\":\"2021-10-26T13:19:13+00:00\",\"description\":\"Goron provides security services in high-rises and PAB. All our agents are highly qualified.\",\"breadcrumb\":{\"@id\":\"https:\/\/www.goron.fr\/en\/our-services\/surveillance-security\/high-rise-and-pab-safety\/#breadcrumb\"},\"inLanguage\":\"en-US\",\"potentialAction\":[{\"@type\":\"ReadAction\",\"target\":[\"https:\/\/www.goron.fr\/en\/our-services\/surveillance-security\/high-rise-and-pab-safety\/\"]}]},{\"@type\":\"BreadcrumbList\",\"@id\":\"https:\/\/www.goron.fr\/en\/our-services\/surveillance-security\/high-rise-and-pab-safety\/#breadcrumb\",\"itemListElement\":[{\"@type\":\"ListItem\",\"position\":1,\"name\":\"Accueil\",\"item\":\"https:\/\/www.goron.fr\/\"},{\"@type\":\"ListItem\",\"position\":2,\"name\":\"OUR SERVICES\",\"item\":\"https:\/\/www.goron.fr\/en\/our-services\/\"},{\"@type\":\"ListItem\",\"position\":3,\"name\":\"SURVEILLANCE &#038; SECURITY\",\"item\":\"https:\/\/www.goron.fr\/en\/our-services\/surveillance-security\/\"},{\"@type\":\"ListItem\",\"position\":4,\"name\":\"HIGH-RISE AND PAB SAFETY\"}]},{\"@type\":\"WebSite\",\"@id\":\"https:\/\/www.goron.fr\/#website\",\"url\":\"https:\/\/www.goron.fr\/\",\"name\":\"Goron\",\"description\":\"S\u00e9curit\u00e9 Priv\u00e9e\",\"potentialAction\":[{\"@type\":\"SearchAction\",\"target\":{\"@type\":\"EntryPoint\",\"urlTemplate\":\"https:\/\/www.goron.fr\/?s={search_term_string}\"},\"query-input\":\"required name=search_term_string\"}],\"inLanguage\":\"en-US\"}]}<\/script>\n<!-- \/ Yoast SEO plugin. -->","yoast_head_json":{"title":"High-rise and PAB security services - Goron S.A.S","description":"Goron provides security services in high-rises and PAB. All our agents are highly qualified.","robots":{"index":"index","follow":"follow","max-snippet":"max-snippet:-1","max-image-preview":"max-image-preview:large","max-video-preview":"max-video-preview:-1"},"canonical":"https:\/\/www.goron.fr\/en\/our-services\/surveillance-security\/high-rise-and-pab-safety\/","og_locale":"en_US","og_type":"article","og_title":"High-rise and PAB security services - Goron S.A.S","og_description":"Goron provides security services in high-rises and PAB. All our agents are highly qualified.","og_url":"https:\/\/www.goron.fr\/en\/our-services\/surveillance-security\/high-rise-and-pab-safety\/","og_site_name":"Goron","article_modified_time":"2021-10-26T13:19:13+00:00","twitter_card":"summary_large_image","twitter_misc":{"Est. reading time":"2 minutes"},"schema":{"@context":"https:\/\/schema.org","@graph":[{"@type":"WebPage","@id":"https:\/\/www.goron.fr\/en\/our-services\/surveillance-security\/high-rise-and-pab-safety\/","url":"https:\/\/www.goron.fr\/en\/our-services\/surveillance-security\/high-rise-and-pab-safety\/","name":"High-rise and PAB security services - Goron S.A.S","isPartOf":{"@id":"https:\/\/www.goron.fr\/#website"},"datePublished":"2020-01-21T10:50:09+00:00","dateModified":"2021-10-26T13:19:13+00:00","description":"Goron provides security services in high-rises and PAB. All our agents are highly qualified.","breadcrumb":{"@id":"https:\/\/www.goron.fr\/en\/our-services\/surveillance-security\/high-rise-and-pab-safety\/#breadcrumb"},"inLanguage":"en-US","potentialAction":[{"@type":"ReadAction","target":["https:\/\/www.goron.fr\/en\/our-services\/surveillance-security\/high-rise-and-pab-safety\/"]}]},{"@type":"BreadcrumbList","@id":"https:\/\/www.goron.fr\/en\/our-services\/surveillance-security\/high-rise-and-pab-safety\/#breadcrumb","itemListElement":[{"@type":"ListItem","position":1,"name":"Accueil","item":"https:\/\/www.goron.fr\/"},{"@type":"ListItem","position":2,"name":"OUR SERVICES","item":"https:\/\/www.goron.fr\/en\/our-services\/"},{"@type":"ListItem","position":3,"name":"SURVEILLANCE &#038; SECURITY","item":"https:\/\/www.goron.fr\/en\/our-services\/surveillance-security\/"},{"@type":"ListItem","position":4,"name":"HIGH-RISE AND PAB SAFETY"}]},{"@type":"WebSite","@id":"https:\/\/www.goron.fr\/#website","url":"https:\/\/www.goron.fr\/","name":"Goron","description":"S\u00e9curit\u00e9 Priv\u00e9e","potentialAction":[{"@type":"SearchAction","target":{"@type":"EntryPoint","urlTemplate":"https:\/\/www.goron.fr\/?s={search_term_string}"},"query-input":"required name=search_term_string"}],"inLanguage":"en-US"}]}},"_links":{"self":[{"href":"https:\/\/www.goron.fr\/en\/wp-json\/wp\/v2\/pages\/12118\/"}],"collection":[{"href":"https:\/\/www.goron.fr\/en\/wp-json\/wp\/v2\/pages\/"}],"about":[{"href":"https:\/\/www.goron.fr\/en\/wp-json\/wp\/v2\/types\/page\/"}],"author":[{"embeddable":true,"href":"https:\/\/www.goron.fr\/en\/wp-json\/wp\/v2\/users\/2\/"}],"replies":[{"embeddable":true,"href":"https:\/\/www.goron.fr\/en\/wp-json\/wp\/v2\/comments\/?post=12118"}],"version-history":[{"count":7,"href":"https:\/\/www.goron.fr\/en\/wp-json\/wp\/v2\/pages\/12118\/revisions\/"}],"predecessor-version":[{"id":15988,"href":"https:\/\/www.goron.fr\/en\/wp-json\/wp\/v2\/pages\/12118\/revisions\/15988\/"}],"up":[{"embeddable":true,"href":"https:\/\/www.goron.fr\/en\/wp-json\/wp\/v2\/pages\/11954\/"}],"wp:attachment":[{"href":"https:\/\/www.goron.fr\/en\/wp-json\/wp\/v2\/media\/?parent=12118"}],"curies":[{"name":"wp","href":"https:\/\/api.w.org\/{rel}","templated":true}]}}