{"id":12104,"date":"2020-01-21T10:35:02","date_gmt":"2020-01-21T09:35:02","guid":{"rendered":"https:\/\/www.goron.fr\/training-and-careers\/discover-our-jobs\/"},"modified":"2020-02-17T12:04:04","modified_gmt":"2020-02-17T11:04:04","slug":"discover-our-jobs","status":"publish","type":"page","link":"https:\/\/www.goron.fr\/en\/training-and-careers\/discover-our-jobs\/","title":{"rendered":"DISCOVER OUR JOBS"},"content":{"rendered":"<p><span style=\"font-weight: 400;\">By joining GORON or one of its subsidiaries, you will enter a very specialised profession, supervised by strict regulations and high ethical requirements. We demand from all our agents, irreproachable morality and prior training, proved with the official issuance of a valid professional card. Your mission will be to ensure the security of properties, of our customers and of persons directly or indirectly connected to them.<\/span><\/p>\n<p><b>All jobs in the profession require specific training, depending on the necessary qualifications. However, they all call for common qualities:<\/b><\/p>\n<ul>\n<li><span style=\"font-weight: 400;\">Integrity, method and rigour<\/span><\/li>\n<li><span style=\"font-weight: 400;\">Self-control and composure<\/span><\/li>\n<li><span style=\"font-weight: 400;\">Interpersonal skills<\/span><\/li>\n<li><span style=\"font-weight: 400;\">Good speaking and writing skills<\/span><\/li>\n<li><span style=\"font-weight: 400;\">Capacity to react efficiently in case of emergency<\/span><\/li>\n<\/ul>\n","protected":false},"excerpt":{"rendered":"<p>By joining GORON or one of its subsidiaries, you will enter a very specialised profession, supervised by strict regulations and high ethical requirements. We demand from all our agents, irreproachable morality and prior training, proved with the official issuance of a valid professional card. Your mission will be to ensure the security of properties, of<a href=\"https:\/\/www.goron.fr\/en\/training-and-careers\/discover-our-jobs\/\"><i class=\"chevron right icon\"><\/i><\/a><\/p>\n","protected":false},"author":1,"featured_media":12108,"parent":11931,"menu_order":48,"comment_status":"closed","ping_status":"closed","template":"","meta":{"_acf_changed":false,"footnotes":""},"acf":[],"yoast_head":"<!-- This site is optimized with the Yoast SEO plugin v19.13 - https:\/\/yoast.com\/wordpress\/plugins\/seo\/ -->\n<title>DISCOVER OUR JOBS - Goron<\/title>\n<meta name=\"description\" content=\"Discover the missions and different caracteristics of Goron S.A.S&#039;s private security jobs\" \/>\n<meta name=\"robots\" content=\"index, follow, max-snippet:-1, max-image-preview:large, max-video-preview:-1\" \/>\n<link rel=\"canonical\" href=\"https:\/\/www.goron.fr\/en\/training-and-careers\/discover-our-jobs\/\" \/>\n<meta property=\"og:locale\" content=\"en_US\" \/>\n<meta property=\"og:type\" content=\"article\" \/>\n<meta property=\"og:title\" content=\"DISCOVER OUR JOBS - Goron\" \/>\n<meta property=\"og:description\" content=\"Discover the missions and different caracteristics of Goron S.A.S&#039;s private security jobs\" \/>\n<meta property=\"og:url\" content=\"https:\/\/www.goron.fr\/en\/training-and-careers\/discover-our-jobs\/\" \/>\n<meta property=\"og:site_name\" content=\"Goron\" \/>\n<meta property=\"article:modified_time\" content=\"2020-02-17T11:04:04+00:00\" \/>\n<meta property=\"og:image\" content=\"https:\/\/www.goron.fr\/wp-content\/uploads\/2017\/03\/metiers-securite-privee.jpg\" \/>\n\t<meta property=\"og:image:width\" content=\"1500\" \/>\n\t<meta property=\"og:image:height\" content=\"300\" \/>\n\t<meta property=\"og:image:type\" content=\"image\/jpeg\" \/>\n<meta name=\"twitter:card\" content=\"summary_large_image\" \/>\n<meta name=\"twitter:label1\" content=\"Est. reading time\" \/>\n\t<meta name=\"twitter:data1\" content=\"1 minute\" \/>\n<script type=\"application\/ld+json\" class=\"yoast-schema-graph\">{\"@context\":\"https:\/\/schema.org\",\"@graph\":[{\"@type\":\"WebPage\",\"@id\":\"https:\/\/www.goron.fr\/en\/training-and-careers\/discover-our-jobs\/\",\"url\":\"https:\/\/www.goron.fr\/en\/training-and-careers\/discover-our-jobs\/\",\"name\":\"DISCOVER OUR JOBS - Goron\",\"isPartOf\":{\"@id\":\"https:\/\/www.goron.fr\/#website\"},\"datePublished\":\"2020-01-21T09:35:02+00:00\",\"dateModified\":\"2020-02-17T11:04:04+00:00\",\"description\":\"Discover the missions and different caracteristics of Goron S.A.S's private security jobs\",\"breadcrumb\":{\"@id\":\"https:\/\/www.goron.fr\/en\/training-and-careers\/discover-our-jobs\/#breadcrumb\"},\"inLanguage\":\"en-US\",\"potentialAction\":[{\"@type\":\"ReadAction\",\"target\":[\"https:\/\/www.goron.fr\/en\/training-and-careers\/discover-our-jobs\/\"]}]},{\"@type\":\"BreadcrumbList\",\"@id\":\"https:\/\/www.goron.fr\/en\/training-and-careers\/discover-our-jobs\/#breadcrumb\",\"itemListElement\":[{\"@type\":\"ListItem\",\"position\":1,\"name\":\"Accueil\",\"item\":\"https:\/\/www.goron.fr\/\"},{\"@type\":\"ListItem\",\"position\":2,\"name\":\"Training and Careers\",\"item\":\"https:\/\/www.goron.fr\/en\/training-and-careers\/\"},{\"@type\":\"ListItem\",\"position\":3,\"name\":\"DISCOVER OUR JOBS\"}]},{\"@type\":\"WebSite\",\"@id\":\"https:\/\/www.goron.fr\/#website\",\"url\":\"https:\/\/www.goron.fr\/\",\"name\":\"Goron\",\"description\":\"S\u00e9curit\u00e9 Priv\u00e9e\",\"potentialAction\":[{\"@type\":\"SearchAction\",\"target\":{\"@type\":\"EntryPoint\",\"urlTemplate\":\"https:\/\/www.goron.fr\/?s={search_term_string}\"},\"query-input\":\"required name=search_term_string\"}],\"inLanguage\":\"en-US\"}]}<\/script>\n<!-- \/ Yoast SEO plugin. -->","yoast_head_json":{"title":"DISCOVER OUR JOBS - Goron","description":"Discover the missions and different caracteristics of Goron S.A.S's private security jobs","robots":{"index":"index","follow":"follow","max-snippet":"max-snippet:-1","max-image-preview":"max-image-preview:large","max-video-preview":"max-video-preview:-1"},"canonical":"https:\/\/www.goron.fr\/en\/training-and-careers\/discover-our-jobs\/","og_locale":"en_US","og_type":"article","og_title":"DISCOVER OUR JOBS - Goron","og_description":"Discover the missions and different caracteristics of Goron S.A.S's private security jobs","og_url":"https:\/\/www.goron.fr\/en\/training-and-careers\/discover-our-jobs\/","og_site_name":"Goron","article_modified_time":"2020-02-17T11:04:04+00:00","og_image":[{"width":1500,"height":300,"url":"https:\/\/www.goron.fr\/wp-content\/uploads\/2017\/03\/metiers-securite-privee.jpg","type":"image\/jpeg"}],"twitter_card":"summary_large_image","twitter_misc":{"Est. reading time":"1 minute"},"schema":{"@context":"https:\/\/schema.org","@graph":[{"@type":"WebPage","@id":"https:\/\/www.goron.fr\/en\/training-and-careers\/discover-our-jobs\/","url":"https:\/\/www.goron.fr\/en\/training-and-careers\/discover-our-jobs\/","name":"DISCOVER OUR JOBS - Goron","isPartOf":{"@id":"https:\/\/www.goron.fr\/#website"},"datePublished":"2020-01-21T09:35:02+00:00","dateModified":"2020-02-17T11:04:04+00:00","description":"Discover the missions and different caracteristics of Goron S.A.S's private security jobs","breadcrumb":{"@id":"https:\/\/www.goron.fr\/en\/training-and-careers\/discover-our-jobs\/#breadcrumb"},"inLanguage":"en-US","potentialAction":[{"@type":"ReadAction","target":["https:\/\/www.goron.fr\/en\/training-and-careers\/discover-our-jobs\/"]}]},{"@type":"BreadcrumbList","@id":"https:\/\/www.goron.fr\/en\/training-and-careers\/discover-our-jobs\/#breadcrumb","itemListElement":[{"@type":"ListItem","position":1,"name":"Accueil","item":"https:\/\/www.goron.fr\/"},{"@type":"ListItem","position":2,"name":"Training and Careers","item":"https:\/\/www.goron.fr\/en\/training-and-careers\/"},{"@type":"ListItem","position":3,"name":"DISCOVER OUR JOBS"}]},{"@type":"WebSite","@id":"https:\/\/www.goron.fr\/#website","url":"https:\/\/www.goron.fr\/","name":"Goron","description":"S\u00e9curit\u00e9 Priv\u00e9e","potentialAction":[{"@type":"SearchAction","target":{"@type":"EntryPoint","urlTemplate":"https:\/\/www.goron.fr\/?s={search_term_string}"},"query-input":"required name=search_term_string"}],"inLanguage":"en-US"}]}},"_links":{"self":[{"href":"https:\/\/www.goron.fr\/en\/wp-json\/wp\/v2\/pages\/12104\/"}],"collection":[{"href":"https:\/\/www.goron.fr\/en\/wp-json\/wp\/v2\/pages\/"}],"about":[{"href":"https:\/\/www.goron.fr\/en\/wp-json\/wp\/v2\/types\/page\/"}],"author":[{"embeddable":true,"href":"https:\/\/www.goron.fr\/en\/wp-json\/wp\/v2\/users\/1\/"}],"replies":[{"embeddable":true,"href":"https:\/\/www.goron.fr\/en\/wp-json\/wp\/v2\/comments\/?post=12104"}],"version-history":[{"count":2,"href":"https:\/\/www.goron.fr\/en\/wp-json\/wp\/v2\/pages\/12104\/revisions\/"}],"predecessor-version":[{"id":12764,"href":"https:\/\/www.goron.fr\/en\/wp-json\/wp\/v2\/pages\/12104\/revisions\/12764\/"}],"up":[{"embeddable":true,"href":"https:\/\/www.goron.fr\/en\/wp-json\/wp\/v2\/pages\/11931\/"}],"wp:featuredmedia":[{"embeddable":true,"href":"https:\/\/www.goron.fr\/en\/wp-json\/wp\/v2\/media\/12108\/"}],"wp:attachment":[{"href":"https:\/\/www.goron.fr\/en\/wp-json\/wp\/v2\/media\/?parent=12104"}],"curies":[{"name":"wp","href":"https:\/\/api.w.org\/{rel}","templated":true}]}}