{"id":12008,"date":"2020-01-02T15:10:50","date_gmt":"2020-01-02T14:10:50","guid":{"rendered":"https:\/\/www.goron.fr\/our-services\/close-protection\/"},"modified":"2020-07-01T16:54:29","modified_gmt":"2020-07-01T14:54:29","slug":"close-protection","status":"publish","type":"page","link":"https:\/\/www.goron.fr\/en\/our-services\/close-protection\/","title":{"rendered":"CLOSE PROTECTION"},"content":{"rendered":"<p><b>Our missions are not limited to protecting properties: through our entirely dedicated subsidiary, we also ensure the protection of the physical integrity of persons.<\/b><\/p>\n<p><span style=\"font-weight: 400;\">In accordance with the applicable legislation, the GSP<\/span><b> (Goron Service de Protection)<\/b><span style=\"font-weight: 400;\"> subsidiary is fully dedicated to the physical protection of persons. Because close protection cannot be improvised, GSP calls in specialists, men and women mostly coming from elite units and trained within French and European institutions (police, national gendarmerie, army\u2026).<\/span><\/p>\n<p><span style=\"font-weight: 400;\">Regardless of the sensitivity or the protection level required for the customer, our experienced agents are trained to adapt to all types of environment. Therefore, if the close protection level required is visible and dissuasive or particularly discreet, our service excellence and our staff reactivity will be the guarantees of your serenity.<\/span><\/p>\n<p><span style=\"font-weight: 400;\">GORON-SP close protection solutions allow us to make available, in France and abroad, all the necessary means for the mission fulfilments within the legal framework (logistics, communications, specific equipment). Depending on the threats identified beforehand, or even during the mission, our specialists are trained to optimize the human and\/or technical measures to implement.<\/span><\/p>\n<h2><b>Our services:<\/b><\/h2>\n<ul>\n<li><span style=\"font-weight: 400;\">Close protection<\/span><\/li>\n<li><span style=\"font-weight: 400;\">Escort in France or worldwide<\/span><\/li>\n<li><span style=\"font-weight: 400;\">Risk and threat assessment<\/span><\/li>\n<li><span style=\"font-weight: 400;\">Background audit<\/span><\/li>\n<li><span style=\"font-weight: 400;\">Motorised escorts &amp; logistical means<\/span><\/li>\n<li><span style=\"font-weight: 400;\">Specialised electronic and cynophilist detection<\/span><\/li>\n<li><span style=\"font-weight: 400;\">Additional services (drivers, armoured vehicles, divers, etc.)<\/span><\/li>\n<li><span style=\"font-weight: 400;\">Provision of nautical and\/or aerial means<\/span><\/li>\n<\/ul>\n<p><i>Considering the very sensitive nature of this type of services, all our employees commit to respect flawless ethics and utmost confidentiality.<\/i><\/p>\n<p><span style=\"font-weight: 400;\">Authorisation to practice from our subsidiary exclusively dedicated to the protection of the physical integrity of persons: CNAPS authorisation: AUT-075-2112-12-10-20130353969<\/span><\/p>\n<p><i><span style=\"font-weight: 400;\">\u00ab\u00a0L\u2019autorisation d\u2019exercice ne conf\u00e8re aucune pr\u00e9rogative de puissance publique \u00e0 l\u2019entreprise ou aux personnes qui en b\u00e9n\u00e9ficient.\u00a0\u00bb\u00a0(art. L612-14 of the \u201cCode de la S\u00e9curit\u00e9 Int\u00e9rieure\u201d)<\/span><\/i><\/p>\n","protected":false},"excerpt":{"rendered":"<p>Our missions are not limited to protecting properties: through our entirely dedicated subsidiary, we also ensure the protection of the physical integrity of persons. In accordance with the applicable legislation, the GSP (Goron Service de Protection) subsidiary is fully dedicated to the physical protection of persons. Because close protection cannot be improvised, GSP calls in<a href=\"https:\/\/www.goron.fr\/en\/our-services\/close-protection\/\"><i class=\"chevron right icon\"><\/i><\/a><\/p>\n","protected":false},"author":1,"featured_media":12010,"parent":11946,"menu_order":126,"comment_status":"closed","ping_status":"closed","template":"","meta":{"_acf_changed":false,"footnotes":""},"acf":[],"yoast_head":"<!-- This site is optimized with the Yoast SEO plugin v19.13 - https:\/\/yoast.com\/wordpress\/plugins\/seo\/ -->\n<title>Close protection - GORON S.A.S<\/title>\n<meta name=\"description\" content=\"Our missions are not limited to protecting properties: through our entirely dedicated subsidiary, we also ensure the protection of the physical integrity of persons.\" \/>\n<meta name=\"robots\" content=\"index, follow, max-snippet:-1, max-image-preview:large, max-video-preview:-1\" \/>\n<link rel=\"canonical\" href=\"https:\/\/www.goron.fr\/en\/our-services\/close-protection\/\" \/>\n<meta property=\"og:locale\" content=\"en_US\" \/>\n<meta property=\"og:type\" content=\"article\" \/>\n<meta property=\"og:title\" content=\"Close protection - GORON S.A.S\" \/>\n<meta property=\"og:description\" content=\"Our missions are not limited to protecting properties: through our entirely dedicated subsidiary, we also ensure the protection of the physical integrity of persons.\" \/>\n<meta property=\"og:url\" content=\"https:\/\/www.goron.fr\/en\/our-services\/close-protection\/\" \/>\n<meta property=\"og:site_name\" content=\"Goron\" \/>\n<meta property=\"article:modified_time\" content=\"2020-07-01T14:54:29+00:00\" \/>\n<meta property=\"og:image\" content=\"https:\/\/www.goron.fr\/wp-content\/uploads\/2017\/03\/63.jpg\" \/>\n\t<meta property=\"og:image:width\" content=\"3908\" \/>\n\t<meta property=\"og:image:height\" content=\"782\" \/>\n\t<meta property=\"og:image:type\" content=\"image\/jpeg\" \/>\n<meta name=\"twitter:card\" content=\"summary_large_image\" \/>\n<meta name=\"twitter:label1\" content=\"Est. reading time\" \/>\n\t<meta name=\"twitter:data1\" content=\"2 minutes\" \/>\n<script type=\"application\/ld+json\" class=\"yoast-schema-graph\">{\"@context\":\"https:\/\/schema.org\",\"@graph\":[{\"@type\":\"WebPage\",\"@id\":\"https:\/\/www.goron.fr\/en\/our-services\/close-protection\/\",\"url\":\"https:\/\/www.goron.fr\/en\/our-services\/close-protection\/\",\"name\":\"Close protection - GORON S.A.S\",\"isPartOf\":{\"@id\":\"https:\/\/www.goron.fr\/#website\"},\"datePublished\":\"2020-01-02T14:10:50+00:00\",\"dateModified\":\"2020-07-01T14:54:29+00:00\",\"description\":\"Our missions are not limited to protecting properties: through our entirely dedicated subsidiary, we also ensure the protection of the physical integrity of persons.\",\"breadcrumb\":{\"@id\":\"https:\/\/www.goron.fr\/en\/our-services\/close-protection\/#breadcrumb\"},\"inLanguage\":\"en-US\",\"potentialAction\":[{\"@type\":\"ReadAction\",\"target\":[\"https:\/\/www.goron.fr\/en\/our-services\/close-protection\/\"]}]},{\"@type\":\"BreadcrumbList\",\"@id\":\"https:\/\/www.goron.fr\/en\/our-services\/close-protection\/#breadcrumb\",\"itemListElement\":[{\"@type\":\"ListItem\",\"position\":1,\"name\":\"Accueil\",\"item\":\"https:\/\/www.goron.fr\/\"},{\"@type\":\"ListItem\",\"position\":2,\"name\":\"OUR SERVICES\",\"item\":\"https:\/\/www.goron.fr\/en\/our-services\/\"},{\"@type\":\"ListItem\",\"position\":3,\"name\":\"CLOSE PROTECTION\"}]},{\"@type\":\"WebSite\",\"@id\":\"https:\/\/www.goron.fr\/#website\",\"url\":\"https:\/\/www.goron.fr\/\",\"name\":\"Goron\",\"description\":\"S\u00e9curit\u00e9 Priv\u00e9e\",\"potentialAction\":[{\"@type\":\"SearchAction\",\"target\":{\"@type\":\"EntryPoint\",\"urlTemplate\":\"https:\/\/www.goron.fr\/?s={search_term_string}\"},\"query-input\":\"required name=search_term_string\"}],\"inLanguage\":\"en-US\"}]}<\/script>\n<!-- \/ Yoast SEO plugin. -->","yoast_head_json":{"title":"Close protection - GORON S.A.S","description":"Our missions are not limited to protecting properties: through our entirely dedicated subsidiary, we also ensure the protection of the physical integrity of persons.","robots":{"index":"index","follow":"follow","max-snippet":"max-snippet:-1","max-image-preview":"max-image-preview:large","max-video-preview":"max-video-preview:-1"},"canonical":"https:\/\/www.goron.fr\/en\/our-services\/close-protection\/","og_locale":"en_US","og_type":"article","og_title":"Close protection - GORON S.A.S","og_description":"Our missions are not limited to protecting properties: through our entirely dedicated subsidiary, we also ensure the protection of the physical integrity of persons.","og_url":"https:\/\/www.goron.fr\/en\/our-services\/close-protection\/","og_site_name":"Goron","article_modified_time":"2020-07-01T14:54:29+00:00","og_image":[{"width":3908,"height":782,"url":"https:\/\/www.goron.fr\/wp-content\/uploads\/2017\/03\/63.jpg","type":"image\/jpeg"}],"twitter_card":"summary_large_image","twitter_misc":{"Est. reading time":"2 minutes"},"schema":{"@context":"https:\/\/schema.org","@graph":[{"@type":"WebPage","@id":"https:\/\/www.goron.fr\/en\/our-services\/close-protection\/","url":"https:\/\/www.goron.fr\/en\/our-services\/close-protection\/","name":"Close protection - GORON S.A.S","isPartOf":{"@id":"https:\/\/www.goron.fr\/#website"},"datePublished":"2020-01-02T14:10:50+00:00","dateModified":"2020-07-01T14:54:29+00:00","description":"Our missions are not limited to protecting properties: through our entirely dedicated subsidiary, we also ensure the protection of the physical integrity of persons.","breadcrumb":{"@id":"https:\/\/www.goron.fr\/en\/our-services\/close-protection\/#breadcrumb"},"inLanguage":"en-US","potentialAction":[{"@type":"ReadAction","target":["https:\/\/www.goron.fr\/en\/our-services\/close-protection\/"]}]},{"@type":"BreadcrumbList","@id":"https:\/\/www.goron.fr\/en\/our-services\/close-protection\/#breadcrumb","itemListElement":[{"@type":"ListItem","position":1,"name":"Accueil","item":"https:\/\/www.goron.fr\/"},{"@type":"ListItem","position":2,"name":"OUR SERVICES","item":"https:\/\/www.goron.fr\/en\/our-services\/"},{"@type":"ListItem","position":3,"name":"CLOSE PROTECTION"}]},{"@type":"WebSite","@id":"https:\/\/www.goron.fr\/#website","url":"https:\/\/www.goron.fr\/","name":"Goron","description":"S\u00e9curit\u00e9 Priv\u00e9e","potentialAction":[{"@type":"SearchAction","target":{"@type":"EntryPoint","urlTemplate":"https:\/\/www.goron.fr\/?s={search_term_string}"},"query-input":"required name=search_term_string"}],"inLanguage":"en-US"}]}},"_links":{"self":[{"href":"https:\/\/www.goron.fr\/en\/wp-json\/wp\/v2\/pages\/12008\/"}],"collection":[{"href":"https:\/\/www.goron.fr\/en\/wp-json\/wp\/v2\/pages\/"}],"about":[{"href":"https:\/\/www.goron.fr\/en\/wp-json\/wp\/v2\/types\/page\/"}],"author":[{"embeddable":true,"href":"https:\/\/www.goron.fr\/en\/wp-json\/wp\/v2\/users\/1\/"}],"replies":[{"embeddable":true,"href":"https:\/\/www.goron.fr\/en\/wp-json\/wp\/v2\/comments\/?post=12008"}],"version-history":[{"count":3,"href":"https:\/\/www.goron.fr\/en\/wp-json\/wp\/v2\/pages\/12008\/revisions\/"}],"predecessor-version":[{"id":13339,"href":"https:\/\/www.goron.fr\/en\/wp-json\/wp\/v2\/pages\/12008\/revisions\/13339\/"}],"up":[{"embeddable":true,"href":"https:\/\/www.goron.fr\/en\/wp-json\/wp\/v2\/pages\/11946\/"}],"wp:featuredmedia":[{"embeddable":true,"href":"https:\/\/www.goron.fr\/en\/wp-json\/wp\/v2\/media\/12010\/"}],"wp:attachment":[{"href":"https:\/\/www.goron.fr\/en\/wp-json\/wp\/v2\/media\/?parent=12008"}],"curies":[{"name":"wp","href":"https:\/\/api.w.org\/{rel}","templated":true}]}}