{"id":11996,"date":"2020-01-02T15:06:21","date_gmt":"2020-01-02T14:06:21","guid":{"rendered":"https:\/\/www.goron.fr\/our-services\/safety\/event-safety\/"},"modified":"2021-10-26T15:19:57","modified_gmt":"2021-10-26T13:19:57","slug":"event-safety","status":"publish","type":"page","link":"https:\/\/www.goron.fr\/en\/our-services\/safety\/event-safety\/","title":{"rendered":"EVENT SAFETY"},"content":{"rendered":"<p><b>We contribute to the success of your event, by ensuring a discreet and efficient securing and first-aid service.<\/b><\/p>\n<p><span style=\"font-weight: 400;\">Depending on the nature and constraints of your event, we mobilise our specialised staff in the different required fields: <\/span><i><span style=\"font-weight: 400;\">surveillance officers, \u201cX-Ray\u201d tunnels operators, first-aid workers, fire safety officers, etc.<\/span><\/i><\/p>\n<p><span style=\"font-weight: 400;\">Our services can be deployed throughout the national territory or abroad.<\/span><\/p>\n<h2><b>Our services<\/b><\/h2>\n<ul>\n<li><span style=\"font-weight: 400;\">We ensure the safety of all types of events: general meetings, concerts, unveilings, social movements, exhibitions, cultural events, fairs, etc.<\/span><\/li>\n<li><span style=\"font-weight: 400;\">We supply all security and\/or first-aid equipment: radios, walk-through metal detectors, X-ray machines, firefighting equipment, rescue and first-aid equipment, VIP escort vehicles, etc.<\/span><\/li>\n<\/ul>\n<p>&nbsp;<\/p>\n<p>&nbsp;<\/p>\n","protected":false},"excerpt":{"rendered":"<p>We contribute to the success of your event, by ensuring a discreet and efficient securing and first-aid service. Depending on the nature and constraints of your event, we mobilise our specialised staff in the different required fields: surveillance officers, \u201cX-Ray\u201d tunnels operators, first-aid workers, fire safety officers, etc. Our services can be deployed throughout the<a href=\"https:\/\/www.goron.fr\/en\/our-services\/safety\/event-safety\/\"><i class=\"chevron right icon\"><\/i><\/a><\/p>\n","protected":false},"author":1,"featured_media":0,"parent":11985,"menu_order":163,"comment_status":"closed","ping_status":"closed","template":"","meta":{"_acf_changed":false,"footnotes":""},"acf":[],"yoast_head":"<!-- This site is optimized with the Yoast SEO plugin v19.13 - https:\/\/yoast.com\/wordpress\/plugins\/seo\/ -->\n<title>Event safety services - GORON S.A.S<\/title>\n<meta name=\"description\" content=\"We contribute to the success of your event, by ensuring a discreet and efficient securing and first-aid service.\" \/>\n<meta name=\"robots\" content=\"index, follow, max-snippet:-1, max-image-preview:large, max-video-preview:-1\" \/>\n<link rel=\"canonical\" href=\"https:\/\/www.goron.fr\/en\/our-services\/safety\/event-safety\/\" \/>\n<meta property=\"og:locale\" content=\"en_US\" \/>\n<meta property=\"og:type\" content=\"article\" \/>\n<meta property=\"og:title\" content=\"Event safety services - GORON S.A.S\" \/>\n<meta property=\"og:description\" content=\"We contribute to the success of your event, by ensuring a discreet and efficient securing and first-aid service.\" \/>\n<meta property=\"og:url\" content=\"https:\/\/www.goron.fr\/en\/our-services\/safety\/event-safety\/\" \/>\n<meta property=\"og:site_name\" content=\"Goron\" \/>\n<meta property=\"article:modified_time\" content=\"2021-10-26T13:19:57+00:00\" \/>\n<meta name=\"twitter:card\" content=\"summary_large_image\" \/>\n<meta name=\"twitter:label1\" content=\"Est. reading time\" \/>\n\t<meta name=\"twitter:data1\" content=\"1 minute\" \/>\n<script type=\"application\/ld+json\" class=\"yoast-schema-graph\">{\"@context\":\"https:\/\/schema.org\",\"@graph\":[{\"@type\":\"WebPage\",\"@id\":\"https:\/\/www.goron.fr\/en\/our-services\/safety\/event-safety\/\",\"url\":\"https:\/\/www.goron.fr\/en\/our-services\/safety\/event-safety\/\",\"name\":\"Event safety services - GORON S.A.S\",\"isPartOf\":{\"@id\":\"https:\/\/www.goron.fr\/#website\"},\"datePublished\":\"2020-01-02T14:06:21+00:00\",\"dateModified\":\"2021-10-26T13:19:57+00:00\",\"description\":\"We contribute to the success of your event, by ensuring a discreet and efficient securing and first-aid service.\",\"breadcrumb\":{\"@id\":\"https:\/\/www.goron.fr\/en\/our-services\/safety\/event-safety\/#breadcrumb\"},\"inLanguage\":\"en-US\",\"potentialAction\":[{\"@type\":\"ReadAction\",\"target\":[\"https:\/\/www.goron.fr\/en\/our-services\/safety\/event-safety\/\"]}]},{\"@type\":\"BreadcrumbList\",\"@id\":\"https:\/\/www.goron.fr\/en\/our-services\/safety\/event-safety\/#breadcrumb\",\"itemListElement\":[{\"@type\":\"ListItem\",\"position\":1,\"name\":\"Accueil\",\"item\":\"https:\/\/www.goron.fr\/\"},{\"@type\":\"ListItem\",\"position\":2,\"name\":\"OUR SERVICES\",\"item\":\"https:\/\/www.goron.fr\/en\/our-services\/\"},{\"@type\":\"ListItem\",\"position\":3,\"name\":\"SAFETY\",\"item\":\"https:\/\/www.goron.fr\/en\/our-services\/safety\/\"},{\"@type\":\"ListItem\",\"position\":4,\"name\":\"EVENT SAFETY\"}]},{\"@type\":\"WebSite\",\"@id\":\"https:\/\/www.goron.fr\/#website\",\"url\":\"https:\/\/www.goron.fr\/\",\"name\":\"Goron\",\"description\":\"S\u00e9curit\u00e9 Priv\u00e9e\",\"potentialAction\":[{\"@type\":\"SearchAction\",\"target\":{\"@type\":\"EntryPoint\",\"urlTemplate\":\"https:\/\/www.goron.fr\/?s={search_term_string}\"},\"query-input\":\"required name=search_term_string\"}],\"inLanguage\":\"en-US\"}]}<\/script>\n<!-- \/ Yoast SEO plugin. -->","yoast_head_json":{"title":"Event safety services - GORON S.A.S","description":"We contribute to the success of your event, by ensuring a discreet and efficient securing and first-aid service.","robots":{"index":"index","follow":"follow","max-snippet":"max-snippet:-1","max-image-preview":"max-image-preview:large","max-video-preview":"max-video-preview:-1"},"canonical":"https:\/\/www.goron.fr\/en\/our-services\/safety\/event-safety\/","og_locale":"en_US","og_type":"article","og_title":"Event safety services - GORON S.A.S","og_description":"We contribute to the success of your event, by ensuring a discreet and efficient securing and first-aid service.","og_url":"https:\/\/www.goron.fr\/en\/our-services\/safety\/event-safety\/","og_site_name":"Goron","article_modified_time":"2021-10-26T13:19:57+00:00","twitter_card":"summary_large_image","twitter_misc":{"Est. reading time":"1 minute"},"schema":{"@context":"https:\/\/schema.org","@graph":[{"@type":"WebPage","@id":"https:\/\/www.goron.fr\/en\/our-services\/safety\/event-safety\/","url":"https:\/\/www.goron.fr\/en\/our-services\/safety\/event-safety\/","name":"Event safety services - GORON S.A.S","isPartOf":{"@id":"https:\/\/www.goron.fr\/#website"},"datePublished":"2020-01-02T14:06:21+00:00","dateModified":"2021-10-26T13:19:57+00:00","description":"We contribute to the success of your event, by ensuring a discreet and efficient securing and first-aid service.","breadcrumb":{"@id":"https:\/\/www.goron.fr\/en\/our-services\/safety\/event-safety\/#breadcrumb"},"inLanguage":"en-US","potentialAction":[{"@type":"ReadAction","target":["https:\/\/www.goron.fr\/en\/our-services\/safety\/event-safety\/"]}]},{"@type":"BreadcrumbList","@id":"https:\/\/www.goron.fr\/en\/our-services\/safety\/event-safety\/#breadcrumb","itemListElement":[{"@type":"ListItem","position":1,"name":"Accueil","item":"https:\/\/www.goron.fr\/"},{"@type":"ListItem","position":2,"name":"OUR SERVICES","item":"https:\/\/www.goron.fr\/en\/our-services\/"},{"@type":"ListItem","position":3,"name":"SAFETY","item":"https:\/\/www.goron.fr\/en\/our-services\/safety\/"},{"@type":"ListItem","position":4,"name":"EVENT SAFETY"}]},{"@type":"WebSite","@id":"https:\/\/www.goron.fr\/#website","url":"https:\/\/www.goron.fr\/","name":"Goron","description":"S\u00e9curit\u00e9 Priv\u00e9e","potentialAction":[{"@type":"SearchAction","target":{"@type":"EntryPoint","urlTemplate":"https:\/\/www.goron.fr\/?s={search_term_string}"},"query-input":"required name=search_term_string"}],"inLanguage":"en-US"}]}},"_links":{"self":[{"href":"https:\/\/www.goron.fr\/en\/wp-json\/wp\/v2\/pages\/11996\/"}],"collection":[{"href":"https:\/\/www.goron.fr\/en\/wp-json\/wp\/v2\/pages\/"}],"about":[{"href":"https:\/\/www.goron.fr\/en\/wp-json\/wp\/v2\/types\/page\/"}],"author":[{"embeddable":true,"href":"https:\/\/www.goron.fr\/en\/wp-json\/wp\/v2\/users\/1\/"}],"replies":[{"embeddable":true,"href":"https:\/\/www.goron.fr\/en\/wp-json\/wp\/v2\/comments\/?post=11996"}],"version-history":[{"count":5,"href":"https:\/\/www.goron.fr\/en\/wp-json\/wp\/v2\/pages\/11996\/revisions\/"}],"predecessor-version":[{"id":16130,"href":"https:\/\/www.goron.fr\/en\/wp-json\/wp\/v2\/pages\/11996\/revisions\/16130\/"}],"up":[{"embeddable":true,"href":"https:\/\/www.goron.fr\/en\/wp-json\/wp\/v2\/pages\/11985\/"}],"wp:attachment":[{"href":"https:\/\/www.goron.fr\/en\/wp-json\/wp\/v2\/media\/?parent=11996"}],"curies":[{"name":"wp","href":"https:\/\/api.w.org\/{rel}","templated":true}]}}