{"id":11992,"date":"2020-01-02T15:03:35","date_gmt":"2020-01-02T14:03:35","guid":{"rendered":"https:\/\/www.goron.fr\/our-services\/safety\/explosive-detection\/"},"modified":"2021-10-26T15:19:10","modified_gmt":"2021-10-26T13:19:10","slug":"explosive-detection","status":"publish","type":"page","link":"https:\/\/www.goron.fr\/en\/our-services\/safety\/explosive-detection\/","title":{"rendered":"EXPLOSIVE DETECTION"},"content":{"rendered":"<p><b>In some contexts, it is not uncommon for explosives to be used. Whether they are of industrial, military or artisanal conception, the necessity for detection systems require no further proof. The specialised cynophilist sector of GORON S.A. Safety Department offers this solution.<\/b><\/p>\n<p><span style=\"font-weight: 400;\">As a true complementary securing means, our cynophilist teams, specialised in the detection of explosives, pyrotechnic devices or munitions, are mainly coming from elite units and are highly mobile and available. Our duos, dogs and dog handlers, are deployable anywhere a preventive explosive detection is required, in order to secure an area, or even to ensure \u201cdoubt removal\u201d.<\/span><\/p>\n<p><span style=\"font-weight: 400;\">Whether the potential threat targets a public or private event, a general meeting, a concert hall, a private place of residence, a hotel, a land vehicle, a yacht or a plane, our specialised cynophilist teams, holders of <\/span><i><span style=\"font-weight: 400;\">ad hoc<\/span><\/i><span style=\"font-weight: 400;\"> technical and veterinary certifications, will be the pioneers of your security.<\/span><\/p>\n","protected":false},"excerpt":{"rendered":"<p>In some contexts, it is not uncommon for explosives to be used. Whether they are of industrial, military or artisanal conception, the necessity for detection systems require no further proof. The specialised cynophilist sector of GORON S.A. Safety Department offers this solution. As a true complementary securing means, our cynophilist teams, specialised in the detection<a href=\"https:\/\/www.goron.fr\/en\/our-services\/safety\/explosive-detection\/\"><i class=\"chevron right icon\"><\/i><\/a><\/p>\n","protected":false},"author":1,"featured_media":0,"parent":11985,"menu_order":161,"comment_status":"closed","ping_status":"closed","template":"","meta":{"_acf_changed":false,"footnotes":""},"acf":[],"yoast_head":"<!-- This site is optimized with the Yoast SEO plugin v19.13 - https:\/\/yoast.com\/wordpress\/plugins\/seo\/ -->\n<title>Explosive detection services - GORON S.A.S<\/title>\n<meta name=\"description\" content=\"The specialised cynophilist sector of GORON S.A.S Safety Department offers explosive detection services.\" \/>\n<meta name=\"robots\" content=\"index, follow, max-snippet:-1, max-image-preview:large, max-video-preview:-1\" \/>\n<link rel=\"canonical\" href=\"https:\/\/www.goron.fr\/en\/our-services\/safety\/explosive-detection\/\" \/>\n<meta property=\"og:locale\" content=\"en_US\" \/>\n<meta property=\"og:type\" content=\"article\" \/>\n<meta property=\"og:title\" content=\"Explosive detection services - GORON S.A.S\" \/>\n<meta property=\"og:description\" content=\"The specialised cynophilist sector of GORON S.A.S Safety Department offers explosive detection services.\" \/>\n<meta property=\"og:url\" content=\"https:\/\/www.goron.fr\/en\/our-services\/safety\/explosive-detection\/\" \/>\n<meta property=\"og:site_name\" content=\"Goron\" \/>\n<meta property=\"article:modified_time\" content=\"2021-10-26T13:19:10+00:00\" \/>\n<meta name=\"twitter:card\" content=\"summary_large_image\" \/>\n<meta name=\"twitter:label1\" content=\"Est. reading time\" \/>\n\t<meta name=\"twitter:data1\" content=\"1 minute\" \/>\n<script type=\"application\/ld+json\" class=\"yoast-schema-graph\">{\"@context\":\"https:\/\/schema.org\",\"@graph\":[{\"@type\":\"WebPage\",\"@id\":\"https:\/\/www.goron.fr\/en\/our-services\/safety\/explosive-detection\/\",\"url\":\"https:\/\/www.goron.fr\/en\/our-services\/safety\/explosive-detection\/\",\"name\":\"Explosive detection services - GORON S.A.S\",\"isPartOf\":{\"@id\":\"https:\/\/www.goron.fr\/#website\"},\"datePublished\":\"2020-01-02T14:03:35+00:00\",\"dateModified\":\"2021-10-26T13:19:10+00:00\",\"description\":\"The specialised cynophilist sector of GORON S.A.S Safety Department offers explosive detection services.\",\"breadcrumb\":{\"@id\":\"https:\/\/www.goron.fr\/en\/our-services\/safety\/explosive-detection\/#breadcrumb\"},\"inLanguage\":\"en-US\",\"potentialAction\":[{\"@type\":\"ReadAction\",\"target\":[\"https:\/\/www.goron.fr\/en\/our-services\/safety\/explosive-detection\/\"]}]},{\"@type\":\"BreadcrumbList\",\"@id\":\"https:\/\/www.goron.fr\/en\/our-services\/safety\/explosive-detection\/#breadcrumb\",\"itemListElement\":[{\"@type\":\"ListItem\",\"position\":1,\"name\":\"Accueil\",\"item\":\"https:\/\/www.goron.fr\/\"},{\"@type\":\"ListItem\",\"position\":2,\"name\":\"OUR SERVICES\",\"item\":\"https:\/\/www.goron.fr\/en\/our-services\/\"},{\"@type\":\"ListItem\",\"position\":3,\"name\":\"SAFETY\",\"item\":\"https:\/\/www.goron.fr\/en\/our-services\/safety\/\"},{\"@type\":\"ListItem\",\"position\":4,\"name\":\"EXPLOSIVE DETECTION\"}]},{\"@type\":\"WebSite\",\"@id\":\"https:\/\/www.goron.fr\/#website\",\"url\":\"https:\/\/www.goron.fr\/\",\"name\":\"Goron\",\"description\":\"S\u00e9curit\u00e9 Priv\u00e9e\",\"potentialAction\":[{\"@type\":\"SearchAction\",\"target\":{\"@type\":\"EntryPoint\",\"urlTemplate\":\"https:\/\/www.goron.fr\/?s={search_term_string}\"},\"query-input\":\"required name=search_term_string\"}],\"inLanguage\":\"en-US\"}]}<\/script>\n<!-- \/ Yoast SEO plugin. -->","yoast_head_json":{"title":"Explosive detection services - GORON S.A.S","description":"The specialised cynophilist sector of GORON S.A.S Safety Department offers explosive detection services.","robots":{"index":"index","follow":"follow","max-snippet":"max-snippet:-1","max-image-preview":"max-image-preview:large","max-video-preview":"max-video-preview:-1"},"canonical":"https:\/\/www.goron.fr\/en\/our-services\/safety\/explosive-detection\/","og_locale":"en_US","og_type":"article","og_title":"Explosive detection services - GORON S.A.S","og_description":"The specialised cynophilist sector of GORON S.A.S Safety Department offers explosive detection services.","og_url":"https:\/\/www.goron.fr\/en\/our-services\/safety\/explosive-detection\/","og_site_name":"Goron","article_modified_time":"2021-10-26T13:19:10+00:00","twitter_card":"summary_large_image","twitter_misc":{"Est. reading time":"1 minute"},"schema":{"@context":"https:\/\/schema.org","@graph":[{"@type":"WebPage","@id":"https:\/\/www.goron.fr\/en\/our-services\/safety\/explosive-detection\/","url":"https:\/\/www.goron.fr\/en\/our-services\/safety\/explosive-detection\/","name":"Explosive detection services - GORON S.A.S","isPartOf":{"@id":"https:\/\/www.goron.fr\/#website"},"datePublished":"2020-01-02T14:03:35+00:00","dateModified":"2021-10-26T13:19:10+00:00","description":"The specialised cynophilist sector of GORON S.A.S Safety Department offers explosive detection services.","breadcrumb":{"@id":"https:\/\/www.goron.fr\/en\/our-services\/safety\/explosive-detection\/#breadcrumb"},"inLanguage":"en-US","potentialAction":[{"@type":"ReadAction","target":["https:\/\/www.goron.fr\/en\/our-services\/safety\/explosive-detection\/"]}]},{"@type":"BreadcrumbList","@id":"https:\/\/www.goron.fr\/en\/our-services\/safety\/explosive-detection\/#breadcrumb","itemListElement":[{"@type":"ListItem","position":1,"name":"Accueil","item":"https:\/\/www.goron.fr\/"},{"@type":"ListItem","position":2,"name":"OUR SERVICES","item":"https:\/\/www.goron.fr\/en\/our-services\/"},{"@type":"ListItem","position":3,"name":"SAFETY","item":"https:\/\/www.goron.fr\/en\/our-services\/safety\/"},{"@type":"ListItem","position":4,"name":"EXPLOSIVE DETECTION"}]},{"@type":"WebSite","@id":"https:\/\/www.goron.fr\/#website","url":"https:\/\/www.goron.fr\/","name":"Goron","description":"S\u00e9curit\u00e9 Priv\u00e9e","potentialAction":[{"@type":"SearchAction","target":{"@type":"EntryPoint","urlTemplate":"https:\/\/www.goron.fr\/?s={search_term_string}"},"query-input":"required name=search_term_string"}],"inLanguage":"en-US"}]}},"_links":{"self":[{"href":"https:\/\/www.goron.fr\/en\/wp-json\/wp\/v2\/pages\/11992\/"}],"collection":[{"href":"https:\/\/www.goron.fr\/en\/wp-json\/wp\/v2\/pages\/"}],"about":[{"href":"https:\/\/www.goron.fr\/en\/wp-json\/wp\/v2\/types\/page\/"}],"author":[{"embeddable":true,"href":"https:\/\/www.goron.fr\/en\/wp-json\/wp\/v2\/users\/1\/"}],"replies":[{"embeddable":true,"href":"https:\/\/www.goron.fr\/en\/wp-json\/wp\/v2\/comments\/?post=11992"}],"version-history":[{"count":4,"href":"https:\/\/www.goron.fr\/en\/wp-json\/wp\/v2\/pages\/11992\/revisions\/"}],"predecessor-version":[{"id":15954,"href":"https:\/\/www.goron.fr\/en\/wp-json\/wp\/v2\/pages\/11992\/revisions\/15954\/"}],"up":[{"embeddable":true,"href":"https:\/\/www.goron.fr\/en\/wp-json\/wp\/v2\/pages\/11985\/"}],"wp:attachment":[{"href":"https:\/\/www.goron.fr\/en\/wp-json\/wp\/v2\/media\/?parent=11992"}],"curies":[{"name":"wp","href":"https:\/\/api.w.org\/{rel}","templated":true}]}}