{"id":11989,"date":"2020-01-02T15:00:38","date_gmt":"2020-01-02T14:00:38","guid":{"rendered":"https:\/\/www.goron.fr\/our-services\/safety\/strengthened-surveillance\/"},"modified":"2020-02-14T17:38:04","modified_gmt":"2020-02-14T16:38:04","slug":"strengthened-surveillance","status":"publish","type":"page","link":"https:\/\/www.goron.fr\/en\/our-services\/safety\/strengthened-surveillance\/","title":{"rendered":"STRENGTHENED SURVEILLANCE"},"content":{"rendered":"<p><b>The law of the 28<\/b><b>th<\/b><b> of February 2017, through its implementing decree n\u00b02017-1844 of the 19<\/b><b>th<\/b><b> of December 2017, allows, under certain conditions, to arm security officers, some of whom will have access to the new status of \u201cstrengthened surveillance\u201d officers. The decree entered into force at the beginning of 2018.<\/b><\/p>\n<p><span style=\"font-weight: 400;\">In order to provide the same level of excellence than its other entities, GORON S.A. Safety Department has already created a dedicated centre for this sensitive and particular branch.<\/span><\/p>\n<p><span style=\"font-weight: 400;\">The implementing decree is now published, and we will soon be able to provide you with more details, particularly about the training and modalities for aptitude tests of strengthened surveillance officers, weapon storage conditions, the categories and types of weapons concerned, as well as the legal framework for weapon use.<\/span><\/p>\n","protected":false},"excerpt":{"rendered":"<p>The law of the 28th of February 2017, through its implementing decree n\u00b02017-1844 of the 19th of December 2017, allows, under certain conditions, to arm security officers, some of whom will have access to the new status of \u201cstrengthened surveillance\u201d officers. The decree entered into force at the beginning of 2018. In order to provide<a href=\"https:\/\/www.goron.fr\/en\/our-services\/safety\/strengthened-surveillance\/\"><i class=\"chevron right icon\"><\/i><\/a><\/p>\n","protected":false},"author":2,"featured_media":0,"parent":11985,"menu_order":159,"comment_status":"closed","ping_status":"closed","template":"","meta":{"_acf_changed":false,"footnotes":""},"acf":[],"yoast_head":"<!-- This site is optimized with the Yoast SEO plugin v19.13 - https:\/\/yoast.com\/wordpress\/plugins\/seo\/ -->\n<title>Strengthened surveillance services - GORON S.A.S<\/title>\n<meta name=\"description\" content=\"In order to provide the same level of excellence than its other entities, GORON S.A.S Safety Department has already created a dedicated centre for this sensitive and particular branch.\" \/>\n<meta name=\"robots\" content=\"index, follow, max-snippet:-1, max-image-preview:large, max-video-preview:-1\" \/>\n<link rel=\"canonical\" href=\"https:\/\/www.goron.fr\/en\/our-services\/safety\/strengthened-surveillance\/\" \/>\n<meta property=\"og:locale\" content=\"en_US\" \/>\n<meta property=\"og:type\" content=\"article\" \/>\n<meta property=\"og:title\" content=\"Strengthened surveillance services - GORON S.A.S\" \/>\n<meta property=\"og:description\" content=\"In order to provide the same level of excellence than its other entities, GORON S.A.S Safety Department has already created a dedicated centre for this sensitive and particular branch.\" \/>\n<meta property=\"og:url\" content=\"https:\/\/www.goron.fr\/en\/our-services\/safety\/strengthened-surveillance\/\" \/>\n<meta property=\"og:site_name\" content=\"Goron\" \/>\n<meta property=\"article:modified_time\" content=\"2020-02-14T16:38:04+00:00\" \/>\n<meta name=\"twitter:card\" content=\"summary_large_image\" \/>\n<meta name=\"twitter:label1\" content=\"Est. reading time\" \/>\n\t<meta name=\"twitter:data1\" content=\"1 minute\" \/>\n<script type=\"application\/ld+json\" class=\"yoast-schema-graph\">{\"@context\":\"https:\/\/schema.org\",\"@graph\":[{\"@type\":\"WebPage\",\"@id\":\"https:\/\/www.goron.fr\/en\/our-services\/safety\/strengthened-surveillance\/\",\"url\":\"https:\/\/www.goron.fr\/en\/our-services\/safety\/strengthened-surveillance\/\",\"name\":\"Strengthened surveillance services - GORON S.A.S\",\"isPartOf\":{\"@id\":\"https:\/\/www.goron.fr\/#website\"},\"datePublished\":\"2020-01-02T14:00:38+00:00\",\"dateModified\":\"2020-02-14T16:38:04+00:00\",\"description\":\"In order to provide the same level of excellence than its other entities, GORON S.A.S Safety Department has already created a dedicated centre for this sensitive and particular branch.\",\"breadcrumb\":{\"@id\":\"https:\/\/www.goron.fr\/en\/our-services\/safety\/strengthened-surveillance\/#breadcrumb\"},\"inLanguage\":\"en-US\",\"potentialAction\":[{\"@type\":\"ReadAction\",\"target\":[\"https:\/\/www.goron.fr\/en\/our-services\/safety\/strengthened-surveillance\/\"]}]},{\"@type\":\"BreadcrumbList\",\"@id\":\"https:\/\/www.goron.fr\/en\/our-services\/safety\/strengthened-surveillance\/#breadcrumb\",\"itemListElement\":[{\"@type\":\"ListItem\",\"position\":1,\"name\":\"Accueil\",\"item\":\"https:\/\/www.goron.fr\/\"},{\"@type\":\"ListItem\",\"position\":2,\"name\":\"OUR SERVICES\",\"item\":\"https:\/\/www.goron.fr\/en\/our-services\/\"},{\"@type\":\"ListItem\",\"position\":3,\"name\":\"SAFETY\",\"item\":\"https:\/\/www.goron.fr\/en\/our-services\/safety\/\"},{\"@type\":\"ListItem\",\"position\":4,\"name\":\"STRENGTHENED SURVEILLANCE\"}]},{\"@type\":\"WebSite\",\"@id\":\"https:\/\/www.goron.fr\/#website\",\"url\":\"https:\/\/www.goron.fr\/\",\"name\":\"Goron\",\"description\":\"S\u00e9curit\u00e9 Priv\u00e9e\",\"potentialAction\":[{\"@type\":\"SearchAction\",\"target\":{\"@type\":\"EntryPoint\",\"urlTemplate\":\"https:\/\/www.goron.fr\/?s={search_term_string}\"},\"query-input\":\"required name=search_term_string\"}],\"inLanguage\":\"en-US\"}]}<\/script>\n<!-- \/ Yoast SEO plugin. -->","yoast_head_json":{"title":"Strengthened surveillance services - GORON S.A.S","description":"In order to provide the same level of excellence than its other entities, GORON S.A.S Safety Department has already created a dedicated centre for this sensitive and particular branch.","robots":{"index":"index","follow":"follow","max-snippet":"max-snippet:-1","max-image-preview":"max-image-preview:large","max-video-preview":"max-video-preview:-1"},"canonical":"https:\/\/www.goron.fr\/en\/our-services\/safety\/strengthened-surveillance\/","og_locale":"en_US","og_type":"article","og_title":"Strengthened surveillance services - GORON S.A.S","og_description":"In order to provide the same level of excellence than its other entities, GORON S.A.S Safety Department has already created a dedicated centre for this sensitive and particular branch.","og_url":"https:\/\/www.goron.fr\/en\/our-services\/safety\/strengthened-surveillance\/","og_site_name":"Goron","article_modified_time":"2020-02-14T16:38:04+00:00","twitter_card":"summary_large_image","twitter_misc":{"Est. reading time":"1 minute"},"schema":{"@context":"https:\/\/schema.org","@graph":[{"@type":"WebPage","@id":"https:\/\/www.goron.fr\/en\/our-services\/safety\/strengthened-surveillance\/","url":"https:\/\/www.goron.fr\/en\/our-services\/safety\/strengthened-surveillance\/","name":"Strengthened surveillance services - GORON S.A.S","isPartOf":{"@id":"https:\/\/www.goron.fr\/#website"},"datePublished":"2020-01-02T14:00:38+00:00","dateModified":"2020-02-14T16:38:04+00:00","description":"In order to provide the same level of excellence than its other entities, GORON S.A.S Safety Department has already created a dedicated centre for this sensitive and particular branch.","breadcrumb":{"@id":"https:\/\/www.goron.fr\/en\/our-services\/safety\/strengthened-surveillance\/#breadcrumb"},"inLanguage":"en-US","potentialAction":[{"@type":"ReadAction","target":["https:\/\/www.goron.fr\/en\/our-services\/safety\/strengthened-surveillance\/"]}]},{"@type":"BreadcrumbList","@id":"https:\/\/www.goron.fr\/en\/our-services\/safety\/strengthened-surveillance\/#breadcrumb","itemListElement":[{"@type":"ListItem","position":1,"name":"Accueil","item":"https:\/\/www.goron.fr\/"},{"@type":"ListItem","position":2,"name":"OUR SERVICES","item":"https:\/\/www.goron.fr\/en\/our-services\/"},{"@type":"ListItem","position":3,"name":"SAFETY","item":"https:\/\/www.goron.fr\/en\/our-services\/safety\/"},{"@type":"ListItem","position":4,"name":"STRENGTHENED SURVEILLANCE"}]},{"@type":"WebSite","@id":"https:\/\/www.goron.fr\/#website","url":"https:\/\/www.goron.fr\/","name":"Goron","description":"S\u00e9curit\u00e9 Priv\u00e9e","potentialAction":[{"@type":"SearchAction","target":{"@type":"EntryPoint","urlTemplate":"https:\/\/www.goron.fr\/?s={search_term_string}"},"query-input":"required name=search_term_string"}],"inLanguage":"en-US"}]}},"_links":{"self":[{"href":"https:\/\/www.goron.fr\/en\/wp-json\/wp\/v2\/pages\/11989\/"}],"collection":[{"href":"https:\/\/www.goron.fr\/en\/wp-json\/wp\/v2\/pages\/"}],"about":[{"href":"https:\/\/www.goron.fr\/en\/wp-json\/wp\/v2\/types\/page\/"}],"author":[{"embeddable":true,"href":"https:\/\/www.goron.fr\/en\/wp-json\/wp\/v2\/users\/2\/"}],"replies":[{"embeddable":true,"href":"https:\/\/www.goron.fr\/en\/wp-json\/wp\/v2\/comments\/?post=11989"}],"version-history":[{"count":2,"href":"https:\/\/www.goron.fr\/en\/wp-json\/wp\/v2\/pages\/11989\/revisions\/"}],"predecessor-version":[{"id":12685,"href":"https:\/\/www.goron.fr\/en\/wp-json\/wp\/v2\/pages\/11989\/revisions\/12685\/"}],"up":[{"embeddable":true,"href":"https:\/\/www.goron.fr\/en\/wp-json\/wp\/v2\/pages\/11985\/"}],"wp:attachment":[{"href":"https:\/\/www.goron.fr\/en\/wp-json\/wp\/v2\/media\/?parent=11989"}],"curies":[{"name":"wp","href":"https:\/\/api.w.org\/{rel}","templated":true}]}}