{"id":11985,"date":"2020-01-02T14:49:06","date_gmt":"2020-01-02T13:49:06","guid":{"rendered":"https:\/\/www.goron.fr\/our-services\/safety\/"},"modified":"2021-10-26T15:19:56","modified_gmt":"2021-10-26T13:19:56","slug":"safety","status":"publish","type":"page","link":"https:\/\/www.goron.fr\/en\/our-services\/safety\/","title":{"rendered":"SAFETY"},"content":{"rendered":"<h2><b>GORON Safety Department \u2013 \u201cMake the world safer\u201d<\/b><\/h2>\n<p><span style=\"font-weight: 400;\">In a context where risks and threats can affect anyone, anywhere and at any time, GORON implements innovative solutions suitable for everyone, so that your safety is no longer a concern.<\/span><\/p>\n<p><span style=\"font-weight: 400;\">Protecting any person and any property exposed to a potential danger or threat is the primary role of GORON Safety Department, bringing together the best experts, men and women, from agents to management, in order to guarantee your safety.<\/span><\/p>\n<p><span style=\"font-weight: 400;\">GORON S.A. Safety Department operates on the national and international levels, especially in particularly sensitive sites, in the luxury sector or during events. Therefore, whether you need to call on security guards, strengthened surveillance officers, cynophilist teams specialised in the search of explosives or spotters, the women and men of GORON will put their skills at your service. Moreover, our rapid projection capabilities allow for the deployment of our safety features within tight time frames.<\/span><\/p>\n","protected":false},"excerpt":{"rendered":"<p>GORON Safety Department \u2013 \u201cMake the world safer\u201d In a context where risks and threats can affect anyone, anywhere and at any time, GORON implements innovative solutions suitable for everyone, so that your safety is no longer a concern. Protecting any person and any property exposed to a potential danger or threat is the primary<a href=\"https:\/\/www.goron.fr\/en\/our-services\/safety\/\"><i class=\"chevron right icon\"><\/i><\/a><\/p>\n","protected":false},"author":1,"featured_media":12678,"parent":11946,"menu_order":118,"comment_status":"closed","ping_status":"closed","template":"","meta":{"_acf_changed":false,"footnotes":""},"acf":[],"yoast_head":"<!-- This site is optimized with the Yoast SEO plugin v19.13 - https:\/\/yoast.com\/wordpress\/plugins\/seo\/ -->\n<title>GORON Safety Department \u2013 \u201cMake the world safer\u201d<\/title>\n<meta name=\"description\" content=\"In a context where risks and threats can affect anyone, anywhere and at any time, GORON implements innovative solutions suitable for everyone, so that your safety is no longer a concern.\" \/>\n<meta name=\"robots\" content=\"index, follow, max-snippet:-1, max-image-preview:large, max-video-preview:-1\" \/>\n<link rel=\"canonical\" href=\"https:\/\/www.goron.fr\/en\/our-services\/safety\/\" \/>\n<meta property=\"og:locale\" content=\"en_US\" \/>\n<meta property=\"og:type\" content=\"article\" \/>\n<meta property=\"og:title\" content=\"GORON Safety Department \u2013 \u201cMake the world safer\u201d\" \/>\n<meta property=\"og:description\" content=\"In a context where risks and threats can affect anyone, anywhere and at any time, GORON implements innovative solutions suitable for everyone, so that your safety is no longer a concern.\" \/>\n<meta property=\"og:url\" content=\"https:\/\/www.goron.fr\/en\/our-services\/safety\/\" \/>\n<meta property=\"og:site_name\" content=\"Goron\" \/>\n<meta property=\"article:modified_time\" content=\"2021-10-26T13:19:56+00:00\" \/>\n<meta property=\"og:image\" content=\"https:\/\/www.goron.fr\/wp-content\/uploads\/2020\/02\/50-scaled.jpg\" \/>\n\t<meta property=\"og:image:width\" content=\"2560\" \/>\n\t<meta property=\"og:image:height\" content=\"512\" \/>\n\t<meta property=\"og:image:type\" content=\"image\/jpeg\" \/>\n<meta name=\"twitter:card\" content=\"summary_large_image\" \/>\n<meta name=\"twitter:label1\" content=\"Est. reading time\" \/>\n\t<meta name=\"twitter:data1\" content=\"1 minute\" \/>\n<script type=\"application\/ld+json\" class=\"yoast-schema-graph\">{\"@context\":\"https:\/\/schema.org\",\"@graph\":[{\"@type\":\"WebPage\",\"@id\":\"https:\/\/www.goron.fr\/en\/our-services\/safety\/\",\"url\":\"https:\/\/www.goron.fr\/en\/our-services\/safety\/\",\"name\":\"GORON Safety Department \u2013 \u201cMake the world safer\u201d\",\"isPartOf\":{\"@id\":\"https:\/\/www.goron.fr\/#website\"},\"datePublished\":\"2020-01-02T13:49:06+00:00\",\"dateModified\":\"2021-10-26T13:19:56+00:00\",\"description\":\"In a context where risks and threats can affect anyone, anywhere and at any time, GORON implements innovative solutions suitable for everyone, so that your safety is no longer a concern.\",\"breadcrumb\":{\"@id\":\"https:\/\/www.goron.fr\/en\/our-services\/safety\/#breadcrumb\"},\"inLanguage\":\"en-US\",\"potentialAction\":[{\"@type\":\"ReadAction\",\"target\":[\"https:\/\/www.goron.fr\/en\/our-services\/safety\/\"]}]},{\"@type\":\"BreadcrumbList\",\"@id\":\"https:\/\/www.goron.fr\/en\/our-services\/safety\/#breadcrumb\",\"itemListElement\":[{\"@type\":\"ListItem\",\"position\":1,\"name\":\"Accueil\",\"item\":\"https:\/\/www.goron.fr\/\"},{\"@type\":\"ListItem\",\"position\":2,\"name\":\"OUR SERVICES\",\"item\":\"https:\/\/www.goron.fr\/en\/our-services\/\"},{\"@type\":\"ListItem\",\"position\":3,\"name\":\"SAFETY\"}]},{\"@type\":\"WebSite\",\"@id\":\"https:\/\/www.goron.fr\/#website\",\"url\":\"https:\/\/www.goron.fr\/\",\"name\":\"Goron\",\"description\":\"S\u00e9curit\u00e9 Priv\u00e9e\",\"potentialAction\":[{\"@type\":\"SearchAction\",\"target\":{\"@type\":\"EntryPoint\",\"urlTemplate\":\"https:\/\/www.goron.fr\/?s={search_term_string}\"},\"query-input\":\"required name=search_term_string\"}],\"inLanguage\":\"en-US\"}]}<\/script>\n<!-- \/ Yoast SEO plugin. -->","yoast_head_json":{"title":"GORON Safety Department \u2013 \u201cMake the world safer\u201d","description":"In a context where risks and threats can affect anyone, anywhere and at any time, GORON implements innovative solutions suitable for everyone, so that your safety is no longer a concern.","robots":{"index":"index","follow":"follow","max-snippet":"max-snippet:-1","max-image-preview":"max-image-preview:large","max-video-preview":"max-video-preview:-1"},"canonical":"https:\/\/www.goron.fr\/en\/our-services\/safety\/","og_locale":"en_US","og_type":"article","og_title":"GORON Safety Department \u2013 \u201cMake the world safer\u201d","og_description":"In a context where risks and threats can affect anyone, anywhere and at any time, GORON implements innovative solutions suitable for everyone, so that your safety is no longer a concern.","og_url":"https:\/\/www.goron.fr\/en\/our-services\/safety\/","og_site_name":"Goron","article_modified_time":"2021-10-26T13:19:56+00:00","og_image":[{"width":2560,"height":512,"url":"https:\/\/www.goron.fr\/wp-content\/uploads\/2020\/02\/50-scaled.jpg","type":"image\/jpeg"}],"twitter_card":"summary_large_image","twitter_misc":{"Est. reading time":"1 minute"},"schema":{"@context":"https:\/\/schema.org","@graph":[{"@type":"WebPage","@id":"https:\/\/www.goron.fr\/en\/our-services\/safety\/","url":"https:\/\/www.goron.fr\/en\/our-services\/safety\/","name":"GORON Safety Department \u2013 \u201cMake the world safer\u201d","isPartOf":{"@id":"https:\/\/www.goron.fr\/#website"},"datePublished":"2020-01-02T13:49:06+00:00","dateModified":"2021-10-26T13:19:56+00:00","description":"In a context where risks and threats can affect anyone, anywhere and at any time, GORON implements innovative solutions suitable for everyone, so that your safety is no longer a concern.","breadcrumb":{"@id":"https:\/\/www.goron.fr\/en\/our-services\/safety\/#breadcrumb"},"inLanguage":"en-US","potentialAction":[{"@type":"ReadAction","target":["https:\/\/www.goron.fr\/en\/our-services\/safety\/"]}]},{"@type":"BreadcrumbList","@id":"https:\/\/www.goron.fr\/en\/our-services\/safety\/#breadcrumb","itemListElement":[{"@type":"ListItem","position":1,"name":"Accueil","item":"https:\/\/www.goron.fr\/"},{"@type":"ListItem","position":2,"name":"OUR SERVICES","item":"https:\/\/www.goron.fr\/en\/our-services\/"},{"@type":"ListItem","position":3,"name":"SAFETY"}]},{"@type":"WebSite","@id":"https:\/\/www.goron.fr\/#website","url":"https:\/\/www.goron.fr\/","name":"Goron","description":"S\u00e9curit\u00e9 Priv\u00e9e","potentialAction":[{"@type":"SearchAction","target":{"@type":"EntryPoint","urlTemplate":"https:\/\/www.goron.fr\/?s={search_term_string}"},"query-input":"required name=search_term_string"}],"inLanguage":"en-US"}]}},"_links":{"self":[{"href":"https:\/\/www.goron.fr\/en\/wp-json\/wp\/v2\/pages\/11985\/"}],"collection":[{"href":"https:\/\/www.goron.fr\/en\/wp-json\/wp\/v2\/pages\/"}],"about":[{"href":"https:\/\/www.goron.fr\/en\/wp-json\/wp\/v2\/types\/page\/"}],"author":[{"embeddable":true,"href":"https:\/\/www.goron.fr\/en\/wp-json\/wp\/v2\/users\/1\/"}],"replies":[{"embeddable":true,"href":"https:\/\/www.goron.fr\/en\/wp-json\/wp\/v2\/comments\/?post=11985"}],"version-history":[{"count":4,"href":"https:\/\/www.goron.fr\/en\/wp-json\/wp\/v2\/pages\/11985\/revisions\/"}],"predecessor-version":[{"id":16128,"href":"https:\/\/www.goron.fr\/en\/wp-json\/wp\/v2\/pages\/11985\/revisions\/16128\/"}],"up":[{"embeddable":true,"href":"https:\/\/www.goron.fr\/en\/wp-json\/wp\/v2\/pages\/11946\/"}],"wp:featuredmedia":[{"embeddable":true,"href":"https:\/\/www.goron.fr\/en\/wp-json\/wp\/v2\/media\/12678\/"}],"wp:attachment":[{"href":"https:\/\/www.goron.fr\/en\/wp-json\/wp\/v2\/media\/?parent=11985"}],"curies":[{"name":"wp","href":"https:\/\/api.w.org\/{rel}","templated":true}]}}