{"id":11979,"date":"2020-01-02T14:48:08","date_gmt":"2020-01-02T13:48:08","guid":{"rendered":"https:\/\/www.goron.fr\/our-services\/surveillance-security\/mobile-security-intervention\/"},"modified":"2020-02-14T17:33:52","modified_gmt":"2020-02-14T16:33:52","slug":"mobile-security-intervention","status":"publish","type":"page","link":"https:\/\/www.goron.fr\/en\/our-services\/surveillance-security\/mobile-security-intervention\/","title":{"rendered":"MOBILE SECURITY &#038; INTERVENTION"},"content":{"rendered":"<p><b>In some cases, the permanent presence of an officer is not necessary or impossible because of severe budget constraints.<\/b><\/p>\n<p><span style=\"font-weight: 400;\">Nevertheless, intervention in the event of an alarm is essential on sites secured by remote surveillance or video surveillance.<\/span><\/p>\n<p><span style=\"font-weight: 400;\">To deal with these types of situations, we have developed a national mobile security network, composed of qualified agents. They drive with vehicles connected to our 24\/7 operations security permanency and equipped with all necessary technical means.<\/span><\/p>\n<h2><b>Our services<\/b><\/h2>\n<ul>\n<li><span style=\"font-weight: 400;\">Site opening and closure patrols<\/span><\/li>\n<li><span style=\"font-weight: 400;\">Security patrols at fixed or random hours<\/span><\/li>\n<li><span style=\"font-weight: 400;\">Onsite escort of the staff of the customer company<\/span><\/li>\n<li><span style=\"font-weight: 400;\">Intervention in the event of an alarm<\/span><\/li>\n<li><span style=\"font-weight: 400;\">Elevator intervention<\/span><\/li>\n<li><span style=\"font-weight: 400;\">Securing of industrial estates or residential areas<\/span><\/li>\n<li><span style=\"font-weight: 400;\">Precautionary caretaking<\/span><\/li>\n<li><span style=\"font-weight: 400;\">Release of people stuck in elevators<\/span><\/li>\n<\/ul>\n<h3><b>Intervention in the event of an alarm<\/b><\/h3>\n<p><span style=\"font-weight: 400;\">Intervention is necessary to verify onsite the origin of an alarm received by our central station coming from a site under remote surveillance. This is commonly referred to as \u201cdoubt removal\u201d.<\/span><\/p>\n<p><span style=\"font-weight: 400;\">The intervention is triggered and carried out according to the instructions predetermined with the customer, as soon as possible, by motorised teams, already pre-positioned by geographic area. The teams remain in permanent radio contact with the remote surveillance station managing the operations. Once onsite and after a recognition patrol, they will take the necessary precautionary measures.<\/span><\/p>\n<p><span style=\"font-weight: 400;\">By no means, the teams will replace police forces, who are systematically called in case of ascertained break-in or intrusion. If the alarm was caused by a technical problem, the team applies the planned instructions and only leaves the site after resolving the situation.<\/span><\/p>\n<p><span style=\"font-weight: 400;\">Each intervention will result into the establishment of a precise report.<\/span><\/p>\n","protected":false},"excerpt":{"rendered":"<p>In some cases, the permanent presence of an officer is not necessary or impossible because of severe budget constraints. Nevertheless, intervention in the event of an alarm is essential on sites secured by remote surveillance or video surveillance. To deal with these types of situations, we have developed a national mobile security network, composed of<a href=\"https:\/\/www.goron.fr\/en\/our-services\/surveillance-security\/mobile-security-intervention\/\"><i class=\"chevron right icon\"><\/i><\/a><\/p>\n","protected":false},"author":1,"featured_media":0,"parent":11954,"menu_order":135,"comment_status":"closed","ping_status":"closed","template":"","meta":{"_acf_changed":false,"footnotes":""},"acf":[],"yoast_head":"<!-- This site is optimized with the Yoast SEO plugin v19.13 - https:\/\/yoast.com\/wordpress\/plugins\/seo\/ -->\n<title>Mobile security and intervention services - GORON S.A.S<\/title>\n<meta name=\"description\" content=\"GORON provides mobile security and intervention services within you establishments. All our agents are highly qualified.\" \/>\n<meta name=\"robots\" content=\"index, follow, max-snippet:-1, max-image-preview:large, max-video-preview:-1\" \/>\n<link rel=\"canonical\" href=\"https:\/\/www.goron.fr\/en\/our-services\/surveillance-security\/mobile-security-intervention\/\" \/>\n<meta property=\"og:locale\" content=\"en_US\" \/>\n<meta property=\"og:type\" content=\"article\" \/>\n<meta property=\"og:title\" content=\"Mobile security and intervention services - GORON S.A.S\" \/>\n<meta property=\"og:description\" content=\"GORON provides mobile security and intervention services within you establishments. All our agents are highly qualified.\" \/>\n<meta property=\"og:url\" content=\"https:\/\/www.goron.fr\/en\/our-services\/surveillance-security\/mobile-security-intervention\/\" \/>\n<meta property=\"og:site_name\" content=\"Goron\" \/>\n<meta property=\"article:modified_time\" content=\"2020-02-14T16:33:52+00:00\" \/>\n<meta name=\"twitter:card\" content=\"summary_large_image\" \/>\n<meta name=\"twitter:label1\" content=\"Est. reading time\" \/>\n\t<meta name=\"twitter:data1\" content=\"1 minute\" \/>\n<script type=\"application\/ld+json\" class=\"yoast-schema-graph\">{\"@context\":\"https:\/\/schema.org\",\"@graph\":[{\"@type\":\"WebPage\",\"@id\":\"https:\/\/www.goron.fr\/en\/our-services\/surveillance-security\/mobile-security-intervention\/\",\"url\":\"https:\/\/www.goron.fr\/en\/our-services\/surveillance-security\/mobile-security-intervention\/\",\"name\":\"Mobile security and intervention services - GORON S.A.S\",\"isPartOf\":{\"@id\":\"https:\/\/www.goron.fr\/#website\"},\"datePublished\":\"2020-01-02T13:48:08+00:00\",\"dateModified\":\"2020-02-14T16:33:52+00:00\",\"description\":\"GORON provides mobile security and intervention services within you establishments. All our agents are highly qualified.\",\"breadcrumb\":{\"@id\":\"https:\/\/www.goron.fr\/en\/our-services\/surveillance-security\/mobile-security-intervention\/#breadcrumb\"},\"inLanguage\":\"en-US\",\"potentialAction\":[{\"@type\":\"ReadAction\",\"target\":[\"https:\/\/www.goron.fr\/en\/our-services\/surveillance-security\/mobile-security-intervention\/\"]}]},{\"@type\":\"BreadcrumbList\",\"@id\":\"https:\/\/www.goron.fr\/en\/our-services\/surveillance-security\/mobile-security-intervention\/#breadcrumb\",\"itemListElement\":[{\"@type\":\"ListItem\",\"position\":1,\"name\":\"Accueil\",\"item\":\"https:\/\/www.goron.fr\/\"},{\"@type\":\"ListItem\",\"position\":2,\"name\":\"OUR SERVICES\",\"item\":\"https:\/\/www.goron.fr\/en\/our-services\/\"},{\"@type\":\"ListItem\",\"position\":3,\"name\":\"SURVEILLANCE &#038; SECURITY\",\"item\":\"https:\/\/www.goron.fr\/en\/our-services\/surveillance-security\/\"},{\"@type\":\"ListItem\",\"position\":4,\"name\":\"MOBILE SECURITY &#038; INTERVENTION\"}]},{\"@type\":\"WebSite\",\"@id\":\"https:\/\/www.goron.fr\/#website\",\"url\":\"https:\/\/www.goron.fr\/\",\"name\":\"Goron\",\"description\":\"S\u00e9curit\u00e9 Priv\u00e9e\",\"potentialAction\":[{\"@type\":\"SearchAction\",\"target\":{\"@type\":\"EntryPoint\",\"urlTemplate\":\"https:\/\/www.goron.fr\/?s={search_term_string}\"},\"query-input\":\"required name=search_term_string\"}],\"inLanguage\":\"en-US\"}]}<\/script>\n<!-- \/ Yoast SEO plugin. -->","yoast_head_json":{"title":"Mobile security and intervention services - GORON S.A.S","description":"GORON provides mobile security and intervention services within you establishments. All our agents are highly qualified.","robots":{"index":"index","follow":"follow","max-snippet":"max-snippet:-1","max-image-preview":"max-image-preview:large","max-video-preview":"max-video-preview:-1"},"canonical":"https:\/\/www.goron.fr\/en\/our-services\/surveillance-security\/mobile-security-intervention\/","og_locale":"en_US","og_type":"article","og_title":"Mobile security and intervention services - GORON S.A.S","og_description":"GORON provides mobile security and intervention services within you establishments. All our agents are highly qualified.","og_url":"https:\/\/www.goron.fr\/en\/our-services\/surveillance-security\/mobile-security-intervention\/","og_site_name":"Goron","article_modified_time":"2020-02-14T16:33:52+00:00","twitter_card":"summary_large_image","twitter_misc":{"Est. reading time":"1 minute"},"schema":{"@context":"https:\/\/schema.org","@graph":[{"@type":"WebPage","@id":"https:\/\/www.goron.fr\/en\/our-services\/surveillance-security\/mobile-security-intervention\/","url":"https:\/\/www.goron.fr\/en\/our-services\/surveillance-security\/mobile-security-intervention\/","name":"Mobile security and intervention services - GORON S.A.S","isPartOf":{"@id":"https:\/\/www.goron.fr\/#website"},"datePublished":"2020-01-02T13:48:08+00:00","dateModified":"2020-02-14T16:33:52+00:00","description":"GORON provides mobile security and intervention services within you establishments. All our agents are highly qualified.","breadcrumb":{"@id":"https:\/\/www.goron.fr\/en\/our-services\/surveillance-security\/mobile-security-intervention\/#breadcrumb"},"inLanguage":"en-US","potentialAction":[{"@type":"ReadAction","target":["https:\/\/www.goron.fr\/en\/our-services\/surveillance-security\/mobile-security-intervention\/"]}]},{"@type":"BreadcrumbList","@id":"https:\/\/www.goron.fr\/en\/our-services\/surveillance-security\/mobile-security-intervention\/#breadcrumb","itemListElement":[{"@type":"ListItem","position":1,"name":"Accueil","item":"https:\/\/www.goron.fr\/"},{"@type":"ListItem","position":2,"name":"OUR SERVICES","item":"https:\/\/www.goron.fr\/en\/our-services\/"},{"@type":"ListItem","position":3,"name":"SURVEILLANCE &#038; SECURITY","item":"https:\/\/www.goron.fr\/en\/our-services\/surveillance-security\/"},{"@type":"ListItem","position":4,"name":"MOBILE SECURITY &#038; INTERVENTION"}]},{"@type":"WebSite","@id":"https:\/\/www.goron.fr\/#website","url":"https:\/\/www.goron.fr\/","name":"Goron","description":"S\u00e9curit\u00e9 Priv\u00e9e","potentialAction":[{"@type":"SearchAction","target":{"@type":"EntryPoint","urlTemplate":"https:\/\/www.goron.fr\/?s={search_term_string}"},"query-input":"required name=search_term_string"}],"inLanguage":"en-US"}]}},"_links":{"self":[{"href":"https:\/\/www.goron.fr\/en\/wp-json\/wp\/v2\/pages\/11979\/"}],"collection":[{"href":"https:\/\/www.goron.fr\/en\/wp-json\/wp\/v2\/pages\/"}],"about":[{"href":"https:\/\/www.goron.fr\/en\/wp-json\/wp\/v2\/types\/page\/"}],"author":[{"embeddable":true,"href":"https:\/\/www.goron.fr\/en\/wp-json\/wp\/v2\/users\/1\/"}],"replies":[{"embeddable":true,"href":"https:\/\/www.goron.fr\/en\/wp-json\/wp\/v2\/comments\/?post=11979"}],"version-history":[{"count":2,"href":"https:\/\/www.goron.fr\/en\/wp-json\/wp\/v2\/pages\/11979\/revisions\/"}],"predecessor-version":[{"id":12675,"href":"https:\/\/www.goron.fr\/en\/wp-json\/wp\/v2\/pages\/11979\/revisions\/12675\/"}],"up":[{"embeddable":true,"href":"https:\/\/www.goron.fr\/en\/wp-json\/wp\/v2\/pages\/11954\/"}],"wp:attachment":[{"href":"https:\/\/www.goron.fr\/en\/wp-json\/wp\/v2\/media\/?parent=11979"}],"curies":[{"name":"wp","href":"https:\/\/api.w.org\/{rel}","templated":true}]}}