{"id":11975,"date":"2020-01-02T14:37:13","date_gmt":"2020-01-02T13:37:13","guid":{"rendered":"https:\/\/www.goron.fr\/our-services\/surveillance-security\/cynophilist-security\/"},"modified":"2020-02-14T17:32:41","modified_gmt":"2020-02-14T16:32:41","slug":"cynophilist-security","status":"publish","type":"page","link":"https:\/\/www.goron.fr\/en\/our-services\/surveillance-security\/cynophilist-security\/","title":{"rendered":"CYNOPHILIST SECURITY"},"content":{"rendered":"<p><b>When the presence of a security officer isn\u2019t sufficient to ensure security, it becomes necessary to resort to a cynophilist team.<\/b><\/p>\n<p><span style=\"font-weight: 400;\">A cynophilist security officer ensures an effective deterrent presence. The dog allows for an early detection of a change in the environment (particularly in the presence of hostile persons). It can also intervene quickly, under the control of its handler, to protect them in their mission.<\/span><\/p>\n<h2><b>Our services<\/b><\/h2>\n<ul>\n<li><span style=\"font-weight: 400;\">Strengthened surveillance of private spread-out or sensitive sites<\/span><\/li>\n<li><span style=\"font-weight: 400;\">Surveillance of private unfenced sites, of open sites or of public-access sites: industrial estates, car parks, construction sites, points of construction, etc.<\/span><\/li>\n<li><span style=\"font-weight: 400;\">Escorting people<\/span><\/li>\n<\/ul>\n<h3><b>Training and regulatory compliance<\/b><\/h3>\n<p><span style=\"font-weight: 400;\">The use of a dog being potentially dangerous for the public, our cynophilist teams are rigorously selected and trained in compliance with the provisions and norms of the applicable regulations.<\/span><\/p>\n<p><span style=\"font-weight: 400;\">Moreover, as part of their ethical duties, our cynophilist security officers commit to respect the principles of good practices and animal welfare.<\/span><\/p>\n","protected":false},"excerpt":{"rendered":"<p>When the presence of a security officer isn\u2019t sufficient to ensure security, it becomes necessary to resort to a cynophilist team. A cynophilist security officer ensures an effective deterrent presence. The dog allows for an early detection of a change in the environment (particularly in the presence of hostile persons). It can also intervene quickly,<a href=\"https:\/\/www.goron.fr\/en\/our-services\/surveillance-security\/cynophilist-security\/\"><i class=\"chevron right icon\"><\/i><\/a><\/p>\n","protected":false},"author":1,"featured_media":0,"parent":11954,"menu_order":133,"comment_status":"closed","ping_status":"closed","template":"","meta":{"_acf_changed":false,"footnotes":""},"acf":[],"yoast_head":"<!-- This site is optimized with the Yoast SEO plugin v19.13 - https:\/\/yoast.com\/wordpress\/plugins\/seo\/ -->\n<title>Cynophilist security on industrial estates, car parks and construction sites - GORON S.A.S<\/title>\n<meta name=\"description\" content=\"A cynophilist security officer ensures an effective deterrent presence. The dog allows for an early detection of a change in the environment (particularly in the presence of hostile persons).\" \/>\n<meta name=\"robots\" content=\"index, follow, max-snippet:-1, max-image-preview:large, max-video-preview:-1\" \/>\n<link rel=\"canonical\" href=\"https:\/\/www.goron.fr\/en\/our-services\/surveillance-security\/cynophilist-security\/\" \/>\n<meta property=\"og:locale\" content=\"en_US\" \/>\n<meta property=\"og:type\" content=\"article\" \/>\n<meta property=\"og:title\" content=\"Cynophilist security on industrial estates, car parks and construction sites - GORON S.A.S\" \/>\n<meta property=\"og:description\" content=\"A cynophilist security officer ensures an effective deterrent presence. The dog allows for an early detection of a change in the environment (particularly in the presence of hostile persons).\" \/>\n<meta property=\"og:url\" content=\"https:\/\/www.goron.fr\/en\/our-services\/surveillance-security\/cynophilist-security\/\" \/>\n<meta property=\"og:site_name\" content=\"Goron\" \/>\n<meta property=\"article:modified_time\" content=\"2020-02-14T16:32:41+00:00\" \/>\n<meta name=\"twitter:card\" content=\"summary_large_image\" \/>\n<meta name=\"twitter:label1\" content=\"Est. reading time\" \/>\n\t<meta name=\"twitter:data1\" content=\"1 minute\" \/>\n<script type=\"application\/ld+json\" class=\"yoast-schema-graph\">{\"@context\":\"https:\/\/schema.org\",\"@graph\":[{\"@type\":\"WebPage\",\"@id\":\"https:\/\/www.goron.fr\/en\/our-services\/surveillance-security\/cynophilist-security\/\",\"url\":\"https:\/\/www.goron.fr\/en\/our-services\/surveillance-security\/cynophilist-security\/\",\"name\":\"Cynophilist security on industrial estates, car parks and construction sites - GORON S.A.S\",\"isPartOf\":{\"@id\":\"https:\/\/www.goron.fr\/#website\"},\"datePublished\":\"2020-01-02T13:37:13+00:00\",\"dateModified\":\"2020-02-14T16:32:41+00:00\",\"description\":\"A cynophilist security officer ensures an effective deterrent presence. The dog allows for an early detection of a change in the environment (particularly in the presence of hostile persons).\",\"breadcrumb\":{\"@id\":\"https:\/\/www.goron.fr\/en\/our-services\/surveillance-security\/cynophilist-security\/#breadcrumb\"},\"inLanguage\":\"en-US\",\"potentialAction\":[{\"@type\":\"ReadAction\",\"target\":[\"https:\/\/www.goron.fr\/en\/our-services\/surveillance-security\/cynophilist-security\/\"]}]},{\"@type\":\"BreadcrumbList\",\"@id\":\"https:\/\/www.goron.fr\/en\/our-services\/surveillance-security\/cynophilist-security\/#breadcrumb\",\"itemListElement\":[{\"@type\":\"ListItem\",\"position\":1,\"name\":\"Accueil\",\"item\":\"https:\/\/www.goron.fr\/\"},{\"@type\":\"ListItem\",\"position\":2,\"name\":\"OUR SERVICES\",\"item\":\"https:\/\/www.goron.fr\/en\/our-services\/\"},{\"@type\":\"ListItem\",\"position\":3,\"name\":\"SURVEILLANCE &#038; SECURITY\",\"item\":\"https:\/\/www.goron.fr\/en\/our-services\/surveillance-security\/\"},{\"@type\":\"ListItem\",\"position\":4,\"name\":\"CYNOPHILIST SECURITY\"}]},{\"@type\":\"WebSite\",\"@id\":\"https:\/\/www.goron.fr\/#website\",\"url\":\"https:\/\/www.goron.fr\/\",\"name\":\"Goron\",\"description\":\"S\u00e9curit\u00e9 Priv\u00e9e\",\"potentialAction\":[{\"@type\":\"SearchAction\",\"target\":{\"@type\":\"EntryPoint\",\"urlTemplate\":\"https:\/\/www.goron.fr\/?s={search_term_string}\"},\"query-input\":\"required name=search_term_string\"}],\"inLanguage\":\"en-US\"}]}<\/script>\n<!-- \/ Yoast SEO plugin. -->","yoast_head_json":{"title":"Cynophilist security on industrial estates, car parks and construction sites - GORON S.A.S","description":"A cynophilist security officer ensures an effective deterrent presence. The dog allows for an early detection of a change in the environment (particularly in the presence of hostile persons).","robots":{"index":"index","follow":"follow","max-snippet":"max-snippet:-1","max-image-preview":"max-image-preview:large","max-video-preview":"max-video-preview:-1"},"canonical":"https:\/\/www.goron.fr\/en\/our-services\/surveillance-security\/cynophilist-security\/","og_locale":"en_US","og_type":"article","og_title":"Cynophilist security on industrial estates, car parks and construction sites - GORON S.A.S","og_description":"A cynophilist security officer ensures an effective deterrent presence. The dog allows for an early detection of a change in the environment (particularly in the presence of hostile persons).","og_url":"https:\/\/www.goron.fr\/en\/our-services\/surveillance-security\/cynophilist-security\/","og_site_name":"Goron","article_modified_time":"2020-02-14T16:32:41+00:00","twitter_card":"summary_large_image","twitter_misc":{"Est. reading time":"1 minute"},"schema":{"@context":"https:\/\/schema.org","@graph":[{"@type":"WebPage","@id":"https:\/\/www.goron.fr\/en\/our-services\/surveillance-security\/cynophilist-security\/","url":"https:\/\/www.goron.fr\/en\/our-services\/surveillance-security\/cynophilist-security\/","name":"Cynophilist security on industrial estates, car parks and construction sites - GORON S.A.S","isPartOf":{"@id":"https:\/\/www.goron.fr\/#website"},"datePublished":"2020-01-02T13:37:13+00:00","dateModified":"2020-02-14T16:32:41+00:00","description":"A cynophilist security officer ensures an effective deterrent presence. The dog allows for an early detection of a change in the environment (particularly in the presence of hostile persons).","breadcrumb":{"@id":"https:\/\/www.goron.fr\/en\/our-services\/surveillance-security\/cynophilist-security\/#breadcrumb"},"inLanguage":"en-US","potentialAction":[{"@type":"ReadAction","target":["https:\/\/www.goron.fr\/en\/our-services\/surveillance-security\/cynophilist-security\/"]}]},{"@type":"BreadcrumbList","@id":"https:\/\/www.goron.fr\/en\/our-services\/surveillance-security\/cynophilist-security\/#breadcrumb","itemListElement":[{"@type":"ListItem","position":1,"name":"Accueil","item":"https:\/\/www.goron.fr\/"},{"@type":"ListItem","position":2,"name":"OUR SERVICES","item":"https:\/\/www.goron.fr\/en\/our-services\/"},{"@type":"ListItem","position":3,"name":"SURVEILLANCE &#038; SECURITY","item":"https:\/\/www.goron.fr\/en\/our-services\/surveillance-security\/"},{"@type":"ListItem","position":4,"name":"CYNOPHILIST SECURITY"}]},{"@type":"WebSite","@id":"https:\/\/www.goron.fr\/#website","url":"https:\/\/www.goron.fr\/","name":"Goron","description":"S\u00e9curit\u00e9 Priv\u00e9e","potentialAction":[{"@type":"SearchAction","target":{"@type":"EntryPoint","urlTemplate":"https:\/\/www.goron.fr\/?s={search_term_string}"},"query-input":"required name=search_term_string"}],"inLanguage":"en-US"}]}},"_links":{"self":[{"href":"https:\/\/www.goron.fr\/en\/wp-json\/wp\/v2\/pages\/11975\/"}],"collection":[{"href":"https:\/\/www.goron.fr\/en\/wp-json\/wp\/v2\/pages\/"}],"about":[{"href":"https:\/\/www.goron.fr\/en\/wp-json\/wp\/v2\/types\/page\/"}],"author":[{"embeddable":true,"href":"https:\/\/www.goron.fr\/en\/wp-json\/wp\/v2\/users\/1\/"}],"replies":[{"embeddable":true,"href":"https:\/\/www.goron.fr\/en\/wp-json\/wp\/v2\/comments\/?post=11975"}],"version-history":[{"count":3,"href":"https:\/\/www.goron.fr\/en\/wp-json\/wp\/v2\/pages\/11975\/revisions\/"}],"predecessor-version":[{"id":12674,"href":"https:\/\/www.goron.fr\/en\/wp-json\/wp\/v2\/pages\/11975\/revisions\/12674\/"}],"up":[{"embeddable":true,"href":"https:\/\/www.goron.fr\/en\/wp-json\/wp\/v2\/pages\/11954\/"}],"wp:attachment":[{"href":"https:\/\/www.goron.fr\/en\/wp-json\/wp\/v2\/media\/?parent=11975"}],"curies":[{"name":"wp","href":"https:\/\/api.w.org\/{rel}","templated":true}]}}