{"id":11965,"date":"2020-01-02T14:33:46","date_gmt":"2020-01-02T13:33:46","guid":{"rendered":"https:\/\/www.goron.fr\/our-services\/surveillance-security\/fire-safety\/"},"modified":"2020-02-14T17:30:45","modified_gmt":"2020-02-14T16:30:45","slug":"fire-safety","status":"publish","type":"page","link":"https:\/\/www.goron.fr\/en\/our-services\/surveillance-security\/fire-safety\/","title":{"rendered":"FIRE SAFETY"},"content":{"rendered":"<p><b>Fire safety is a highly regulated technical field. Over the years, GORON S.A. has developed a recognised expertise, contributing today to its reputation.<\/b><\/p>\n<p><span style=\"font-weight: 400;\">Our personnel comprise several hundreds of SSIAP qualified agents. They are trained regularly and have different levels of first-aid qualifications. They are appointed to prevention and technical inspection assignments, but also intervene in an initial emergency \u2013 after raising the alert \u2013 giving assistance to the persons onsite.<\/span><\/p>\n<h2><b>Our services<\/b><\/h2>\n<ul>\n<li><span style=\"font-weight: 400;\">SSIAP (Fire safety and persons assistance service) services in high-rises and public-access buildings (PAB)<\/span><\/li>\n<li><span style=\"font-weight: 400;\">Fire services in industrial environments<\/span><\/li>\n<li><span style=\"font-weight: 400;\">Prevention and response service in all types of establishments (fire drills, resident training)<\/span><\/li>\n<li><span style=\"font-weight: 400;\">Audit, consulting, redaction\/update of fire procedures and instructions<\/span><\/li>\n<li><span style=\"font-weight: 400;\">SSI (fire safety system) coordination\u00a0<\/span><\/li>\n<li><span style=\"font-weight: 400;\">Dedicated safety officer<\/span><\/li>\n<li><span style=\"font-weight: 400;\">Head of the fire safety and persons assistance department<\/span><\/li>\n<li><span style=\"font-weight: 400;\">Safety representative<\/span><\/li>\n<li><span style=\"font-weight: 400;\">Assistance during the visits of official prevention services<\/span><\/li>\n<li><span style=\"font-weight: 400;\">Long-term assistance of the internal safety officer<\/span><\/li>\n<\/ul>\n","protected":false},"excerpt":{"rendered":"<p>Fire safety is a highly regulated technical field. Over the years, GORON S.A. has developed a recognised expertise, contributing today to its reputation. Our personnel comprise several hundreds of SSIAP qualified agents. They are trained regularly and have different levels of first-aid qualifications. They are appointed to prevention and technical inspection assignments, but also intervene<a href=\"https:\/\/www.goron.fr\/en\/our-services\/surveillance-security\/fire-safety\/\"><i class=\"chevron right icon\"><\/i><\/a><\/p>\n","protected":false},"author":1,"featured_media":0,"parent":11954,"menu_order":129,"comment_status":"closed","ping_status":"closed","template":"","meta":{"_acf_changed":false,"footnotes":""},"acf":[],"yoast_head":"<!-- This site is optimized with the Yoast SEO plugin v19.13 - https:\/\/yoast.com\/wordpress\/plugins\/seo\/ -->\n<title>Fire safety and highly trained fire safety agents - GORON S.A.S<\/title>\n<meta name=\"description\" content=\"For fire safety missions, our personnel comprise several hundreds of SSIAP qualified agents.\" \/>\n<meta name=\"robots\" content=\"index, follow, max-snippet:-1, max-image-preview:large, max-video-preview:-1\" \/>\n<link rel=\"canonical\" href=\"https:\/\/www.goron.fr\/en\/our-services\/surveillance-security\/fire-safety\/\" \/>\n<meta property=\"og:locale\" content=\"en_US\" \/>\n<meta property=\"og:type\" content=\"article\" \/>\n<meta property=\"og:title\" content=\"Fire safety and highly trained fire safety agents - GORON S.A.S\" \/>\n<meta property=\"og:description\" content=\"For fire safety missions, our personnel comprise several hundreds of SSIAP qualified agents.\" \/>\n<meta property=\"og:url\" content=\"https:\/\/www.goron.fr\/en\/our-services\/surveillance-security\/fire-safety\/\" \/>\n<meta property=\"og:site_name\" content=\"Goron\" \/>\n<meta property=\"article:modified_time\" content=\"2020-02-14T16:30:45+00:00\" \/>\n<meta name=\"twitter:card\" content=\"summary_large_image\" \/>\n<meta name=\"twitter:label1\" content=\"Est. reading time\" \/>\n\t<meta name=\"twitter:data1\" content=\"1 minute\" \/>\n<script type=\"application\/ld+json\" class=\"yoast-schema-graph\">{\"@context\":\"https:\/\/schema.org\",\"@graph\":[{\"@type\":\"WebPage\",\"@id\":\"https:\/\/www.goron.fr\/en\/our-services\/surveillance-security\/fire-safety\/\",\"url\":\"https:\/\/www.goron.fr\/en\/our-services\/surveillance-security\/fire-safety\/\",\"name\":\"Fire safety and highly trained fire safety agents - GORON S.A.S\",\"isPartOf\":{\"@id\":\"https:\/\/www.goron.fr\/#website\"},\"datePublished\":\"2020-01-02T13:33:46+00:00\",\"dateModified\":\"2020-02-14T16:30:45+00:00\",\"description\":\"For fire safety missions, our personnel comprise several hundreds of SSIAP qualified agents.\",\"breadcrumb\":{\"@id\":\"https:\/\/www.goron.fr\/en\/our-services\/surveillance-security\/fire-safety\/#breadcrumb\"},\"inLanguage\":\"en-US\",\"potentialAction\":[{\"@type\":\"ReadAction\",\"target\":[\"https:\/\/www.goron.fr\/en\/our-services\/surveillance-security\/fire-safety\/\"]}]},{\"@type\":\"BreadcrumbList\",\"@id\":\"https:\/\/www.goron.fr\/en\/our-services\/surveillance-security\/fire-safety\/#breadcrumb\",\"itemListElement\":[{\"@type\":\"ListItem\",\"position\":1,\"name\":\"Accueil\",\"item\":\"https:\/\/www.goron.fr\/\"},{\"@type\":\"ListItem\",\"position\":2,\"name\":\"OUR SERVICES\",\"item\":\"https:\/\/www.goron.fr\/en\/our-services\/\"},{\"@type\":\"ListItem\",\"position\":3,\"name\":\"SURVEILLANCE &#038; SECURITY\",\"item\":\"https:\/\/www.goron.fr\/en\/our-services\/surveillance-security\/\"},{\"@type\":\"ListItem\",\"position\":4,\"name\":\"FIRE SAFETY\"}]},{\"@type\":\"WebSite\",\"@id\":\"https:\/\/www.goron.fr\/#website\",\"url\":\"https:\/\/www.goron.fr\/\",\"name\":\"Goron\",\"description\":\"S\u00e9curit\u00e9 Priv\u00e9e\",\"potentialAction\":[{\"@type\":\"SearchAction\",\"target\":{\"@type\":\"EntryPoint\",\"urlTemplate\":\"https:\/\/www.goron.fr\/?s={search_term_string}\"},\"query-input\":\"required name=search_term_string\"}],\"inLanguage\":\"en-US\"}]}<\/script>\n<!-- \/ Yoast SEO plugin. -->","yoast_head_json":{"title":"Fire safety and highly trained fire safety agents - GORON S.A.S","description":"For fire safety missions, our personnel comprise several hundreds of SSIAP qualified agents.","robots":{"index":"index","follow":"follow","max-snippet":"max-snippet:-1","max-image-preview":"max-image-preview:large","max-video-preview":"max-video-preview:-1"},"canonical":"https:\/\/www.goron.fr\/en\/our-services\/surveillance-security\/fire-safety\/","og_locale":"en_US","og_type":"article","og_title":"Fire safety and highly trained fire safety agents - GORON S.A.S","og_description":"For fire safety missions, our personnel comprise several hundreds of SSIAP qualified agents.","og_url":"https:\/\/www.goron.fr\/en\/our-services\/surveillance-security\/fire-safety\/","og_site_name":"Goron","article_modified_time":"2020-02-14T16:30:45+00:00","twitter_card":"summary_large_image","twitter_misc":{"Est. reading time":"1 minute"},"schema":{"@context":"https:\/\/schema.org","@graph":[{"@type":"WebPage","@id":"https:\/\/www.goron.fr\/en\/our-services\/surveillance-security\/fire-safety\/","url":"https:\/\/www.goron.fr\/en\/our-services\/surveillance-security\/fire-safety\/","name":"Fire safety and highly trained fire safety agents - GORON S.A.S","isPartOf":{"@id":"https:\/\/www.goron.fr\/#website"},"datePublished":"2020-01-02T13:33:46+00:00","dateModified":"2020-02-14T16:30:45+00:00","description":"For fire safety missions, our personnel comprise several hundreds of SSIAP qualified agents.","breadcrumb":{"@id":"https:\/\/www.goron.fr\/en\/our-services\/surveillance-security\/fire-safety\/#breadcrumb"},"inLanguage":"en-US","potentialAction":[{"@type":"ReadAction","target":["https:\/\/www.goron.fr\/en\/our-services\/surveillance-security\/fire-safety\/"]}]},{"@type":"BreadcrumbList","@id":"https:\/\/www.goron.fr\/en\/our-services\/surveillance-security\/fire-safety\/#breadcrumb","itemListElement":[{"@type":"ListItem","position":1,"name":"Accueil","item":"https:\/\/www.goron.fr\/"},{"@type":"ListItem","position":2,"name":"OUR SERVICES","item":"https:\/\/www.goron.fr\/en\/our-services\/"},{"@type":"ListItem","position":3,"name":"SURVEILLANCE &#038; SECURITY","item":"https:\/\/www.goron.fr\/en\/our-services\/surveillance-security\/"},{"@type":"ListItem","position":4,"name":"FIRE SAFETY"}]},{"@type":"WebSite","@id":"https:\/\/www.goron.fr\/#website","url":"https:\/\/www.goron.fr\/","name":"Goron","description":"S\u00e9curit\u00e9 Priv\u00e9e","potentialAction":[{"@type":"SearchAction","target":{"@type":"EntryPoint","urlTemplate":"https:\/\/www.goron.fr\/?s={search_term_string}"},"query-input":"required name=search_term_string"}],"inLanguage":"en-US"}]}},"_links":{"self":[{"href":"https:\/\/www.goron.fr\/en\/wp-json\/wp\/v2\/pages\/11965\/"}],"collection":[{"href":"https:\/\/www.goron.fr\/en\/wp-json\/wp\/v2\/pages\/"}],"about":[{"href":"https:\/\/www.goron.fr\/en\/wp-json\/wp\/v2\/types\/page\/"}],"author":[{"embeddable":true,"href":"https:\/\/www.goron.fr\/en\/wp-json\/wp\/v2\/users\/1\/"}],"replies":[{"embeddable":true,"href":"https:\/\/www.goron.fr\/en\/wp-json\/wp\/v2\/comments\/?post=11965"}],"version-history":[{"count":2,"href":"https:\/\/www.goron.fr\/en\/wp-json\/wp\/v2\/pages\/11965\/revisions\/"}],"predecessor-version":[{"id":12671,"href":"https:\/\/www.goron.fr\/en\/wp-json\/wp\/v2\/pages\/11965\/revisions\/12671\/"}],"up":[{"embeddable":true,"href":"https:\/\/www.goron.fr\/en\/wp-json\/wp\/v2\/pages\/11954\/"}],"wp:attachment":[{"href":"https:\/\/www.goron.fr\/en\/wp-json\/wp\/v2\/media\/?parent=11965"}],"curies":[{"name":"wp","href":"https:\/\/api.w.org\/{rel}","templated":true}]}}