{"id":11954,"date":"2020-01-02T14:28:51","date_gmt":"2020-01-02T13:28:51","guid":{"rendered":"https:\/\/www.goron.fr\/our-services\/surveillance-security\/"},"modified":"2020-02-14T17:27:22","modified_gmt":"2020-02-14T16:27:22","slug":"surveillance-security","status":"publish","type":"page","link":"https:\/\/www.goron.fr\/en\/our-services\/surveillance-security\/","title":{"rendered":"SURVEILLANCE &#038; SECURITY"},"content":{"rendered":"<p><b>The security of your assets and staff (regardless of the types of risks you are exposed to) is an integral part of your business strategy. Our staff is present day and night, throughout the year, to ensure your protection.<\/b><\/p>\n<p><span style=\"font-weight: 400;\">All our agents are qualified and trained to survey, detect, alert, rescue and intervene as part of an increasingly wider program of risk prevention.<\/span><\/p>\n<p><span style=\"font-weight: 400;\">Regardless of your industry, we carry out <\/span><i><span style=\"font-weight: 400;\">ad-hoc<\/span><\/i><span style=\"font-weight: 400;\"> or long-term assignments within your establishments.<\/span><\/p>\n<p>&nbsp;<\/p>\n","protected":false},"excerpt":{"rendered":"<p>The security of your assets and staff (regardless of the types of risks you are exposed to) is an integral part of your business strategy. Our staff is present day and night, throughout the year, to ensure your protection. All our agents are qualified and trained to survey, detect, alert, rescue and intervene as part<a href=\"https:\/\/www.goron.fr\/en\/our-services\/surveillance-security\/\"><i class=\"chevron right icon\"><\/i><\/a><\/p>\n","protected":false},"author":1,"featured_media":12661,"parent":11946,"menu_order":116,"comment_status":"closed","ping_status":"closed","template":"","meta":{"_acf_changed":false,"footnotes":""},"acf":[],"yoast_head":"<!-- This site is optimized with the Yoast SEO plugin v19.13 - https:\/\/yoast.com\/wordpress\/plugins\/seo\/ -->\n<title>Surveillance and security agency - GORON S.A.S<\/title>\n<meta name=\"description\" content=\"The security of your assets and staff (regardless of the types of risks you are exposed to) is an integral part of your business strategy. Our staff is present day and night, throughout the year, to ensure your protection.\" \/>\n<meta name=\"robots\" content=\"index, follow, max-snippet:-1, max-image-preview:large, max-video-preview:-1\" \/>\n<link rel=\"canonical\" href=\"https:\/\/www.goron.fr\/en\/our-services\/surveillance-security\/\" \/>\n<meta property=\"og:locale\" content=\"en_US\" \/>\n<meta property=\"og:type\" content=\"article\" \/>\n<meta property=\"og:title\" content=\"Surveillance and security agency - GORON S.A.S\" \/>\n<meta property=\"og:description\" content=\"The security of your assets and staff (regardless of the types of risks you are exposed to) is an integral part of your business strategy. Our staff is present day and night, throughout the year, to ensure your protection.\" \/>\n<meta property=\"og:url\" content=\"https:\/\/www.goron.fr\/en\/our-services\/surveillance-security\/\" \/>\n<meta property=\"og:site_name\" content=\"Goron\" \/>\n<meta property=\"article:modified_time\" content=\"2020-02-14T16:27:22+00:00\" \/>\n<meta property=\"og:image\" content=\"https:\/\/www.goron.fr\/wp-content\/uploads\/2020\/02\/18.jpg\" \/>\n\t<meta property=\"og:image:width\" content=\"1500\" \/>\n\t<meta property=\"og:image:height\" content=\"350\" \/>\n\t<meta property=\"og:image:type\" content=\"image\/jpeg\" \/>\n<meta name=\"twitter:card\" content=\"summary_large_image\" \/>\n<script type=\"application\/ld+json\" class=\"yoast-schema-graph\">{\"@context\":\"https:\/\/schema.org\",\"@graph\":[{\"@type\":\"WebPage\",\"@id\":\"https:\/\/www.goron.fr\/en\/our-services\/surveillance-security\/\",\"url\":\"https:\/\/www.goron.fr\/en\/our-services\/surveillance-security\/\",\"name\":\"Surveillance and security agency - GORON S.A.S\",\"isPartOf\":{\"@id\":\"https:\/\/www.goron.fr\/#website\"},\"datePublished\":\"2020-01-02T13:28:51+00:00\",\"dateModified\":\"2020-02-14T16:27:22+00:00\",\"description\":\"The security of your assets and staff (regardless of the types of risks you are exposed to) is an integral part of your business strategy. Our staff is present day and night, throughout the year, to ensure your protection.\",\"breadcrumb\":{\"@id\":\"https:\/\/www.goron.fr\/en\/our-services\/surveillance-security\/#breadcrumb\"},\"inLanguage\":\"en-US\",\"potentialAction\":[{\"@type\":\"ReadAction\",\"target\":[\"https:\/\/www.goron.fr\/en\/our-services\/surveillance-security\/\"]}]},{\"@type\":\"BreadcrumbList\",\"@id\":\"https:\/\/www.goron.fr\/en\/our-services\/surveillance-security\/#breadcrumb\",\"itemListElement\":[{\"@type\":\"ListItem\",\"position\":1,\"name\":\"Accueil\",\"item\":\"https:\/\/www.goron.fr\/\"},{\"@type\":\"ListItem\",\"position\":2,\"name\":\"OUR SERVICES\",\"item\":\"https:\/\/www.goron.fr\/en\/our-services\/\"},{\"@type\":\"ListItem\",\"position\":3,\"name\":\"SURVEILLANCE &#038; SECURITY\"}]},{\"@type\":\"WebSite\",\"@id\":\"https:\/\/www.goron.fr\/#website\",\"url\":\"https:\/\/www.goron.fr\/\",\"name\":\"Goron\",\"description\":\"S\u00e9curit\u00e9 Priv\u00e9e\",\"potentialAction\":[{\"@type\":\"SearchAction\",\"target\":{\"@type\":\"EntryPoint\",\"urlTemplate\":\"https:\/\/www.goron.fr\/?s={search_term_string}\"},\"query-input\":\"required name=search_term_string\"}],\"inLanguage\":\"en-US\"}]}<\/script>\n<!-- \/ Yoast SEO plugin. -->","yoast_head_json":{"title":"Surveillance and security agency - GORON S.A.S","description":"The security of your assets and staff (regardless of the types of risks you are exposed to) is an integral part of your business strategy. Our staff is present day and night, throughout the year, to ensure your protection.","robots":{"index":"index","follow":"follow","max-snippet":"max-snippet:-1","max-image-preview":"max-image-preview:large","max-video-preview":"max-video-preview:-1"},"canonical":"https:\/\/www.goron.fr\/en\/our-services\/surveillance-security\/","og_locale":"en_US","og_type":"article","og_title":"Surveillance and security agency - GORON S.A.S","og_description":"The security of your assets and staff (regardless of the types of risks you are exposed to) is an integral part of your business strategy. Our staff is present day and night, throughout the year, to ensure your protection.","og_url":"https:\/\/www.goron.fr\/en\/our-services\/surveillance-security\/","og_site_name":"Goron","article_modified_time":"2020-02-14T16:27:22+00:00","og_image":[{"width":1500,"height":350,"url":"https:\/\/www.goron.fr\/wp-content\/uploads\/2020\/02\/18.jpg","type":"image\/jpeg"}],"twitter_card":"summary_large_image","schema":{"@context":"https:\/\/schema.org","@graph":[{"@type":"WebPage","@id":"https:\/\/www.goron.fr\/en\/our-services\/surveillance-security\/","url":"https:\/\/www.goron.fr\/en\/our-services\/surveillance-security\/","name":"Surveillance and security agency - GORON S.A.S","isPartOf":{"@id":"https:\/\/www.goron.fr\/#website"},"datePublished":"2020-01-02T13:28:51+00:00","dateModified":"2020-02-14T16:27:22+00:00","description":"The security of your assets and staff (regardless of the types of risks you are exposed to) is an integral part of your business strategy. Our staff is present day and night, throughout the year, to ensure your protection.","breadcrumb":{"@id":"https:\/\/www.goron.fr\/en\/our-services\/surveillance-security\/#breadcrumb"},"inLanguage":"en-US","potentialAction":[{"@type":"ReadAction","target":["https:\/\/www.goron.fr\/en\/our-services\/surveillance-security\/"]}]},{"@type":"BreadcrumbList","@id":"https:\/\/www.goron.fr\/en\/our-services\/surveillance-security\/#breadcrumb","itemListElement":[{"@type":"ListItem","position":1,"name":"Accueil","item":"https:\/\/www.goron.fr\/"},{"@type":"ListItem","position":2,"name":"OUR SERVICES","item":"https:\/\/www.goron.fr\/en\/our-services\/"},{"@type":"ListItem","position":3,"name":"SURVEILLANCE &#038; SECURITY"}]},{"@type":"WebSite","@id":"https:\/\/www.goron.fr\/#website","url":"https:\/\/www.goron.fr\/","name":"Goron","description":"S\u00e9curit\u00e9 Priv\u00e9e","potentialAction":[{"@type":"SearchAction","target":{"@type":"EntryPoint","urlTemplate":"https:\/\/www.goron.fr\/?s={search_term_string}"},"query-input":"required name=search_term_string"}],"inLanguage":"en-US"}]}},"_links":{"self":[{"href":"https:\/\/www.goron.fr\/en\/wp-json\/wp\/v2\/pages\/11954\/"}],"collection":[{"href":"https:\/\/www.goron.fr\/en\/wp-json\/wp\/v2\/pages\/"}],"about":[{"href":"https:\/\/www.goron.fr\/en\/wp-json\/wp\/v2\/types\/page\/"}],"author":[{"embeddable":true,"href":"https:\/\/www.goron.fr\/en\/wp-json\/wp\/v2\/users\/1\/"}],"replies":[{"embeddable":true,"href":"https:\/\/www.goron.fr\/en\/wp-json\/wp\/v2\/comments\/?post=11954"}],"version-history":[{"count":3,"href":"https:\/\/www.goron.fr\/en\/wp-json\/wp\/v2\/pages\/11954\/revisions\/"}],"predecessor-version":[{"id":12667,"href":"https:\/\/www.goron.fr\/en\/wp-json\/wp\/v2\/pages\/11954\/revisions\/12667\/"}],"up":[{"embeddable":true,"href":"https:\/\/www.goron.fr\/en\/wp-json\/wp\/v2\/pages\/11946\/"}],"wp:featuredmedia":[{"embeddable":true,"href":"https:\/\/www.goron.fr\/en\/wp-json\/wp\/v2\/media\/12661\/"}],"wp:attachment":[{"href":"https:\/\/www.goron.fr\/en\/wp-json\/wp\/v2\/media\/?parent=11954"}],"curies":[{"name":"wp","href":"https:\/\/api.w.org\/{rel}","templated":true}]}}