{"id":11949,"date":"2020-01-02T14:27:51","date_gmt":"2020-01-02T13:27:51","guid":{"rendered":"https:\/\/www.goron.fr\/our-services\/global-offer\/"},"modified":"2021-10-26T15:19:56","modified_gmt":"2021-10-26T13:19:56","slug":"global-offer","status":"publish","type":"page","link":"https:\/\/www.goron.fr\/en\/our-services\/global-offer\/","title":{"rendered":"GLOBAL OFFER"},"content":{"rendered":"<p><b>Over the years, GORON has developed a global offer, combining human means to very efficient technical means.<\/b><\/p>\n<p><span style=\"font-weight: 400;\">Nowadays, the company offers its customers global solutions in every field of private security:<\/span><\/p>\n<ul>\n<li><span style=\"font-weight: 400;\">Surveillance and security<\/span><\/li>\n<li><span style=\"font-weight: 400;\">Safety<\/span><\/li>\n<li><span style=\"font-weight: 400;\">Technology and systems<\/span><\/li>\n<li><span style=\"font-weight: 400;\">Physical protection<\/span><\/li>\n<li><span style=\"font-weight: 400;\">Training and consulting<\/span><\/li>\n<\/ul>\n<p><span style=\"font-weight: 400;\">To these must be added, reception and associated services, which complement our security offer.<\/span><\/p>\n<h2><b>Permanency, proximity and quality of the management 24\/7<\/b><\/h2>\n<p><span style=\"font-weight: 400;\">A permanent connection is ensured:<\/span><\/p>\n<ul>\n<li><span style=\"font-weight: 400;\">During the day, by operations managers<\/span><\/li>\n<li><span style=\"font-weight: 400;\">At night, by controllers and TLS PC<\/span><\/li>\n<li><span style=\"font-weight: 400;\">If necessary, you can have a direct access to general management<\/span><\/li>\n<\/ul>\n<h2><b>Specialised recruitment<\/b><\/h2>\n<p><span style=\"font-weight: 400;\">Our staff is recruited to best match your requirements. Moreover, we invest heavily in training: all our agents have the CQP APS and over 50% of them are qualified SSIAP 1, 2 or 3.<\/span><\/p>\n<h2><b>Strict service monitoring<\/b><\/h2>\n<p><span style=\"font-weight: 400;\">Each site is monitored qualitatively at least once a week. Special attention is particularly given to night and weekend inspections.<\/span><\/p>\n<p><span style=\"font-weight: 400;\">These quality controls lead to the opening of anomaly report sheets and\/or non-conformity sheets, if necessary. They also lead to the setting up of a continuous knowledge assessment, inscribed in a system of continuous improvement, by the work done on these anomaly and\/or non-conformity report sheets by our staff.<\/span><\/p>\n<p><span style=\"font-weight: 400;\"><\/span><\/p>\n","protected":false},"excerpt":{"rendered":"<p>Over the years, GORON has developed a global offer, combining human means to very efficient technical means. Nowadays, the company offers its customers global solutions in every field of private security: Surveillance and security Safety Technology and systems Physical protection Training and consulting To these must be added, reception and associated services, which complement our<a href=\"https:\/\/www.goron.fr\/en\/our-services\/global-offer\/\"><i class=\"chevron right icon\"><\/i><\/a><\/p>\n","protected":false},"author":2,"featured_media":12656,"parent":11946,"menu_order":41,"comment_status":"closed","ping_status":"closed","template":"","meta":{"_acf_changed":false,"footnotes":""},"acf":[],"yoast_head":"<!-- This site is optimized with the Yoast SEO plugin v19.13 - https:\/\/yoast.com\/wordpress\/plugins\/seo\/ -->\n<title>A global offer in private security - GORON S.A.S<\/title>\n<meta name=\"description\" content=\"Over the years, GORON has developed a global offer, combining human means to very efficient technical means.\" \/>\n<meta name=\"robots\" content=\"index, follow, max-snippet:-1, max-image-preview:large, max-video-preview:-1\" \/>\n<link rel=\"canonical\" href=\"https:\/\/www.goron.fr\/en\/our-services\/global-offer\/\" \/>\n<meta property=\"og:locale\" content=\"en_US\" \/>\n<meta property=\"og:type\" content=\"article\" \/>\n<meta property=\"og:title\" content=\"A global offer in private security - GORON S.A.S\" \/>\n<meta property=\"og:description\" content=\"Over the years, GORON has developed a global offer, combining human means to very efficient technical means.\" \/>\n<meta property=\"og:url\" content=\"https:\/\/www.goron.fr\/en\/our-services\/global-offer\/\" \/>\n<meta property=\"og:site_name\" content=\"Goron\" \/>\n<meta property=\"article:modified_time\" content=\"2021-10-26T13:19:56+00:00\" \/>\n<meta property=\"og:image\" content=\"https:\/\/www.goron.fr\/wp-content\/uploads\/2020\/02\/17-1.jpg\" \/>\n\t<meta property=\"og:image:width\" content=\"1500\" \/>\n\t<meta property=\"og:image:height\" content=\"350\" \/>\n\t<meta property=\"og:image:type\" content=\"image\/jpeg\" \/>\n<meta name=\"twitter:card\" content=\"summary_large_image\" \/>\n<meta name=\"twitter:label1\" content=\"Est. reading time\" \/>\n\t<meta name=\"twitter:data1\" content=\"1 minute\" \/>\n<script type=\"application\/ld+json\" class=\"yoast-schema-graph\">{\"@context\":\"https:\/\/schema.org\",\"@graph\":[{\"@type\":\"WebPage\",\"@id\":\"https:\/\/www.goron.fr\/en\/our-services\/global-offer\/\",\"url\":\"https:\/\/www.goron.fr\/en\/our-services\/global-offer\/\",\"name\":\"A global offer in private security - GORON S.A.S\",\"isPartOf\":{\"@id\":\"https:\/\/www.goron.fr\/#website\"},\"datePublished\":\"2020-01-02T13:27:51+00:00\",\"dateModified\":\"2021-10-26T13:19:56+00:00\",\"description\":\"Over the years, GORON has developed a global offer, combining human means to very efficient technical means.\",\"breadcrumb\":{\"@id\":\"https:\/\/www.goron.fr\/en\/our-services\/global-offer\/#breadcrumb\"},\"inLanguage\":\"en-US\",\"potentialAction\":[{\"@type\":\"ReadAction\",\"target\":[\"https:\/\/www.goron.fr\/en\/our-services\/global-offer\/\"]}]},{\"@type\":\"BreadcrumbList\",\"@id\":\"https:\/\/www.goron.fr\/en\/our-services\/global-offer\/#breadcrumb\",\"itemListElement\":[{\"@type\":\"ListItem\",\"position\":1,\"name\":\"Accueil\",\"item\":\"https:\/\/www.goron.fr\/\"},{\"@type\":\"ListItem\",\"position\":2,\"name\":\"OUR SERVICES\",\"item\":\"https:\/\/www.goron.fr\/en\/our-services\/\"},{\"@type\":\"ListItem\",\"position\":3,\"name\":\"GLOBAL OFFER\"}]},{\"@type\":\"WebSite\",\"@id\":\"https:\/\/www.goron.fr\/#website\",\"url\":\"https:\/\/www.goron.fr\/\",\"name\":\"Goron\",\"description\":\"S\u00e9curit\u00e9 Priv\u00e9e\",\"potentialAction\":[{\"@type\":\"SearchAction\",\"target\":{\"@type\":\"EntryPoint\",\"urlTemplate\":\"https:\/\/www.goron.fr\/?s={search_term_string}\"},\"query-input\":\"required name=search_term_string\"}],\"inLanguage\":\"en-US\"}]}<\/script>\n<!-- \/ Yoast SEO plugin. -->","yoast_head_json":{"title":"A global offer in private security - GORON S.A.S","description":"Over the years, GORON has developed a global offer, combining human means to very efficient technical means.","robots":{"index":"index","follow":"follow","max-snippet":"max-snippet:-1","max-image-preview":"max-image-preview:large","max-video-preview":"max-video-preview:-1"},"canonical":"https:\/\/www.goron.fr\/en\/our-services\/global-offer\/","og_locale":"en_US","og_type":"article","og_title":"A global offer in private security - GORON S.A.S","og_description":"Over the years, GORON has developed a global offer, combining human means to very efficient technical means.","og_url":"https:\/\/www.goron.fr\/en\/our-services\/global-offer\/","og_site_name":"Goron","article_modified_time":"2021-10-26T13:19:56+00:00","og_image":[{"width":1500,"height":350,"url":"https:\/\/www.goron.fr\/wp-content\/uploads\/2020\/02\/17-1.jpg","type":"image\/jpeg"}],"twitter_card":"summary_large_image","twitter_misc":{"Est. reading time":"1 minute"},"schema":{"@context":"https:\/\/schema.org","@graph":[{"@type":"WebPage","@id":"https:\/\/www.goron.fr\/en\/our-services\/global-offer\/","url":"https:\/\/www.goron.fr\/en\/our-services\/global-offer\/","name":"A global offer in private security - GORON S.A.S","isPartOf":{"@id":"https:\/\/www.goron.fr\/#website"},"datePublished":"2020-01-02T13:27:51+00:00","dateModified":"2021-10-26T13:19:56+00:00","description":"Over the years, GORON has developed a global offer, combining human means to very efficient technical means.","breadcrumb":{"@id":"https:\/\/www.goron.fr\/en\/our-services\/global-offer\/#breadcrumb"},"inLanguage":"en-US","potentialAction":[{"@type":"ReadAction","target":["https:\/\/www.goron.fr\/en\/our-services\/global-offer\/"]}]},{"@type":"BreadcrumbList","@id":"https:\/\/www.goron.fr\/en\/our-services\/global-offer\/#breadcrumb","itemListElement":[{"@type":"ListItem","position":1,"name":"Accueil","item":"https:\/\/www.goron.fr\/"},{"@type":"ListItem","position":2,"name":"OUR SERVICES","item":"https:\/\/www.goron.fr\/en\/our-services\/"},{"@type":"ListItem","position":3,"name":"GLOBAL OFFER"}]},{"@type":"WebSite","@id":"https:\/\/www.goron.fr\/#website","url":"https:\/\/www.goron.fr\/","name":"Goron","description":"S\u00e9curit\u00e9 Priv\u00e9e","potentialAction":[{"@type":"SearchAction","target":{"@type":"EntryPoint","urlTemplate":"https:\/\/www.goron.fr\/?s={search_term_string}"},"query-input":"required name=search_term_string"}],"inLanguage":"en-US"}]}},"_links":{"self":[{"href":"https:\/\/www.goron.fr\/en\/wp-json\/wp\/v2\/pages\/11949\/"}],"collection":[{"href":"https:\/\/www.goron.fr\/en\/wp-json\/wp\/v2\/pages\/"}],"about":[{"href":"https:\/\/www.goron.fr\/en\/wp-json\/wp\/v2\/types\/page\/"}],"author":[{"embeddable":true,"href":"https:\/\/www.goron.fr\/en\/wp-json\/wp\/v2\/users\/2\/"}],"replies":[{"embeddable":true,"href":"https:\/\/www.goron.fr\/en\/wp-json\/wp\/v2\/comments\/?post=11949"}],"version-history":[{"count":7,"href":"https:\/\/www.goron.fr\/en\/wp-json\/wp\/v2\/pages\/11949\/revisions\/"}],"predecessor-version":[{"id":16126,"href":"https:\/\/www.goron.fr\/en\/wp-json\/wp\/v2\/pages\/11949\/revisions\/16126\/"}],"up":[{"embeddable":true,"href":"https:\/\/www.goron.fr\/en\/wp-json\/wp\/v2\/pages\/11946\/"}],"wp:featuredmedia":[{"embeddable":true,"href":"https:\/\/www.goron.fr\/en\/wp-json\/wp\/v2\/media\/12656\/"}],"wp:attachment":[{"href":"https:\/\/www.goron.fr\/en\/wp-json\/wp\/v2\/media\/?parent=11949"}],"curies":[{"name":"wp","href":"https:\/\/api.w.org\/{rel}","templated":true}]}}