{"id":11942,"date":"2020-01-02T14:24:22","date_gmt":"2020-01-02T13:24:22","guid":{"rendered":"https:\/\/www.goron.fr\/events\/"},"modified":"2021-10-26T15:19:56","modified_gmt":"2021-10-26T13:19:56","slug":"events","status":"publish","type":"page","link":"https:\/\/www.goron.fr\/en\/events\/","title":{"rendered":"EVENTS"},"content":{"rendered":"<p><b>Trade fair, cultural event, sporting event\u2026 these events usually gather a large number of visitors. Organisers are legally responsible for people safety.<\/b><\/p>\n<p><span style=\"font-weight: 400;\">Indeed, the decree n\u00b097-646 of the 31<\/span><span style=\"font-weight: 400;\">st<\/span><span style=\"font-weight: 400;\"> of May 1997 \u2013 related to the implementation of security personnel by organisers of sporting, recreational or cultural events<\/span> <span style=\"font-weight: 400;\"> for lucrative purposes \u2013 requires from the organisers the implementation of all necessary means to limit the risks inherent to the nature of the service delivered.<\/span><\/p>\n<p><span style=\"font-weight: 400;\">GORON meets the security and safety challenges of all types of events \u2013 whether they be musical, sporting, cultural, private or public \u2013 by providing experienced and multi-skilled agents and hostesses.<\/span><\/p>\n<h2><b>Risk prevention and management<\/b><\/h2>\n<ul>\n<li><span style=\"font-weight: 400;\">Pedestrian and vehicle access control<\/span><\/li>\n<li><span style=\"font-weight: 400;\">Bag visual inspections<\/span><\/li>\n<li><span style=\"font-weight: 400;\">Surveillance patrols<\/span><\/li>\n<li><span style=\"font-weight: 400;\">Static surveillance<\/span><\/li>\n<li><span style=\"font-weight: 400;\">Cynophilist safety &amp; explosive detection<\/span><\/li>\n<\/ul>\n<h2><b>Safety, fire safety and first-aid<\/b><\/h2>\n<ul>\n<li><span style=\"font-weight: 400;\">Intervention, assistance and first-aid<\/span><\/li>\n<li><span style=\"font-weight: 400;\">Fire risk prevention (in accordance with applicable rules and standards)<\/span><\/li>\n<li><span style=\"font-weight: 400;\">Safety audit (with our subsidiary <a href=\"https:\/\/solace.fr\/\" target=\"_blank\" rel=\"noopener noreferrer\">SOLACE<\/a>)<\/span><\/li>\n<li><span style=\"font-weight: 400;\">Security audit (with our subsidiary <a href=\"https:\/\/www.cecys.fr\/\" target=\"_blank\" rel=\"noopener noreferrer\">CECYS<\/a>)<\/span><\/li>\n<li><span style=\"font-weight: 400;\">Surveillance of technical installations<\/span><\/li>\n<\/ul>\n<p><span style=\"font-weight: 400;\">GORON S.A. also offers solutions adapted to the context with its event subsidiary, Th\u00e9ma Services.<\/span><\/p>\n","protected":false},"excerpt":{"rendered":"<p>Trade fair, cultural event, sporting event\u2026 these events usually gather a large number of visitors. Organisers are legally responsible for people safety. Indeed, the decree n\u00b097-646 of the 31st of May 1997 \u2013 related to the implementation of security personnel by organisers of sporting, recreational or cultural events for lucrative purposes \u2013 requires from the<a href=\"https:\/\/www.goron.fr\/en\/events\/\"><i class=\"chevron right icon\"><\/i><\/a><\/p>\n","protected":false},"author":2,"featured_media":11944,"parent":12110,"menu_order":112,"comment_status":"closed","ping_status":"closed","template":"","meta":{"_acf_changed":false,"footnotes":""},"acf":[],"yoast_head":"<!-- This site is optimized with the Yoast SEO plugin v19.13 - https:\/\/yoast.com\/wordpress\/plugins\/seo\/ -->\n<title>Security services for events - Goron S.A.S<\/title>\n<meta name=\"description\" content=\"GORON meets the security and safety challenges of all types of events \u2013 whether they be musical, sporting, cultural, private or public \u2013 by providing experienced and multi-skilled agents and hostesses.\" \/>\n<meta name=\"robots\" content=\"index, follow, max-snippet:-1, max-image-preview:large, max-video-preview:-1\" \/>\n<link rel=\"canonical\" href=\"https:\/\/www.goron.fr\/en\/events\/\" \/>\n<meta property=\"og:locale\" content=\"en_US\" \/>\n<meta property=\"og:type\" content=\"article\" \/>\n<meta property=\"og:title\" content=\"Security services for events - Goron S.A.S\" \/>\n<meta property=\"og:description\" content=\"GORON meets the security and safety challenges of all types of events \u2013 whether they be musical, sporting, cultural, private or public \u2013 by providing experienced and multi-skilled agents and hostesses.\" \/>\n<meta property=\"og:url\" content=\"https:\/\/www.goron.fr\/en\/events\/\" \/>\n<meta property=\"og:site_name\" content=\"Goron\" \/>\n<meta property=\"article:modified_time\" content=\"2021-10-26T13:19:56+00:00\" \/>\n<meta property=\"og:image\" content=\"https:\/\/www.goron.fr\/wp-content\/uploads\/2017\/05\/evenementiel.jpg\" \/>\n\t<meta property=\"og:image:width\" content=\"1500\" \/>\n\t<meta property=\"og:image:height\" content=\"350\" \/>\n\t<meta property=\"og:image:type\" content=\"image\/jpeg\" \/>\n<meta name=\"twitter:card\" content=\"summary_large_image\" \/>\n<meta name=\"twitter:label1\" content=\"Est. reading time\" \/>\n\t<meta name=\"twitter:data1\" content=\"1 minute\" \/>\n<script type=\"application\/ld+json\" class=\"yoast-schema-graph\">{\"@context\":\"https:\/\/schema.org\",\"@graph\":[{\"@type\":\"WebPage\",\"@id\":\"https:\/\/www.goron.fr\/en\/events\/\",\"url\":\"https:\/\/www.goron.fr\/en\/events\/\",\"name\":\"Security services for events - Goron S.A.S\",\"isPartOf\":{\"@id\":\"https:\/\/www.goron.fr\/#website\"},\"datePublished\":\"2020-01-02T13:24:22+00:00\",\"dateModified\":\"2021-10-26T13:19:56+00:00\",\"description\":\"GORON meets the security and safety challenges of all types of events \u2013 whether they be musical, sporting, cultural, private or public \u2013 by providing experienced and multi-skilled agents and hostesses.\",\"breadcrumb\":{\"@id\":\"https:\/\/www.goron.fr\/en\/events\/#breadcrumb\"},\"inLanguage\":\"en-US\",\"potentialAction\":[{\"@type\":\"ReadAction\",\"target\":[\"https:\/\/www.goron.fr\/en\/events\/\"]}]},{\"@type\":\"BreadcrumbList\",\"@id\":\"https:\/\/www.goron.fr\/en\/events\/#breadcrumb\",\"itemListElement\":[{\"@type\":\"ListItem\",\"position\":1,\"name\":\"Accueil\",\"item\":\"https:\/\/www.goron.fr\/\"},{\"@type\":\"ListItem\",\"position\":2,\"name\":\"Your industry\",\"item\":\"https:\/\/www.goron.fr\/en\/your-industry\/\"},{\"@type\":\"ListItem\",\"position\":3,\"name\":\"EVENTS\"}]},{\"@type\":\"WebSite\",\"@id\":\"https:\/\/www.goron.fr\/#website\",\"url\":\"https:\/\/www.goron.fr\/\",\"name\":\"Goron\",\"description\":\"S\u00e9curit\u00e9 Priv\u00e9e\",\"potentialAction\":[{\"@type\":\"SearchAction\",\"target\":{\"@type\":\"EntryPoint\",\"urlTemplate\":\"https:\/\/www.goron.fr\/?s={search_term_string}\"},\"query-input\":\"required name=search_term_string\"}],\"inLanguage\":\"en-US\"}]}<\/script>\n<!-- \/ Yoast SEO plugin. -->","yoast_head_json":{"title":"Security services for events - Goron S.A.S","description":"GORON meets the security and safety challenges of all types of events \u2013 whether they be musical, sporting, cultural, private or public \u2013 by providing experienced and multi-skilled agents and hostesses.","robots":{"index":"index","follow":"follow","max-snippet":"max-snippet:-1","max-image-preview":"max-image-preview:large","max-video-preview":"max-video-preview:-1"},"canonical":"https:\/\/www.goron.fr\/en\/events\/","og_locale":"en_US","og_type":"article","og_title":"Security services for events - Goron S.A.S","og_description":"GORON meets the security and safety challenges of all types of events \u2013 whether they be musical, sporting, cultural, private or public \u2013 by providing experienced and multi-skilled agents and hostesses.","og_url":"https:\/\/www.goron.fr\/en\/events\/","og_site_name":"Goron","article_modified_time":"2021-10-26T13:19:56+00:00","og_image":[{"width":1500,"height":350,"url":"https:\/\/www.goron.fr\/wp-content\/uploads\/2017\/05\/evenementiel.jpg","type":"image\/jpeg"}],"twitter_card":"summary_large_image","twitter_misc":{"Est. reading time":"1 minute"},"schema":{"@context":"https:\/\/schema.org","@graph":[{"@type":"WebPage","@id":"https:\/\/www.goron.fr\/en\/events\/","url":"https:\/\/www.goron.fr\/en\/events\/","name":"Security services for events - Goron S.A.S","isPartOf":{"@id":"https:\/\/www.goron.fr\/#website"},"datePublished":"2020-01-02T13:24:22+00:00","dateModified":"2021-10-26T13:19:56+00:00","description":"GORON meets the security and safety challenges of all types of events \u2013 whether they be musical, sporting, cultural, private or public \u2013 by providing experienced and multi-skilled agents and hostesses.","breadcrumb":{"@id":"https:\/\/www.goron.fr\/en\/events\/#breadcrumb"},"inLanguage":"en-US","potentialAction":[{"@type":"ReadAction","target":["https:\/\/www.goron.fr\/en\/events\/"]}]},{"@type":"BreadcrumbList","@id":"https:\/\/www.goron.fr\/en\/events\/#breadcrumb","itemListElement":[{"@type":"ListItem","position":1,"name":"Accueil","item":"https:\/\/www.goron.fr\/"},{"@type":"ListItem","position":2,"name":"Your industry","item":"https:\/\/www.goron.fr\/en\/your-industry\/"},{"@type":"ListItem","position":3,"name":"EVENTS"}]},{"@type":"WebSite","@id":"https:\/\/www.goron.fr\/#website","url":"https:\/\/www.goron.fr\/","name":"Goron","description":"S\u00e9curit\u00e9 Priv\u00e9e","potentialAction":[{"@type":"SearchAction","target":{"@type":"EntryPoint","urlTemplate":"https:\/\/www.goron.fr\/?s={search_term_string}"},"query-input":"required name=search_term_string"}],"inLanguage":"en-US"}]}},"_links":{"self":[{"href":"https:\/\/www.goron.fr\/en\/wp-json\/wp\/v2\/pages\/11942\/"}],"collection":[{"href":"https:\/\/www.goron.fr\/en\/wp-json\/wp\/v2\/pages\/"}],"about":[{"href":"https:\/\/www.goron.fr\/en\/wp-json\/wp\/v2\/types\/page\/"}],"author":[{"embeddable":true,"href":"https:\/\/www.goron.fr\/en\/wp-json\/wp\/v2\/users\/2\/"}],"replies":[{"embeddable":true,"href":"https:\/\/www.goron.fr\/en\/wp-json\/wp\/v2\/comments\/?post=11942"}],"version-history":[{"count":6,"href":"https:\/\/www.goron.fr\/en\/wp-json\/wp\/v2\/pages\/11942\/revisions\/"}],"predecessor-version":[{"id":16120,"href":"https:\/\/www.goron.fr\/en\/wp-json\/wp\/v2\/pages\/11942\/revisions\/16120\/"}],"up":[{"embeddable":true,"href":"https:\/\/www.goron.fr\/en\/wp-json\/wp\/v2\/pages\/12110\/"}],"wp:featuredmedia":[{"embeddable":true,"href":"https:\/\/www.goron.fr\/en\/wp-json\/wp\/v2\/media\/11944\/"}],"wp:attachment":[{"href":"https:\/\/www.goron.fr\/en\/wp-json\/wp\/v2\/media\/?parent=11942"}],"curies":[{"name":"wp","href":"https:\/\/api.w.org\/{rel}","templated":true}]}}