{"id":11938,"date":"2020-01-02T14:22:38","date_gmt":"2020-01-02T13:22:38","guid":{"rendered":"https:\/\/www.goron.fr\/stations-transport-networks\/"},"modified":"2021-10-26T15:19:56","modified_gmt":"2021-10-26T13:19:56","slug":"stations-transport-networks","status":"publish","type":"page","link":"https:\/\/www.goron.fr\/en\/stations-transport-networks\/","title":{"rendered":"STATIONS &#038; TRANSPORT NETWORKS"},"content":{"rendered":"<p><b>Stations and transport networks are subject to a high level of risks: theft, attacks, terrorism, sabotage, malicious acts, etc. In March 2016, the Savary law has authorised, in some contexts, baggage search by private security officers.<\/b><\/p>\n<p><span style=\"font-weight: 400;\">To address these challenges, GORON provides agents trained to the following missions:<\/span><\/p>\n<h2><b>Risk prevention and management<\/b><\/h2>\n<ul>\n<li><span style=\"font-weight: 400;\">Access controls and screenings of pedestrians and vehicles<\/span><\/li>\n<li><span style=\"font-weight: 400;\">Surveillance patrols<\/span><\/li>\n<li><span style=\"font-weight: 400;\">Static surveillance\u00a0<\/span><\/li>\n<li><span style=\"font-weight: 400;\">Cynophilist security &amp; explosive detection<\/span><\/li>\n<li><span style=\"font-weight: 400;\">Remote video surveillance<\/span><\/li>\n<li><span style=\"font-weight: 400;\">Alarm interventions<\/span><\/li>\n<\/ul>\n<h2><b>Safety, fire safety and first-aid<\/b><\/h2>\n<ul>\n<li><span style=\"font-weight: 400;\">Intervention, assistance and first-aid<\/span><\/li>\n<li><span style=\"font-weight: 400;\">Fire risk prevention (in accordance with applicable rules and standards)<\/span><\/li>\n<li><span style=\"font-weight: 400;\">Safety audit (with our subsidiary <a href=\"https:\/\/solace.fr\/\" target=\"_blank\" rel=\"noopener noreferrer\">SOLACE<\/a>)<\/span><\/li>\n<li><span style=\"font-weight: 400;\">Security audit (with our subsidiary<a href=\"https:\/\/www.cecys.fr\/\" target=\"_blank\" rel=\"noopener noreferrer\"> CECYS<\/a>)<\/span><\/li>\n<\/ul>\n<p>&nbsp;<\/p>\n","protected":false},"excerpt":{"rendered":"<p>Stations and transport networks are subject to a high level of risks: theft, attacks, terrorism, sabotage, malicious acts, etc. In March 2016, the Savary law has authorised, in some contexts, baggage search by private security officers. To address these challenges, GORON provides agents trained to the following missions: Risk prevention and management Access controls and<a href=\"https:\/\/www.goron.fr\/en\/stations-transport-networks\/\"><i class=\"chevron right icon\"><\/i><\/a><\/p>\n","protected":false},"author":2,"featured_media":11940,"parent":12110,"menu_order":90,"comment_status":"closed","ping_status":"closed","template":"","meta":{"_acf_changed":false,"footnotes":""},"acf":[],"yoast_head":"<!-- This site is optimized with the Yoast SEO plugin v19.13 - https:\/\/yoast.com\/wordpress\/plugins\/seo\/ -->\n<title>Private security services for stations and transport networks - GORON S.A.S<\/title>\n<meta name=\"description\" content=\"To address the security challenges of stations and transport networks, GORON provides agents trained to access controls, screenings and explosive detection.\" \/>\n<meta name=\"robots\" content=\"index, follow, max-snippet:-1, max-image-preview:large, max-video-preview:-1\" \/>\n<link rel=\"canonical\" href=\"https:\/\/www.goron.fr\/en\/stations-transport-networks\/\" \/>\n<meta property=\"og:locale\" content=\"en_US\" \/>\n<meta property=\"og:type\" content=\"article\" \/>\n<meta property=\"og:title\" content=\"Private security services for stations and transport networks - GORON S.A.S\" \/>\n<meta property=\"og:description\" content=\"To address the security challenges of stations and transport networks, GORON provides agents trained to access controls, screenings and explosive detection.\" \/>\n<meta property=\"og:url\" content=\"https:\/\/www.goron.fr\/en\/stations-transport-networks\/\" \/>\n<meta property=\"og:site_name\" content=\"Goron\" \/>\n<meta property=\"article:modified_time\" content=\"2021-10-26T13:19:56+00:00\" \/>\n<meta property=\"og:image\" content=\"https:\/\/www.goron.fr\/wp-content\/uploads\/2017\/05\/gare-reseaux.jpg\" \/>\n\t<meta property=\"og:image:width\" content=\"1500\" \/>\n\t<meta property=\"og:image:height\" content=\"350\" \/>\n\t<meta property=\"og:image:type\" content=\"image\/jpeg\" \/>\n<meta name=\"twitter:card\" content=\"summary_large_image\" \/>\n<meta name=\"twitter:label1\" content=\"Est. reading time\" \/>\n\t<meta name=\"twitter:data1\" content=\"1 minute\" \/>\n<script type=\"application\/ld+json\" class=\"yoast-schema-graph\">{\"@context\":\"https:\/\/schema.org\",\"@graph\":[{\"@type\":\"WebPage\",\"@id\":\"https:\/\/www.goron.fr\/en\/stations-transport-networks\/\",\"url\":\"https:\/\/www.goron.fr\/en\/stations-transport-networks\/\",\"name\":\"Private security services for stations and transport networks - GORON S.A.S\",\"isPartOf\":{\"@id\":\"https:\/\/www.goron.fr\/#website\"},\"datePublished\":\"2020-01-02T13:22:38+00:00\",\"dateModified\":\"2021-10-26T13:19:56+00:00\",\"description\":\"To address the security challenges of stations and transport networks, GORON provides agents trained to access controls, screenings and explosive detection.\",\"breadcrumb\":{\"@id\":\"https:\/\/www.goron.fr\/en\/stations-transport-networks\/#breadcrumb\"},\"inLanguage\":\"en-US\",\"potentialAction\":[{\"@type\":\"ReadAction\",\"target\":[\"https:\/\/www.goron.fr\/en\/stations-transport-networks\/\"]}]},{\"@type\":\"BreadcrumbList\",\"@id\":\"https:\/\/www.goron.fr\/en\/stations-transport-networks\/#breadcrumb\",\"itemListElement\":[{\"@type\":\"ListItem\",\"position\":1,\"name\":\"Accueil\",\"item\":\"https:\/\/www.goron.fr\/\"},{\"@type\":\"ListItem\",\"position\":2,\"name\":\"Your industry\",\"item\":\"https:\/\/www.goron.fr\/en\/your-industry\/\"},{\"@type\":\"ListItem\",\"position\":3,\"name\":\"STATIONS &#038; TRANSPORT NETWORKS\"}]},{\"@type\":\"WebSite\",\"@id\":\"https:\/\/www.goron.fr\/#website\",\"url\":\"https:\/\/www.goron.fr\/\",\"name\":\"Goron\",\"description\":\"S\u00e9curit\u00e9 Priv\u00e9e\",\"potentialAction\":[{\"@type\":\"SearchAction\",\"target\":{\"@type\":\"EntryPoint\",\"urlTemplate\":\"https:\/\/www.goron.fr\/?s={search_term_string}\"},\"query-input\":\"required name=search_term_string\"}],\"inLanguage\":\"en-US\"}]}<\/script>\n<!-- \/ Yoast SEO plugin. -->","yoast_head_json":{"title":"Private security services for stations and transport networks - GORON S.A.S","description":"To address the security challenges of stations and transport networks, GORON provides agents trained to access controls, screenings and explosive detection.","robots":{"index":"index","follow":"follow","max-snippet":"max-snippet:-1","max-image-preview":"max-image-preview:large","max-video-preview":"max-video-preview:-1"},"canonical":"https:\/\/www.goron.fr\/en\/stations-transport-networks\/","og_locale":"en_US","og_type":"article","og_title":"Private security services for stations and transport networks - GORON S.A.S","og_description":"To address the security challenges of stations and transport networks, GORON provides agents trained to access controls, screenings and explosive detection.","og_url":"https:\/\/www.goron.fr\/en\/stations-transport-networks\/","og_site_name":"Goron","article_modified_time":"2021-10-26T13:19:56+00:00","og_image":[{"width":1500,"height":350,"url":"https:\/\/www.goron.fr\/wp-content\/uploads\/2017\/05\/gare-reseaux.jpg","type":"image\/jpeg"}],"twitter_card":"summary_large_image","twitter_misc":{"Est. reading time":"1 minute"},"schema":{"@context":"https:\/\/schema.org","@graph":[{"@type":"WebPage","@id":"https:\/\/www.goron.fr\/en\/stations-transport-networks\/","url":"https:\/\/www.goron.fr\/en\/stations-transport-networks\/","name":"Private security services for stations and transport networks - GORON S.A.S","isPartOf":{"@id":"https:\/\/www.goron.fr\/#website"},"datePublished":"2020-01-02T13:22:38+00:00","dateModified":"2021-10-26T13:19:56+00:00","description":"To address the security challenges of stations and transport networks, GORON provides agents trained to access controls, screenings and explosive detection.","breadcrumb":{"@id":"https:\/\/www.goron.fr\/en\/stations-transport-networks\/#breadcrumb"},"inLanguage":"en-US","potentialAction":[{"@type":"ReadAction","target":["https:\/\/www.goron.fr\/en\/stations-transport-networks\/"]}]},{"@type":"BreadcrumbList","@id":"https:\/\/www.goron.fr\/en\/stations-transport-networks\/#breadcrumb","itemListElement":[{"@type":"ListItem","position":1,"name":"Accueil","item":"https:\/\/www.goron.fr\/"},{"@type":"ListItem","position":2,"name":"Your industry","item":"https:\/\/www.goron.fr\/en\/your-industry\/"},{"@type":"ListItem","position":3,"name":"STATIONS &#038; TRANSPORT NETWORKS"}]},{"@type":"WebSite","@id":"https:\/\/www.goron.fr\/#website","url":"https:\/\/www.goron.fr\/","name":"Goron","description":"S\u00e9curit\u00e9 Priv\u00e9e","potentialAction":[{"@type":"SearchAction","target":{"@type":"EntryPoint","urlTemplate":"https:\/\/www.goron.fr\/?s={search_term_string}"},"query-input":"required name=search_term_string"}],"inLanguage":"en-US"}]}},"_links":{"self":[{"href":"https:\/\/www.goron.fr\/en\/wp-json\/wp\/v2\/pages\/11938\/"}],"collection":[{"href":"https:\/\/www.goron.fr\/en\/wp-json\/wp\/v2\/pages\/"}],"about":[{"href":"https:\/\/www.goron.fr\/en\/wp-json\/wp\/v2\/types\/page\/"}],"author":[{"embeddable":true,"href":"https:\/\/www.goron.fr\/en\/wp-json\/wp\/v2\/users\/2\/"}],"replies":[{"embeddable":true,"href":"https:\/\/www.goron.fr\/en\/wp-json\/wp\/v2\/comments\/?post=11938"}],"version-history":[{"count":5,"href":"https:\/\/www.goron.fr\/en\/wp-json\/wp\/v2\/pages\/11938\/revisions\/"}],"predecessor-version":[{"id":16116,"href":"https:\/\/www.goron.fr\/en\/wp-json\/wp\/v2\/pages\/11938\/revisions\/16116\/"}],"up":[{"embeddable":true,"href":"https:\/\/www.goron.fr\/en\/wp-json\/wp\/v2\/pages\/12110\/"}],"wp:featuredmedia":[{"embeddable":true,"href":"https:\/\/www.goron.fr\/en\/wp-json\/wp\/v2\/media\/11940\/"}],"wp:attachment":[{"href":"https:\/\/www.goron.fr\/en\/wp-json\/wp\/v2\/media\/?parent=11938"}],"curies":[{"name":"wp","href":"https:\/\/api.w.org\/{rel}","templated":true}]}}