{"id":11916,"date":"2020-01-02T14:09:54","date_gmt":"2020-01-02T13:09:54","guid":{"rendered":"https:\/\/www.goron.fr\/distribution\/"},"modified":"2021-10-26T15:19:55","modified_gmt":"2021-10-26T13:19:55","slug":"distribution","status":"publish","type":"page","link":"https:\/\/www.goron.fr\/en\/distribution\/","title":{"rendered":"DISTRIBUTION"},"content":{"rendered":"<p><b>A secure atmosphere is the first calling card of a distribution brand. Indeed, distribution centres have to increase their number of visitors in a context where the sense of security is withering. It is therefore essential for them to reassure their customers, but also their staff by providing them with a secure living space, where everyone can work with equanimity.<\/b><\/p>\n<p><span style=\"font-weight: 400;\">Also subject to unknown markdowns, distribution brands have to implement adapted solutions to overcome the numerous malicious acts.<\/span><\/p>\n<p><span style=\"font-weight: 400;\">To meet these challenges, GORON provides shopping centres with tailor-made safety and security solutions.<\/span><\/p>\n<h2><b>Prevention and management of risks of theft<\/b><\/h2>\n<ul>\n<li><span style=\"font-weight: 400;\">Surveillance and security patrols inside and outside (depending on the layout of the premises)<\/span><\/li>\n<li><span style=\"font-weight: 400;\">Bag checks at shop entrances and exits<\/span><\/li>\n<li><span style=\"font-weight: 400;\">Remote video surveillance<\/span><\/li>\n<li><span style=\"font-weight: 400;\">Fight against unknown markdown<\/span><\/li>\n<li><span style=\"font-weight: 400;\">Cynophilist safety &amp; explosive detection<\/span><\/li>\n<\/ul>\n<p>&nbsp;<\/p>\n<h2><b>Safety, fire safety and first-aid<\/b><\/h2>\n<ul>\n<li><span style=\"font-weight: 400;\">Intervention, assistance and first-aid<\/span><\/li>\n<li><span style=\"font-weight: 400;\">Fire risk prevention (in accordance with applicable rules and standards)<\/span><\/li>\n<li><span style=\"font-weight: 400;\">Surveillance of technical installations<\/span><\/li>\n<li><span style=\"font-weight: 400;\">Assistance for the implementation of containment and evacuation procedures<\/span><\/li>\n<li><span style=\"font-weight: 400;\">Safety audit (with our subsidiary <a href=\"https:\/\/solace.fr\" target=\"_blank\" rel=\"noopener noreferrer\">SOLACE<\/a>)<\/span><\/li>\n<li><span style=\"font-weight: 400;\">Security audit (with our subsidiary <a href=\"https:\/\/www.cecys.fr\" target=\"_blank\" rel=\"noopener noreferrer\">CECYS<\/a>)<\/span><\/li>\n<\/ul>\n<p>&nbsp;<\/p>\n","protected":false},"excerpt":{"rendered":"<p>A secure atmosphere is the first calling card of a distribution brand. Indeed, distribution centres have to increase their number of visitors in a context where the sense of security is withering. It is therefore essential for them to reassure their customers, but also their staff by providing them with a secure living space, where<a href=\"https:\/\/www.goron.fr\/en\/distribution\/\"><i class=\"chevron right icon\"><\/i><\/a><\/p>\n","protected":false},"author":2,"featured_media":11918,"parent":12110,"menu_order":108,"comment_status":"closed","ping_status":"closed","template":"","meta":{"_acf_changed":false,"footnotes":""},"acf":[],"yoast_head":"<!-- This site is optimized with the Yoast SEO plugin v19.13 - https:\/\/yoast.com\/wordpress\/plugins\/seo\/ -->\n<title>Security agency for distribution brands - GORON S.A.S<\/title>\n<meta name=\"description\" content=\"Also subject to unknown markdowns, distribution brands have to implement adapted solutions to overcome the numerous malicious acts.\" \/>\n<meta name=\"robots\" content=\"index, follow, max-snippet:-1, max-image-preview:large, max-video-preview:-1\" \/>\n<link rel=\"canonical\" href=\"https:\/\/www.goron.fr\/en\/distribution\/\" \/>\n<meta property=\"og:locale\" content=\"en_US\" \/>\n<meta property=\"og:type\" content=\"article\" \/>\n<meta property=\"og:title\" content=\"Security agency for distribution brands - GORON S.A.S\" \/>\n<meta property=\"og:description\" content=\"Also subject to unknown markdowns, distribution brands have to implement adapted solutions to overcome the numerous malicious acts.\" \/>\n<meta property=\"og:url\" content=\"https:\/\/www.goron.fr\/en\/distribution\/\" \/>\n<meta property=\"og:site_name\" content=\"Goron\" \/>\n<meta property=\"article:modified_time\" content=\"2021-10-26T13:19:55+00:00\" \/>\n<meta property=\"og:image\" content=\"https:\/\/www.goron.fr\/wp-content\/uploads\/2017\/05\/74.jpg\" \/>\n\t<meta property=\"og:image:width\" content=\"1500\" \/>\n\t<meta property=\"og:image:height\" content=\"350\" \/>\n\t<meta property=\"og:image:type\" content=\"image\/jpeg\" \/>\n<meta name=\"twitter:card\" content=\"summary_large_image\" \/>\n<meta name=\"twitter:label1\" content=\"Est. reading time\" \/>\n\t<meta name=\"twitter:data1\" content=\"1 minute\" \/>\n<script type=\"application\/ld+json\" class=\"yoast-schema-graph\">{\"@context\":\"https:\/\/schema.org\",\"@graph\":[{\"@type\":\"WebPage\",\"@id\":\"https:\/\/www.goron.fr\/en\/distribution\/\",\"url\":\"https:\/\/www.goron.fr\/en\/distribution\/\",\"name\":\"Security agency for distribution brands - GORON S.A.S\",\"isPartOf\":{\"@id\":\"https:\/\/www.goron.fr\/#website\"},\"datePublished\":\"2020-01-02T13:09:54+00:00\",\"dateModified\":\"2021-10-26T13:19:55+00:00\",\"description\":\"Also subject to unknown markdowns, distribution brands have to implement adapted solutions to overcome the numerous malicious acts.\",\"breadcrumb\":{\"@id\":\"https:\/\/www.goron.fr\/en\/distribution\/#breadcrumb\"},\"inLanguage\":\"en-US\",\"potentialAction\":[{\"@type\":\"ReadAction\",\"target\":[\"https:\/\/www.goron.fr\/en\/distribution\/\"]}]},{\"@type\":\"BreadcrumbList\",\"@id\":\"https:\/\/www.goron.fr\/en\/distribution\/#breadcrumb\",\"itemListElement\":[{\"@type\":\"ListItem\",\"position\":1,\"name\":\"Accueil\",\"item\":\"https:\/\/www.goron.fr\/\"},{\"@type\":\"ListItem\",\"position\":2,\"name\":\"Your industry\",\"item\":\"https:\/\/www.goron.fr\/en\/your-industry\/\"},{\"@type\":\"ListItem\",\"position\":3,\"name\":\"DISTRIBUTION\"}]},{\"@type\":\"WebSite\",\"@id\":\"https:\/\/www.goron.fr\/#website\",\"url\":\"https:\/\/www.goron.fr\/\",\"name\":\"Goron\",\"description\":\"S\u00e9curit\u00e9 Priv\u00e9e\",\"potentialAction\":[{\"@type\":\"SearchAction\",\"target\":{\"@type\":\"EntryPoint\",\"urlTemplate\":\"https:\/\/www.goron.fr\/?s={search_term_string}\"},\"query-input\":\"required name=search_term_string\"}],\"inLanguage\":\"en-US\"}]}<\/script>\n<!-- \/ Yoast SEO plugin. -->","yoast_head_json":{"title":"Security agency for distribution brands - GORON S.A.S","description":"Also subject to unknown markdowns, distribution brands have to implement adapted solutions to overcome the numerous malicious acts.","robots":{"index":"index","follow":"follow","max-snippet":"max-snippet:-1","max-image-preview":"max-image-preview:large","max-video-preview":"max-video-preview:-1"},"canonical":"https:\/\/www.goron.fr\/en\/distribution\/","og_locale":"en_US","og_type":"article","og_title":"Security agency for distribution brands - GORON S.A.S","og_description":"Also subject to unknown markdowns, distribution brands have to implement adapted solutions to overcome the numerous malicious acts.","og_url":"https:\/\/www.goron.fr\/en\/distribution\/","og_site_name":"Goron","article_modified_time":"2021-10-26T13:19:55+00:00","og_image":[{"width":1500,"height":350,"url":"https:\/\/www.goron.fr\/wp-content\/uploads\/2017\/05\/74.jpg","type":"image\/jpeg"}],"twitter_card":"summary_large_image","twitter_misc":{"Est. reading time":"1 minute"},"schema":{"@context":"https:\/\/schema.org","@graph":[{"@type":"WebPage","@id":"https:\/\/www.goron.fr\/en\/distribution\/","url":"https:\/\/www.goron.fr\/en\/distribution\/","name":"Security agency for distribution brands - GORON S.A.S","isPartOf":{"@id":"https:\/\/www.goron.fr\/#website"},"datePublished":"2020-01-02T13:09:54+00:00","dateModified":"2021-10-26T13:19:55+00:00","description":"Also subject to unknown markdowns, distribution brands have to implement adapted solutions to overcome the numerous malicious acts.","breadcrumb":{"@id":"https:\/\/www.goron.fr\/en\/distribution\/#breadcrumb"},"inLanguage":"en-US","potentialAction":[{"@type":"ReadAction","target":["https:\/\/www.goron.fr\/en\/distribution\/"]}]},{"@type":"BreadcrumbList","@id":"https:\/\/www.goron.fr\/en\/distribution\/#breadcrumb","itemListElement":[{"@type":"ListItem","position":1,"name":"Accueil","item":"https:\/\/www.goron.fr\/"},{"@type":"ListItem","position":2,"name":"Your industry","item":"https:\/\/www.goron.fr\/en\/your-industry\/"},{"@type":"ListItem","position":3,"name":"DISTRIBUTION"}]},{"@type":"WebSite","@id":"https:\/\/www.goron.fr\/#website","url":"https:\/\/www.goron.fr\/","name":"Goron","description":"S\u00e9curit\u00e9 Priv\u00e9e","potentialAction":[{"@type":"SearchAction","target":{"@type":"EntryPoint","urlTemplate":"https:\/\/www.goron.fr\/?s={search_term_string}"},"query-input":"required name=search_term_string"}],"inLanguage":"en-US"}]}},"_links":{"self":[{"href":"https:\/\/www.goron.fr\/en\/wp-json\/wp\/v2\/pages\/11916\/"}],"collection":[{"href":"https:\/\/www.goron.fr\/en\/wp-json\/wp\/v2\/pages\/"}],"about":[{"href":"https:\/\/www.goron.fr\/en\/wp-json\/wp\/v2\/types\/page\/"}],"author":[{"embeddable":true,"href":"https:\/\/www.goron.fr\/en\/wp-json\/wp\/v2\/users\/2\/"}],"replies":[{"embeddable":true,"href":"https:\/\/www.goron.fr\/en\/wp-json\/wp\/v2\/comments\/?post=11916"}],"version-history":[{"count":5,"href":"https:\/\/www.goron.fr\/en\/wp-json\/wp\/v2\/pages\/11916\/revisions\/"}],"predecessor-version":[{"id":16112,"href":"https:\/\/www.goron.fr\/en\/wp-json\/wp\/v2\/pages\/11916\/revisions\/16112\/"}],"up":[{"embeddable":true,"href":"https:\/\/www.goron.fr\/en\/wp-json\/wp\/v2\/pages\/12110\/"}],"wp:featuredmedia":[{"embeddable":true,"href":"https:\/\/www.goron.fr\/en\/wp-json\/wp\/v2\/media\/11918\/"}],"wp:attachment":[{"href":"https:\/\/www.goron.fr\/en\/wp-json\/wp\/v2\/media\/?parent=11916"}],"curies":[{"name":"wp","href":"https:\/\/api.w.org\/{rel}","templated":true}]}}