{"id":11905,"date":"2020-01-02T14:05:18","date_gmt":"2020-01-02T13:05:18","guid":{"rendered":"https:\/\/www.goron.fr\/soho-sme\/"},"modified":"2021-10-26T15:19:55","modified_gmt":"2021-10-26T13:19:55","slug":"soho-sme","status":"publish","type":"page","link":"https:\/\/www.goron.fr\/en\/soho-sme\/","title":{"rendered":"SOHO\/SME"},"content":{"rendered":"<p><b>In France, more than 3 million SOHO\/SMEs are easy targets for malicious persons. Whatever the size of their structure or their budget, GORON makes available to all companies, safety and\/or security solutions.<\/b><\/p>\n<p><span style=\"font-weight: 400;\">This is why GORON has developed a mobile security service. Qualified agents drive with response vehicles connected to our 24\/7 operations security permanency, at all times and in all places.\u00a0<\/span><\/p>\n<p>&nbsp;<\/p>\n<ul>\n<li><span style=\"font-weight: 400;\">Site opening and closure patrols<\/span><\/li>\n<li><span style=\"font-weight: 400;\">Security patrols at fixed and\/or random hours<\/span><\/li>\n<li><span style=\"font-weight: 400;\">Onsite escort of the staff of the customer company<\/span><\/li>\n<li><span style=\"font-weight: 400;\">Intervention in the event of an alarm<\/span><\/li>\n<li><span style=\"font-weight: 400;\">Securing of industrial estates or residential areas<\/span><\/li>\n<\/ul>\n<p>&nbsp;<\/p>\n<p><span style=\"font-weight: 400;\">Moreover, just as all major companies, SOHO\/SMEs are subject to the duty to ensure the security and the protection of their staff health. For SMEs with more than 50 employees, the article <a href=\"https:\/\/www.legifrance.gouv.fr\/affichCodeArticle.do?idArticle=LEGIARTI000006903166&amp;cidTexte=LEGITEXT000006072050\" target=\"_blank\" rel=\"noopener noreferrer\" class=\"broken_link\">L4141-2 of the Labour Code<\/a> provides that the employers take part in the training or in the maintenance of the knowledge level of their employees in terms of security. GORON offers, particularly with CECYS \u2013 its subsidiary dedicated to prevention and security training \u2013 trainings about first-aid, health and security at work.<\/span><\/p>\n<p><i><span style=\"font-weight: 400;\">To find out more, please visit the website of our subsidiary <a href=\"https:\/\/www.cecys.fr\/\" target=\"_blank\" rel=\"noopener noreferrer\">CECYS<\/a>.<\/span><\/i><\/p>\n","protected":false},"excerpt":{"rendered":"<p>In France, more than 3 million SOHO\/SMEs are easy targets for malicious persons. Whatever the size of their structure or their budget, GORON makes available to all companies, safety and\/or security solutions. This is why GORON has developed a mobile security service. Qualified agents drive with response vehicles connected to our 24\/7 operations security permanency,<a href=\"https:\/\/www.goron.fr\/en\/soho-sme\/\"><i class=\"chevron right icon\"><\/i><\/a><\/p>\n","protected":false},"author":2,"featured_media":11908,"parent":12110,"menu_order":104,"comment_status":"closed","ping_status":"closed","template":"","meta":{"_acf_changed":false,"footnotes":""},"acf":[],"yoast_head":"<!-- This site is optimized with the Yoast SEO plugin v19.13 - https:\/\/yoast.com\/wordpress\/plugins\/seo\/ -->\n<title>Security and fire safety agency for SOHO and SME - GORON S.A.S<\/title>\n<meta name=\"description\" content=\"Whatever the size of their structure or their budget, GORON makes available to all companies, safety and\/or security solutions.\" \/>\n<meta name=\"robots\" content=\"index, follow, max-snippet:-1, max-image-preview:large, max-video-preview:-1\" \/>\n<link rel=\"canonical\" href=\"https:\/\/www.goron.fr\/en\/soho-sme\/\" \/>\n<meta property=\"og:locale\" content=\"en_US\" \/>\n<meta property=\"og:type\" content=\"article\" \/>\n<meta property=\"og:title\" content=\"Security and fire safety agency for SOHO and SME - GORON S.A.S\" \/>\n<meta property=\"og:description\" content=\"Whatever the size of their structure or their budget, GORON makes available to all companies, safety and\/or security solutions.\" \/>\n<meta property=\"og:url\" content=\"https:\/\/www.goron.fr\/en\/soho-sme\/\" \/>\n<meta property=\"og:site_name\" content=\"Goron\" \/>\n<meta property=\"article:modified_time\" content=\"2021-10-26T13:19:55+00:00\" \/>\n<meta property=\"og:image\" content=\"https:\/\/www.goron.fr\/wp-content\/uploads\/2017\/05\/pme.jpg\" \/>\n\t<meta property=\"og:image:width\" content=\"1500\" \/>\n\t<meta property=\"og:image:height\" content=\"350\" \/>\n\t<meta property=\"og:image:type\" content=\"image\/jpeg\" \/>\n<meta name=\"twitter:card\" content=\"summary_large_image\" \/>\n<meta name=\"twitter:label1\" content=\"Est. reading time\" \/>\n\t<meta name=\"twitter:data1\" content=\"1 minute\" \/>\n<script type=\"application\/ld+json\" class=\"yoast-schema-graph\">{\"@context\":\"https:\/\/schema.org\",\"@graph\":[{\"@type\":\"WebPage\",\"@id\":\"https:\/\/www.goron.fr\/en\/soho-sme\/\",\"url\":\"https:\/\/www.goron.fr\/en\/soho-sme\/\",\"name\":\"Security and fire safety agency for SOHO and SME - GORON S.A.S\",\"isPartOf\":{\"@id\":\"https:\/\/www.goron.fr\/#website\"},\"datePublished\":\"2020-01-02T13:05:18+00:00\",\"dateModified\":\"2021-10-26T13:19:55+00:00\",\"description\":\"Whatever the size of their structure or their budget, GORON makes available to all companies, safety and\/or security solutions.\",\"breadcrumb\":{\"@id\":\"https:\/\/www.goron.fr\/en\/soho-sme\/#breadcrumb\"},\"inLanguage\":\"en-US\",\"potentialAction\":[{\"@type\":\"ReadAction\",\"target\":[\"https:\/\/www.goron.fr\/en\/soho-sme\/\"]}]},{\"@type\":\"BreadcrumbList\",\"@id\":\"https:\/\/www.goron.fr\/en\/soho-sme\/#breadcrumb\",\"itemListElement\":[{\"@type\":\"ListItem\",\"position\":1,\"name\":\"Accueil\",\"item\":\"https:\/\/www.goron.fr\/\"},{\"@type\":\"ListItem\",\"position\":2,\"name\":\"Your industry\",\"item\":\"https:\/\/www.goron.fr\/en\/your-industry\/\"},{\"@type\":\"ListItem\",\"position\":3,\"name\":\"SOHO\/SME\"}]},{\"@type\":\"WebSite\",\"@id\":\"https:\/\/www.goron.fr\/#website\",\"url\":\"https:\/\/www.goron.fr\/\",\"name\":\"Goron\",\"description\":\"S\u00e9curit\u00e9 Priv\u00e9e\",\"potentialAction\":[{\"@type\":\"SearchAction\",\"target\":{\"@type\":\"EntryPoint\",\"urlTemplate\":\"https:\/\/www.goron.fr\/?s={search_term_string}\"},\"query-input\":\"required name=search_term_string\"}],\"inLanguage\":\"en-US\"}]}<\/script>\n<!-- \/ Yoast SEO plugin. -->","yoast_head_json":{"title":"Security and fire safety agency for SOHO and SME - GORON S.A.S","description":"Whatever the size of their structure or their budget, GORON makes available to all companies, safety and\/or security solutions.","robots":{"index":"index","follow":"follow","max-snippet":"max-snippet:-1","max-image-preview":"max-image-preview:large","max-video-preview":"max-video-preview:-1"},"canonical":"https:\/\/www.goron.fr\/en\/soho-sme\/","og_locale":"en_US","og_type":"article","og_title":"Security and fire safety agency for SOHO and SME - GORON S.A.S","og_description":"Whatever the size of their structure or their budget, GORON makes available to all companies, safety and\/or security solutions.","og_url":"https:\/\/www.goron.fr\/en\/soho-sme\/","og_site_name":"Goron","article_modified_time":"2021-10-26T13:19:55+00:00","og_image":[{"width":1500,"height":350,"url":"https:\/\/www.goron.fr\/wp-content\/uploads\/2017\/05\/pme.jpg","type":"image\/jpeg"}],"twitter_card":"summary_large_image","twitter_misc":{"Est. reading time":"1 minute"},"schema":{"@context":"https:\/\/schema.org","@graph":[{"@type":"WebPage","@id":"https:\/\/www.goron.fr\/en\/soho-sme\/","url":"https:\/\/www.goron.fr\/en\/soho-sme\/","name":"Security and fire safety agency for SOHO and SME - GORON S.A.S","isPartOf":{"@id":"https:\/\/www.goron.fr\/#website"},"datePublished":"2020-01-02T13:05:18+00:00","dateModified":"2021-10-26T13:19:55+00:00","description":"Whatever the size of their structure or their budget, GORON makes available to all companies, safety and\/or security solutions.","breadcrumb":{"@id":"https:\/\/www.goron.fr\/en\/soho-sme\/#breadcrumb"},"inLanguage":"en-US","potentialAction":[{"@type":"ReadAction","target":["https:\/\/www.goron.fr\/en\/soho-sme\/"]}]},{"@type":"BreadcrumbList","@id":"https:\/\/www.goron.fr\/en\/soho-sme\/#breadcrumb","itemListElement":[{"@type":"ListItem","position":1,"name":"Accueil","item":"https:\/\/www.goron.fr\/"},{"@type":"ListItem","position":2,"name":"Your industry","item":"https:\/\/www.goron.fr\/en\/your-industry\/"},{"@type":"ListItem","position":3,"name":"SOHO\/SME"}]},{"@type":"WebSite","@id":"https:\/\/www.goron.fr\/#website","url":"https:\/\/www.goron.fr\/","name":"Goron","description":"S\u00e9curit\u00e9 Priv\u00e9e","potentialAction":[{"@type":"SearchAction","target":{"@type":"EntryPoint","urlTemplate":"https:\/\/www.goron.fr\/?s={search_term_string}"},"query-input":"required name=search_term_string"}],"inLanguage":"en-US"}]}},"_links":{"self":[{"href":"https:\/\/www.goron.fr\/en\/wp-json\/wp\/v2\/pages\/11905\/"}],"collection":[{"href":"https:\/\/www.goron.fr\/en\/wp-json\/wp\/v2\/pages\/"}],"about":[{"href":"https:\/\/www.goron.fr\/en\/wp-json\/wp\/v2\/types\/page\/"}],"author":[{"embeddable":true,"href":"https:\/\/www.goron.fr\/en\/wp-json\/wp\/v2\/users\/2\/"}],"replies":[{"embeddable":true,"href":"https:\/\/www.goron.fr\/en\/wp-json\/wp\/v2\/comments\/?post=11905"}],"version-history":[{"count":5,"href":"https:\/\/www.goron.fr\/en\/wp-json\/wp\/v2\/pages\/11905\/revisions\/"}],"predecessor-version":[{"id":16108,"href":"https:\/\/www.goron.fr\/en\/wp-json\/wp\/v2\/pages\/11905\/revisions\/16108\/"}],"up":[{"embeddable":true,"href":"https:\/\/www.goron.fr\/en\/wp-json\/wp\/v2\/pages\/12110\/"}],"wp:featuredmedia":[{"embeddable":true,"href":"https:\/\/www.goron.fr\/en\/wp-json\/wp\/v2\/media\/11908\/"}],"wp:attachment":[{"href":"https:\/\/www.goron.fr\/en\/wp-json\/wp\/v2\/media\/?parent=11905"}],"curies":[{"name":"wp","href":"https:\/\/api.w.org\/{rel}","templated":true}]}}