{"id":11899,"date":"2020-01-02T14:01:11","date_gmt":"2020-01-02T13:01:11","guid":{"rendered":"https:\/\/www.goron.fr\/head-offices\/"},"modified":"2021-10-26T15:19:55","modified_gmt":"2021-10-26T13:19:55","slug":"head-offices","status":"publish","type":"page","link":"https:\/\/www.goron.fr\/en\/head-offices\/","title":{"rendered":"HEAD OFFICES"},"content":{"rendered":"<p><b>Decision-making and communication offices, head offices have to be protected to minimize risks of malicious acts, sabotage or terrorism.<\/b><\/p>\n<p><span style=\"font-weight: 400;\">In addition to these malicious aspects, safety and security features have to be in line with the policy and norms of the company. First visual contact with employees and visitors, safety officers have to be irreproachable.<\/span><\/p>\n<p><span style=\"font-weight: 400;\">GORON offers tailor-made solutions by recruiting officers in harmony with the corporate image and the rules inherent to safety, security and fire prevention.<\/span><\/p>\n<h2><\/h2>\n<h2><b>Risk prevention and management<\/b><\/h2>\n<ul>\n<li><span style=\"font-weight: 400;\">Surveillance and security patrols inside and outside (depending on the layout of the premises)<\/span><\/li>\n<li><span style=\"font-weight: 400;\">Access control and screening<\/span><\/li>\n<li><span style=\"font-weight: 400;\">Video surveillance (peripheral and perimeter)<\/span><\/li>\n<li><span style=\"font-weight: 400;\">Static surveillance<\/span><\/li>\n<li><span style=\"font-weight: 400;\">Alarm interventions \u2013 Mobile security<\/span><\/li>\n<\/ul>\n<h2><\/h2>\n<h2><b>Safety, fire safety and first-aid<\/b><\/h2>\n<ul>\n<li><span style=\"font-weight: 400;\">Intervention, assistance and first-aid<\/span><\/li>\n<li><span style=\"font-weight: 400;\">Fire risk prevention (in accordance with applicable rules and standards)<\/span><\/li>\n<li><span style=\"font-weight: 400;\">Surveillance of technical installations<\/span><\/li>\n<li><span style=\"font-weight: 400;\">Redaction and update of procedures and instructions<\/span><\/li>\n<li><span style=\"font-weight: 400;\">Security audit, first-aid staff training (SST in France) (with our subsidiary CECYS)<\/span><\/li>\n<li><span style=\"font-weight: 400;\">Safety audit and training in the prevention and management of the consequences of a terrorist act (with our subsidiary SOLACE)<\/span><\/li>\n<\/ul>\n<p>&nbsp;<\/p>\n","protected":false},"excerpt":{"rendered":"<p>Decision-making and communication offices, head offices have to be protected to minimize risks of malicious acts, sabotage or terrorism. In addition to these malicious aspects, safety and security features have to be in line with the policy and norms of the company. First visual contact with employees and visitors, safety officers have to be irreproachable.<a href=\"https:\/\/www.goron.fr\/en\/head-offices\/\"><i class=\"chevron right icon\"><\/i><\/a><\/p>\n","protected":false},"author":2,"featured_media":11903,"parent":12110,"menu_order":102,"comment_status":"closed","ping_status":"closed","template":"","meta":{"_acf_changed":false,"footnotes":""},"acf":[],"yoast_head":"<!-- This site is optimized with the Yoast SEO plugin v19.13 - https:\/\/yoast.com\/wordpress\/plugins\/seo\/ -->\n<title>Head offices security service<\/title>\n<meta name=\"description\" content=\"Decision-making and communication offices, head offices have to be protected to minimize risks of malicious acts, sabotage or terrorism.\" \/>\n<meta name=\"robots\" content=\"index, follow, max-snippet:-1, max-image-preview:large, max-video-preview:-1\" \/>\n<link rel=\"canonical\" href=\"https:\/\/www.goron.fr\/en\/head-offices\/\" \/>\n<meta property=\"og:locale\" content=\"en_US\" \/>\n<meta property=\"og:type\" content=\"article\" \/>\n<meta property=\"og:title\" content=\"Head offices security service\" \/>\n<meta property=\"og:description\" content=\"Decision-making and communication offices, head offices have to be protected to minimize risks of malicious acts, sabotage or terrorism.\" \/>\n<meta property=\"og:url\" content=\"https:\/\/www.goron.fr\/en\/head-offices\/\" \/>\n<meta property=\"og:site_name\" content=\"Goron\" \/>\n<meta property=\"article:modified_time\" content=\"2021-10-26T13:19:55+00:00\" \/>\n<meta property=\"og:image\" content=\"https:\/\/www.goron.fr\/wp-content\/uploads\/2017\/05\/75.jpg\" \/>\n\t<meta property=\"og:image:width\" content=\"1500\" \/>\n\t<meta property=\"og:image:height\" content=\"350\" \/>\n\t<meta property=\"og:image:type\" content=\"image\/jpeg\" \/>\n<meta name=\"twitter:card\" content=\"summary_large_image\" \/>\n<meta name=\"twitter:label1\" content=\"Est. reading time\" \/>\n\t<meta name=\"twitter:data1\" content=\"1 minute\" \/>\n<script type=\"application\/ld+json\" class=\"yoast-schema-graph\">{\"@context\":\"https:\/\/schema.org\",\"@graph\":[{\"@type\":\"WebPage\",\"@id\":\"https:\/\/www.goron.fr\/en\/head-offices\/\",\"url\":\"https:\/\/www.goron.fr\/en\/head-offices\/\",\"name\":\"Head offices security service\",\"isPartOf\":{\"@id\":\"https:\/\/www.goron.fr\/#website\"},\"datePublished\":\"2020-01-02T13:01:11+00:00\",\"dateModified\":\"2021-10-26T13:19:55+00:00\",\"description\":\"Decision-making and communication offices, head offices have to be protected to minimize risks of malicious acts, sabotage or terrorism.\",\"breadcrumb\":{\"@id\":\"https:\/\/www.goron.fr\/en\/head-offices\/#breadcrumb\"},\"inLanguage\":\"en-US\",\"potentialAction\":[{\"@type\":\"ReadAction\",\"target\":[\"https:\/\/www.goron.fr\/en\/head-offices\/\"]}]},{\"@type\":\"BreadcrumbList\",\"@id\":\"https:\/\/www.goron.fr\/en\/head-offices\/#breadcrumb\",\"itemListElement\":[{\"@type\":\"ListItem\",\"position\":1,\"name\":\"Accueil\",\"item\":\"https:\/\/www.goron.fr\/\"},{\"@type\":\"ListItem\",\"position\":2,\"name\":\"Your industry\",\"item\":\"https:\/\/www.goron.fr\/en\/your-industry\/\"},{\"@type\":\"ListItem\",\"position\":3,\"name\":\"HEAD OFFICES\"}]},{\"@type\":\"WebSite\",\"@id\":\"https:\/\/www.goron.fr\/#website\",\"url\":\"https:\/\/www.goron.fr\/\",\"name\":\"Goron\",\"description\":\"S\u00e9curit\u00e9 Priv\u00e9e\",\"potentialAction\":[{\"@type\":\"SearchAction\",\"target\":{\"@type\":\"EntryPoint\",\"urlTemplate\":\"https:\/\/www.goron.fr\/?s={search_term_string}\"},\"query-input\":\"required name=search_term_string\"}],\"inLanguage\":\"en-US\"}]}<\/script>\n<!-- \/ Yoast SEO plugin. -->","yoast_head_json":{"title":"Head offices security service","description":"Decision-making and communication offices, head offices have to be protected to minimize risks of malicious acts, sabotage or terrorism.","robots":{"index":"index","follow":"follow","max-snippet":"max-snippet:-1","max-image-preview":"max-image-preview:large","max-video-preview":"max-video-preview:-1"},"canonical":"https:\/\/www.goron.fr\/en\/head-offices\/","og_locale":"en_US","og_type":"article","og_title":"Head offices security service","og_description":"Decision-making and communication offices, head offices have to be protected to minimize risks of malicious acts, sabotage or terrorism.","og_url":"https:\/\/www.goron.fr\/en\/head-offices\/","og_site_name":"Goron","article_modified_time":"2021-10-26T13:19:55+00:00","og_image":[{"width":1500,"height":350,"url":"https:\/\/www.goron.fr\/wp-content\/uploads\/2017\/05\/75.jpg","type":"image\/jpeg"}],"twitter_card":"summary_large_image","twitter_misc":{"Est. reading time":"1 minute"},"schema":{"@context":"https:\/\/schema.org","@graph":[{"@type":"WebPage","@id":"https:\/\/www.goron.fr\/en\/head-offices\/","url":"https:\/\/www.goron.fr\/en\/head-offices\/","name":"Head offices security service","isPartOf":{"@id":"https:\/\/www.goron.fr\/#website"},"datePublished":"2020-01-02T13:01:11+00:00","dateModified":"2021-10-26T13:19:55+00:00","description":"Decision-making and communication offices, head offices have to be protected to minimize risks of malicious acts, sabotage or terrorism.","breadcrumb":{"@id":"https:\/\/www.goron.fr\/en\/head-offices\/#breadcrumb"},"inLanguage":"en-US","potentialAction":[{"@type":"ReadAction","target":["https:\/\/www.goron.fr\/en\/head-offices\/"]}]},{"@type":"BreadcrumbList","@id":"https:\/\/www.goron.fr\/en\/head-offices\/#breadcrumb","itemListElement":[{"@type":"ListItem","position":1,"name":"Accueil","item":"https:\/\/www.goron.fr\/"},{"@type":"ListItem","position":2,"name":"Your industry","item":"https:\/\/www.goron.fr\/en\/your-industry\/"},{"@type":"ListItem","position":3,"name":"HEAD OFFICES"}]},{"@type":"WebSite","@id":"https:\/\/www.goron.fr\/#website","url":"https:\/\/www.goron.fr\/","name":"Goron","description":"S\u00e9curit\u00e9 Priv\u00e9e","potentialAction":[{"@type":"SearchAction","target":{"@type":"EntryPoint","urlTemplate":"https:\/\/www.goron.fr\/?s={search_term_string}"},"query-input":"required name=search_term_string"}],"inLanguage":"en-US"}]}},"_links":{"self":[{"href":"https:\/\/www.goron.fr\/en\/wp-json\/wp\/v2\/pages\/11899\/"}],"collection":[{"href":"https:\/\/www.goron.fr\/en\/wp-json\/wp\/v2\/pages\/"}],"about":[{"href":"https:\/\/www.goron.fr\/en\/wp-json\/wp\/v2\/types\/page\/"}],"author":[{"embeddable":true,"href":"https:\/\/www.goron.fr\/en\/wp-json\/wp\/v2\/users\/2\/"}],"replies":[{"embeddable":true,"href":"https:\/\/www.goron.fr\/en\/wp-json\/wp\/v2\/comments\/?post=11899"}],"version-history":[{"count":5,"href":"https:\/\/www.goron.fr\/en\/wp-json\/wp\/v2\/pages\/11899\/revisions\/"}],"predecessor-version":[{"id":16106,"href":"https:\/\/www.goron.fr\/en\/wp-json\/wp\/v2\/pages\/11899\/revisions\/16106\/"}],"up":[{"embeddable":true,"href":"https:\/\/www.goron.fr\/en\/wp-json\/wp\/v2\/pages\/12110\/"}],"wp:featuredmedia":[{"embeddable":true,"href":"https:\/\/www.goron.fr\/en\/wp-json\/wp\/v2\/media\/11903\/"}],"wp:attachment":[{"href":"https:\/\/www.goron.fr\/en\/wp-json\/wp\/v2\/media\/?parent=11899"}],"curies":[{"name":"wp","href":"https:\/\/api.w.org\/{rel}","templated":true}]}}