{"id":11895,"date":"2020-01-02T13:58:52","date_gmt":"2020-01-02T12:58:52","guid":{"rendered":"https:\/\/www.goron.fr\/high-rise-pab\/"},"modified":"2021-10-26T15:19:55","modified_gmt":"2021-10-26T13:19:55","slug":"high-rise-pab","status":"publish","type":"page","link":"https:\/\/www.goron.fr\/en\/high-rise-pab\/","title":{"rendered":"HIGH-RISE\/PAB"},"content":{"rendered":"<h2><b>High-rises (IGH in France)<\/b><\/h2>\n<p><a href=\"https:\/\/www.legifrance.gouv.fr\/affichCode.do?idArticle=LEGIARTI000006896045&amp;idSectionTA=LEGISCTA000006177437&amp;cidTexte=LEGITEXT000006074096&amp;dateTexte=20160125\" target=\"_blank\" rel=\"noopener noreferrer\" class=\"broken_link\"><b>Article R122-2 of the French Construction and Housing code<\/b><\/a><\/p>\n<p><span style=\"font-weight: 400;\">They are subject to regulations mainly determined by the <\/span><i><span style=\"font-weight: 400;\">order of the 30<\/span><\/i><i><span style=\"font-weight: 400;\">th<\/span><\/i><i><span style=\"font-weight: 400;\"> of December 2011<\/span><\/i><span style=\"font-weight: 400;\">, defining the safety regulations for their construction and protection against the risks of fire and panic.<\/span><\/p>\n<ul>\n<li><span style=\"font-weight: 400;\">GHA: residential buildings<\/span><\/li>\n<li><span style=\"font-weight: 400;\">GHO: hotel buildings<\/span><\/li>\n<li><span style=\"font-weight: 400;\">GHR: educational buildings<\/span><\/li>\n<li><span style=\"font-weight: 400;\">GHS: archiving buildings<\/span><\/li>\n<li><span style=\"font-weight: 400;\">GHTC: buildings used as control towers<\/span><\/li>\n<li><span style=\"font-weight: 400;\">GHU: buildings used as sanitary facilities<\/span><\/li>\n<li><span style=\"font-weight: 400;\">GHW 1: office buildings (between 28 to 50 meters)<\/span><\/li>\n<li><span style=\"font-weight: 400;\">GHW 2: office buildings (higher than 50 meters)<\/span><\/li>\n<li><span style=\"font-weight: 400;\">GHZ: buildings mainly used for residential purposes, between 28 to 50 meters, also used partly for other purposes than residential ones<\/span><\/li>\n<li><span style=\"font-weight: 400;\">ITGH: very high buildings with a height superior to 200 meters.<\/span><\/li>\n<\/ul>\n<p>&nbsp;<\/p>\n<h2><b>Public Access Buildings (PAB)<\/b><\/h2>\n<p><span style=\"font-weight: 400;\">Classified according to the nature of their activities and the number of people they receive, PAB are subject to security regulations, notably defined by the article R. 123-19 of the French Construction and Housing code.<\/span><\/p>\n<p><span style=\"font-weight: 400;\">To meet safety and security challenges inherent to high-rises and PAB, GORON provides agents trained to the specificities of the establishments and the applicable regulations.<\/span><\/p>\n<h3><b>Risk prevention and management\u00a0<\/b><\/h3>\n<ul>\n<li><span style=\"font-weight: 400;\">Car park access control<\/span><\/li>\n<li><span style=\"font-weight: 400;\">Remote video surveillance<\/span><\/li>\n<li><span style=\"font-weight: 400;\">Alarm interventions<\/span><\/li>\n<\/ul>\n<h3><b>Safety, fire safety and first-aid<\/b><\/h3>\n<ul>\n<li><span style=\"font-weight: 400;\">Implementation of a fire safety service in accordance with the regulations for high-rises or PAB<\/span><\/li>\n<li><span style=\"font-weight: 400;\">Fire risk prevention (in accordance with applicable rules and standards)<\/span><\/li>\n<li><span style=\"font-weight: 400;\">Intervention, assistance and first-aid<\/span><\/li>\n<li><span style=\"font-weight: 400;\">SSI coordination<\/span><\/li>\n<li><span style=\"font-weight: 400;\">Management of providers supplying fire safety equipment<\/span><\/li>\n<li><span style=\"font-weight: 400;\">Redaction and update of procedures and instructions<\/span><\/li>\n<li><span style=\"font-weight: 400;\">Training for drawing up the Single Document<\/span><\/li>\n<li><span style=\"font-weight: 400;\">Assistance for the implementation of containment and evacuation procedures<\/span><\/li>\n<li><span style=\"font-weight: 400;\">Safety audit (with our subsidiary SOLACE)<\/span><\/li>\n<li><span style=\"font-weight: 400;\">Security audit, first-aid staff training (SST in France) (with our subsidiary CECYS)<\/span><\/li>\n<\/ul>\n<p>&nbsp;<\/p>\n","protected":false},"excerpt":{"rendered":"<p>High-rises (IGH in France) Article R122-2 of the French Construction and Housing code They are subject to regulations mainly determined by the order of the 30th of December 2011, defining the safety regulations for their construction and protection against the risks of fire and panic. GHA: residential buildings GHO: hotel buildings GHR: educational buildings GHS:<a href=\"https:\/\/www.goron.fr\/en\/high-rise-pab\/\"><i class=\"chevron right icon\"><\/i><\/a><\/p>\n","protected":false},"author":2,"featured_media":12723,"parent":12110,"menu_order":100,"comment_status":"closed","ping_status":"closed","template":"","meta":{"_acf_changed":false,"footnotes":""},"acf":[],"yoast_head":"<!-- This site is optimized with the Yoast SEO plugin v19.13 - https:\/\/yoast.com\/wordpress\/plugins\/seo\/ -->\n<title>High-rises (IGH) protection and fire safety - Goron S.A.S<\/title>\n<meta name=\"description\" content=\"To meet safety and security challenges inherent to high-rises and PAB, GORON provides agents trained to the specificities of the establishments and the applicable regulations.\" \/>\n<meta name=\"robots\" content=\"index, follow, max-snippet:-1, max-image-preview:large, max-video-preview:-1\" \/>\n<link rel=\"canonical\" href=\"https:\/\/www.goron.fr\/en\/high-rise-pab\/\" \/>\n<meta property=\"og:locale\" content=\"en_US\" \/>\n<meta property=\"og:type\" content=\"article\" \/>\n<meta property=\"og:title\" content=\"High-rises (IGH) protection and fire safety - Goron S.A.S\" \/>\n<meta property=\"og:description\" content=\"To meet safety and security challenges inherent to high-rises and PAB, GORON provides agents trained to the specificities of the establishments and the applicable regulations.\" \/>\n<meta property=\"og:url\" content=\"https:\/\/www.goron.fr\/en\/high-rise-pab\/\" \/>\n<meta property=\"og:site_name\" content=\"Goron\" \/>\n<meta property=\"article:modified_time\" content=\"2021-10-26T13:19:55+00:00\" \/>\n<meta property=\"og:image\" content=\"https:\/\/www.goron.fr\/wp-content\/uploads\/2020\/02\/igh.jpg\" \/>\n\t<meta property=\"og:image:width\" content=\"1500\" \/>\n\t<meta property=\"og:image:height\" content=\"350\" \/>\n\t<meta property=\"og:image:type\" content=\"image\/jpeg\" \/>\n<meta name=\"twitter:card\" content=\"summary_large_image\" \/>\n<meta name=\"twitter:label1\" content=\"Est. reading time\" \/>\n\t<meta name=\"twitter:data1\" content=\"1 minute\" \/>\n<script type=\"application\/ld+json\" class=\"yoast-schema-graph\">{\"@context\":\"https:\/\/schema.org\",\"@graph\":[{\"@type\":\"WebPage\",\"@id\":\"https:\/\/www.goron.fr\/en\/high-rise-pab\/\",\"url\":\"https:\/\/www.goron.fr\/en\/high-rise-pab\/\",\"name\":\"High-rises (IGH) protection and fire safety - Goron S.A.S\",\"isPartOf\":{\"@id\":\"https:\/\/www.goron.fr\/#website\"},\"datePublished\":\"2020-01-02T12:58:52+00:00\",\"dateModified\":\"2021-10-26T13:19:55+00:00\",\"description\":\"To meet safety and security challenges inherent to high-rises and PAB, GORON provides agents trained to the specificities of the establishments and the applicable regulations.\",\"breadcrumb\":{\"@id\":\"https:\/\/www.goron.fr\/en\/high-rise-pab\/#breadcrumb\"},\"inLanguage\":\"en-US\",\"potentialAction\":[{\"@type\":\"ReadAction\",\"target\":[\"https:\/\/www.goron.fr\/en\/high-rise-pab\/\"]}]},{\"@type\":\"BreadcrumbList\",\"@id\":\"https:\/\/www.goron.fr\/en\/high-rise-pab\/#breadcrumb\",\"itemListElement\":[{\"@type\":\"ListItem\",\"position\":1,\"name\":\"Accueil\",\"item\":\"https:\/\/www.goron.fr\/\"},{\"@type\":\"ListItem\",\"position\":2,\"name\":\"Your industry\",\"item\":\"https:\/\/www.goron.fr\/en\/your-industry\/\"},{\"@type\":\"ListItem\",\"position\":3,\"name\":\"HIGH-RISE\/PAB\"}]},{\"@type\":\"WebSite\",\"@id\":\"https:\/\/www.goron.fr\/#website\",\"url\":\"https:\/\/www.goron.fr\/\",\"name\":\"Goron\",\"description\":\"S\u00e9curit\u00e9 Priv\u00e9e\",\"potentialAction\":[{\"@type\":\"SearchAction\",\"target\":{\"@type\":\"EntryPoint\",\"urlTemplate\":\"https:\/\/www.goron.fr\/?s={search_term_string}\"},\"query-input\":\"required name=search_term_string\"}],\"inLanguage\":\"en-US\"}]}<\/script>\n<!-- \/ Yoast SEO plugin. -->","yoast_head_json":{"title":"High-rises (IGH) protection and fire safety - Goron S.A.S","description":"To meet safety and security challenges inherent to high-rises and PAB, GORON provides agents trained to the specificities of the establishments and the applicable regulations.","robots":{"index":"index","follow":"follow","max-snippet":"max-snippet:-1","max-image-preview":"max-image-preview:large","max-video-preview":"max-video-preview:-1"},"canonical":"https:\/\/www.goron.fr\/en\/high-rise-pab\/","og_locale":"en_US","og_type":"article","og_title":"High-rises (IGH) protection and fire safety - Goron S.A.S","og_description":"To meet safety and security challenges inherent to high-rises and PAB, GORON provides agents trained to the specificities of the establishments and the applicable regulations.","og_url":"https:\/\/www.goron.fr\/en\/high-rise-pab\/","og_site_name":"Goron","article_modified_time":"2021-10-26T13:19:55+00:00","og_image":[{"width":1500,"height":350,"url":"https:\/\/www.goron.fr\/wp-content\/uploads\/2020\/02\/igh.jpg","type":"image\/jpeg"}],"twitter_card":"summary_large_image","twitter_misc":{"Est. reading time":"1 minute"},"schema":{"@context":"https:\/\/schema.org","@graph":[{"@type":"WebPage","@id":"https:\/\/www.goron.fr\/en\/high-rise-pab\/","url":"https:\/\/www.goron.fr\/en\/high-rise-pab\/","name":"High-rises (IGH) protection and fire safety - Goron S.A.S","isPartOf":{"@id":"https:\/\/www.goron.fr\/#website"},"datePublished":"2020-01-02T12:58:52+00:00","dateModified":"2021-10-26T13:19:55+00:00","description":"To meet safety and security challenges inherent to high-rises and PAB, GORON provides agents trained to the specificities of the establishments and the applicable regulations.","breadcrumb":{"@id":"https:\/\/www.goron.fr\/en\/high-rise-pab\/#breadcrumb"},"inLanguage":"en-US","potentialAction":[{"@type":"ReadAction","target":["https:\/\/www.goron.fr\/en\/high-rise-pab\/"]}]},{"@type":"BreadcrumbList","@id":"https:\/\/www.goron.fr\/en\/high-rise-pab\/#breadcrumb","itemListElement":[{"@type":"ListItem","position":1,"name":"Accueil","item":"https:\/\/www.goron.fr\/"},{"@type":"ListItem","position":2,"name":"Your industry","item":"https:\/\/www.goron.fr\/en\/your-industry\/"},{"@type":"ListItem","position":3,"name":"HIGH-RISE\/PAB"}]},{"@type":"WebSite","@id":"https:\/\/www.goron.fr\/#website","url":"https:\/\/www.goron.fr\/","name":"Goron","description":"S\u00e9curit\u00e9 Priv\u00e9e","potentialAction":[{"@type":"SearchAction","target":{"@type":"EntryPoint","urlTemplate":"https:\/\/www.goron.fr\/?s={search_term_string}"},"query-input":"required name=search_term_string"}],"inLanguage":"en-US"}]}},"_links":{"self":[{"href":"https:\/\/www.goron.fr\/en\/wp-json\/wp\/v2\/pages\/11895\/"}],"collection":[{"href":"https:\/\/www.goron.fr\/en\/wp-json\/wp\/v2\/pages\/"}],"about":[{"href":"https:\/\/www.goron.fr\/en\/wp-json\/wp\/v2\/types\/page\/"}],"author":[{"embeddable":true,"href":"https:\/\/www.goron.fr\/en\/wp-json\/wp\/v2\/users\/2\/"}],"replies":[{"embeddable":true,"href":"https:\/\/www.goron.fr\/en\/wp-json\/wp\/v2\/comments\/?post=11895"}],"version-history":[{"count":5,"href":"https:\/\/www.goron.fr\/en\/wp-json\/wp\/v2\/pages\/11895\/revisions\/"}],"predecessor-version":[{"id":16104,"href":"https:\/\/www.goron.fr\/en\/wp-json\/wp\/v2\/pages\/11895\/revisions\/16104\/"}],"up":[{"embeddable":true,"href":"https:\/\/www.goron.fr\/en\/wp-json\/wp\/v2\/pages\/12110\/"}],"wp:featuredmedia":[{"embeddable":true,"href":"https:\/\/www.goron.fr\/en\/wp-json\/wp\/v2\/media\/12723\/"}],"wp:attachment":[{"href":"https:\/\/www.goron.fr\/en\/wp-json\/wp\/v2\/media\/?parent=11895"}],"curies":[{"name":"wp","href":"https:\/\/api.w.org\/{rel}","templated":true}]}}