{"id":11889,"date":"2020-01-02T12:16:00","date_gmt":"2020-01-02T11:16:00","guid":{"rendered":"https:\/\/www.goron.fr\/tertiary\/"},"modified":"2021-10-26T15:19:55","modified_gmt":"2021-10-26T13:19:55","slug":"tertiary","status":"publish","type":"page","link":"https:\/\/www.goron.fr\/en\/tertiary\/","title":{"rendered":"TERTIARY"},"content":{"rendered":"<p><b>The tertiary sector encompasses a plurality of activities: financial institutions, insurance companies, administrative centres, schools, hospitals, etc. Considering their economic importance, they require an adapted surveillance.<\/b><\/p>\n<p><span style=\"font-weight: 400;\">To guarantee the protection of properties and persons in the tertiary sector, GORON provides officers specifically trained in property surveillance, as well as in assistance to persons.<\/span><\/p>\n<h2><b>Risk prevention and management<\/b><\/h2>\n<ul>\n<li><span style=\"font-weight: 400;\">Security and safety audit<\/span><\/li>\n<li><span style=\"font-weight: 400;\">Surveillance and security patrols inside and outside (depending on the layout of the premises)<\/span><\/li>\n<li><span style=\"font-weight: 400;\">Bag checks at shop entrances and exits<\/span><\/li>\n<li><span style=\"font-weight: 400;\">Remote video surveillance<\/span><\/li>\n<li><span style=\"font-weight: 400;\">Fight against malicious behaviour<\/span><\/li>\n<li><span style=\"font-weight: 400;\">Cynophilist safety for car parks<\/span><\/li>\n<\/ul>\n<p>&nbsp;<\/p>\n<h2><b>Safety, fire safety and first-aid<\/b><\/h2>\n<ul>\n<li><span style=\"font-weight: 400;\">Intervention, assistance and first-aid<\/span><\/li>\n<li><span style=\"font-weight: 400;\">Fire risk prevention (in accordance with applicable rules and standards)<\/span><\/li>\n<li><span style=\"font-weight: 400;\">Surveillance of technical installations<\/span><\/li>\n<\/ul>\n<p>&nbsp;<\/p>\n","protected":false},"excerpt":{"rendered":"<p>The tertiary sector encompasses a plurality of activities: financial institutions, insurance companies, administrative centres, schools, hospitals, etc. Considering their economic importance, they require an adapted surveillance. To guarantee the protection of properties and persons in the tertiary sector, GORON provides officers specifically trained in property surveillance, as well as in assistance to persons. Risk prevention<a href=\"https:\/\/www.goron.fr\/en\/tertiary\/\"><i class=\"chevron right icon\"><\/i><\/a><\/p>\n","protected":false},"author":2,"featured_media":11892,"parent":12110,"menu_order":98,"comment_status":"closed","ping_status":"closed","template":"","meta":{"_acf_changed":false,"footnotes":""},"acf":[],"yoast_head":"<!-- This site is optimized with the Yoast SEO plugin v19.13 - https:\/\/yoast.com\/wordpress\/plugins\/seo\/ -->\n<title>Security and protection of people and goods, tertiary sector - GORON S.A.S<\/title>\n<meta name=\"description\" content=\"Our agency garanties the protection of goods and people of the tertiary sector : financial institutions, insurance companies, administrative centres, schools, hospitals, etc.\" \/>\n<meta name=\"robots\" content=\"index, follow, max-snippet:-1, max-image-preview:large, max-video-preview:-1\" \/>\n<link rel=\"canonical\" href=\"https:\/\/www.goron.fr\/en\/tertiary\/\" \/>\n<meta property=\"og:locale\" content=\"en_US\" \/>\n<meta property=\"og:type\" content=\"article\" \/>\n<meta property=\"og:title\" content=\"Security and protection of people and goods, tertiary sector - GORON S.A.S\" \/>\n<meta property=\"og:description\" content=\"Our agency garanties the protection of goods and people of the tertiary sector : financial institutions, insurance companies, administrative centres, schools, hospitals, etc.\" \/>\n<meta property=\"og:url\" content=\"https:\/\/www.goron.fr\/en\/tertiary\/\" \/>\n<meta property=\"og:site_name\" content=\"Goron\" \/>\n<meta property=\"article:modified_time\" content=\"2021-10-26T13:19:55+00:00\" \/>\n<meta property=\"og:image\" content=\"https:\/\/www.goron.fr\/wp-content\/uploads\/2017\/05\/tertiaire.jpg\" \/>\n\t<meta property=\"og:image:width\" content=\"1500\" \/>\n\t<meta property=\"og:image:height\" content=\"350\" \/>\n\t<meta property=\"og:image:type\" content=\"image\/jpeg\" \/>\n<meta name=\"twitter:card\" content=\"summary_large_image\" \/>\n<meta name=\"twitter:label1\" content=\"Est. reading time\" \/>\n\t<meta name=\"twitter:data1\" content=\"1 minute\" \/>\n<script type=\"application\/ld+json\" class=\"yoast-schema-graph\">{\"@context\":\"https:\/\/schema.org\",\"@graph\":[{\"@type\":\"WebPage\",\"@id\":\"https:\/\/www.goron.fr\/en\/tertiary\/\",\"url\":\"https:\/\/www.goron.fr\/en\/tertiary\/\",\"name\":\"Security and protection of people and goods, tertiary sector - GORON S.A.S\",\"isPartOf\":{\"@id\":\"https:\/\/www.goron.fr\/#website\"},\"datePublished\":\"2020-01-02T11:16:00+00:00\",\"dateModified\":\"2021-10-26T13:19:55+00:00\",\"description\":\"Our agency garanties the protection of goods and people of the tertiary sector : financial institutions, insurance companies, administrative centres, schools, hospitals, etc.\",\"breadcrumb\":{\"@id\":\"https:\/\/www.goron.fr\/en\/tertiary\/#breadcrumb\"},\"inLanguage\":\"en-US\",\"potentialAction\":[{\"@type\":\"ReadAction\",\"target\":[\"https:\/\/www.goron.fr\/en\/tertiary\/\"]}]},{\"@type\":\"BreadcrumbList\",\"@id\":\"https:\/\/www.goron.fr\/en\/tertiary\/#breadcrumb\",\"itemListElement\":[{\"@type\":\"ListItem\",\"position\":1,\"name\":\"Accueil\",\"item\":\"https:\/\/www.goron.fr\/\"},{\"@type\":\"ListItem\",\"position\":2,\"name\":\"Your industry\",\"item\":\"https:\/\/www.goron.fr\/en\/your-industry\/\"},{\"@type\":\"ListItem\",\"position\":3,\"name\":\"TERTIARY\"}]},{\"@type\":\"WebSite\",\"@id\":\"https:\/\/www.goron.fr\/#website\",\"url\":\"https:\/\/www.goron.fr\/\",\"name\":\"Goron\",\"description\":\"S\u00e9curit\u00e9 Priv\u00e9e\",\"potentialAction\":[{\"@type\":\"SearchAction\",\"target\":{\"@type\":\"EntryPoint\",\"urlTemplate\":\"https:\/\/www.goron.fr\/?s={search_term_string}\"},\"query-input\":\"required name=search_term_string\"}],\"inLanguage\":\"en-US\"}]}<\/script>\n<!-- \/ Yoast SEO plugin. -->","yoast_head_json":{"title":"Security and protection of people and goods, tertiary sector - GORON S.A.S","description":"Our agency garanties the protection of goods and people of the tertiary sector : financial institutions, insurance companies, administrative centres, schools, hospitals, etc.","robots":{"index":"index","follow":"follow","max-snippet":"max-snippet:-1","max-image-preview":"max-image-preview:large","max-video-preview":"max-video-preview:-1"},"canonical":"https:\/\/www.goron.fr\/en\/tertiary\/","og_locale":"en_US","og_type":"article","og_title":"Security and protection of people and goods, tertiary sector - GORON S.A.S","og_description":"Our agency garanties the protection of goods and people of the tertiary sector : financial institutions, insurance companies, administrative centres, schools, hospitals, etc.","og_url":"https:\/\/www.goron.fr\/en\/tertiary\/","og_site_name":"Goron","article_modified_time":"2021-10-26T13:19:55+00:00","og_image":[{"width":1500,"height":350,"url":"https:\/\/www.goron.fr\/wp-content\/uploads\/2017\/05\/tertiaire.jpg","type":"image\/jpeg"}],"twitter_card":"summary_large_image","twitter_misc":{"Est. reading time":"1 minute"},"schema":{"@context":"https:\/\/schema.org","@graph":[{"@type":"WebPage","@id":"https:\/\/www.goron.fr\/en\/tertiary\/","url":"https:\/\/www.goron.fr\/en\/tertiary\/","name":"Security and protection of people and goods, tertiary sector - GORON S.A.S","isPartOf":{"@id":"https:\/\/www.goron.fr\/#website"},"datePublished":"2020-01-02T11:16:00+00:00","dateModified":"2021-10-26T13:19:55+00:00","description":"Our agency garanties the protection of goods and people of the tertiary sector : financial institutions, insurance companies, administrative centres, schools, hospitals, etc.","breadcrumb":{"@id":"https:\/\/www.goron.fr\/en\/tertiary\/#breadcrumb"},"inLanguage":"en-US","potentialAction":[{"@type":"ReadAction","target":["https:\/\/www.goron.fr\/en\/tertiary\/"]}]},{"@type":"BreadcrumbList","@id":"https:\/\/www.goron.fr\/en\/tertiary\/#breadcrumb","itemListElement":[{"@type":"ListItem","position":1,"name":"Accueil","item":"https:\/\/www.goron.fr\/"},{"@type":"ListItem","position":2,"name":"Your industry","item":"https:\/\/www.goron.fr\/en\/your-industry\/"},{"@type":"ListItem","position":3,"name":"TERTIARY"}]},{"@type":"WebSite","@id":"https:\/\/www.goron.fr\/#website","url":"https:\/\/www.goron.fr\/","name":"Goron","description":"S\u00e9curit\u00e9 Priv\u00e9e","potentialAction":[{"@type":"SearchAction","target":{"@type":"EntryPoint","urlTemplate":"https:\/\/www.goron.fr\/?s={search_term_string}"},"query-input":"required name=search_term_string"}],"inLanguage":"en-US"}]}},"_links":{"self":[{"href":"https:\/\/www.goron.fr\/en\/wp-json\/wp\/v2\/pages\/11889\/"}],"collection":[{"href":"https:\/\/www.goron.fr\/en\/wp-json\/wp\/v2\/pages\/"}],"about":[{"href":"https:\/\/www.goron.fr\/en\/wp-json\/wp\/v2\/types\/page\/"}],"author":[{"embeddable":true,"href":"https:\/\/www.goron.fr\/en\/wp-json\/wp\/v2\/users\/2\/"}],"replies":[{"embeddable":true,"href":"https:\/\/www.goron.fr\/en\/wp-json\/wp\/v2\/comments\/?post=11889"}],"version-history":[{"count":5,"href":"https:\/\/www.goron.fr\/en\/wp-json\/wp\/v2\/pages\/11889\/revisions\/"}],"predecessor-version":[{"id":16102,"href":"https:\/\/www.goron.fr\/en\/wp-json\/wp\/v2\/pages\/11889\/revisions\/16102\/"}],"up":[{"embeddable":true,"href":"https:\/\/www.goron.fr\/en\/wp-json\/wp\/v2\/pages\/12110\/"}],"wp:featuredmedia":[{"embeddable":true,"href":"https:\/\/www.goron.fr\/en\/wp-json\/wp\/v2\/media\/11892\/"}],"wp:attachment":[{"href":"https:\/\/www.goron.fr\/en\/wp-json\/wp\/v2\/media\/?parent=11889"}],"curies":[{"name":"wp","href":"https:\/\/api.w.org\/{rel}","templated":true}]}}