{"id":11885,"date":"2020-01-02T12:13:11","date_gmt":"2020-01-02T11:13:11","guid":{"rendered":"https:\/\/www.goron.fr\/ovi-pvi\/"},"modified":"2021-10-26T15:19:40","modified_gmt":"2021-10-26T13:19:40","slug":"ovi-pvi","status":"publish","type":"page","link":"https:\/\/www.goron.fr\/en\/ovi-pvi\/","title":{"rendered":"OVI\/PVI"},"content":{"rendered":"<p><b>Operators and Points of Vital Importance \u2013 defined by the decree of the 23<\/b><b>rd<\/b><b> of February 2006 and qualified as of \u201cvital importance\u201d by the Defence Code \u2013 are classified sites particularly exposed to risks of sabotage or terrorist acts.<\/b><\/p>\n<p><span style=\"font-weight: 400;\">These OVI\/PVI must imperatively be secured in accordance with state regulations. Are concerned companies from the private or public sectors, such as defence, agribusiness, industry, pharmaceutics, transportation or energy management.<\/span><\/p>\n<p><span style=\"font-weight: 400;\">Aware of the national challenge that represents securing these sites, GORON provides agents specifically trained to meet the requirements fixed by the regulations.<\/span><\/p>\n<h2><b>Risk prevention and management<\/b><\/h2>\n<ul>\n<li><span style=\"font-weight: 400;\">Pedestrian and vehicle access control<\/span><\/li>\n<li><span style=\"font-weight: 400;\">Surveillance patrols<\/span><\/li>\n<li><span style=\"font-weight: 400;\">Static surveillance<\/span><\/li>\n<li><span style=\"font-weight: 400;\">Cynophilist safety<\/span><\/li>\n<li><span style=\"font-weight: 400;\">Electronic security and remote video surveillance<\/span><\/li>\n<li><span style=\"font-weight: 400;\">Alarm interventions<\/span><\/li>\n<li><span style=\"font-weight: 400;\">Screening<\/span><\/li>\n<li><span style=\"font-weight: 400;\">Explosive detection<\/span><\/li>\n<li><span style=\"font-weight: 400;\">Close protection of the physical security of persons with our dedicated subsidiary: GORON-IPS<\/span><\/li>\n<\/ul>\n<p>&nbsp;<\/p>\n","protected":false},"excerpt":{"rendered":"<p>Operators and Points of Vital Importance \u2013 defined by the decree of the 23rd of February 2006 and qualified as of \u201cvital importance\u201d by the Defence Code \u2013 are classified sites particularly exposed to risks of sabotage or terrorist acts. These OVI\/PVI must imperatively be secured in accordance with state regulations. Are concerned companies from<a href=\"https:\/\/www.goron.fr\/en\/ovi-pvi\/\"><i class=\"chevron right icon\"><\/i><\/a><\/p>\n","protected":false},"author":2,"featured_media":11887,"parent":12110,"menu_order":96,"comment_status":"closed","ping_status":"closed","template":"","meta":{"_acf_changed":false,"footnotes":""},"acf":[],"yoast_head":"<!-- This site is optimized with the Yoast SEO plugin v19.13 - https:\/\/yoast.com\/wordpress\/plugins\/seo\/ -->\n<title>OVI and PVI security service - GORON S.A.S<\/title>\n<meta name=\"description\" content=\"Operators and Points of Vital Importance are classified sites particularly exposed to risks of sabotage or terrorist acts.\" \/>\n<meta name=\"robots\" content=\"index, follow, max-snippet:-1, max-image-preview:large, max-video-preview:-1\" \/>\n<link rel=\"canonical\" href=\"https:\/\/www.goron.fr\/en\/ovi-pvi\/\" \/>\n<meta property=\"og:locale\" content=\"en_US\" \/>\n<meta property=\"og:type\" content=\"article\" \/>\n<meta property=\"og:title\" content=\"OVI and PVI security service - GORON S.A.S\" \/>\n<meta property=\"og:description\" content=\"Operators and Points of Vital Importance are classified sites particularly exposed to risks of sabotage or terrorist acts.\" \/>\n<meta property=\"og:url\" content=\"https:\/\/www.goron.fr\/en\/ovi-pvi\/\" \/>\n<meta property=\"og:site_name\" content=\"Goron\" \/>\n<meta property=\"article:modified_time\" content=\"2021-10-26T13:19:40+00:00\" \/>\n<meta property=\"og:image\" content=\"https:\/\/www.goron.fr\/wp-content\/uploads\/2017\/05\/oiv.jpg\" \/>\n\t<meta property=\"og:image:width\" content=\"1500\" \/>\n\t<meta property=\"og:image:height\" content=\"350\" \/>\n\t<meta property=\"og:image:type\" content=\"image\/jpeg\" \/>\n<meta name=\"twitter:card\" content=\"summary_large_image\" \/>\n<meta name=\"twitter:label1\" content=\"Est. reading time\" \/>\n\t<meta name=\"twitter:data1\" content=\"1 minute\" \/>\n<script type=\"application\/ld+json\" class=\"yoast-schema-graph\">{\"@context\":\"https:\/\/schema.org\",\"@graph\":[{\"@type\":\"WebPage\",\"@id\":\"https:\/\/www.goron.fr\/en\/ovi-pvi\/\",\"url\":\"https:\/\/www.goron.fr\/en\/ovi-pvi\/\",\"name\":\"OVI and PVI security service - GORON S.A.S\",\"isPartOf\":{\"@id\":\"https:\/\/www.goron.fr\/#website\"},\"datePublished\":\"2020-01-02T11:13:11+00:00\",\"dateModified\":\"2021-10-26T13:19:40+00:00\",\"description\":\"Operators and Points of Vital Importance are classified sites particularly exposed to risks of sabotage or terrorist acts.\",\"breadcrumb\":{\"@id\":\"https:\/\/www.goron.fr\/en\/ovi-pvi\/#breadcrumb\"},\"inLanguage\":\"en-US\",\"potentialAction\":[{\"@type\":\"ReadAction\",\"target\":[\"https:\/\/www.goron.fr\/en\/ovi-pvi\/\"]}]},{\"@type\":\"BreadcrumbList\",\"@id\":\"https:\/\/www.goron.fr\/en\/ovi-pvi\/#breadcrumb\",\"itemListElement\":[{\"@type\":\"ListItem\",\"position\":1,\"name\":\"Accueil\",\"item\":\"https:\/\/www.goron.fr\/\"},{\"@type\":\"ListItem\",\"position\":2,\"name\":\"Your industry\",\"item\":\"https:\/\/www.goron.fr\/en\/your-industry\/\"},{\"@type\":\"ListItem\",\"position\":3,\"name\":\"OVI\/PVI\"}]},{\"@type\":\"WebSite\",\"@id\":\"https:\/\/www.goron.fr\/#website\",\"url\":\"https:\/\/www.goron.fr\/\",\"name\":\"Goron\",\"description\":\"S\u00e9curit\u00e9 Priv\u00e9e\",\"potentialAction\":[{\"@type\":\"SearchAction\",\"target\":{\"@type\":\"EntryPoint\",\"urlTemplate\":\"https:\/\/www.goron.fr\/?s={search_term_string}\"},\"query-input\":\"required name=search_term_string\"}],\"inLanguage\":\"en-US\"}]}<\/script>\n<!-- \/ Yoast SEO plugin. -->","yoast_head_json":{"title":"OVI and PVI security service - GORON S.A.S","description":"Operators and Points of Vital Importance are classified sites particularly exposed to risks of sabotage or terrorist acts.","robots":{"index":"index","follow":"follow","max-snippet":"max-snippet:-1","max-image-preview":"max-image-preview:large","max-video-preview":"max-video-preview:-1"},"canonical":"https:\/\/www.goron.fr\/en\/ovi-pvi\/","og_locale":"en_US","og_type":"article","og_title":"OVI and PVI security service - GORON S.A.S","og_description":"Operators and Points of Vital Importance are classified sites particularly exposed to risks of sabotage or terrorist acts.","og_url":"https:\/\/www.goron.fr\/en\/ovi-pvi\/","og_site_name":"Goron","article_modified_time":"2021-10-26T13:19:40+00:00","og_image":[{"width":1500,"height":350,"url":"https:\/\/www.goron.fr\/wp-content\/uploads\/2017\/05\/oiv.jpg","type":"image\/jpeg"}],"twitter_card":"summary_large_image","twitter_misc":{"Est. reading time":"1 minute"},"schema":{"@context":"https:\/\/schema.org","@graph":[{"@type":"WebPage","@id":"https:\/\/www.goron.fr\/en\/ovi-pvi\/","url":"https:\/\/www.goron.fr\/en\/ovi-pvi\/","name":"OVI and PVI security service - GORON S.A.S","isPartOf":{"@id":"https:\/\/www.goron.fr\/#website"},"datePublished":"2020-01-02T11:13:11+00:00","dateModified":"2021-10-26T13:19:40+00:00","description":"Operators and Points of Vital Importance are classified sites particularly exposed to risks of sabotage or terrorist acts.","breadcrumb":{"@id":"https:\/\/www.goron.fr\/en\/ovi-pvi\/#breadcrumb"},"inLanguage":"en-US","potentialAction":[{"@type":"ReadAction","target":["https:\/\/www.goron.fr\/en\/ovi-pvi\/"]}]},{"@type":"BreadcrumbList","@id":"https:\/\/www.goron.fr\/en\/ovi-pvi\/#breadcrumb","itemListElement":[{"@type":"ListItem","position":1,"name":"Accueil","item":"https:\/\/www.goron.fr\/"},{"@type":"ListItem","position":2,"name":"Your industry","item":"https:\/\/www.goron.fr\/en\/your-industry\/"},{"@type":"ListItem","position":3,"name":"OVI\/PVI"}]},{"@type":"WebSite","@id":"https:\/\/www.goron.fr\/#website","url":"https:\/\/www.goron.fr\/","name":"Goron","description":"S\u00e9curit\u00e9 Priv\u00e9e","potentialAction":[{"@type":"SearchAction","target":{"@type":"EntryPoint","urlTemplate":"https:\/\/www.goron.fr\/?s={search_term_string}"},"query-input":"required name=search_term_string"}],"inLanguage":"en-US"}]}},"_links":{"self":[{"href":"https:\/\/www.goron.fr\/en\/wp-json\/wp\/v2\/pages\/11885\/"}],"collection":[{"href":"https:\/\/www.goron.fr\/en\/wp-json\/wp\/v2\/pages\/"}],"about":[{"href":"https:\/\/www.goron.fr\/en\/wp-json\/wp\/v2\/types\/page\/"}],"author":[{"embeddable":true,"href":"https:\/\/www.goron.fr\/en\/wp-json\/wp\/v2\/users\/2\/"}],"replies":[{"embeddable":true,"href":"https:\/\/www.goron.fr\/en\/wp-json\/wp\/v2\/comments\/?post=11885"}],"version-history":[{"count":5,"href":"https:\/\/www.goron.fr\/en\/wp-json\/wp\/v2\/pages\/11885\/revisions\/"}],"predecessor-version":[{"id":16100,"href":"https:\/\/www.goron.fr\/en\/wp-json\/wp\/v2\/pages\/11885\/revisions\/16100\/"}],"up":[{"embeddable":true,"href":"https:\/\/www.goron.fr\/en\/wp-json\/wp\/v2\/pages\/12110\/"}],"wp:featuredmedia":[{"embeddable":true,"href":"https:\/\/www.goron.fr\/en\/wp-json\/wp\/v2\/media\/11887\/"}],"wp:attachment":[{"href":"https:\/\/www.goron.fr\/en\/wp-json\/wp\/v2\/media\/?parent=11885"}],"curies":[{"name":"wp","href":"https:\/\/api.w.org\/{rel}","templated":true}]}}