{"id":11877,"date":"2020-01-02T12:10:24","date_gmt":"2020-01-02T11:10:24","guid":{"rendered":"https:\/\/www.goron.fr\/industry\/"},"modified":"2021-10-26T15:19:40","modified_gmt":"2021-10-26T13:19:40","slug":"industry","status":"publish","type":"page","link":"https:\/\/www.goron.fr\/en\/industry\/","title":{"rendered":"INDUSTRY"},"content":{"rendered":"<p><b>Sensitive activities, risks of malicious acts, use of hazardous raw materials or materials\u2026 industrial sites face a plurality of security and safety issues that have to be addressed.<\/b><\/p>\n<p><span style=\"font-weight: 400;\">With the implementation of the <\/span><b><i>Seveso Directive<\/i><\/b><span style=\"font-weight: 400;\"> \u2013 international nomenclature for the classification of the most hazardous sites \u2013 and of the <\/span><b>government instruction of the 30<\/b><b>th<\/b><b> of July 2015<\/b><span style=\"font-weight: 400;\"> \u2013 related to security reinforcement of the sites concerned against malicious acts \u2013 access to industrial sites are particularly regulated. Security stakeholders have to take it into account to offer an adapted solution.<\/span><\/p>\n<h2><b>MASE Certification<\/b><\/h2>\n<p><span style=\"font-weight: 400;\">The GORON agency located in Lyon has the MASE certification. Voluntary action from the company, this certification helps to decrease occupational disease risks and the business environmental footprint. GORON provides its customers with efficient services, adapted to all situations, even the most extreme ones.<\/span><\/p>\n<h3><b>Risk prevention and management<\/b><\/h3>\n<ul>\n<li><span style=\"font-weight: 400;\">Pedestrian and vehicle access control<\/span><\/li>\n<li><span style=\"font-weight: 400;\">Surveillance patrols<\/span><\/li>\n<li><span style=\"font-weight: 400;\">Static surveillance<\/span><\/li>\n<li><span style=\"font-weight: 400;\">Cynophilist safety<\/span><\/li>\n<li><span style=\"font-weight: 400;\">Remote video surveillance<\/span><\/li>\n<li><span style=\"font-weight: 400;\">Alarm interventions \u2013 Mobile security<\/span><\/li>\n<li><span style=\"font-weight: 400;\">Risk prevention for occupational accidents<\/span><\/li>\n<\/ul>\n<h3><b>Safety, fire safety and first-aid<\/b><\/h3>\n<ul>\n<li><span style=\"font-weight: 400;\">Intervention, assistance and first-aid<\/span><\/li>\n<li><span style=\"font-weight: 400;\">Fire risk prevention (in accordance with applicable rules and standards)<\/span><\/li>\n<li><span style=\"font-weight: 400;\">Safety audit (with our subsidiary SOLACE)<\/span><\/li>\n<li><span style=\"font-weight: 400;\">Security audit (with our subsidiary CECYS)<\/span><\/li>\n<li><\/li>\n<\/ul>\n<p><i><span style=\"font-weight: 400;\">Discover all our dedicated services on the website of our subsidiary, <a href=\"https:\/\/www.cecys.fr\/\" target=\"_blank\" rel=\"noopener noreferrer\">CECYS<\/a>.<\/span><\/i><\/p>\n","protected":false},"excerpt":{"rendered":"<p>Sensitive activities, risks of malicious acts, use of hazardous raw materials or materials\u2026 industrial sites face a plurality of security and safety issues that have to be addressed. With the implementation of the Seveso Directive \u2013 international nomenclature for the classification of the most hazardous sites \u2013 and of the government instruction of the 30th<a href=\"https:\/\/www.goron.fr\/en\/industry\/\"><i class=\"chevron right icon\"><\/i><\/a><\/p>\n","protected":false},"author":2,"featured_media":11879,"parent":12110,"menu_order":92,"comment_status":"closed","ping_status":"closed","template":"","meta":{"_acf_changed":false,"footnotes":""},"acf":[],"yoast_head":"<!-- This site is optimized with the Yoast SEO plugin v19.13 - https:\/\/yoast.com\/wordpress\/plugins\/seo\/ -->\n<title>Industrial sector security agency, Seveso Directive - Goron S.A.S<\/title>\n<meta name=\"description\" content=\"Sensitive activities, risks of malicious acts, use of hazardous raw materials or materials\u2026 industrial sites face a plurality of security and safety issues that have to be addressed.\" \/>\n<meta name=\"robots\" content=\"index, follow, max-snippet:-1, max-image-preview:large, max-video-preview:-1\" \/>\n<link rel=\"canonical\" href=\"https:\/\/www.goron.fr\/en\/industry\/\" \/>\n<meta property=\"og:locale\" content=\"en_US\" \/>\n<meta property=\"og:type\" content=\"article\" \/>\n<meta property=\"og:title\" content=\"Industrial sector security agency, Seveso Directive - Goron S.A.S\" \/>\n<meta property=\"og:description\" content=\"Sensitive activities, risks of malicious acts, use of hazardous raw materials or materials\u2026 industrial sites face a plurality of security and safety issues that have to be addressed.\" \/>\n<meta property=\"og:url\" content=\"https:\/\/www.goron.fr\/en\/industry\/\" \/>\n<meta property=\"og:site_name\" content=\"Goron\" \/>\n<meta property=\"article:modified_time\" content=\"2021-10-26T13:19:40+00:00\" \/>\n<meta property=\"og:image\" content=\"https:\/\/www.goron.fr\/wp-content\/uploads\/2017\/05\/industrie.jpg\" \/>\n\t<meta property=\"og:image:width\" content=\"1500\" \/>\n\t<meta property=\"og:image:height\" content=\"350\" \/>\n\t<meta property=\"og:image:type\" content=\"image\/jpeg\" \/>\n<meta name=\"twitter:card\" content=\"summary_large_image\" \/>\n<meta name=\"twitter:label1\" content=\"Est. reading time\" \/>\n\t<meta name=\"twitter:data1\" content=\"1 minute\" \/>\n<script type=\"application\/ld+json\" class=\"yoast-schema-graph\">{\"@context\":\"https:\/\/schema.org\",\"@graph\":[{\"@type\":\"WebPage\",\"@id\":\"https:\/\/www.goron.fr\/en\/industry\/\",\"url\":\"https:\/\/www.goron.fr\/en\/industry\/\",\"name\":\"Industrial sector security agency, Seveso Directive - Goron S.A.S\",\"isPartOf\":{\"@id\":\"https:\/\/www.goron.fr\/#website\"},\"datePublished\":\"2020-01-02T11:10:24+00:00\",\"dateModified\":\"2021-10-26T13:19:40+00:00\",\"description\":\"Sensitive activities, risks of malicious acts, use of hazardous raw materials or materials\u2026 industrial sites face a plurality of security and safety issues that have to be addressed.\",\"breadcrumb\":{\"@id\":\"https:\/\/www.goron.fr\/en\/industry\/#breadcrumb\"},\"inLanguage\":\"en-US\",\"potentialAction\":[{\"@type\":\"ReadAction\",\"target\":[\"https:\/\/www.goron.fr\/en\/industry\/\"]}]},{\"@type\":\"BreadcrumbList\",\"@id\":\"https:\/\/www.goron.fr\/en\/industry\/#breadcrumb\",\"itemListElement\":[{\"@type\":\"ListItem\",\"position\":1,\"name\":\"Accueil\",\"item\":\"https:\/\/www.goron.fr\/\"},{\"@type\":\"ListItem\",\"position\":2,\"name\":\"Your industry\",\"item\":\"https:\/\/www.goron.fr\/en\/your-industry\/\"},{\"@type\":\"ListItem\",\"position\":3,\"name\":\"INDUSTRY\"}]},{\"@type\":\"WebSite\",\"@id\":\"https:\/\/www.goron.fr\/#website\",\"url\":\"https:\/\/www.goron.fr\/\",\"name\":\"Goron\",\"description\":\"S\u00e9curit\u00e9 Priv\u00e9e\",\"potentialAction\":[{\"@type\":\"SearchAction\",\"target\":{\"@type\":\"EntryPoint\",\"urlTemplate\":\"https:\/\/www.goron.fr\/?s={search_term_string}\"},\"query-input\":\"required name=search_term_string\"}],\"inLanguage\":\"en-US\"}]}<\/script>\n<!-- \/ Yoast SEO plugin. -->","yoast_head_json":{"title":"Industrial sector security agency, Seveso Directive - Goron S.A.S","description":"Sensitive activities, risks of malicious acts, use of hazardous raw materials or materials\u2026 industrial sites face a plurality of security and safety issues that have to be addressed.","robots":{"index":"index","follow":"follow","max-snippet":"max-snippet:-1","max-image-preview":"max-image-preview:large","max-video-preview":"max-video-preview:-1"},"canonical":"https:\/\/www.goron.fr\/en\/industry\/","og_locale":"en_US","og_type":"article","og_title":"Industrial sector security agency, Seveso Directive - Goron S.A.S","og_description":"Sensitive activities, risks of malicious acts, use of hazardous raw materials or materials\u2026 industrial sites face a plurality of security and safety issues that have to be addressed.","og_url":"https:\/\/www.goron.fr\/en\/industry\/","og_site_name":"Goron","article_modified_time":"2021-10-26T13:19:40+00:00","og_image":[{"width":1500,"height":350,"url":"https:\/\/www.goron.fr\/wp-content\/uploads\/2017\/05\/industrie.jpg","type":"image\/jpeg"}],"twitter_card":"summary_large_image","twitter_misc":{"Est. reading time":"1 minute"},"schema":{"@context":"https:\/\/schema.org","@graph":[{"@type":"WebPage","@id":"https:\/\/www.goron.fr\/en\/industry\/","url":"https:\/\/www.goron.fr\/en\/industry\/","name":"Industrial sector security agency, Seveso Directive - Goron S.A.S","isPartOf":{"@id":"https:\/\/www.goron.fr\/#website"},"datePublished":"2020-01-02T11:10:24+00:00","dateModified":"2021-10-26T13:19:40+00:00","description":"Sensitive activities, risks of malicious acts, use of hazardous raw materials or materials\u2026 industrial sites face a plurality of security and safety issues that have to be addressed.","breadcrumb":{"@id":"https:\/\/www.goron.fr\/en\/industry\/#breadcrumb"},"inLanguage":"en-US","potentialAction":[{"@type":"ReadAction","target":["https:\/\/www.goron.fr\/en\/industry\/"]}]},{"@type":"BreadcrumbList","@id":"https:\/\/www.goron.fr\/en\/industry\/#breadcrumb","itemListElement":[{"@type":"ListItem","position":1,"name":"Accueil","item":"https:\/\/www.goron.fr\/"},{"@type":"ListItem","position":2,"name":"Your industry","item":"https:\/\/www.goron.fr\/en\/your-industry\/"},{"@type":"ListItem","position":3,"name":"INDUSTRY"}]},{"@type":"WebSite","@id":"https:\/\/www.goron.fr\/#website","url":"https:\/\/www.goron.fr\/","name":"Goron","description":"S\u00e9curit\u00e9 Priv\u00e9e","potentialAction":[{"@type":"SearchAction","target":{"@type":"EntryPoint","urlTemplate":"https:\/\/www.goron.fr\/?s={search_term_string}"},"query-input":"required name=search_term_string"}],"inLanguage":"en-US"}]}},"_links":{"self":[{"href":"https:\/\/www.goron.fr\/en\/wp-json\/wp\/v2\/pages\/11877\/"}],"collection":[{"href":"https:\/\/www.goron.fr\/en\/wp-json\/wp\/v2\/pages\/"}],"about":[{"href":"https:\/\/www.goron.fr\/en\/wp-json\/wp\/v2\/types\/page\/"}],"author":[{"embeddable":true,"href":"https:\/\/www.goron.fr\/en\/wp-json\/wp\/v2\/users\/2\/"}],"replies":[{"embeddable":true,"href":"https:\/\/www.goron.fr\/en\/wp-json\/wp\/v2\/comments\/?post=11877"}],"version-history":[{"count":5,"href":"https:\/\/www.goron.fr\/en\/wp-json\/wp\/v2\/pages\/11877\/revisions\/"}],"predecessor-version":[{"id":16096,"href":"https:\/\/www.goron.fr\/en\/wp-json\/wp\/v2\/pages\/11877\/revisions\/16096\/"}],"up":[{"embeddable":true,"href":"https:\/\/www.goron.fr\/en\/wp-json\/wp\/v2\/pages\/12110\/"}],"wp:featuredmedia":[{"embeddable":true,"href":"https:\/\/www.goron.fr\/en\/wp-json\/wp\/v2\/media\/11879\/"}],"wp:attachment":[{"href":"https:\/\/www.goron.fr\/en\/wp-json\/wp\/v2\/media\/?parent=11877"}],"curies":[{"name":"wp","href":"https:\/\/api.w.org\/{rel}","templated":true}]}}