{"id":11845,"date":"2019-12-20T15:54:18","date_gmt":"2019-12-20T14:54:18","guid":{"rendered":"https:\/\/www.goron.fr\/hospitality\/"},"modified":"2021-10-26T15:19:40","modified_gmt":"2021-10-26T13:19:40","slug":"hospitality","status":"publish","type":"page","link":"https:\/\/www.goron.fr\/en\/hospitality\/","title":{"rendered":"HOSPITALITY"},"content":{"rendered":"<p><b>One of the priorities of hospitality is to reconcile security and customer satisfaction, without them needing to express it. Forestalling the expectations of demanding customers entails notably that they don\u2019t have to worry about their own safety.<\/b><\/p>\n<p><span style=\"font-weight: 400;\">Consequently, GORON intervenes with institutions looking for an efficient and discrete safety and security system, with the objective to protect \u201ccustomer experience\u201d. Art of living, courtesy, sense of service and hospitality are but a few common features between hospitality and our agents, men and women, specialised in this field.<\/span><\/p>\n<p><span style=\"font-weight: 400;\">To reflect the excellence of GORON, our staff assigned to hotels take part in a complementary training module, combining luxury codes with protocol codes, meeting the highest standards. Language initiation programs can also be organised, to be able to master the basics of a second language.<\/span><\/p>\n<p><span style=\"font-weight: 400;\">At any time in the life of an hotel (pre-opening or during its operation), our subsidiaries, <a href=\"https:\/\/www.cecys.fr\/\" target=\"_blank\" rel=\"noopener noreferrer\">CECYS<\/a>, <a href=\"https:\/\/solace.fr\" target=\"_blank\" rel=\"noopener noreferrer\">SOLACE<\/a> AND ESSE, offer safety and\/or security audits, as well as specific training programmes for hotel staff and management. Depending on regulations, GORON is also able to send on secondment a safety &amp; security manager by way of delegation.<\/span><\/p>\n<p>&nbsp;<\/p>\n","protected":false},"excerpt":{"rendered":"<p>One of the priorities of hospitality is to reconcile security and customer satisfaction, without them needing to express it. Forestalling the expectations of demanding customers entails notably that they don\u2019t have to worry about their own safety. Consequently, GORON intervenes with institutions looking for an efficient and discrete safety and security system, with the objective<a href=\"https:\/\/www.goron.fr\/en\/hospitality\/\"><i class=\"chevron right icon\"><\/i><\/a><\/p>\n","protected":false},"author":2,"featured_media":11847,"parent":12110,"menu_order":84,"comment_status":"closed","ping_status":"closed","template":"","meta":{"_acf_changed":false,"footnotes":""},"acf":[],"yoast_head":"<!-- This site is optimized with the Yoast SEO plugin v19.13 - https:\/\/yoast.com\/wordpress\/plugins\/seo\/ -->\n<title>Hotel security agency : customer satisfaction - Goron S.A.S<\/title>\n<meta name=\"description\" content=\"Goron offers an efficient and discrete safety and security system for hotels, following the requirements of the luxury world.\" \/>\n<meta name=\"robots\" content=\"index, follow, max-snippet:-1, max-image-preview:large, max-video-preview:-1\" \/>\n<link rel=\"canonical\" href=\"https:\/\/www.goron.fr\/en\/hospitality\/\" \/>\n<meta property=\"og:locale\" content=\"en_US\" \/>\n<meta property=\"og:type\" content=\"article\" \/>\n<meta property=\"og:title\" content=\"Hotel security agency : customer satisfaction - Goron S.A.S\" \/>\n<meta property=\"og:description\" content=\"Goron offers an efficient and discrete safety and security system for hotels, following the requirements of the luxury world.\" \/>\n<meta property=\"og:url\" content=\"https:\/\/www.goron.fr\/en\/hospitality\/\" \/>\n<meta property=\"og:site_name\" content=\"Goron\" \/>\n<meta property=\"article:modified_time\" content=\"2021-10-26T13:19:40+00:00\" \/>\n<meta property=\"og:image\" content=\"https:\/\/www.goron.fr\/wp-content\/uploads\/2017\/07\/hotellerie-1.jpg\" \/>\n\t<meta property=\"og:image:width\" content=\"1500\" \/>\n\t<meta property=\"og:image:height\" content=\"350\" \/>\n\t<meta property=\"og:image:type\" content=\"image\/jpeg\" \/>\n<meta name=\"twitter:card\" content=\"summary_large_image\" \/>\n<meta name=\"twitter:label1\" content=\"Est. reading time\" \/>\n\t<meta name=\"twitter:data1\" content=\"1 minute\" \/>\n<script type=\"application\/ld+json\" class=\"yoast-schema-graph\">{\"@context\":\"https:\/\/schema.org\",\"@graph\":[{\"@type\":\"WebPage\",\"@id\":\"https:\/\/www.goron.fr\/en\/hospitality\/\",\"url\":\"https:\/\/www.goron.fr\/en\/hospitality\/\",\"name\":\"Hotel security agency : customer satisfaction - Goron S.A.S\",\"isPartOf\":{\"@id\":\"https:\/\/www.goron.fr\/#website\"},\"datePublished\":\"2019-12-20T14:54:18+00:00\",\"dateModified\":\"2021-10-26T13:19:40+00:00\",\"description\":\"Goron offers an efficient and discrete safety and security system for hotels, following the requirements of the luxury world.\",\"breadcrumb\":{\"@id\":\"https:\/\/www.goron.fr\/en\/hospitality\/#breadcrumb\"},\"inLanguage\":\"en-US\",\"potentialAction\":[{\"@type\":\"ReadAction\",\"target\":[\"https:\/\/www.goron.fr\/en\/hospitality\/\"]}]},{\"@type\":\"BreadcrumbList\",\"@id\":\"https:\/\/www.goron.fr\/en\/hospitality\/#breadcrumb\",\"itemListElement\":[{\"@type\":\"ListItem\",\"position\":1,\"name\":\"Accueil\",\"item\":\"https:\/\/www.goron.fr\/\"},{\"@type\":\"ListItem\",\"position\":2,\"name\":\"Your industry\",\"item\":\"https:\/\/www.goron.fr\/en\/your-industry\/\"},{\"@type\":\"ListItem\",\"position\":3,\"name\":\"HOSPITALITY\"}]},{\"@type\":\"WebSite\",\"@id\":\"https:\/\/www.goron.fr\/#website\",\"url\":\"https:\/\/www.goron.fr\/\",\"name\":\"Goron\",\"description\":\"S\u00e9curit\u00e9 Priv\u00e9e\",\"potentialAction\":[{\"@type\":\"SearchAction\",\"target\":{\"@type\":\"EntryPoint\",\"urlTemplate\":\"https:\/\/www.goron.fr\/?s={search_term_string}\"},\"query-input\":\"required name=search_term_string\"}],\"inLanguage\":\"en-US\"}]}<\/script>\n<!-- \/ Yoast SEO plugin. -->","yoast_head_json":{"title":"Hotel security agency : customer satisfaction - Goron S.A.S","description":"Goron offers an efficient and discrete safety and security system for hotels, following the requirements of the luxury world.","robots":{"index":"index","follow":"follow","max-snippet":"max-snippet:-1","max-image-preview":"max-image-preview:large","max-video-preview":"max-video-preview:-1"},"canonical":"https:\/\/www.goron.fr\/en\/hospitality\/","og_locale":"en_US","og_type":"article","og_title":"Hotel security agency : customer satisfaction - Goron S.A.S","og_description":"Goron offers an efficient and discrete safety and security system for hotels, following the requirements of the luxury world.","og_url":"https:\/\/www.goron.fr\/en\/hospitality\/","og_site_name":"Goron","article_modified_time":"2021-10-26T13:19:40+00:00","og_image":[{"width":1500,"height":350,"url":"https:\/\/www.goron.fr\/wp-content\/uploads\/2017\/07\/hotellerie-1.jpg","type":"image\/jpeg"}],"twitter_card":"summary_large_image","twitter_misc":{"Est. reading time":"1 minute"},"schema":{"@context":"https:\/\/schema.org","@graph":[{"@type":"WebPage","@id":"https:\/\/www.goron.fr\/en\/hospitality\/","url":"https:\/\/www.goron.fr\/en\/hospitality\/","name":"Hotel security agency : customer satisfaction - Goron S.A.S","isPartOf":{"@id":"https:\/\/www.goron.fr\/#website"},"datePublished":"2019-12-20T14:54:18+00:00","dateModified":"2021-10-26T13:19:40+00:00","description":"Goron offers an efficient and discrete safety and security system for hotels, following the requirements of the luxury world.","breadcrumb":{"@id":"https:\/\/www.goron.fr\/en\/hospitality\/#breadcrumb"},"inLanguage":"en-US","potentialAction":[{"@type":"ReadAction","target":["https:\/\/www.goron.fr\/en\/hospitality\/"]}]},{"@type":"BreadcrumbList","@id":"https:\/\/www.goron.fr\/en\/hospitality\/#breadcrumb","itemListElement":[{"@type":"ListItem","position":1,"name":"Accueil","item":"https:\/\/www.goron.fr\/"},{"@type":"ListItem","position":2,"name":"Your industry","item":"https:\/\/www.goron.fr\/en\/your-industry\/"},{"@type":"ListItem","position":3,"name":"HOSPITALITY"}]},{"@type":"WebSite","@id":"https:\/\/www.goron.fr\/#website","url":"https:\/\/www.goron.fr\/","name":"Goron","description":"S\u00e9curit\u00e9 Priv\u00e9e","potentialAction":[{"@type":"SearchAction","target":{"@type":"EntryPoint","urlTemplate":"https:\/\/www.goron.fr\/?s={search_term_string}"},"query-input":"required name=search_term_string"}],"inLanguage":"en-US"}]}},"_links":{"self":[{"href":"https:\/\/www.goron.fr\/en\/wp-json\/wp\/v2\/pages\/11845\/"}],"collection":[{"href":"https:\/\/www.goron.fr\/en\/wp-json\/wp\/v2\/pages\/"}],"about":[{"href":"https:\/\/www.goron.fr\/en\/wp-json\/wp\/v2\/types\/page\/"}],"author":[{"embeddable":true,"href":"https:\/\/www.goron.fr\/en\/wp-json\/wp\/v2\/users\/2\/"}],"replies":[{"embeddable":true,"href":"https:\/\/www.goron.fr\/en\/wp-json\/wp\/v2\/comments\/?post=11845"}],"version-history":[{"count":6,"href":"https:\/\/www.goron.fr\/en\/wp-json\/wp\/v2\/pages\/11845\/revisions\/"}],"predecessor-version":[{"id":16092,"href":"https:\/\/www.goron.fr\/en\/wp-json\/wp\/v2\/pages\/11845\/revisions\/16092\/"}],"up":[{"embeddable":true,"href":"https:\/\/www.goron.fr\/en\/wp-json\/wp\/v2\/pages\/12110\/"}],"wp:featuredmedia":[{"embeddable":true,"href":"https:\/\/www.goron.fr\/en\/wp-json\/wp\/v2\/media\/11847\/"}],"wp:attachment":[{"href":"https:\/\/www.goron.fr\/en\/wp-json\/wp\/v2\/media\/?parent=11845"}],"curies":[{"name":"wp","href":"https:\/\/api.w.org\/{rel}","templated":true}]}}