{"id":11839,"date":"2019-12-20T15:41:31","date_gmt":"2019-12-20T14:41:31","guid":{"rendered":"https:\/\/www.goron.fr\/ports\/"},"modified":"2021-10-26T15:19:40","modified_gmt":"2021-10-26T13:19:40","slug":"ports","status":"publish","type":"page","link":"https:\/\/www.goron.fr\/en\/ports\/","title":{"rendered":"PORTS"},"content":{"rendered":"<p><b>Veritable international trade areas, port areas face specific challenges in terms of safety and security.<\/b><\/p>\n<p><span style=\"font-weight: 400;\">Since 2004, the ISPS Code (International Ship and Port Facility Security) regulates access to port areas. To meet the security challenges in this sector, GORON S.A. provides security and\/or safety agents.<\/span><\/p>\n<h2><b>Risk prevention and management<\/b><\/h2>\n<ul>\n<li><span style=\"font-weight: 400;\">Access controls and screenings of persons and merchandise<\/span><\/li>\n<li><span style=\"font-weight: 400;\">Static surveillance services<\/span><\/li>\n<li><span style=\"font-weight: 400;\">Surveillance patrols<\/span><\/li>\n<li><span style=\"font-weight: 400;\">Securing of convoys and warehouses<\/span><\/li>\n<li><span style=\"font-weight: 400;\">Surveillance of technical installations<\/span><\/li>\n<li><span style=\"font-weight: 400;\">Remote video surveillance<\/span><\/li>\n<li><span style=\"font-weight: 400;\">Cynophilist security &amp; explosive detection<\/span><\/li>\n<\/ul>\n<p>&nbsp;<\/p>\n<h2><b>Safety, fire safety and first-aid<\/b><\/h2>\n<ul>\n<li><span style=\"font-weight: 400;\">Intervention, assistance and first-aid<\/span><\/li>\n<li><span style=\"font-weight: 400;\">Fire risk prevention (in accordance with applicable rules and standards)<\/span><\/li>\n<li><span style=\"font-weight: 400;\">Safety audit (with our subsidiary <a href=\"https:\/\/solace.fr\/\" target=\"_blank\" rel=\"noopener noreferrer\">SOLACE<\/a>)<\/span><\/li>\n<li><span style=\"font-weight: 400;\">Security audit (with our subsidiary <a href=\"https:\/\/www.cecys.fr\/\" target=\"_blank\" rel=\"noopener noreferrer\">CECYS<\/a>)<\/span><\/li>\n<\/ul>\n<p>&nbsp;<\/p>\n","protected":false},"excerpt":{"rendered":"<p>Veritable international trade areas, port areas face specific challenges in terms of safety and security. Since 2004, the ISPS Code (International Ship and Port Facility Security) regulates access to port areas. To meet the security challenges in this sector, GORON S.A. provides security and\/or safety agents. Risk prevention and management Access controls and screenings of<a href=\"https:\/\/www.goron.fr\/en\/ports\/\"><i class=\"chevron right icon\"><\/i><\/a><\/p>\n","protected":false},"author":2,"featured_media":11843,"parent":12110,"menu_order":82,"comment_status":"closed","ping_status":"closed","template":"","meta":{"_acf_changed":false,"footnotes":""},"acf":[],"yoast_head":"<!-- This site is optimized with the Yoast SEO plugin v19.13 - https:\/\/yoast.com\/wordpress\/plugins\/seo\/ -->\n<title>Ports security and safety services - Goron S.A.S<\/title>\n<meta name=\"description\" content=\"Our safety and security officers (ISPS) provide globale solutions for ports surveillance and port areas security.\" \/>\n<meta name=\"robots\" content=\"index, follow, max-snippet:-1, max-image-preview:large, max-video-preview:-1\" \/>\n<link rel=\"canonical\" href=\"https:\/\/www.goron.fr\/en\/ports\/\" \/>\n<meta property=\"og:locale\" content=\"en_US\" \/>\n<meta property=\"og:type\" content=\"article\" \/>\n<meta property=\"og:title\" content=\"Ports security and safety services - Goron S.A.S\" \/>\n<meta property=\"og:description\" content=\"Our safety and security officers (ISPS) provide globale solutions for ports surveillance and port areas security.\" \/>\n<meta property=\"og:url\" content=\"https:\/\/www.goron.fr\/en\/ports\/\" \/>\n<meta property=\"og:site_name\" content=\"Goron\" \/>\n<meta property=\"article:modified_time\" content=\"2021-10-26T13:19:40+00:00\" \/>\n<meta property=\"og:image\" content=\"https:\/\/www.goron.fr\/wp-content\/uploads\/2017\/05\/port.jpg\" \/>\n\t<meta property=\"og:image:width\" content=\"1500\" \/>\n\t<meta property=\"og:image:height\" content=\"350\" \/>\n\t<meta property=\"og:image:type\" content=\"image\/jpeg\" \/>\n<meta name=\"twitter:card\" content=\"summary_large_image\" \/>\n<meta name=\"twitter:label1\" content=\"Est. reading time\" \/>\n\t<meta name=\"twitter:data1\" content=\"1 minute\" \/>\n<script type=\"application\/ld+json\" class=\"yoast-schema-graph\">{\"@context\":\"https:\/\/schema.org\",\"@graph\":[{\"@type\":\"WebPage\",\"@id\":\"https:\/\/www.goron.fr\/en\/ports\/\",\"url\":\"https:\/\/www.goron.fr\/en\/ports\/\",\"name\":\"Ports security and safety services - Goron S.A.S\",\"isPartOf\":{\"@id\":\"https:\/\/www.goron.fr\/#website\"},\"datePublished\":\"2019-12-20T14:41:31+00:00\",\"dateModified\":\"2021-10-26T13:19:40+00:00\",\"description\":\"Our safety and security officers (ISPS) provide globale solutions for ports surveillance and port areas security.\",\"breadcrumb\":{\"@id\":\"https:\/\/www.goron.fr\/en\/ports\/#breadcrumb\"},\"inLanguage\":\"en-US\",\"potentialAction\":[{\"@type\":\"ReadAction\",\"target\":[\"https:\/\/www.goron.fr\/en\/ports\/\"]}]},{\"@type\":\"BreadcrumbList\",\"@id\":\"https:\/\/www.goron.fr\/en\/ports\/#breadcrumb\",\"itemListElement\":[{\"@type\":\"ListItem\",\"position\":1,\"name\":\"Accueil\",\"item\":\"https:\/\/www.goron.fr\/\"},{\"@type\":\"ListItem\",\"position\":2,\"name\":\"Your industry\",\"item\":\"https:\/\/www.goron.fr\/en\/your-industry\/\"},{\"@type\":\"ListItem\",\"position\":3,\"name\":\"PORTS\"}]},{\"@type\":\"WebSite\",\"@id\":\"https:\/\/www.goron.fr\/#website\",\"url\":\"https:\/\/www.goron.fr\/\",\"name\":\"Goron\",\"description\":\"S\u00e9curit\u00e9 Priv\u00e9e\",\"potentialAction\":[{\"@type\":\"SearchAction\",\"target\":{\"@type\":\"EntryPoint\",\"urlTemplate\":\"https:\/\/www.goron.fr\/?s={search_term_string}\"},\"query-input\":\"required name=search_term_string\"}],\"inLanguage\":\"en-US\"}]}<\/script>\n<!-- \/ Yoast SEO plugin. -->","yoast_head_json":{"title":"Ports security and safety services - Goron S.A.S","description":"Our safety and security officers (ISPS) provide globale solutions for ports surveillance and port areas security.","robots":{"index":"index","follow":"follow","max-snippet":"max-snippet:-1","max-image-preview":"max-image-preview:large","max-video-preview":"max-video-preview:-1"},"canonical":"https:\/\/www.goron.fr\/en\/ports\/","og_locale":"en_US","og_type":"article","og_title":"Ports security and safety services - Goron S.A.S","og_description":"Our safety and security officers (ISPS) provide globale solutions for ports surveillance and port areas security.","og_url":"https:\/\/www.goron.fr\/en\/ports\/","og_site_name":"Goron","article_modified_time":"2021-10-26T13:19:40+00:00","og_image":[{"width":1500,"height":350,"url":"https:\/\/www.goron.fr\/wp-content\/uploads\/2017\/05\/port.jpg","type":"image\/jpeg"}],"twitter_card":"summary_large_image","twitter_misc":{"Est. reading time":"1 minute"},"schema":{"@context":"https:\/\/schema.org","@graph":[{"@type":"WebPage","@id":"https:\/\/www.goron.fr\/en\/ports\/","url":"https:\/\/www.goron.fr\/en\/ports\/","name":"Ports security and safety services - Goron S.A.S","isPartOf":{"@id":"https:\/\/www.goron.fr\/#website"},"datePublished":"2019-12-20T14:41:31+00:00","dateModified":"2021-10-26T13:19:40+00:00","description":"Our safety and security officers (ISPS) provide globale solutions for ports surveillance and port areas security.","breadcrumb":{"@id":"https:\/\/www.goron.fr\/en\/ports\/#breadcrumb"},"inLanguage":"en-US","potentialAction":[{"@type":"ReadAction","target":["https:\/\/www.goron.fr\/en\/ports\/"]}]},{"@type":"BreadcrumbList","@id":"https:\/\/www.goron.fr\/en\/ports\/#breadcrumb","itemListElement":[{"@type":"ListItem","position":1,"name":"Accueil","item":"https:\/\/www.goron.fr\/"},{"@type":"ListItem","position":2,"name":"Your industry","item":"https:\/\/www.goron.fr\/en\/your-industry\/"},{"@type":"ListItem","position":3,"name":"PORTS"}]},{"@type":"WebSite","@id":"https:\/\/www.goron.fr\/#website","url":"https:\/\/www.goron.fr\/","name":"Goron","description":"S\u00e9curit\u00e9 Priv\u00e9e","potentialAction":[{"@type":"SearchAction","target":{"@type":"EntryPoint","urlTemplate":"https:\/\/www.goron.fr\/?s={search_term_string}"},"query-input":"required name=search_term_string"}],"inLanguage":"en-US"}]}},"_links":{"self":[{"href":"https:\/\/www.goron.fr\/en\/wp-json\/wp\/v2\/pages\/11839\/"}],"collection":[{"href":"https:\/\/www.goron.fr\/en\/wp-json\/wp\/v2\/pages\/"}],"about":[{"href":"https:\/\/www.goron.fr\/en\/wp-json\/wp\/v2\/types\/page\/"}],"author":[{"embeddable":true,"href":"https:\/\/www.goron.fr\/en\/wp-json\/wp\/v2\/users\/2\/"}],"replies":[{"embeddable":true,"href":"https:\/\/www.goron.fr\/en\/wp-json\/wp\/v2\/comments\/?post=11839"}],"version-history":[{"count":5,"href":"https:\/\/www.goron.fr\/en\/wp-json\/wp\/v2\/pages\/11839\/revisions\/"}],"predecessor-version":[{"id":16090,"href":"https:\/\/www.goron.fr\/en\/wp-json\/wp\/v2\/pages\/11839\/revisions\/16090\/"}],"up":[{"embeddable":true,"href":"https:\/\/www.goron.fr\/en\/wp-json\/wp\/v2\/pages\/12110\/"}],"wp:featuredmedia":[{"embeddable":true,"href":"https:\/\/www.goron.fr\/en\/wp-json\/wp\/v2\/media\/11843\/"}],"wp:attachment":[{"href":"https:\/\/www.goron.fr\/en\/wp-json\/wp\/v2\/media\/?parent=11839"}],"curies":[{"name":"wp","href":"https:\/\/api.w.org\/{rel}","templated":true}]}}