{"id":11835,"date":"2019-12-20T15:31:09","date_gmt":"2019-12-20T14:31:09","guid":{"rendered":"https:\/\/www.goron.fr\/airports-airlines\/"},"modified":"2021-10-26T15:19:39","modified_gmt":"2021-10-26T13:19:39","slug":"airports-airlines","status":"publish","type":"page","link":"https:\/\/www.goron.fr\/en\/airports-airlines\/","title":{"rendered":"AIRPORTS &#038; AIRLINES"},"content":{"rendered":"<p><b>Airport and airlines are facing particularly large flows (passengers, freight, etc.), making them privileged targets for malicious persons. This industry is subject to national and international regulations (customs or extraterritorial zones).<\/b><\/p>\n<p><span style=\"font-weight: 400;\">To meet these requirements, GORON has created in 2016 a dedicated subsidiary: Premium Airport Services. The company offers a wide array of services to ensure the safety of all passengers, staff management as well as all airport services.<\/span><\/p>\n<h2><strong>Safety and associated services<\/strong><\/h2>\n<ul>\n<li><span style=\"font-weight: 400;\">Screening inspections of persons, hand luggage and vehicles<\/span><\/li>\n<li><span style=\"font-weight: 400;\">Screening inspections and special checks for air cargo<\/span><\/li>\n<li><span style=\"font-weight: 400;\">Aircraft surveillance and checks<\/span><\/li>\n<li><span style=\"font-weight: 400;\">Air terminal and car parks safety<\/span><\/li>\n<li><span style=\"font-weight: 400;\">Relations and coordination with authorities (ECAC, DGAC, GTA, DPAF, customs)<\/span><\/li>\n<li><span style=\"font-weight: 400;\">Document control and reconciliation<\/span><\/li>\n<li><span style=\"font-weight: 400;\">Cynophilist safety &amp; explosive detection<\/span><\/li>\n<li><span style=\"font-weight: 400;\">Crew shuttle service\u00a0<\/span><\/li>\n<\/ul>\n<p>&nbsp;<\/p>\n","protected":false},"excerpt":{"rendered":"<p>Airport and airlines are facing particularly large flows (passengers, freight, etc.), making them privileged targets for malicious persons. This industry is subject to national and international regulations (customs or extraterritorial zones). To meet these requirements, GORON has created in 2016 a dedicated subsidiary: Premium Airport Services. The company offers a wide array of services to<a href=\"https:\/\/www.goron.fr\/en\/airports-airlines\/\"><i class=\"chevron right icon\"><\/i><\/a><\/p>\n","protected":false},"author":2,"featured_media":11837,"parent":12110,"menu_order":80,"comment_status":"closed","ping_status":"closed","template":"","meta":{"_acf_changed":false,"footnotes":""},"acf":[],"yoast_head":"<!-- This site is optimized with the Yoast SEO plugin v19.13 - https:\/\/yoast.com\/wordpress\/plugins\/seo\/ -->\n<title>Airports and airlines security services - Goron S.A.S<\/title>\n<meta name=\"description\" content=\"With Premium Airport Services, Goron S.A.S provides a global and competitive security offer for airports and airlines surveillance.\" \/>\n<meta name=\"robots\" content=\"index, follow, max-snippet:-1, max-image-preview:large, max-video-preview:-1\" \/>\n<link rel=\"canonical\" href=\"https:\/\/www.goron.fr\/en\/airports-airlines\/\" \/>\n<meta property=\"og:locale\" content=\"en_US\" \/>\n<meta property=\"og:type\" content=\"article\" \/>\n<meta property=\"og:title\" content=\"Airports and airlines security services - Goron S.A.S\" \/>\n<meta property=\"og:description\" content=\"With Premium Airport Services, Goron S.A.S provides a global and competitive security offer for airports and airlines surveillance.\" \/>\n<meta property=\"og:url\" content=\"https:\/\/www.goron.fr\/en\/airports-airlines\/\" \/>\n<meta property=\"og:site_name\" content=\"Goron\" \/>\n<meta property=\"article:modified_time\" content=\"2021-10-26T13:19:39+00:00\" \/>\n<meta property=\"og:image\" content=\"https:\/\/www.goron.fr\/wp-content\/uploads\/2017\/05\/aeroports.jpg\" \/>\n\t<meta property=\"og:image:width\" content=\"1500\" \/>\n\t<meta property=\"og:image:height\" content=\"350\" \/>\n\t<meta property=\"og:image:type\" content=\"image\/jpeg\" \/>\n<meta name=\"twitter:card\" content=\"summary_large_image\" \/>\n<meta name=\"twitter:label1\" content=\"Est. reading time\" \/>\n\t<meta name=\"twitter:data1\" content=\"1 minute\" \/>\n<script type=\"application\/ld+json\" class=\"yoast-schema-graph\">{\"@context\":\"https:\/\/schema.org\",\"@graph\":[{\"@type\":\"WebPage\",\"@id\":\"https:\/\/www.goron.fr\/en\/airports-airlines\/\",\"url\":\"https:\/\/www.goron.fr\/en\/airports-airlines\/\",\"name\":\"Airports and airlines security services - Goron S.A.S\",\"isPartOf\":{\"@id\":\"https:\/\/www.goron.fr\/#website\"},\"datePublished\":\"2019-12-20T14:31:09+00:00\",\"dateModified\":\"2021-10-26T13:19:39+00:00\",\"description\":\"With Premium Airport Services, Goron S.A.S provides a global and competitive security offer for airports and airlines surveillance.\",\"breadcrumb\":{\"@id\":\"https:\/\/www.goron.fr\/en\/airports-airlines\/#breadcrumb\"},\"inLanguage\":\"en-US\",\"potentialAction\":[{\"@type\":\"ReadAction\",\"target\":[\"https:\/\/www.goron.fr\/en\/airports-airlines\/\"]}]},{\"@type\":\"BreadcrumbList\",\"@id\":\"https:\/\/www.goron.fr\/en\/airports-airlines\/#breadcrumb\",\"itemListElement\":[{\"@type\":\"ListItem\",\"position\":1,\"name\":\"Accueil\",\"item\":\"https:\/\/www.goron.fr\/\"},{\"@type\":\"ListItem\",\"position\":2,\"name\":\"Your industry\",\"item\":\"https:\/\/www.goron.fr\/en\/your-industry\/\"},{\"@type\":\"ListItem\",\"position\":3,\"name\":\"AIRPORTS &#038; AIRLINES\"}]},{\"@type\":\"WebSite\",\"@id\":\"https:\/\/www.goron.fr\/#website\",\"url\":\"https:\/\/www.goron.fr\/\",\"name\":\"Goron\",\"description\":\"S\u00e9curit\u00e9 Priv\u00e9e\",\"potentialAction\":[{\"@type\":\"SearchAction\",\"target\":{\"@type\":\"EntryPoint\",\"urlTemplate\":\"https:\/\/www.goron.fr\/?s={search_term_string}\"},\"query-input\":\"required name=search_term_string\"}],\"inLanguage\":\"en-US\"}]}<\/script>\n<!-- \/ Yoast SEO plugin. -->","yoast_head_json":{"title":"Airports and airlines security services - Goron S.A.S","description":"With Premium Airport Services, Goron S.A.S provides a global and competitive security offer for airports and airlines surveillance.","robots":{"index":"index","follow":"follow","max-snippet":"max-snippet:-1","max-image-preview":"max-image-preview:large","max-video-preview":"max-video-preview:-1"},"canonical":"https:\/\/www.goron.fr\/en\/airports-airlines\/","og_locale":"en_US","og_type":"article","og_title":"Airports and airlines security services - Goron S.A.S","og_description":"With Premium Airport Services, Goron S.A.S provides a global and competitive security offer for airports and airlines surveillance.","og_url":"https:\/\/www.goron.fr\/en\/airports-airlines\/","og_site_name":"Goron","article_modified_time":"2021-10-26T13:19:39+00:00","og_image":[{"width":1500,"height":350,"url":"https:\/\/www.goron.fr\/wp-content\/uploads\/2017\/05\/aeroports.jpg","type":"image\/jpeg"}],"twitter_card":"summary_large_image","twitter_misc":{"Est. reading time":"1 minute"},"schema":{"@context":"https:\/\/schema.org","@graph":[{"@type":"WebPage","@id":"https:\/\/www.goron.fr\/en\/airports-airlines\/","url":"https:\/\/www.goron.fr\/en\/airports-airlines\/","name":"Airports and airlines security services - Goron S.A.S","isPartOf":{"@id":"https:\/\/www.goron.fr\/#website"},"datePublished":"2019-12-20T14:31:09+00:00","dateModified":"2021-10-26T13:19:39+00:00","description":"With Premium Airport Services, Goron S.A.S provides a global and competitive security offer for airports and airlines surveillance.","breadcrumb":{"@id":"https:\/\/www.goron.fr\/en\/airports-airlines\/#breadcrumb"},"inLanguage":"en-US","potentialAction":[{"@type":"ReadAction","target":["https:\/\/www.goron.fr\/en\/airports-airlines\/"]}]},{"@type":"BreadcrumbList","@id":"https:\/\/www.goron.fr\/en\/airports-airlines\/#breadcrumb","itemListElement":[{"@type":"ListItem","position":1,"name":"Accueil","item":"https:\/\/www.goron.fr\/"},{"@type":"ListItem","position":2,"name":"Your industry","item":"https:\/\/www.goron.fr\/en\/your-industry\/"},{"@type":"ListItem","position":3,"name":"AIRPORTS &#038; AIRLINES"}]},{"@type":"WebSite","@id":"https:\/\/www.goron.fr\/#website","url":"https:\/\/www.goron.fr\/","name":"Goron","description":"S\u00e9curit\u00e9 Priv\u00e9e","potentialAction":[{"@type":"SearchAction","target":{"@type":"EntryPoint","urlTemplate":"https:\/\/www.goron.fr\/?s={search_term_string}"},"query-input":"required name=search_term_string"}],"inLanguage":"en-US"}]}},"_links":{"self":[{"href":"https:\/\/www.goron.fr\/en\/wp-json\/wp\/v2\/pages\/11835\/"}],"collection":[{"href":"https:\/\/www.goron.fr\/en\/wp-json\/wp\/v2\/pages\/"}],"about":[{"href":"https:\/\/www.goron.fr\/en\/wp-json\/wp\/v2\/types\/page\/"}],"author":[{"embeddable":true,"href":"https:\/\/www.goron.fr\/en\/wp-json\/wp\/v2\/users\/2\/"}],"replies":[{"embeddable":true,"href":"https:\/\/www.goron.fr\/en\/wp-json\/wp\/v2\/comments\/?post=11835"}],"version-history":[{"count":5,"href":"https:\/\/www.goron.fr\/en\/wp-json\/wp\/v2\/pages\/11835\/revisions\/"}],"predecessor-version":[{"id":16088,"href":"https:\/\/www.goron.fr\/en\/wp-json\/wp\/v2\/pages\/11835\/revisions\/16088\/"}],"up":[{"embeddable":true,"href":"https:\/\/www.goron.fr\/en\/wp-json\/wp\/v2\/pages\/12110\/"}],"wp:featuredmedia":[{"embeddable":true,"href":"https:\/\/www.goron.fr\/en\/wp-json\/wp\/v2\/media\/11837\/"}],"wp:attachment":[{"href":"https:\/\/www.goron.fr\/en\/wp-json\/wp\/v2\/media\/?parent=11835"}],"curies":[{"name":"wp","href":"https:\/\/api.w.org\/{rel}","templated":true}]}}