{"id":11829,"date":"2019-12-20T15:24:46","date_gmt":"2019-12-20T14:24:46","guid":{"rendered":"https:\/\/www.goron.fr\/employment-opportunities\/"},"modified":"2019-12-20T15:24:48","modified_gmt":"2019-12-20T14:24:48","slug":"employment-opportunities","status":"publish","type":"page","link":"https:\/\/www.goron.fr\/en\/employment-opportunities\/","title":{"rendered":"EMPLOYMENT OPPORTUNITIES"},"content":{"rendered":"<p><span style=\"font-weight: 400;\">Key word<\/span><\/p>\n<p><span style=\"font-weight: 400;\">Job location<\/span><\/p>\n<p><span style=\"font-weight: 400;\">Choose a category<\/span><\/p>\n<p><span style=\"font-weight: 400;\">Fix-term contract<\/span><\/p>\n<p><span style=\"font-weight: 400;\">Permanent contract<\/span><\/p>\n<p><span style=\"font-weight: 400;\">Internship<\/span><\/p>\n<p><span style=\"font-weight: 400;\">Full-time<\/span><\/p>\n<p><span style=\"font-weight: 400;\">Part-time<\/span><\/p>\n","protected":false},"excerpt":{"rendered":"<p>Key word Job location Choose a category Fix-term contract Permanent contract Internship Full-time Part-time<\/p>\n","protected":false},"author":1,"featured_media":0,"parent":11931,"menu_order":74,"comment_status":"closed","ping_status":"closed","template":"","meta":{"_acf_changed":false,"footnotes":""},"acf":[],"yoast_head":"<!-- This site is optimized with the Yoast SEO plugin v19.13 - https:\/\/yoast.com\/wordpress\/plugins\/seo\/ -->\n<title>Employment opportunities - Goron S.A.S<\/title>\n<meta name=\"description\" content=\"Discover Goron&#039;s employment opportunities and apply to join the company.\" \/>\n<meta name=\"robots\" content=\"index, follow, max-snippet:-1, max-image-preview:large, max-video-preview:-1\" \/>\n<link rel=\"canonical\" href=\"https:\/\/www.goron.fr\/en\/employment-opportunities\/\" \/>\n<meta property=\"og:locale\" content=\"en_US\" \/>\n<meta property=\"og:type\" content=\"article\" \/>\n<meta property=\"og:title\" content=\"Employment opportunities - Goron S.A.S\" \/>\n<meta property=\"og:description\" content=\"Discover Goron&#039;s employment opportunities and apply to join the company.\" \/>\n<meta property=\"og:url\" content=\"https:\/\/www.goron.fr\/en\/employment-opportunities\/\" \/>\n<meta property=\"og:site_name\" content=\"Goron\" \/>\n<meta property=\"article:modified_time\" content=\"2019-12-20T14:24:48+00:00\" \/>\n<meta name=\"twitter:card\" content=\"summary_large_image\" \/>\n<script type=\"application\/ld+json\" class=\"yoast-schema-graph\">{\"@context\":\"https:\/\/schema.org\",\"@graph\":[{\"@type\":\"WebPage\",\"@id\":\"https:\/\/www.goron.fr\/en\/employment-opportunities\/\",\"url\":\"https:\/\/www.goron.fr\/en\/employment-opportunities\/\",\"name\":\"Employment opportunities - Goron S.A.S\",\"isPartOf\":{\"@id\":\"https:\/\/www.goron.fr\/#website\"},\"datePublished\":\"2019-12-20T14:24:46+00:00\",\"dateModified\":\"2019-12-20T14:24:48+00:00\",\"description\":\"Discover Goron's employment opportunities and apply to join the company.\",\"breadcrumb\":{\"@id\":\"https:\/\/www.goron.fr\/en\/employment-opportunities\/#breadcrumb\"},\"inLanguage\":\"en-US\",\"potentialAction\":[{\"@type\":\"ReadAction\",\"target\":[\"https:\/\/www.goron.fr\/en\/employment-opportunities\/\"]}]},{\"@type\":\"BreadcrumbList\",\"@id\":\"https:\/\/www.goron.fr\/en\/employment-opportunities\/#breadcrumb\",\"itemListElement\":[{\"@type\":\"ListItem\",\"position\":1,\"name\":\"Accueil\",\"item\":\"https:\/\/www.goron.fr\/\"},{\"@type\":\"ListItem\",\"position\":2,\"name\":\"Training and Careers\",\"item\":\"https:\/\/www.goron.fr\/en\/training-and-careers\/\"},{\"@type\":\"ListItem\",\"position\":3,\"name\":\"EMPLOYMENT OPPORTUNITIES\"}]},{\"@type\":\"WebSite\",\"@id\":\"https:\/\/www.goron.fr\/#website\",\"url\":\"https:\/\/www.goron.fr\/\",\"name\":\"Goron\",\"description\":\"S\u00e9curit\u00e9 Priv\u00e9e\",\"potentialAction\":[{\"@type\":\"SearchAction\",\"target\":{\"@type\":\"EntryPoint\",\"urlTemplate\":\"https:\/\/www.goron.fr\/?s={search_term_string}\"},\"query-input\":\"required name=search_term_string\"}],\"inLanguage\":\"en-US\"}]}<\/script>\n<!-- \/ Yoast SEO plugin. -->","yoast_head_json":{"title":"Employment opportunities - Goron S.A.S","description":"Discover Goron's employment opportunities and apply to join the company.","robots":{"index":"index","follow":"follow","max-snippet":"max-snippet:-1","max-image-preview":"max-image-preview:large","max-video-preview":"max-video-preview:-1"},"canonical":"https:\/\/www.goron.fr\/en\/employment-opportunities\/","og_locale":"en_US","og_type":"article","og_title":"Employment opportunities - Goron S.A.S","og_description":"Discover Goron's employment opportunities and apply to join the company.","og_url":"https:\/\/www.goron.fr\/en\/employment-opportunities\/","og_site_name":"Goron","article_modified_time":"2019-12-20T14:24:48+00:00","twitter_card":"summary_large_image","schema":{"@context":"https:\/\/schema.org","@graph":[{"@type":"WebPage","@id":"https:\/\/www.goron.fr\/en\/employment-opportunities\/","url":"https:\/\/www.goron.fr\/en\/employment-opportunities\/","name":"Employment opportunities - Goron S.A.S","isPartOf":{"@id":"https:\/\/www.goron.fr\/#website"},"datePublished":"2019-12-20T14:24:46+00:00","dateModified":"2019-12-20T14:24:48+00:00","description":"Discover Goron's employment opportunities and apply to join the company.","breadcrumb":{"@id":"https:\/\/www.goron.fr\/en\/employment-opportunities\/#breadcrumb"},"inLanguage":"en-US","potentialAction":[{"@type":"ReadAction","target":["https:\/\/www.goron.fr\/en\/employment-opportunities\/"]}]},{"@type":"BreadcrumbList","@id":"https:\/\/www.goron.fr\/en\/employment-opportunities\/#breadcrumb","itemListElement":[{"@type":"ListItem","position":1,"name":"Accueil","item":"https:\/\/www.goron.fr\/"},{"@type":"ListItem","position":2,"name":"Training and Careers","item":"https:\/\/www.goron.fr\/en\/training-and-careers\/"},{"@type":"ListItem","position":3,"name":"EMPLOYMENT OPPORTUNITIES"}]},{"@type":"WebSite","@id":"https:\/\/www.goron.fr\/#website","url":"https:\/\/www.goron.fr\/","name":"Goron","description":"S\u00e9curit\u00e9 Priv\u00e9e","potentialAction":[{"@type":"SearchAction","target":{"@type":"EntryPoint","urlTemplate":"https:\/\/www.goron.fr\/?s={search_term_string}"},"query-input":"required name=search_term_string"}],"inLanguage":"en-US"}]}},"_links":{"self":[{"href":"https:\/\/www.goron.fr\/en\/wp-json\/wp\/v2\/pages\/11829\/"}],"collection":[{"href":"https:\/\/www.goron.fr\/en\/wp-json\/wp\/v2\/pages\/"}],"about":[{"href":"https:\/\/www.goron.fr\/en\/wp-json\/wp\/v2\/types\/page\/"}],"author":[{"embeddable":true,"href":"https:\/\/www.goron.fr\/en\/wp-json\/wp\/v2\/users\/1\/"}],"replies":[{"embeddable":true,"href":"https:\/\/www.goron.fr\/en\/wp-json\/wp\/v2\/comments\/?post=11829"}],"version-history":[{"count":1,"href":"https:\/\/www.goron.fr\/en\/wp-json\/wp\/v2\/pages\/11829\/revisions\/"}],"predecessor-version":[{"id":11832,"href":"https:\/\/www.goron.fr\/en\/wp-json\/wp\/v2\/pages\/11829\/revisions\/11832\/"}],"up":[{"embeddable":true,"href":"https:\/\/www.goron.fr\/en\/wp-json\/wp\/v2\/pages\/11931\/"}],"wp:attachment":[{"href":"https:\/\/www.goron.fr\/en\/wp-json\/wp\/v2\/media\/?parent=11829"}],"curies":[{"name":"wp","href":"https:\/\/api.w.org\/{rel}","templated":true}]}}