{"id":11807,"date":"2019-12-20T15:14:16","date_gmt":"2019-12-20T14:14:16","guid":{"rendered":"https:\/\/www.goron.fr\/operations-manager\/"},"modified":"2020-02-17T12:23:44","modified_gmt":"2020-02-17T11:23:44","slug":"operations-manager","status":"publish","type":"page","link":"https:\/\/www.goron.fr\/en\/operations-manager\/","title":{"rendered":"OPERATIONS MANAGER"},"content":{"rendered":"<p><span style=\"font-weight: 400;\"><strong>The profession of operations manager corresponds to operations management for, in complete autonomy, the operational and administrative management of a customer portfolio.<\/strong><\/span><\/p>\n<p><span style=\"font-weight: 400;\">They cover different functions:<\/span><\/p>\n<ul>\n<li><span style=\"font-weight: 400;\">Operations assistant<\/span><\/li>\n<li><span style=\"font-weight: 400;\">Operations or district manager<\/span><\/li>\n<li><span style=\"font-weight: 400;\">Agency or regional operations manager<\/span><\/li>\n<\/ul>\n<h2><b>Missions*<\/b><\/h2>\n<ul>\n<li><span style=\"font-weight: 400;\">Guaranteeing service quality and compliance with specifications<\/span><\/li>\n<li><span style=\"font-weight: 400;\">Close relationships with customers<\/span><\/li>\n<li><span style=\"font-weight: 400;\">Consulting role and providing technical solutions<\/span><\/li>\n<li><span style=\"font-weight: 400;\">Active participation in the local deployment of the quality system<\/span><\/li>\n<li><span style=\"font-weight: 400;\">Carrying out quality audits<\/span><\/li>\n<li><span style=\"font-weight: 400;\">Writing safety directives and service notes<\/span><\/li>\n<li><span style=\"font-weight: 400;\">Optimised work scheduling and mission organising, ensuring service permanency<\/span><\/li>\n<li><span style=\"font-weight: 400;\">Operational management of subcontracting<\/span><\/li>\n<li><span style=\"font-weight: 400;\">Provisional management of jobs and skills<\/span><\/li>\n<li><span style=\"font-weight: 400;\">Identification of recruitment and training needs<\/span><\/li>\n<li><span style=\"font-weight: 400;\">Recruitments validation<\/span><\/li>\n<li><span style=\"font-weight: 400;\">Training and inclusion of newly recruited staff<\/span><\/li>\n<li><span style=\"font-weight: 400;\">Evaluating and maintaining the knowledge level of team leaders and officers<\/span><\/li>\n<li><span style=\"font-weight: 400;\">Updating the prevention plan<\/span><\/li>\n<li><span style=\"font-weight: 400;\">Writing up incident reports<\/span><\/li>\n<li><span style=\"font-weight: 400;\">Responsible for the administrative management of their customer portfolio (analysis of occupational accidents, scheduling, organising holidays\u2026)<\/span><\/li>\n<li><span style=\"font-weight: 400;\">Participating in cross-Group projects<\/span><\/li>\n<\/ul>\n<p><em><span style=\"font-weight: 400;\">(*Non-exhaustive list)<\/span><\/em><\/p>\n<h2><b>Qualifications and diploma required<\/b><\/h2>\n<ul>\n<li><span style=\"font-weight: 400;\">Post-graduate degree from baccalaureate to masters<\/span><\/li>\n<li><span style=\"font-weight: 400;\">Experience of private security professions<\/span><\/li>\n<li><span style=\"font-weight: 400;\">Higher technical qualifications in surveillance and fire safety and in any specific field of corporate security<\/span><\/li>\n<\/ul>\n<h3><b>Multiple skills<\/b><\/h3>\n<ul>\n<li><span style=\"font-weight: 400;\">Reactive, rigorous and available, the operations manager knows how to analyse complex issues and to take the relevant decisions. Their interpersonal skills are recognised by their customers and teams.<\/span><\/li>\n<li><span style=\"font-weight: 400;\">They are multi-talented men and women, with a high level of technical knowledge in terms of security, but also in the fields of specific regulations of private security and social law.<\/span><\/li>\n<\/ul>\n<p>&nbsp;<\/p>\n","protected":false},"excerpt":{"rendered":"<p>The profession of operations manager corresponds to operations management for, in complete autonomy, the operational and administrative management of a customer portfolio. They cover different functions: Operations assistant Operations or district manager Agency or regional operations manager Missions* Guaranteeing service quality and compliance with specifications Close relationships with customers Consulting role and providing technical solutions<a href=\"https:\/\/www.goron.fr\/en\/operations-manager\/\"><i class=\"chevron right icon\"><\/i><\/a><\/p>\n","protected":false},"author":1,"featured_media":0,"parent":12104,"menu_order":64,"comment_status":"closed","ping_status":"closed","template":"","meta":{"_acf_changed":false,"footnotes":""},"acf":[],"yoast_head":"<!-- This site is optimized with the Yoast SEO plugin v19.13 - https:\/\/yoast.com\/wordpress\/plugins\/seo\/ -->\n<title>Private security operations manager - Goron S.A.S.<\/title>\n<meta name=\"description\" content=\"Discover the missions of a Goron operations manager and the skills required to complete them successfully.\" \/>\n<meta name=\"robots\" content=\"index, follow, max-snippet:-1, max-image-preview:large, max-video-preview:-1\" \/>\n<link rel=\"canonical\" href=\"https:\/\/www.goron.fr\/en\/operations-manager\/\" \/>\n<meta property=\"og:locale\" content=\"en_US\" \/>\n<meta property=\"og:type\" content=\"article\" \/>\n<meta property=\"og:title\" content=\"Private security operations manager - Goron S.A.S.\" \/>\n<meta property=\"og:description\" content=\"Discover the missions of a Goron operations manager and the skills required to complete them successfully.\" \/>\n<meta property=\"og:url\" content=\"https:\/\/www.goron.fr\/en\/operations-manager\/\" \/>\n<meta property=\"og:site_name\" content=\"Goron\" \/>\n<meta property=\"article:modified_time\" content=\"2020-02-17T11:23:44+00:00\" \/>\n<meta name=\"twitter:card\" content=\"summary_large_image\" \/>\n<meta name=\"twitter:label1\" content=\"Est. reading time\" \/>\n\t<meta name=\"twitter:data1\" content=\"1 minute\" \/>\n<script type=\"application\/ld+json\" class=\"yoast-schema-graph\">{\"@context\":\"https:\/\/schema.org\",\"@graph\":[{\"@type\":\"WebPage\",\"@id\":\"https:\/\/www.goron.fr\/en\/operations-manager\/\",\"url\":\"https:\/\/www.goron.fr\/en\/operations-manager\/\",\"name\":\"Private security operations manager - Goron S.A.S.\",\"isPartOf\":{\"@id\":\"https:\/\/www.goron.fr\/#website\"},\"datePublished\":\"2019-12-20T14:14:16+00:00\",\"dateModified\":\"2020-02-17T11:23:44+00:00\",\"description\":\"Discover the missions of a Goron operations manager and the skills required to complete them successfully.\",\"breadcrumb\":{\"@id\":\"https:\/\/www.goron.fr\/en\/operations-manager\/#breadcrumb\"},\"inLanguage\":\"en-US\",\"potentialAction\":[{\"@type\":\"ReadAction\",\"target\":[\"https:\/\/www.goron.fr\/en\/operations-manager\/\"]}]},{\"@type\":\"BreadcrumbList\",\"@id\":\"https:\/\/www.goron.fr\/en\/operations-manager\/#breadcrumb\",\"itemListElement\":[{\"@type\":\"ListItem\",\"position\":1,\"name\":\"Accueil\",\"item\":\"https:\/\/www.goron.fr\/\"},{\"@type\":\"ListItem\",\"position\":2,\"name\":\"Training and Careers\",\"item\":\"https:\/\/www.goron.fr\/en\/training-and-careers\/\"},{\"@type\":\"ListItem\",\"position\":3,\"name\":\"DISCOVER OUR JOBS\",\"item\":\"https:\/\/www.goron.fr\/en\/training-and-careers\/discover-our-jobs\/\"},{\"@type\":\"ListItem\",\"position\":4,\"name\":\"OPERATIONS MANAGER\"}]},{\"@type\":\"WebSite\",\"@id\":\"https:\/\/www.goron.fr\/#website\",\"url\":\"https:\/\/www.goron.fr\/\",\"name\":\"Goron\",\"description\":\"S\u00e9curit\u00e9 Priv\u00e9e\",\"potentialAction\":[{\"@type\":\"SearchAction\",\"target\":{\"@type\":\"EntryPoint\",\"urlTemplate\":\"https:\/\/www.goron.fr\/?s={search_term_string}\"},\"query-input\":\"required name=search_term_string\"}],\"inLanguage\":\"en-US\"}]}<\/script>\n<!-- \/ Yoast SEO plugin. -->","yoast_head_json":{"title":"Private security operations manager - Goron S.A.S.","description":"Discover the missions of a Goron operations manager and the skills required to complete them successfully.","robots":{"index":"index","follow":"follow","max-snippet":"max-snippet:-1","max-image-preview":"max-image-preview:large","max-video-preview":"max-video-preview:-1"},"canonical":"https:\/\/www.goron.fr\/en\/operations-manager\/","og_locale":"en_US","og_type":"article","og_title":"Private security operations manager - Goron S.A.S.","og_description":"Discover the missions of a Goron operations manager and the skills required to complete them successfully.","og_url":"https:\/\/www.goron.fr\/en\/operations-manager\/","og_site_name":"Goron","article_modified_time":"2020-02-17T11:23:44+00:00","twitter_card":"summary_large_image","twitter_misc":{"Est. reading time":"1 minute"},"schema":{"@context":"https:\/\/schema.org","@graph":[{"@type":"WebPage","@id":"https:\/\/www.goron.fr\/en\/operations-manager\/","url":"https:\/\/www.goron.fr\/en\/operations-manager\/","name":"Private security operations manager - Goron S.A.S.","isPartOf":{"@id":"https:\/\/www.goron.fr\/#website"},"datePublished":"2019-12-20T14:14:16+00:00","dateModified":"2020-02-17T11:23:44+00:00","description":"Discover the missions of a Goron operations manager and the skills required to complete them successfully.","breadcrumb":{"@id":"https:\/\/www.goron.fr\/en\/operations-manager\/#breadcrumb"},"inLanguage":"en-US","potentialAction":[{"@type":"ReadAction","target":["https:\/\/www.goron.fr\/en\/operations-manager\/"]}]},{"@type":"BreadcrumbList","@id":"https:\/\/www.goron.fr\/en\/operations-manager\/#breadcrumb","itemListElement":[{"@type":"ListItem","position":1,"name":"Accueil","item":"https:\/\/www.goron.fr\/"},{"@type":"ListItem","position":2,"name":"Training and Careers","item":"https:\/\/www.goron.fr\/en\/training-and-careers\/"},{"@type":"ListItem","position":3,"name":"DISCOVER OUR JOBS","item":"https:\/\/www.goron.fr\/en\/training-and-careers\/discover-our-jobs\/"},{"@type":"ListItem","position":4,"name":"OPERATIONS MANAGER"}]},{"@type":"WebSite","@id":"https:\/\/www.goron.fr\/#website","url":"https:\/\/www.goron.fr\/","name":"Goron","description":"S\u00e9curit\u00e9 Priv\u00e9e","potentialAction":[{"@type":"SearchAction","target":{"@type":"EntryPoint","urlTemplate":"https:\/\/www.goron.fr\/?s={search_term_string}"},"query-input":"required name=search_term_string"}],"inLanguage":"en-US"}]}},"_links":{"self":[{"href":"https:\/\/www.goron.fr\/en\/wp-json\/wp\/v2\/pages\/11807\/"}],"collection":[{"href":"https:\/\/www.goron.fr\/en\/wp-json\/wp\/v2\/pages\/"}],"about":[{"href":"https:\/\/www.goron.fr\/en\/wp-json\/wp\/v2\/types\/page\/"}],"author":[{"embeddable":true,"href":"https:\/\/www.goron.fr\/en\/wp-json\/wp\/v2\/users\/1\/"}],"replies":[{"embeddable":true,"href":"https:\/\/www.goron.fr\/en\/wp-json\/wp\/v2\/comments\/?post=11807"}],"version-history":[{"count":3,"href":"https:\/\/www.goron.fr\/en\/wp-json\/wp\/v2\/pages\/11807\/revisions\/"}],"predecessor-version":[{"id":12783,"href":"https:\/\/www.goron.fr\/en\/wp-json\/wp\/v2\/pages\/11807\/revisions\/12783\/"}],"up":[{"embeddable":true,"href":"https:\/\/www.goron.fr\/en\/wp-json\/wp\/v2\/pages\/12104\/"}],"wp:attachment":[{"href":"https:\/\/www.goron.fr\/en\/wp-json\/wp\/v2\/media\/?parent=11807"}],"curies":[{"name":"wp","href":"https:\/\/api.w.org\/{rel}","templated":true}]}}