{"id":11804,"date":"2019-12-20T15:10:27","date_gmt":"2019-12-20T14:10:27","guid":{"rendered":"https:\/\/www.goron.fr\/agency-manager\/"},"modified":"2020-02-17T12:20:35","modified_gmt":"2020-02-17T11:20:35","slug":"agency-manager","status":"publish","type":"page","link":"https:\/\/www.goron.fr\/en\/agency-manager\/","title":{"rendered":"AGENCY MANAGER"},"content":{"rendered":"<p><b>The agency manager is placed under the hierarchical authority of the Operations and Development Manager and\/or the CEO.<\/b><\/p>\n<h2><b>Missions*<\/b><\/h2>\n<h3><b>STAFF MANAGEMENT<\/b><\/h3>\n<ul>\n<li><span style=\"font-weight: 400;\">Supervising the proper administrative functioning of the agency<\/span><\/li>\n<li><span style=\"font-weight: 400;\">Guaranteeing compliance with social standards (hiring, working conditions, working times, professional cards, etc.)<\/span><\/li>\n<li><span style=\"font-weight: 400;\">Participating in team recruitment<\/span><\/li>\n<li><span style=\"font-weight: 400;\">Host IRP (\u201cInstances representatives du personnel\u201d)<\/span><\/li>\n<\/ul>\n<h3><b>ACTIVITY MANAGEMENT<\/b><\/h3>\n<ul>\n<li><span style=\"font-weight: 400;\">Ensuring the operational profitability of markets<\/span><\/li>\n<li><span style=\"font-weight: 400;\">Solving, on a daily basis, problems encountered by operations managers<\/span><\/li>\n<\/ul>\n<h3><b>COMMERCIAL MANAGEMENT<\/b><\/h3>\n<ul>\n<li><span style=\"font-weight: 400;\">Establishing close relationships with customers<\/span><\/li>\n<li><span style=\"font-weight: 400;\">Guaranteeing service quality<\/span><\/li>\n<li><span style=\"font-weight: 400;\">Ensuring the agency\u2019s commercial development<\/span><\/li>\n<li><span style=\"font-weight: 400;\">Writing service offers<\/span><\/li>\n<li><span style=\"font-weight: 400;\">Participating in presentations<\/span><\/li>\n<li><span style=\"font-weight: 400;\">Supervising staff resumption operations<\/span><\/li>\n<li><span style=\"font-weight: 400;\">Organising stock renewal (uniforms, materials\u2026)<\/span><\/li>\n<\/ul>\n<h3><b>MANAGEMENT, CONSULTING &amp; EXPERTISE<\/b><\/h3>\n<ul>\n<li><span style=\"font-weight: 400;\">Being a creative force for the management and customers<\/span><\/li>\n<li><span style=\"font-weight: 400;\">Managing administrative and operational teams in accordance with the group values<\/span><\/li>\n<li><span style=\"font-weight: 400;\">Performing a regulatory watch<\/span><\/li>\n<li><span style=\"font-weight: 400;\">Advising customers on all the challenges of the \u201cprofession\u201d<\/span><\/li>\n<li><span style=\"font-weight: 400;\">Being the privileged interlocutor for the support services of the group<\/span><\/li>\n<\/ul>\n<p><em><span style=\"font-weight: 400;\">(*Non-exhaustive list)<\/span><\/em><\/p>\n<h2><b>Qualifications and diploma required<\/b><\/h2>\n<ul>\n<li><span style=\"font-weight: 400;\">Command of the profession and social regulations<\/span><\/li>\n<li><span style=\"font-weight: 400;\">Team management and organisational skills<\/span><\/li>\n<li><span style=\"font-weight: 400;\">Natural authority, excellent communication and teaching skills<\/span><\/li>\n<li><span style=\"font-weight: 400;\">Good computer skills<\/span><\/li>\n<li><span style=\"font-weight: 400;\">Good writing skills<\/span><\/li>\n<\/ul>\n<h2><b>Specific skills<\/b><\/h2>\n<p><span style=\"font-weight: 400;\">Bachelor&#8217;s degree<\/span><\/p>\n","protected":false},"excerpt":{"rendered":"<p>The agency manager is placed under the hierarchical authority of the Operations and Development Manager and\/or the CEO. Missions* STAFF MANAGEMENT Supervising the proper administrative functioning of the agency Guaranteeing compliance with social standards (hiring, working conditions, working times, professional cards, etc.) Participating in team recruitment Host IRP (\u201cInstances representatives du personnel\u201d) ACTIVITY MANAGEMENT Ensuring<a href=\"https:\/\/www.goron.fr\/en\/agency-manager\/\"><i class=\"chevron right icon\"><\/i><\/a><\/p>\n","protected":false},"author":2,"featured_media":0,"parent":12104,"menu_order":60,"comment_status":"closed","ping_status":"closed","template":"","meta":{"_acf_changed":false,"footnotes":""},"acf":[],"yoast_head":"<!-- This site is optimized with the Yoast SEO plugin v19.13 - https:\/\/yoast.com\/wordpress\/plugins\/seo\/ -->\n<title>Private security agency manager- Goron S.A.S<\/title>\n<meta name=\"description\" content=\"The agency manager is placed under the hierarchical authority of the Operations and Development Manager and\/or the CEO. Discover their missions at Goron S.A.S.\" \/>\n<meta name=\"robots\" content=\"index, follow, max-snippet:-1, max-image-preview:large, max-video-preview:-1\" \/>\n<link rel=\"canonical\" href=\"https:\/\/www.goron.fr\/en\/agency-manager\/\" \/>\n<meta property=\"og:locale\" content=\"en_US\" \/>\n<meta property=\"og:type\" content=\"article\" \/>\n<meta property=\"og:title\" content=\"Private security agency manager- Goron S.A.S\" \/>\n<meta property=\"og:description\" content=\"The agency manager is placed under the hierarchical authority of the Operations and Development Manager and\/or the CEO. Discover their missions at Goron S.A.S.\" \/>\n<meta property=\"og:url\" content=\"https:\/\/www.goron.fr\/en\/agency-manager\/\" \/>\n<meta property=\"og:site_name\" content=\"Goron\" \/>\n<meta property=\"article:modified_time\" content=\"2020-02-17T11:20:35+00:00\" \/>\n<meta name=\"twitter:card\" content=\"summary_large_image\" \/>\n<meta name=\"twitter:label1\" content=\"Est. reading time\" \/>\n\t<meta name=\"twitter:data1\" content=\"1 minute\" \/>\n<script type=\"application\/ld+json\" class=\"yoast-schema-graph\">{\"@context\":\"https:\/\/schema.org\",\"@graph\":[{\"@type\":\"WebPage\",\"@id\":\"https:\/\/www.goron.fr\/en\/agency-manager\/\",\"url\":\"https:\/\/www.goron.fr\/en\/agency-manager\/\",\"name\":\"Private security agency manager- Goron S.A.S\",\"isPartOf\":{\"@id\":\"https:\/\/www.goron.fr\/#website\"},\"datePublished\":\"2019-12-20T14:10:27+00:00\",\"dateModified\":\"2020-02-17T11:20:35+00:00\",\"description\":\"The agency manager is placed under the hierarchical authority of the Operations and Development Manager and\/or the CEO. Discover their missions at Goron S.A.S.\",\"breadcrumb\":{\"@id\":\"https:\/\/www.goron.fr\/en\/agency-manager\/#breadcrumb\"},\"inLanguage\":\"en-US\",\"potentialAction\":[{\"@type\":\"ReadAction\",\"target\":[\"https:\/\/www.goron.fr\/en\/agency-manager\/\"]}]},{\"@type\":\"BreadcrumbList\",\"@id\":\"https:\/\/www.goron.fr\/en\/agency-manager\/#breadcrumb\",\"itemListElement\":[{\"@type\":\"ListItem\",\"position\":1,\"name\":\"Accueil\",\"item\":\"https:\/\/www.goron.fr\/\"},{\"@type\":\"ListItem\",\"position\":2,\"name\":\"Training and Careers\",\"item\":\"https:\/\/www.goron.fr\/en\/training-and-careers\/\"},{\"@type\":\"ListItem\",\"position\":3,\"name\":\"DISCOVER OUR JOBS\",\"item\":\"https:\/\/www.goron.fr\/en\/training-and-careers\/discover-our-jobs\/\"},{\"@type\":\"ListItem\",\"position\":4,\"name\":\"AGENCY MANAGER\"}]},{\"@type\":\"WebSite\",\"@id\":\"https:\/\/www.goron.fr\/#website\",\"url\":\"https:\/\/www.goron.fr\/\",\"name\":\"Goron\",\"description\":\"S\u00e9curit\u00e9 Priv\u00e9e\",\"potentialAction\":[{\"@type\":\"SearchAction\",\"target\":{\"@type\":\"EntryPoint\",\"urlTemplate\":\"https:\/\/www.goron.fr\/?s={search_term_string}\"},\"query-input\":\"required name=search_term_string\"}],\"inLanguage\":\"en-US\"}]}<\/script>\n<!-- \/ Yoast SEO plugin. -->","yoast_head_json":{"title":"Private security agency manager- Goron S.A.S","description":"The agency manager is placed under the hierarchical authority of the Operations and Development Manager and\/or the CEO. Discover their missions at Goron S.A.S.","robots":{"index":"index","follow":"follow","max-snippet":"max-snippet:-1","max-image-preview":"max-image-preview:large","max-video-preview":"max-video-preview:-1"},"canonical":"https:\/\/www.goron.fr\/en\/agency-manager\/","og_locale":"en_US","og_type":"article","og_title":"Private security agency manager- Goron S.A.S","og_description":"The agency manager is placed under the hierarchical authority of the Operations and Development Manager and\/or the CEO. Discover their missions at Goron S.A.S.","og_url":"https:\/\/www.goron.fr\/en\/agency-manager\/","og_site_name":"Goron","article_modified_time":"2020-02-17T11:20:35+00:00","twitter_card":"summary_large_image","twitter_misc":{"Est. reading time":"1 minute"},"schema":{"@context":"https:\/\/schema.org","@graph":[{"@type":"WebPage","@id":"https:\/\/www.goron.fr\/en\/agency-manager\/","url":"https:\/\/www.goron.fr\/en\/agency-manager\/","name":"Private security agency manager- Goron S.A.S","isPartOf":{"@id":"https:\/\/www.goron.fr\/#website"},"datePublished":"2019-12-20T14:10:27+00:00","dateModified":"2020-02-17T11:20:35+00:00","description":"The agency manager is placed under the hierarchical authority of the Operations and Development Manager and\/or the CEO. Discover their missions at Goron S.A.S.","breadcrumb":{"@id":"https:\/\/www.goron.fr\/en\/agency-manager\/#breadcrumb"},"inLanguage":"en-US","potentialAction":[{"@type":"ReadAction","target":["https:\/\/www.goron.fr\/en\/agency-manager\/"]}]},{"@type":"BreadcrumbList","@id":"https:\/\/www.goron.fr\/en\/agency-manager\/#breadcrumb","itemListElement":[{"@type":"ListItem","position":1,"name":"Accueil","item":"https:\/\/www.goron.fr\/"},{"@type":"ListItem","position":2,"name":"Training and Careers","item":"https:\/\/www.goron.fr\/en\/training-and-careers\/"},{"@type":"ListItem","position":3,"name":"DISCOVER OUR JOBS","item":"https:\/\/www.goron.fr\/en\/training-and-careers\/discover-our-jobs\/"},{"@type":"ListItem","position":4,"name":"AGENCY MANAGER"}]},{"@type":"WebSite","@id":"https:\/\/www.goron.fr\/#website","url":"https:\/\/www.goron.fr\/","name":"Goron","description":"S\u00e9curit\u00e9 Priv\u00e9e","potentialAction":[{"@type":"SearchAction","target":{"@type":"EntryPoint","urlTemplate":"https:\/\/www.goron.fr\/?s={search_term_string}"},"query-input":"required name=search_term_string"}],"inLanguage":"en-US"}]}},"_links":{"self":[{"href":"https:\/\/www.goron.fr\/en\/wp-json\/wp\/v2\/pages\/11804\/"}],"collection":[{"href":"https:\/\/www.goron.fr\/en\/wp-json\/wp\/v2\/pages\/"}],"about":[{"href":"https:\/\/www.goron.fr\/en\/wp-json\/wp\/v2\/types\/page\/"}],"author":[{"embeddable":true,"href":"https:\/\/www.goron.fr\/en\/wp-json\/wp\/v2\/users\/2\/"}],"replies":[{"embeddable":true,"href":"https:\/\/www.goron.fr\/en\/wp-json\/wp\/v2\/comments\/?post=11804"}],"version-history":[{"count":4,"href":"https:\/\/www.goron.fr\/en\/wp-json\/wp\/v2\/pages\/11804\/revisions\/"}],"predecessor-version":[{"id":12779,"href":"https:\/\/www.goron.fr\/en\/wp-json\/wp\/v2\/pages\/11804\/revisions\/12779\/"}],"up":[{"embeddable":true,"href":"https:\/\/www.goron.fr\/en\/wp-json\/wp\/v2\/pages\/12104\/"}],"wp:attachment":[{"href":"https:\/\/www.goron.fr\/en\/wp-json\/wp\/v2\/media\/?parent=11804"}],"curies":[{"name":"wp","href":"https:\/\/api.w.org\/{rel}","templated":true}]}}